{"id":25512,"date":"2025-11-29T19:44:32","date_gmt":"2025-11-29T19:44:32","guid":{"rendered":"https:\/\/xstone-dev.10web.cloud\/product\/apt-pet-acustic\/"},"modified":"2025-11-29T19:44:32","modified_gmt":"2025-11-29T19:44:32","slug":"apt-acoustic-pet","status":"publish","type":"product","link":"https:\/\/xstone-dev.10web.cloud\/ro\/product\/apt-acoustic-pet\/","title":{"rendered":"APT | PET acustic"},"content":{"rendered":"<p data-start=\"180\" data-end=\"444\">Panourile acustice PET spun o poveste simpl\u0103, dar puternic\u0103: povestea transform\u0103rii.<br data-start=\"262\" data-end=\"265\">Ceea ce a fost odat\u0103 plastic aruncat devine un material util, frumos \u0219i de \u00eenalt\u0103 performan\u021b\u0103 &#8211; capabil s\u0103 fac\u0103 spa\u021biile mai calme, mai umane \u0219i mai confortabile pentru a tr\u0103i \u0219i a lucra.<\/p>\n<p data-start=\"446\" data-end=\"844\">Procesul \u00eencepe cu colectarea sticlelor de plastic uzate, care sunt sortate, cur\u0103\u021bate \u0219i transformate \u00een fibre fine de poliester. Aceste fibre sunt apoi stratificate, compactate \u0219i stabilizate termic pentru a forma o structur\u0103 asem\u0103n\u0103toare p\u00e2slei, care este at\u00e2t dens\u0103, c\u00e2t \u0219i poroas\u0103. Aceast\u0103 structur\u0103 unic\u0103 permite panoului s\u0103 capteze energia sonor\u0103, s\u0103 o disipeze \u0219i s\u0103 reduc\u0103 semnificativ reverbera\u021bia \u0219i zgomotul ambiental.  <\/p>\n<p data-start=\"846\" data-end=\"1194\">Rezultatul este un material care este u\u0219or, dar durabil, moale la atingere, dar puternic din punct de vedere tehnic. Acesta absoarbe sunetul f\u0103r\u0103 a sufoca un spa\u021biu, creeaz\u0103 confort f\u0103r\u0103 \u00eengr\u0103dire \u0219i \u00eembun\u0103t\u0103\u021be\u0219te calitatea acustic\u0103 f\u0103r\u0103 a se impune vizual. Ac\u021bioneaz\u0103 ca un regulator al lini\u0219tii &#8211; calmeaz\u0103 mediile, p\u0103str\u00e2nd \u00een acela\u0219i timp integritatea lor arhitectural\u0103.  <\/p>\n<p data-start=\"1196\" data-end=\"1475\">Dincolo de performan\u021bele acustice, PET are o semnifica\u021bie mai larg\u0103. Acesta reflect\u0103 un nou mod de a g\u00e2ndi despre materiale: circular, responsabil \u0219i inteligent. Un material care nu rezolv\u0103 doar o problem\u0103 tehnic\u0103, ci contribuie la o viziune mai durabil\u0103 asupra designului \u0219i construc\u021biei.  <\/p>\n<p data-start=\"1477\" data-end=\"1699\" data-is-last-node=\"\" data-is-only-node=\"\">Panourile acustice PET sunt, prin urmare, mai mult dec\u00e2t solu\u021bii acustice.<br data-start=\"1540\" data-end=\"1543\">Sunt suprafe\u021be care transform\u0103 zgomotul \u00een calm, haosul \u00een claritate, iar spa\u021biile obi\u0219nuite \u00een locuri \u00een care oamenii respir\u0103 mai bine, g\u00e2ndesc mai bine \u0219i lucreaz\u0103 mai bine.<\/p>\n","protected":false},"excerpt":{"rendered":"<p>Panourile acustice PET spun o poveste simpl\u0103, dar puternic\u0103: povestea transform\u0103rii.Ceea ce a fost odat\u0103 plastic aruncat devine un material util, frumos \u0219i de \u00eenalt\u0103 performan\u021b\u0103 &#8211; capabil s\u0103 fac\u0103 spa\u021biile mai calme, mai umane \u0219i mai confortabile pentru a tr\u0103i \u0219i a lucra. Procesul \u00eencepe cu colectarea sticlelor de plastic uzate, care sunt sortate, [&hellip;]<\/p>\n","protected":false},"featured_media":25523,"comment_status":"open","ping_status":"closed","template":"","meta":{"_acf_changed":false,"_uag_custom_page_level_css":"","site-sidebar-layout":"default","site-content-layout":"","ast-site-content-layout":"default","site-content-style":"default","site-sidebar-style":"default","ast-global-header-display":"","ast-banner-title-visibility":"","ast-main-header-display":"","ast-hfb-above-header-display":"","ast-hfb-below-header-display":"","ast-hfb-mobile-header-display":"","site-post-title":"","ast-breadcrumbs-content":"","ast-featured-img":"","footer-sml-layout":"","theme-transparent-header-meta":"default","adv-header-id-meta":"","stick-header-meta":"default","header-above-stick-meta":"","header-main-stick-meta":"","header-below-stick-meta":"","astra-migrate-meta-layouts":"default","ast-page-background-enabled":"default","ast-page-background-meta":{"desktop":{"background-color":"var(--ast-global-color-4)","background-image":"","background-repeat":"repeat","background-position":"center center","background-size":"auto","background-attachment":"scroll","background-type":"","background-media":"","overlay-type":"","overlay-color":"","overlay-opacity":"","overlay-gradient":""},"tablet":{"background-color":"","background-image":"","background-repeat":"repeat","background-position":"center center","background-size":"auto","background-attachment":"scroll","background-type":"","background-media":"","overlay-type":"","overlay-color":"","overlay-opacity":"","overlay-gradient":""},"mobile":{"background-color":"","background-image":"","background-repeat":"repeat","background-position":"center center","background-size":"auto","background-attachment":"scroll","background-type":"","background-media":"","overlay-type":"","overlay-color":"","overlay-opacity":"","overlay-gradient":""}},"ast-content-background-meta":{"desktop":{"background-color":"var(--ast-global-color-5)","background-image":"","background-repeat":"repeat","background-position":"center center","background-size":"auto","background-attachment":"scroll","background-type":"","background-media":"","overlay-type":"","overlay-color":"","overlay-opacity":"","overlay-gradient":""},"tablet":{"background-color":"var(--ast-global-color-5)","background-image":"","background-repeat":"repeat","background-position":"center center","background-size":"auto","background-attachment":"scroll","background-type":"","background-media":"","overlay-type":"","overlay-color":"","overlay-opacity":"","overlay-gradient":""},"mobile":{"background-color":"var(--ast-global-color-5)","background-image":"","background-repeat":"repeat","background-position":"center center","background-size":"auto","background-attachment":"scroll","background-type":"","background-media":"","overlay-type":"","overlay-color":"","overlay-opacity":"","overlay-gradient":""}}},"product_brand":[],"product_cat":[8761],"product_tag":[9409,9393,9395,3346,9403,9405,9399,9387,9391,9385,9397,9401,9407,9389,9410],"class_list":{"0":"post-25512","1":"product","2":"type-product","3":"status-publish","4":"has-post-thumbnail","6":"product_cat-backing","7":"product_tag-architectural-acoustics","8":"product_tag-office-acoustics","9":"product_tag-open-office-acoustics","10":"product_tag-comp-backing-15500","11":"product_tag-acoustic-comfort","12":"product_tag-biophilic-acoustic-design","13":"product_tag-decorative-acoustic-panels","14":"product_tag-recycled-pet-acoustic-panels","15":"product_tag-sustainable-acoustic-panels","16":"product_tag-pet-acoustic-panels","17":"product_tag-acoustic-panels-for-schools","18":"product_tag-lightweight-acoustic-panels","19":"product_tag-recycled-plastic-panels","20":"product_tag-sound-absorbing-panels","21":"product_tag-acoustic-wall-surfaces","22":"desktop-align-left","23":"tablet-align-left","24":"mobile-align-left","26":"first","27":"instock","28":"shipping-taxable","29":"product-type-simple"},"acf":[],"yoast_head":"<!-- This site is optimized with the Yoast SEO Premium plugin v27.4 (Yoast SEO v27.4) - https:\/\/yoast.com\/product\/yoast-seo-premium-wordpress\/ -->\n<title>APT | PET acustic - XSTONE<\/title>\n<meta name=\"description\" content=\"Panouri acustice PET de \u00eenalt\u0103 performan\u021b\u0103 realizate din plastic reciclat. Control sonor elegant, u\u0219or \u0219i durabil pentru interioare moderne.\" \/>\n<meta name=\"robots\" content=\"index, follow, max-snippet:-1, max-image-preview:large, max-video-preview:-1\" \/>\n<link rel=\"canonical\" href=\"https:\/\/xstone-dev.10web.cloud\/ro\/product\/apt-acoustic-pet\/\" \/>\n<meta property=\"og:locale\" content=\"ro_RO\" \/>\n<meta property=\"og:type\" content=\"article\" \/>\n<meta property=\"og:title\" content=\"APT | PET acustic\" \/>\n<meta property=\"og:description\" content=\"Panouri acustice PET de \u00eenalt\u0103 performan\u021b\u0103 realizate din plastic reciclat. Control sonor elegant, u\u0219or \u0219i durabil pentru interioare moderne.\" \/>\n<meta property=\"og:url\" content=\"https:\/\/xstone-dev.10web.cloud\/ro\/product\/apt-acoustic-pet\/\" \/>\n<meta property=\"og:site_name\" content=\"XSTONE\" \/>\n<meta property=\"article:publisher\" content=\"https:\/\/www.facebook.com\/Xstonesurfaces1\/\" \/>\n<meta property=\"og:image\" content=\"https:\/\/xstone-dev.10web.cloud\/wp-content\/uploads\/2025\/11\/Acoustic-PET-scaled.webp\" \/>\n\t<meta property=\"og:image:width\" content=\"2560\" \/>\n\t<meta property=\"og:image:height\" content=\"2560\" \/>\n\t<meta property=\"og:image:type\" content=\"image\/webp\" \/>\n<meta name=\"twitter:card\" content=\"summary_large_image\" \/>\n<meta name=\"twitter:label1\" content=\"Timp estimat pentru citire\" \/>\n\t<meta name=\"twitter:data1\" content=\"1 minut\" \/>\n<script type=\"application\/ld+json\" class=\"yoast-schema-graph\">{\"@context\":\"https:\\\/\\\/schema.org\",\"@graph\":[{\"@type\":\"WebPage\",\"@id\":\"https:\\\/\\\/xstone-dev.10web.cloud\\\/ro\\\/product\\\/apt-acoustic-pet\\\/\",\"url\":\"https:\\\/\\\/xstone-dev.10web.cloud\\\/ro\\\/product\\\/apt-acoustic-pet\\\/\",\"name\":\"APT | PET acustic - XSTONE\",\"isPartOf\":{\"@id\":\"https:\\\/\\\/xstone-dev.10web.cloud\\\/ro\\\/#website\"},\"primaryImageOfPage\":{\"@id\":\"https:\\\/\\\/xstone-dev.10web.cloud\\\/ro\\\/product\\\/apt-acoustic-pet\\\/#primaryimage\"},\"image\":{\"@id\":\"https:\\\/\\\/xstone-dev.10web.cloud\\\/ro\\\/product\\\/apt-acoustic-pet\\\/#primaryimage\"},\"thumbnailUrl\":\"https:\\\/\\\/xstone-dev.10web.cloud\\\/wp-content\\\/uploads\\\/2025\\\/11\\\/Acoustic-PET-scaled.webp\",\"datePublished\":\"2025-11-29T19:44:32+00:00\",\"description\":\"Panouri acustice PET de \u00eenalt\u0103 performan\u021b\u0103 realizate din plastic reciclat. Control sonor elegant, u\u0219or \u0219i durabil pentru interioare moderne.\",\"breadcrumb\":{\"@id\":\"https:\\\/\\\/xstone-dev.10web.cloud\\\/ro\\\/product\\\/apt-acoustic-pet\\\/#breadcrumb\"},\"inLanguage\":\"ro-RO\",\"potentialAction\":[{\"@type\":\"ReadAction\",\"target\":[\"https:\\\/\\\/xstone-dev.10web.cloud\\\/ro\\\/product\\\/apt-acoustic-pet\\\/\"]}]},{\"@type\":\"ImageObject\",\"inLanguage\":\"ro-RO\",\"@id\":\"https:\\\/\\\/xstone-dev.10web.cloud\\\/ro\\\/product\\\/apt-acoustic-pet\\\/#primaryimage\",\"url\":\"https:\\\/\\\/xstone-dev.10web.cloud\\\/wp-content\\\/uploads\\\/2025\\\/11\\\/Acoustic-PET-scaled.webp\",\"contentUrl\":\"https:\\\/\\\/xstone-dev.10web.cloud\\\/wp-content\\\/uploads\\\/2025\\\/11\\\/Acoustic-PET-scaled.webp\",\"width\":2560,\"height\":2560},{\"@type\":\"BreadcrumbList\",\"@id\":\"https:\\\/\\\/xstone-dev.10web.cloud\\\/ro\\\/product\\\/apt-acoustic-pet\\\/#breadcrumb\",\"itemListElement\":[{\"@type\":\"ListItem\",\"position\":1,\"name\":\"Home\",\"item\":\"https:\\\/\\\/xstone-dev.10web.cloud\\\/ro\\\/\"},{\"@type\":\"ListItem\",\"position\":2,\"name\":\"Produse\",\"item\":\"https:\\\/\\\/xstone-dev.10web.cloud\\\/ro\\\/shop\\\/\"},{\"@type\":\"ListItem\",\"position\":3,\"name\":\"APT | PET acustic\"}]},{\"@type\":\"WebSite\",\"@id\":\"https:\\\/\\\/xstone-dev.10web.cloud\\\/ro\\\/#website\",\"url\":\"https:\\\/\\\/xstone-dev.10web.cloud\\\/ro\\\/\",\"name\":\"XSTONE\",\"description\":\"Frumuse\u021be mineral\u0103 autentic\u0103 \u0219i nelimitat\u0103, nelegat\u0103 de gravita\u021bie\",\"potentialAction\":[{\"@type\":\"SearchAction\",\"target\":{\"@type\":\"EntryPoint\",\"urlTemplate\":\"https:\\\/\\\/xstone-dev.10web.cloud\\\/ro\\\/?s={search_term_string}\"},\"query-input\":{\"@type\":\"PropertyValueSpecification\",\"valueRequired\":true,\"valueName\":\"search_term_string\"}}],\"inLanguage\":\"ro-RO\"}]}<\/script>\n<!-- \/ Yoast SEO Premium plugin. -->","yoast_head_json":{"title":"APT | PET acustic - XSTONE","description":"Panouri acustice PET de \u00eenalt\u0103 performan\u021b\u0103 realizate din plastic reciclat. Control sonor elegant, u\u0219or \u0219i durabil pentru interioare moderne.","robots":{"index":"index","follow":"follow","max-snippet":"max-snippet:-1","max-image-preview":"max-image-preview:large","max-video-preview":"max-video-preview:-1"},"canonical":"https:\/\/xstone-dev.10web.cloud\/ro\/product\/apt-acoustic-pet\/","og_locale":"ro_RO","og_type":"article","og_title":"APT | PET acustic","og_description":"Panouri acustice PET de \u00eenalt\u0103 performan\u021b\u0103 realizate din plastic reciclat. Control sonor elegant, u\u0219or \u0219i durabil pentru interioare moderne.","og_url":"https:\/\/xstone-dev.10web.cloud\/ro\/product\/apt-acoustic-pet\/","og_site_name":"XSTONE","article_publisher":"https:\/\/www.facebook.com\/Xstonesurfaces1\/","og_image":[{"width":2560,"height":2560,"url":"https:\/\/xstone-dev.10web.cloud\/wp-content\/uploads\/2025\/11\/Acoustic-PET-scaled.webp","type":"image\/webp"}],"twitter_card":"summary_large_image","twitter_misc":{"Timp estimat pentru citire":"1 minut"},"schema":{"@context":"https:\/\/schema.org","@graph":[{"@type":"WebPage","@id":"https:\/\/xstone-dev.10web.cloud\/ro\/product\/apt-acoustic-pet\/","url":"https:\/\/xstone-dev.10web.cloud\/ro\/product\/apt-acoustic-pet\/","name":"APT | PET acustic - XSTONE","isPartOf":{"@id":"https:\/\/xstone-dev.10web.cloud\/ro\/#website"},"primaryImageOfPage":{"@id":"https:\/\/xstone-dev.10web.cloud\/ro\/product\/apt-acoustic-pet\/#primaryimage"},"image":{"@id":"https:\/\/xstone-dev.10web.cloud\/ro\/product\/apt-acoustic-pet\/#primaryimage"},"thumbnailUrl":"https:\/\/xstone-dev.10web.cloud\/wp-content\/uploads\/2025\/11\/Acoustic-PET-scaled.webp","datePublished":"2025-11-29T19:44:32+00:00","description":"Panouri acustice PET de \u00eenalt\u0103 performan\u021b\u0103 realizate din plastic reciclat. Control sonor elegant, u\u0219or \u0219i durabil pentru interioare moderne.","breadcrumb":{"@id":"https:\/\/xstone-dev.10web.cloud\/ro\/product\/apt-acoustic-pet\/#breadcrumb"},"inLanguage":"ro-RO","potentialAction":[{"@type":"ReadAction","target":["https:\/\/xstone-dev.10web.cloud\/ro\/product\/apt-acoustic-pet\/"]}]},{"@type":"ImageObject","inLanguage":"ro-RO","@id":"https:\/\/xstone-dev.10web.cloud\/ro\/product\/apt-acoustic-pet\/#primaryimage","url":"https:\/\/xstone-dev.10web.cloud\/wp-content\/uploads\/2025\/11\/Acoustic-PET-scaled.webp","contentUrl":"https:\/\/xstone-dev.10web.cloud\/wp-content\/uploads\/2025\/11\/Acoustic-PET-scaled.webp","width":2560,"height":2560},{"@type":"BreadcrumbList","@id":"https:\/\/xstone-dev.10web.cloud\/ro\/product\/apt-acoustic-pet\/#breadcrumb","itemListElement":[{"@type":"ListItem","position":1,"name":"Home","item":"https:\/\/xstone-dev.10web.cloud\/ro\/"},{"@type":"ListItem","position":2,"name":"Produse","item":"https:\/\/xstone-dev.10web.cloud\/ro\/shop\/"},{"@type":"ListItem","position":3,"name":"APT | PET acustic"}]},{"@type":"WebSite","@id":"https:\/\/xstone-dev.10web.cloud\/ro\/#website","url":"https:\/\/xstone-dev.10web.cloud\/ro\/","name":"XSTONE","description":"Frumuse\u021be mineral\u0103 autentic\u0103 \u0219i nelimitat\u0103, nelegat\u0103 de gravita\u021bie","potentialAction":[{"@type":"SearchAction","target":{"@type":"EntryPoint","urlTemplate":"https:\/\/xstone-dev.10web.cloud\/ro\/?s={search_term_string}"},"query-input":{"@type":"PropertyValueSpecification","valueRequired":true,"valueName":"search_term_string"}}],"inLanguage":"ro-RO"}]}},"spectra_custom_meta":{"_last_translation_edit_mode":["translation-editor"],"_product_attributes":["a:7:{s:11:\"composition\";a:6:{s:4:\"name\";s:11:\"Composition\";s:5:\"value\";s:74:\"100% fibr\u0103 de poliester reciclat\u0103 f\u0103r\u0103 lian\u021bi chimici sau retardan\u021bi\";s:8:\"position\";i:0;s:10:\"is_visible\";i:1;s:12:\"is_variation\";i:0;s:11:\"is_taxonomy\";i:0;}s:8:\"features\";a:6:{s:4:\"name\";s:8:\"Features\";s:5:\"value\";s:122:\"Greutate redus\u0103, instalare u\u0219oar\u0103, non-toxic, non-alergenic \u0219i non-iritant, etan\u0219eitate \u0219i stabilitate dimensional\u0103\";s:8:\"position\";i:1;s:10:\"is_visible\";i:1;s:12:\"is_variation\";i:0;s:11:\"is_taxonomy\";i:0;}s:6:\"colors\";a:6:{s:4:\"name\";s:6:\"Colors\";s:5:\"value\";s:26:\"Mai mult de 20 disponibile\";s:8:\"position\";i:2;s:10:\"is_visible\";i:1;s:12:\"is_variation\";i:0;s:11:\"is_taxonomy\";i:0;}s:4:\"size\";a:6:{s:4:\"name\";s:4:\"Size\";s:5:\"value\";s:28:\"2440 x 1220 mm; 800 x 600 mm\";s:8:\"position\";i:3;s:10:\"is_visible\";i:1;s:12:\"is_variation\";i:0;s:11:\"is_taxonomy\";i:0;}s:9:\"thickness\";a:6:{s:4:\"name\";s:9:\"Thickness\";s:5:\"value\";s:25:\"9 mm; 12 mm; 18 mm; 24 mm\";s:8:\"position\";i:4;s:10:\"is_visible\";i:1;s:12:\"is_variation\";i:0;s:11:\"is_taxonomy\";i:0;}s:11:\"fire-rating\";a:6:{s:4:\"name\";s:11:\"Fire rating\";s:5:\"value\";s:7:\"B-s1-d0\";s:8:\"position\";i:5;s:10:\"is_visible\";i:1;s:12:\"is_variation\";i:0;s:11:\"is_taxonomy\";i:0;}s:16:\"sound-absorption\";a:6:{s:4:\"name\";s:16:\"Sound absorption\";s:5:\"value\";s:42:\"EN ISO 354:2003 Coeficient = 0,5. Clasa D \";s:8:\"position\";i:6;s:10:\"is_visible\";i:1;s:12:\"is_variation\";i:0;s:11:\"is_taxonomy\";i:0;}}"],"attr_label_translations":["a:1:{s:2:\"ro\";a:7:{s:11:\"composition\";s:11:\"Compozi\u021bie\";s:8:\"features\";s:14:\"Caracteristici\";s:6:\"colors\";s:6:\"Culori\";s:4:\"size\";s:7:\"M\u0103rime\";s:9:\"thickness\";s:7:\"Grosime\";s:11:\"fire-rating\";s:18:\"Clasificare la foc\";s:16:\"sound-absorption\";s:20:\"Absorb\u021bia sunetului\";}}"],"_wcml_average_rating":[null],"_wcml_review_count":[null],"_wcml_rating_count":[null],"_yoast_wpseo_primary_product_cat":["331"],"_backorders":["no"],"_download_limit":["-1"],"_download_expiry":["-1"],"_downloadable":["no"],"_manage_stock":["no"],"_sku":["APT"],"_stock_status":["instock"],"_sold_individually":["no"],"_tax_class":[""],"_tax_status":["taxable"],"_virtual":["no"],"total_sales":["0"],"_wpml_media_duplicate":["1"],"_wpml_media_featured":["1"],"stick-header-meta":["default"],"site-sidebar-layout":["default"],"theme-transparent-header-meta":["default"],"ast-site-content-layout":["default"],"site-content-style":["default"],"site-sidebar-style":["default"],"_yoast_wpseo_metadesc":["Panouri acustice PET de \u00eenalt\u0103 performan\u021b\u0103 realizate din plastic reciclat. Control sonor elegant, u\u0219or \u0219i durabil pentru interioare moderne."],"_yoast_wpseo_focuskw":["panouri acustice din PET reciclat"],"_product_image_gallery":["25513,25514,25515,25516,25518,25519,25520,25521,25522"],"_thumbnail_id":["25523"],"_wpml_word_count":["296"],"two_optimized_date":["1776548965"],"woolentor_views_count_product":["4"],"_uag_css_file_name":["uag-css-25512.css"],"_uag_js_file_name":["uag-js-25512.js"],"tp_widgets":["a:2:{s:7:\"widgets\";a:6:{i:0;s:18:\"plus-list-skeleton\";i:1;s:22:\"plus-listing-load-more\";i:2;s:18:\"plus-listing-metro\";i:3;s:18:\"tp-product-listout\";i:4;s:17:\"tp-single-style_1\";i:5;s:19:\"tp-woo-single-image\";}s:9:\"update_at\";s:10:\"1776541402\";}"],"_elementor_edit_mode":["builder"],"_selectproduct_layout":["16398"],"_wc_rating_count":[""],"_wc_review_count":[""],"_wc_average_rating":[0]},"uagb_featured_image_src":{"full":["https:\/\/xstone-dev.10web.cloud\/wp-content\/uploads\/2025\/11\/Acoustic-PET-scaled.webp",2560,2560,false],"thumbnail":["https:\/\/xstone-dev.10web.cloud\/wp-content\/uploads\/2025\/11\/Acoustic-PET-150x150.webp",150,150,true],"medium":["https:\/\/xstone-dev.10web.cloud\/wp-content\/uploads\/2025\/11\/Acoustic-PET-300x300.webp",300,300,true],"medium_large":["https:\/\/xstone-dev.10web.cloud\/wp-content\/uploads\/2025\/11\/Acoustic-PET-768x768.webp",768,768,true],"large":["https:\/\/xstone-dev.10web.cloud\/wp-content\/uploads\/2025\/11\/Acoustic-PET-1024x1024.webp",1024,1024,true],"1536x1536":["https:\/\/xstone-dev.10web.cloud\/wp-content\/uploads\/2025\/11\/Acoustic-PET-1536x1536.webp",1536,1536,true],"2048x2048":["https:\/\/xstone-dev.10web.cloud\/wp-content\/uploads\/2025\/11\/Acoustic-PET-2048x2048.webp",2048,2048,true],"tp-image-grid":["https:\/\/xstone-dev.10web.cloud\/wp-content\/uploads\/2025\/11\/Acoustic-PET-scaled.webp",700,700,false],"tenweb_optimizer_mobile":["https:\/\/xstone-dev.10web.cloud\/wp-content\/uploads\/2025\/11\/Acoustic-PET-600x600.webp",600,600,true],"tenweb_optimizer_tablet":["https:\/\/xstone-dev.10web.cloud\/wp-content\/uploads\/2025\/11\/Acoustic-PET-768x768.webp",768,768,true],"woocommerce_thumbnail":["https:\/\/xstone-dev.10web.cloud\/wp-content\/uploads\/2025\/11\/Acoustic-PET-300x300.webp",300,300,true],"woocommerce_single":["https:\/\/xstone-dev.10web.cloud\/wp-content\/uploads\/2025\/11\/Acoustic-PET-600x600.webp",600,600,true],"woocommerce_gallery_thumbnail":["https:\/\/xstone-dev.10web.cloud\/wp-content\/uploads\/2025\/11\/Acoustic-PET-100x100.webp",100,100,true]},"uagb_author_info":{"display_name":"laurent.gomez@xstone.group","author_link":"https:\/\/xstone-dev.10web.cloud\/ro\/author\/"},"uagb_comment_info":0,"uagb_excerpt":"Panourile acustice PET spun o poveste simpl\u0103, dar puternic\u0103: povestea transform\u0103rii.Ceea ce a fost odat\u0103 plastic aruncat devine un material util, frumos \u0219i de \u00eenalt\u0103 performan\u021b\u0103 &#8211; capabil s\u0103 fac\u0103 spa\u021biile mai calme, mai umane \u0219i mai confortabile pentru a tr\u0103i \u0219i a lucra. Procesul \u00eencepe cu colectarea sticlelor de plastic uzate, care sunt sortate,&hellip;","_links":{"self":[{"href":"https:\/\/xstone-dev.10web.cloud\/ro\/wp-json\/wp\/v2\/product\/25512","targetHints":{"allow":["GET"]}}],"collection":[{"href":"https:\/\/xstone-dev.10web.cloud\/ro\/wp-json\/wp\/v2\/product"}],"about":[{"href":"https:\/\/xstone-dev.10web.cloud\/ro\/wp-json\/wp\/v2\/types\/product"}],"replies":[{"embeddable":true,"href":"https:\/\/xstone-dev.10web.cloud\/ro\/wp-json\/wp\/v2\/comments?post=25512"}],"wp:featuredmedia":[{"embeddable":true,"href":"https:\/\/xstone-dev.10web.cloud\/ro\/wp-json\/wp\/v2\/media\/25523"}],"wp:attachment":[{"href":"https:\/\/xstone-dev.10web.cloud\/ro\/wp-json\/wp\/v2\/media?parent=25512"}],"wp:term":[{"taxonomy":"product_brand","embeddable":true,"href":"https:\/\/xstone-dev.10web.cloud\/ro\/wp-json\/wp\/v2\/product_brand?post=25512"},{"taxonomy":"product_cat","embeddable":true,"href":"https:\/\/xstone-dev.10web.cloud\/ro\/wp-json\/wp\/v2\/product_cat?post=25512"},{"taxonomy":"product_tag","embeddable":true,"href":"https:\/\/xstone-dev.10web.cloud\/ro\/wp-json\/wp\/v2\/product_tag?post=25512"}],"curies":[{"name":"wp","href":"https:\/\/api.w.org\/{rel}","templated":true}]}}