{"id":25073,"date":"2025-11-28T16:25:28","date_gmt":"2025-11-28T16:25:28","guid":{"rendered":"https:\/\/xstone-dev.10web.cloud\/product\/trc-travertin-clasic\/"},"modified":"2025-11-28T16:25:28","modified_gmt":"2025-11-28T16:25:28","slug":"trc-travertine-classic","status":"publish","type":"product","link":"https:\/\/xstone-dev.10web.cloud\/ro\/product\/trc-travertine-classic\/","title":{"rendered":"TRC | Travertin clasic"},"content":{"rendered":"<p>Aceast\u0103 textur\u0103 de travertin dezv\u0103luie o suprafa\u021b\u0103 mineral\u0103 subtil modelat\u0103 de timp, marcat\u0103 de o multitudine de pori naturali \u0219i microcavit\u0103\u021bi care \u00eei confer\u0103 caracterul unic. Relieful, at\u00e2t fin, c\u00e2t \u0219i neregulat, creeaz\u0103 o vibra\u021bie delicat\u0103 care capteaz\u0103 lumina \u0219i aduce u\u0219or materialul la via\u021b\u0103. Fiecare imperfec\u021biune evoc\u0103 piatra \u00een starea sa cea mai autentic\u0103, echilibr\u00e2nd for\u021ba \u0219i delicate\u021bea, oferind \u00een acela\u0219i timp un sentiment de naturale\u021be, profunzime \u0219i calm. Aceast\u0103 textur\u0103 de travertin aduce o prezen\u021b\u0103 mineral\u0103 elegant\u0103 \u0219i atemporal\u0103, ideal\u0103 pentru a crea spa\u021bii care se simt calde, rafinate \u0219i profund conectate la material.   <\/p>\n","protected":false},"excerpt":{"rendered":"<p>Aceast\u0103 textur\u0103 de travertin dezv\u0103luie o suprafa\u021b\u0103 mineral\u0103 subtil modelat\u0103 de timp, marcat\u0103 de o multitudine de pori naturali \u0219i microcavit\u0103\u021bi care \u00eei confer\u0103 caracterul unic. Relieful, at\u00e2t fin, c\u00e2t \u0219i neregulat, creeaz\u0103 o vibra\u021bie delicat\u0103 care capteaz\u0103 lumina \u0219i aduce u\u0219or materialul la via\u021b\u0103. Fiecare imperfec\u021biune evoc\u0103 piatra \u00een starea sa cea mai autentic\u0103, [&hellip;]<\/p>\n","protected":false},"featured_media":25076,"comment_status":"open","ping_status":"closed","template":"","meta":{"_acf_changed":false,"_uag_custom_page_level_css":"","site-sidebar-layout":"default","site-content-layout":"","ast-site-content-layout":"default","site-content-style":"default","site-sidebar-style":"default","ast-global-header-display":"","ast-banner-title-visibility":"","ast-main-header-display":"","ast-hfb-above-header-display":"","ast-hfb-below-header-display":"","ast-hfb-mobile-header-display":"","site-post-title":"","ast-breadcrumbs-content":"","ast-featured-img":"","footer-sml-layout":"","theme-transparent-header-meta":"default","adv-header-id-meta":"","stick-header-meta":"default","header-above-stick-meta":"","header-main-stick-meta":"","header-below-stick-meta":"","astra-migrate-meta-layouts":"default","ast-page-background-enabled":"default","ast-page-background-meta":{"desktop":{"background-color":"var(--ast-global-color-4)","background-image":"","background-repeat":"repeat","background-position":"center center","background-size":"auto","background-attachment":"scroll","background-type":"","background-media":"","overlay-type":"","overlay-color":"","overlay-opacity":"","overlay-gradient":""},"tablet":{"background-color":"","background-image":"","background-repeat":"repeat","background-position":"center center","background-size":"auto","background-attachment":"scroll","background-type":"","background-media":"","overlay-type":"","overlay-color":"","overlay-opacity":"","overlay-gradient":""},"mobile":{"background-color":"","background-image":"","background-repeat":"repeat","background-position":"center center","background-size":"auto","background-attachment":"scroll","background-type":"","background-media":"","overlay-type":"","overlay-color":"","overlay-opacity":"","overlay-gradient":""}},"ast-content-background-meta":{"desktop":{"background-color":"var(--ast-global-color-5)","background-image":"","background-repeat":"repeat","background-position":"center center","background-size":"auto","background-attachment":"scroll","background-type":"","background-media":"","overlay-type":"","overlay-color":"","overlay-opacity":"","overlay-gradient":""},"tablet":{"background-color":"var(--ast-global-color-5)","background-image":"","background-repeat":"repeat","background-position":"center center","background-size":"auto","background-attachment":"scroll","background-type":"","background-media":"","overlay-type":"","overlay-color":"","overlay-opacity":"","overlay-gradient":""},"mobile":{"background-color":"var(--ast-global-color-5)","background-image":"","background-repeat":"repeat","background-position":"center center","background-size":"auto","background-attachment":"scroll","background-type":"","background-media":"","overlay-type":"","overlay-color":"","overlay-opacity":"","overlay-gradient":""}}},"product_brand":[],"product_cat":[6126,3589],"product_tag":[8933,8940,2059,8935,8936,6271,2499,8934,8938],"class_list":{"0":"post-25073","1":"product","2":"type-product","3":"status-publish","4":"has-post-thumbnail","6":"product_cat-stone","7":"product_cat-texture","8":"product_tag-travertine-surface","9":"product_tag-decorative-surface","10":"product_tag-comp-texture-15445","11":"product_tag-organic-stone-texture","12":"product_tag-interior-design-texture","13":"product_tag-mineral-texture","14":"product_tag-natural-stone-texture","15":"product_tag-porous-stone-texture","16":"product_tag-wall-surface-texture","17":"desktop-align-left","18":"tablet-align-left","19":"mobile-align-left","21":"first","22":"instock","23":"shipping-taxable","24":"product-type-simple"},"acf":[],"yoast_head":"<!-- This site is optimized with the Yoast SEO Premium plugin v27.4 (Yoast SEO v27.4) - https:\/\/yoast.com\/product\/yoast-seo-premium-wordpress\/ -->\n<title>TRC | Travertin clasic - XSTONE<\/title>\n<meta name=\"description\" content=\"Textura travertinului cu pori naturali \u0219i relief subtil, cre\u00e2nd o suprafa\u021b\u0103 mineral\u0103 rafinat\u0103 \u0219i atemporal\u0103 pentru proiecte de arhitectur\u0103 \u0219i design interior.\" \/>\n<meta name=\"robots\" content=\"index, follow, max-snippet:-1, max-image-preview:large, max-video-preview:-1\" \/>\n<link rel=\"canonical\" href=\"https:\/\/xstone-dev.10web.cloud\/ro\/product\/trc-travertine-classic\/\" \/>\n<meta property=\"og:locale\" content=\"ro_RO\" \/>\n<meta property=\"og:type\" content=\"article\" \/>\n<meta property=\"og:title\" content=\"TRC | Travertin clasic\" \/>\n<meta property=\"og:description\" content=\"Textura travertinului cu pori naturali \u0219i relief subtil, cre\u00e2nd o suprafa\u021b\u0103 mineral\u0103 rafinat\u0103 \u0219i atemporal\u0103 pentru proiecte de arhitectur\u0103 \u0219i design interior.\" \/>\n<meta property=\"og:url\" content=\"https:\/\/xstone-dev.10web.cloud\/ro\/product\/trc-travertine-classic\/\" \/>\n<meta property=\"og:site_name\" content=\"XSTONE\" \/>\n<meta property=\"article:publisher\" content=\"https:\/\/www.facebook.com\/Xstonesurfaces1\/\" \/>\n<meta property=\"og:image\" content=\"https:\/\/xstone-dev.10web.cloud\/wp-content\/uploads\/2025\/11\/XStone-Texture-TRC.webp\" \/>\n\t<meta property=\"og:image:width\" content=\"1920\" \/>\n\t<meta property=\"og:image:height\" content=\"1920\" \/>\n\t<meta property=\"og:image:type\" content=\"image\/webp\" \/>\n<meta name=\"twitter:card\" content=\"summary_large_image\" \/>\n<meta name=\"twitter:label1\" content=\"Timp estimat pentru citire\" \/>\n\t<meta name=\"twitter:data1\" content=\"1 minut\" \/>\n<script type=\"application\/ld+json\" class=\"yoast-schema-graph\">{\"@context\":\"https:\\\/\\\/schema.org\",\"@graph\":[{\"@type\":\"WebPage\",\"@id\":\"https:\\\/\\\/xstone-dev.10web.cloud\\\/ro\\\/product\\\/trc-travertine-classic\\\/\",\"url\":\"https:\\\/\\\/xstone-dev.10web.cloud\\\/ro\\\/product\\\/trc-travertine-classic\\\/\",\"name\":\"TRC | Travertin clasic - XSTONE\",\"isPartOf\":{\"@id\":\"https:\\\/\\\/xstone-dev.10web.cloud\\\/ro\\\/#website\"},\"primaryImageOfPage\":{\"@id\":\"https:\\\/\\\/xstone-dev.10web.cloud\\\/ro\\\/product\\\/trc-travertine-classic\\\/#primaryimage\"},\"image\":{\"@id\":\"https:\\\/\\\/xstone-dev.10web.cloud\\\/ro\\\/product\\\/trc-travertine-classic\\\/#primaryimage\"},\"thumbnailUrl\":\"https:\\\/\\\/xstone-dev.10web.cloud\\\/wp-content\\\/uploads\\\/2025\\\/11\\\/XStone-Texture-TRC.webp\",\"datePublished\":\"2025-11-28T16:25:28+00:00\",\"description\":\"Textura travertinului cu pori naturali \u0219i relief subtil, cre\u00e2nd o suprafa\u021b\u0103 mineral\u0103 rafinat\u0103 \u0219i atemporal\u0103 pentru proiecte de arhitectur\u0103 \u0219i design interior.\",\"breadcrumb\":{\"@id\":\"https:\\\/\\\/xstone-dev.10web.cloud\\\/ro\\\/product\\\/trc-travertine-classic\\\/#breadcrumb\"},\"inLanguage\":\"ro-RO\",\"potentialAction\":[{\"@type\":\"ReadAction\",\"target\":[\"https:\\\/\\\/xstone-dev.10web.cloud\\\/ro\\\/product\\\/trc-travertine-classic\\\/\"]}]},{\"@type\":\"ImageObject\",\"inLanguage\":\"ro-RO\",\"@id\":\"https:\\\/\\\/xstone-dev.10web.cloud\\\/ro\\\/product\\\/trc-travertine-classic\\\/#primaryimage\",\"url\":\"https:\\\/\\\/xstone-dev.10web.cloud\\\/wp-content\\\/uploads\\\/2025\\\/11\\\/XStone-Texture-TRC.webp\",\"contentUrl\":\"https:\\\/\\\/xstone-dev.10web.cloud\\\/wp-content\\\/uploads\\\/2025\\\/11\\\/XStone-Texture-TRC.webp\",\"width\":1920,\"height\":1920,\"caption\":\"XStone -Texture -Travertine Classic\"},{\"@type\":\"BreadcrumbList\",\"@id\":\"https:\\\/\\\/xstone-dev.10web.cloud\\\/ro\\\/product\\\/trc-travertine-classic\\\/#breadcrumb\",\"itemListElement\":[{\"@type\":\"ListItem\",\"position\":1,\"name\":\"Home\",\"item\":\"https:\\\/\\\/xstone-dev.10web.cloud\\\/ro\\\/\"},{\"@type\":\"ListItem\",\"position\":2,\"name\":\"Produse\",\"item\":\"https:\\\/\\\/xstone-dev.10web.cloud\\\/ro\\\/shop\\\/\"},{\"@type\":\"ListItem\",\"position\":3,\"name\":\"TRC | Travertin clasic\"}]},{\"@type\":\"WebSite\",\"@id\":\"https:\\\/\\\/xstone-dev.10web.cloud\\\/ro\\\/#website\",\"url\":\"https:\\\/\\\/xstone-dev.10web.cloud\\\/ro\\\/\",\"name\":\"XSTONE\",\"description\":\"Frumuse\u021be mineral\u0103 autentic\u0103 \u0219i nelimitat\u0103, nelegat\u0103 de gravita\u021bie\",\"potentialAction\":[{\"@type\":\"SearchAction\",\"target\":{\"@type\":\"EntryPoint\",\"urlTemplate\":\"https:\\\/\\\/xstone-dev.10web.cloud\\\/ro\\\/?s={search_term_string}\"},\"query-input\":{\"@type\":\"PropertyValueSpecification\",\"valueRequired\":true,\"valueName\":\"search_term_string\"}}],\"inLanguage\":\"ro-RO\"}]}<\/script>\n<!-- \/ Yoast SEO Premium plugin. -->","yoast_head_json":{"title":"TRC | Travertin clasic - XSTONE","description":"Textura travertinului cu pori naturali \u0219i relief subtil, cre\u00e2nd o suprafa\u021b\u0103 mineral\u0103 rafinat\u0103 \u0219i atemporal\u0103 pentru proiecte de arhitectur\u0103 \u0219i design interior.","robots":{"index":"index","follow":"follow","max-snippet":"max-snippet:-1","max-image-preview":"max-image-preview:large","max-video-preview":"max-video-preview:-1"},"canonical":"https:\/\/xstone-dev.10web.cloud\/ro\/product\/trc-travertine-classic\/","og_locale":"ro_RO","og_type":"article","og_title":"TRC | Travertin clasic","og_description":"Textura travertinului cu pori naturali \u0219i relief subtil, cre\u00e2nd o suprafa\u021b\u0103 mineral\u0103 rafinat\u0103 \u0219i atemporal\u0103 pentru proiecte de arhitectur\u0103 \u0219i design interior.","og_url":"https:\/\/xstone-dev.10web.cloud\/ro\/product\/trc-travertine-classic\/","og_site_name":"XSTONE","article_publisher":"https:\/\/www.facebook.com\/Xstonesurfaces1\/","og_image":[{"width":1920,"height":1920,"url":"https:\/\/xstone-dev.10web.cloud\/wp-content\/uploads\/2025\/11\/XStone-Texture-TRC.webp","type":"image\/webp"}],"twitter_card":"summary_large_image","twitter_misc":{"Timp estimat pentru citire":"1 minut"},"schema":{"@context":"https:\/\/schema.org","@graph":[{"@type":"WebPage","@id":"https:\/\/xstone-dev.10web.cloud\/ro\/product\/trc-travertine-classic\/","url":"https:\/\/xstone-dev.10web.cloud\/ro\/product\/trc-travertine-classic\/","name":"TRC | Travertin clasic - XSTONE","isPartOf":{"@id":"https:\/\/xstone-dev.10web.cloud\/ro\/#website"},"primaryImageOfPage":{"@id":"https:\/\/xstone-dev.10web.cloud\/ro\/product\/trc-travertine-classic\/#primaryimage"},"image":{"@id":"https:\/\/xstone-dev.10web.cloud\/ro\/product\/trc-travertine-classic\/#primaryimage"},"thumbnailUrl":"https:\/\/xstone-dev.10web.cloud\/wp-content\/uploads\/2025\/11\/XStone-Texture-TRC.webp","datePublished":"2025-11-28T16:25:28+00:00","description":"Textura travertinului cu pori naturali \u0219i relief subtil, cre\u00e2nd o suprafa\u021b\u0103 mineral\u0103 rafinat\u0103 \u0219i atemporal\u0103 pentru proiecte de arhitectur\u0103 \u0219i design interior.","breadcrumb":{"@id":"https:\/\/xstone-dev.10web.cloud\/ro\/product\/trc-travertine-classic\/#breadcrumb"},"inLanguage":"ro-RO","potentialAction":[{"@type":"ReadAction","target":["https:\/\/xstone-dev.10web.cloud\/ro\/product\/trc-travertine-classic\/"]}]},{"@type":"ImageObject","inLanguage":"ro-RO","@id":"https:\/\/xstone-dev.10web.cloud\/ro\/product\/trc-travertine-classic\/#primaryimage","url":"https:\/\/xstone-dev.10web.cloud\/wp-content\/uploads\/2025\/11\/XStone-Texture-TRC.webp","contentUrl":"https:\/\/xstone-dev.10web.cloud\/wp-content\/uploads\/2025\/11\/XStone-Texture-TRC.webp","width":1920,"height":1920,"caption":"XStone -Texture -Travertine Classic"},{"@type":"BreadcrumbList","@id":"https:\/\/xstone-dev.10web.cloud\/ro\/product\/trc-travertine-classic\/#breadcrumb","itemListElement":[{"@type":"ListItem","position":1,"name":"Home","item":"https:\/\/xstone-dev.10web.cloud\/ro\/"},{"@type":"ListItem","position":2,"name":"Produse","item":"https:\/\/xstone-dev.10web.cloud\/ro\/shop\/"},{"@type":"ListItem","position":3,"name":"TRC | Travertin clasic"}]},{"@type":"WebSite","@id":"https:\/\/xstone-dev.10web.cloud\/ro\/#website","url":"https:\/\/xstone-dev.10web.cloud\/ro\/","name":"XSTONE","description":"Frumuse\u021be mineral\u0103 autentic\u0103 \u0219i nelimitat\u0103, nelegat\u0103 de gravita\u021bie","potentialAction":[{"@type":"SearchAction","target":{"@type":"EntryPoint","urlTemplate":"https:\/\/xstone-dev.10web.cloud\/ro\/?s={search_term_string}"},"query-input":{"@type":"PropertyValueSpecification","valueRequired":true,"valueName":"search_term_string"}}],"inLanguage":"ro-RO"}]}},"spectra_custom_meta":{"_last_translation_edit_mode":["translation-editor"],"_product_attributes":["a:3:{s:9:\"thickness\";a:6:{s:4:\"name\";s:9:\"Thickness\";s:5:\"value\";s:4:\"2 mm\";s:8:\"position\";i:0;s:10:\"is_visible\";i:1;s:12:\"is_variation\";i:0;s:11:\"is_taxonomy\";i:0;}s:11:\"composition\";a:6:{s:4:\"name\";s:11:\"Composition\";s:5:\"value\";s:70:\"90% pulbere de piatr\u0103 natural\u0103 + 10% copolimer \u0219i fibr\u0103 de sticl\u0103\";s:8:\"position\";i:1;s:10:\"is_visible\";i:1;s:12:\"is_variation\";i:0;s:11:\"is_taxonomy\";i:0;}s:11:\"fire-rating\";a:6:{s:4:\"name\";s:11:\"Fire rating\";s:5:\"value\";s:8:\"A2-s1-d0\";s:8:\"position\";i:2;s:10:\"is_visible\";i:1;s:12:\"is_variation\";i:0;s:11:\"is_taxonomy\";i:0;}}"],"attr_label_translations":["a:1:{s:2:\"ro\";a:3:{s:9:\"thickness\";s:7:\"Grosime\";s:11:\"composition\";s:11:\"Compozi\u021bie\";s:11:\"fire-rating\";s:18:\"Clasificare la foc\";}}"],"_wcml_average_rating":[null],"_wcml_review_count":[null],"_wcml_rating_count":[null],"_yoast_wpseo_primary_product_cat":["317"],"_backorders":["no"],"_download_limit":["-1"],"_download_expiry":["-1"],"_downloadable":["no"],"_manage_stock":["no"],"_sku":["TRC"],"_stock_status":["instock"],"_sold_individually":["no"],"_tax_class":[""],"_tax_status":["taxable"],"_virtual":["no"],"total_sales":["0"],"_wpml_media_duplicate":["1"],"_wpml_media_featured":["1"],"stick-header-meta":["default"],"site-sidebar-layout":["default"],"theme-transparent-header-meta":["default"],"ast-site-content-layout":["default"],"site-content-style":["default"],"site-sidebar-style":["default"],"_yoast_wpseo_metadesc":["Textura travertinului cu pori naturali \u0219i relief subtil, cre\u00e2nd o suprafa\u021b\u0103 mineral\u0103 rafinat\u0103 \u0219i atemporal\u0103 pentru proiecte de arhitectur\u0103 \u0219i design interior."],"_yoast_wpseo_focuskw":["textura travertinului natural"],"_product_image_gallery":[""],"_thumbnail_id":["25076"],"_wpml_word_count":["122"],"two_optimized_date":["1776482653"],"woolentor_views_count_product":["6"],"_uag_css_file_name":["uag-css-25073.css"],"_uag_js_file_name":["uag-js-25073.js"],"tp_widgets":["a:2:{s:7:\"widgets\";a:0:{}s:9:\"update_at\";s:10:\"1776405650\";}"],"_elementor_edit_mode":["builder"],"_selectproduct_layout":["16389"],"_wc_rating_count":[""],"_wc_review_count":[""],"_wc_average_rating":[0]},"uagb_featured_image_src":{"full":["https:\/\/xstone-dev.10web.cloud\/wp-content\/uploads\/2025\/11\/XStone-Texture-TRC.webp",1920,1920,false],"thumbnail":["https:\/\/xstone-dev.10web.cloud\/wp-content\/uploads\/2025\/11\/XStone-Texture-TRC-150x150.webp",150,150,true],"medium":["https:\/\/xstone-dev.10web.cloud\/wp-content\/uploads\/2025\/11\/XStone-Texture-TRC-300x300.webp",300,300,true],"medium_large":["https:\/\/xstone-dev.10web.cloud\/wp-content\/uploads\/2025\/11\/XStone-Texture-TRC-768x768.webp",768,768,true],"large":["https:\/\/xstone-dev.10web.cloud\/wp-content\/uploads\/2025\/11\/XStone-Texture-TRC-1024x1024.webp",1024,1024,true],"1536x1536":["https:\/\/xstone-dev.10web.cloud\/wp-content\/uploads\/2025\/11\/XStone-Texture-TRC-1536x1536.webp",1536,1536,true],"2048x2048":["https:\/\/xstone-dev.10web.cloud\/wp-content\/uploads\/2025\/11\/XStone-Texture-TRC.webp",1920,1920,false],"tp-image-grid":["https:\/\/xstone-dev.10web.cloud\/wp-content\/uploads\/2025\/11\/XStone-Texture-TRC-700x700.webp",700,700,true],"tenweb_optimizer_mobile":["https:\/\/xstone-dev.10web.cloud\/wp-content\/uploads\/2025\/11\/XStone-Texture-TRC-600x600.webp",600,600,true],"tenweb_optimizer_tablet":["https:\/\/xstone-dev.10web.cloud\/wp-content\/uploads\/2025\/11\/XStone-Texture-TRC-768x768.webp",768,768,true],"woocommerce_thumbnail":["https:\/\/xstone-dev.10web.cloud\/wp-content\/uploads\/2025\/11\/XStone-Texture-TRC-300x300.webp",300,300,true],"woocommerce_single":["https:\/\/xstone-dev.10web.cloud\/wp-content\/uploads\/2025\/11\/XStone-Texture-TRC-600x600.webp",600,600,true],"woocommerce_gallery_thumbnail":["https:\/\/xstone-dev.10web.cloud\/wp-content\/uploads\/2025\/11\/XStone-Texture-TRC-100x100.webp",100,100,true]},"uagb_author_info":{"display_name":"laurent.gomez@xstone.group","author_link":"https:\/\/xstone-dev.10web.cloud\/ro\/author\/"},"uagb_comment_info":0,"uagb_excerpt":"Aceast\u0103 textur\u0103 de travertin dezv\u0103luie o suprafa\u021b\u0103 mineral\u0103 subtil modelat\u0103 de timp, marcat\u0103 de o multitudine de pori naturali \u0219i microcavit\u0103\u021bi care \u00eei confer\u0103 caracterul unic. Relieful, at\u00e2t fin, c\u00e2t \u0219i neregulat, creeaz\u0103 o vibra\u021bie delicat\u0103 care capteaz\u0103 lumina \u0219i aduce u\u0219or materialul la via\u021b\u0103. Fiecare imperfec\u021biune evoc\u0103 piatra \u00een starea sa cea mai autentic\u0103,&hellip;","_links":{"self":[{"href":"https:\/\/xstone-dev.10web.cloud\/ro\/wp-json\/wp\/v2\/product\/25073","targetHints":{"allow":["GET"]}}],"collection":[{"href":"https:\/\/xstone-dev.10web.cloud\/ro\/wp-json\/wp\/v2\/product"}],"about":[{"href":"https:\/\/xstone-dev.10web.cloud\/ro\/wp-json\/wp\/v2\/types\/product"}],"replies":[{"embeddable":true,"href":"https:\/\/xstone-dev.10web.cloud\/ro\/wp-json\/wp\/v2\/comments?post=25073"}],"wp:featuredmedia":[{"embeddable":true,"href":"https:\/\/xstone-dev.10web.cloud\/ro\/wp-json\/wp\/v2\/media\/25076"}],"wp:attachment":[{"href":"https:\/\/xstone-dev.10web.cloud\/ro\/wp-json\/wp\/v2\/media?parent=25073"}],"wp:term":[{"taxonomy":"product_brand","embeddable":true,"href":"https:\/\/xstone-dev.10web.cloud\/ro\/wp-json\/wp\/v2\/product_brand?post=25073"},{"taxonomy":"product_cat","embeddable":true,"href":"https:\/\/xstone-dev.10web.cloud\/ro\/wp-json\/wp\/v2\/product_cat?post=25073"},{"taxonomy":"product_tag","embeddable":true,"href":"https:\/\/xstone-dev.10web.cloud\/ro\/wp-json\/wp\/v2\/product_tag?post=25073"}],"curies":[{"name":"wp","href":"https:\/\/api.w.org\/{rel}","templated":true}]}}