{"id":24232,"date":"2026-01-15T09:30:45","date_gmt":"2026-01-15T09:30:45","guid":{"rendered":"https:\/\/xstone-dev.10web.cloud\/product\/rgh-beton-brut\/"},"modified":"2026-01-15T09:30:45","modified_gmt":"2026-01-15T09:30:45","slug":"rgh-rough-concrete","status":"publish","type":"product","link":"https:\/\/xstone-dev.10web.cloud\/ro\/product\/rgh-rough-concrete\/","title":{"rendered":"RGH | Beton brut"},"content":{"rendered":"<p>Rough Concrete este o suprafa\u021b\u0103 brut\u0103, mineral\u0103, definit\u0103 de reliefuri granulare fine \u0219i semne direc\u021bionale subtile, care \u00eei confer\u0103 un caracter tactil, onest \u0219i ancorat. Microtextura sa neregulat\u0103 pare mai degrab\u0103 modelat\u0103 de proces dec\u00e2t de lustruire, evoc\u00e2nd rezisten\u021b\u0103, autenticitate \u0219i integritate arhitectural\u0103, ceea ce o face un fundal puternic, dar discret, pentru spa\u021biile contemporane \u0219i de inspira\u021bie industrial\u0103 <\/p>\n","protected":false},"excerpt":{"rendered":"<p>Rough Concrete este o suprafa\u021b\u0103 brut\u0103, mineral\u0103, definit\u0103 de reliefuri granulare fine \u0219i semne direc\u021bionale subtile, care \u00eei confer\u0103 un caracter tactil, onest \u0219i ancorat. Microtextura sa neregulat\u0103 pare mai degrab\u0103 modelat\u0103 de proces dec\u00e2t de lustruire, evoc\u00e2nd rezisten\u021b\u0103, autenticitate \u0219i integritate arhitectural\u0103, ceea ce o face un fundal puternic, dar discret, pentru spa\u021biile contemporane [&hellip;]<\/p>\n","protected":false},"featured_media":24234,"comment_status":"open","ping_status":"closed","template":"","meta":{"_acf_changed":false,"_uag_custom_page_level_css":"","site-sidebar-layout":"default","site-content-layout":"","ast-site-content-layout":"default","site-content-style":"default","site-sidebar-style":"default","ast-global-header-display":"","ast-banner-title-visibility":"","ast-main-header-display":"","ast-hfb-above-header-display":"","ast-hfb-below-header-display":"","ast-hfb-mobile-header-display":"","site-post-title":"","ast-breadcrumbs-content":"","ast-featured-img":"","footer-sml-layout":"","theme-transparent-header-meta":"default","adv-header-id-meta":"","stick-header-meta":"default","header-above-stick-meta":"","header-main-stick-meta":"","header-below-stick-meta":"","astra-migrate-meta-layouts":"default","ast-page-background-enabled":"default","ast-page-background-meta":{"desktop":{"background-color":"var(--ast-global-color-4)","background-image":"","background-repeat":"repeat","background-position":"center center","background-size":"auto","background-attachment":"scroll","background-type":"","background-media":"","overlay-type":"","overlay-color":"","overlay-opacity":"","overlay-gradient":""},"tablet":{"background-color":"","background-image":"","background-repeat":"repeat","background-position":"center center","background-size":"auto","background-attachment":"scroll","background-type":"","background-media":"","overlay-type":"","overlay-color":"","overlay-opacity":"","overlay-gradient":""},"mobile":{"background-color":"","background-image":"","background-repeat":"repeat","background-position":"center center","background-size":"auto","background-attachment":"scroll","background-type":"","background-media":"","overlay-type":"","overlay-color":"","overlay-opacity":"","overlay-gradient":""}},"ast-content-background-meta":{"desktop":{"background-color":"var(--ast-global-color-5)","background-image":"","background-repeat":"repeat","background-position":"center center","background-size":"auto","background-attachment":"scroll","background-type":"","background-media":"","overlay-type":"","overlay-color":"","overlay-opacity":"","overlay-gradient":""},"tablet":{"background-color":"var(--ast-global-color-5)","background-image":"","background-repeat":"repeat","background-position":"center center","background-size":"auto","background-attachment":"scroll","background-type":"","background-media":"","overlay-type":"","overlay-color":"","overlay-opacity":"","overlay-gradient":""},"mobile":{"background-color":"var(--ast-global-color-5)","background-image":"","background-repeat":"repeat","background-position":"center center","background-size":"auto","background-attachment":"scroll","background-type":"","background-media":"","overlay-type":"","overlay-color":"","overlay-opacity":"","overlay-gradient":""}}},"product_brand":[],"product_cat":[3592,3589],"product_tag":[7371,7373,7372,7370,1608],"class_list":{"0":"post-24232","1":"product","2":"type-product","3":"status-publish","4":"has-post-thumbnail","6":"product_cat-concrete","7":"product_cat-texture","8":"product_tag-architectural-concrete-panel","9":"product_tag-minimalist-industrial-wall","10":"product_tag-textured-wall-surface","11":"product_tag-rough-concrete-texture","12":"product_tag-comp-texture-16905","13":"desktop-align-left","14":"tablet-align-left","15":"mobile-align-left","17":"first","18":"instock","19":"shipping-taxable","20":"product-type-simple"},"acf":[],"yoast_head":"<!-- This site is optimized with the Yoast SEO Premium plugin v27.4 (Yoast SEO v27.4) - https:\/\/yoast.com\/product\/yoast-seo-premium-wordpress\/ -->\n<title>RGH | Beton brut - XSTONE<\/title>\n<meta name=\"description\" content=\"Descoperi\u021bi Rough Concrete, o textur\u0103 arhitectural\u0103 brut\u0103 pentru pere\u021bi, cu relief granular \u0219i caracter material onest pentru interioare moderne \u0219i industriale\" \/>\n<meta name=\"robots\" content=\"index, follow, max-snippet:-1, max-image-preview:large, max-video-preview:-1\" \/>\n<link rel=\"canonical\" href=\"https:\/\/xstone-dev.10web.cloud\/ro\/product\/rgh-rough-concrete\/\" \/>\n<meta property=\"og:locale\" content=\"ro_RO\" \/>\n<meta property=\"og:type\" content=\"article\" \/>\n<meta property=\"og:title\" content=\"RGH | Beton brut\" \/>\n<meta property=\"og:description\" content=\"Descoperi\u021bi Rough Concrete, o textur\u0103 arhitectural\u0103 brut\u0103 pentru pere\u021bi, cu relief granular \u0219i caracter material onest pentru interioare moderne \u0219i industriale\" \/>\n<meta property=\"og:url\" content=\"https:\/\/xstone-dev.10web.cloud\/ro\/product\/rgh-rough-concrete\/\" \/>\n<meta property=\"og:site_name\" content=\"XSTONE\" \/>\n<meta property=\"article:publisher\" content=\"https:\/\/www.facebook.com\/Xstonesurfaces1\/\" \/>\n<meta property=\"og:image\" content=\"https:\/\/xstone-dev.10web.cloud\/wp-content\/uploads\/2026\/01\/XStone-Texture-RGH.webp\" \/>\n\t<meta property=\"og:image:width\" content=\"1920\" \/>\n\t<meta property=\"og:image:height\" content=\"1920\" \/>\n\t<meta property=\"og:image:type\" content=\"image\/webp\" \/>\n<meta name=\"twitter:card\" content=\"summary_large_image\" \/>\n<script type=\"application\/ld+json\" class=\"yoast-schema-graph\">{\"@context\":\"https:\\\/\\\/schema.org\",\"@graph\":[{\"@type\":\"WebPage\",\"@id\":\"https:\\\/\\\/xstone-dev.10web.cloud\\\/ro\\\/product\\\/rgh-rough-concrete\\\/\",\"url\":\"https:\\\/\\\/xstone-dev.10web.cloud\\\/ro\\\/product\\\/rgh-rough-concrete\\\/\",\"name\":\"RGH | Beton brut - XSTONE\",\"isPartOf\":{\"@id\":\"https:\\\/\\\/xstone-dev.10web.cloud\\\/ro\\\/#website\"},\"primaryImageOfPage\":{\"@id\":\"https:\\\/\\\/xstone-dev.10web.cloud\\\/ro\\\/product\\\/rgh-rough-concrete\\\/#primaryimage\"},\"image\":{\"@id\":\"https:\\\/\\\/xstone-dev.10web.cloud\\\/ro\\\/product\\\/rgh-rough-concrete\\\/#primaryimage\"},\"thumbnailUrl\":\"https:\\\/\\\/xstone-dev.10web.cloud\\\/wp-content\\\/uploads\\\/2026\\\/01\\\/XStone-Texture-RGH.webp\",\"datePublished\":\"2026-01-15T09:30:45+00:00\",\"description\":\"Descoperi\u021bi Rough Concrete, o textur\u0103 arhitectural\u0103 brut\u0103 pentru pere\u021bi, cu relief granular \u0219i caracter material onest pentru interioare moderne \u0219i industriale\",\"breadcrumb\":{\"@id\":\"https:\\\/\\\/xstone-dev.10web.cloud\\\/ro\\\/product\\\/rgh-rough-concrete\\\/#breadcrumb\"},\"inLanguage\":\"ro-RO\",\"potentialAction\":[{\"@type\":\"ReadAction\",\"target\":[\"https:\\\/\\\/xstone-dev.10web.cloud\\\/ro\\\/product\\\/rgh-rough-concrete\\\/\"]}]},{\"@type\":\"ImageObject\",\"inLanguage\":\"ro-RO\",\"@id\":\"https:\\\/\\\/xstone-dev.10web.cloud\\\/ro\\\/product\\\/rgh-rough-concrete\\\/#primaryimage\",\"url\":\"https:\\\/\\\/xstone-dev.10web.cloud\\\/wp-content\\\/uploads\\\/2026\\\/01\\\/XStone-Texture-RGH.webp\",\"contentUrl\":\"https:\\\/\\\/xstone-dev.10web.cloud\\\/wp-content\\\/uploads\\\/2026\\\/01\\\/XStone-Texture-RGH.webp\",\"width\":1920,\"height\":1920,\"caption\":\"XStone -Texture - Rough Concrete\"},{\"@type\":\"BreadcrumbList\",\"@id\":\"https:\\\/\\\/xstone-dev.10web.cloud\\\/ro\\\/product\\\/rgh-rough-concrete\\\/#breadcrumb\",\"itemListElement\":[{\"@type\":\"ListItem\",\"position\":1,\"name\":\"Home\",\"item\":\"https:\\\/\\\/xstone-dev.10web.cloud\\\/ro\\\/\"},{\"@type\":\"ListItem\",\"position\":2,\"name\":\"Produse\",\"item\":\"https:\\\/\\\/xstone-dev.10web.cloud\\\/ro\\\/shop\\\/\"},{\"@type\":\"ListItem\",\"position\":3,\"name\":\"RGH | Beton brut\"}]},{\"@type\":\"WebSite\",\"@id\":\"https:\\\/\\\/xstone-dev.10web.cloud\\\/ro\\\/#website\",\"url\":\"https:\\\/\\\/xstone-dev.10web.cloud\\\/ro\\\/\",\"name\":\"XSTONE\",\"description\":\"Frumuse\u021be mineral\u0103 autentic\u0103 \u0219i nelimitat\u0103, nelegat\u0103 de gravita\u021bie\",\"potentialAction\":[{\"@type\":\"SearchAction\",\"target\":{\"@type\":\"EntryPoint\",\"urlTemplate\":\"https:\\\/\\\/xstone-dev.10web.cloud\\\/ro\\\/?s={search_term_string}\"},\"query-input\":{\"@type\":\"PropertyValueSpecification\",\"valueRequired\":true,\"valueName\":\"search_term_string\"}}],\"inLanguage\":\"ro-RO\"}]}<\/script>\n<!-- \/ Yoast SEO Premium plugin. -->","yoast_head_json":{"title":"RGH | Beton brut - XSTONE","description":"Descoperi\u021bi Rough Concrete, o textur\u0103 arhitectural\u0103 brut\u0103 pentru pere\u021bi, cu relief granular \u0219i caracter material onest pentru interioare moderne \u0219i industriale","robots":{"index":"index","follow":"follow","max-snippet":"max-snippet:-1","max-image-preview":"max-image-preview:large","max-video-preview":"max-video-preview:-1"},"canonical":"https:\/\/xstone-dev.10web.cloud\/ro\/product\/rgh-rough-concrete\/","og_locale":"ro_RO","og_type":"article","og_title":"RGH | Beton brut","og_description":"Descoperi\u021bi Rough Concrete, o textur\u0103 arhitectural\u0103 brut\u0103 pentru pere\u021bi, cu relief granular \u0219i caracter material onest pentru interioare moderne \u0219i industriale","og_url":"https:\/\/xstone-dev.10web.cloud\/ro\/product\/rgh-rough-concrete\/","og_site_name":"XSTONE","article_publisher":"https:\/\/www.facebook.com\/Xstonesurfaces1\/","og_image":[{"width":1920,"height":1920,"url":"https:\/\/xstone-dev.10web.cloud\/wp-content\/uploads\/2026\/01\/XStone-Texture-RGH.webp","type":"image\/webp"}],"twitter_card":"summary_large_image","schema":{"@context":"https:\/\/schema.org","@graph":[{"@type":"WebPage","@id":"https:\/\/xstone-dev.10web.cloud\/ro\/product\/rgh-rough-concrete\/","url":"https:\/\/xstone-dev.10web.cloud\/ro\/product\/rgh-rough-concrete\/","name":"RGH | Beton brut - XSTONE","isPartOf":{"@id":"https:\/\/xstone-dev.10web.cloud\/ro\/#website"},"primaryImageOfPage":{"@id":"https:\/\/xstone-dev.10web.cloud\/ro\/product\/rgh-rough-concrete\/#primaryimage"},"image":{"@id":"https:\/\/xstone-dev.10web.cloud\/ro\/product\/rgh-rough-concrete\/#primaryimage"},"thumbnailUrl":"https:\/\/xstone-dev.10web.cloud\/wp-content\/uploads\/2026\/01\/XStone-Texture-RGH.webp","datePublished":"2026-01-15T09:30:45+00:00","description":"Descoperi\u021bi Rough Concrete, o textur\u0103 arhitectural\u0103 brut\u0103 pentru pere\u021bi, cu relief granular \u0219i caracter material onest pentru interioare moderne \u0219i industriale","breadcrumb":{"@id":"https:\/\/xstone-dev.10web.cloud\/ro\/product\/rgh-rough-concrete\/#breadcrumb"},"inLanguage":"ro-RO","potentialAction":[{"@type":"ReadAction","target":["https:\/\/xstone-dev.10web.cloud\/ro\/product\/rgh-rough-concrete\/"]}]},{"@type":"ImageObject","inLanguage":"ro-RO","@id":"https:\/\/xstone-dev.10web.cloud\/ro\/product\/rgh-rough-concrete\/#primaryimage","url":"https:\/\/xstone-dev.10web.cloud\/wp-content\/uploads\/2026\/01\/XStone-Texture-RGH.webp","contentUrl":"https:\/\/xstone-dev.10web.cloud\/wp-content\/uploads\/2026\/01\/XStone-Texture-RGH.webp","width":1920,"height":1920,"caption":"XStone -Texture - Rough Concrete"},{"@type":"BreadcrumbList","@id":"https:\/\/xstone-dev.10web.cloud\/ro\/product\/rgh-rough-concrete\/#breadcrumb","itemListElement":[{"@type":"ListItem","position":1,"name":"Home","item":"https:\/\/xstone-dev.10web.cloud\/ro\/"},{"@type":"ListItem","position":2,"name":"Produse","item":"https:\/\/xstone-dev.10web.cloud\/ro\/shop\/"},{"@type":"ListItem","position":3,"name":"RGH | Beton brut"}]},{"@type":"WebSite","@id":"https:\/\/xstone-dev.10web.cloud\/ro\/#website","url":"https:\/\/xstone-dev.10web.cloud\/ro\/","name":"XSTONE","description":"Frumuse\u021be mineral\u0103 autentic\u0103 \u0219i nelimitat\u0103, nelegat\u0103 de gravita\u021bie","potentialAction":[{"@type":"SearchAction","target":{"@type":"EntryPoint","urlTemplate":"https:\/\/xstone-dev.10web.cloud\/ro\/?s={search_term_string}"},"query-input":{"@type":"PropertyValueSpecification","valueRequired":true,"valueName":"search_term_string"}}],"inLanguage":"ro-RO"}]}},"spectra_custom_meta":{"_last_translation_edit_mode":["translation-editor"],"_wcml_average_rating":[null],"_wcml_review_count":[null],"_wcml_rating_count":[null],"_yoast_wpseo_primary_product_cat":["317"],"_backorders":["no"],"_download_limit":["-1"],"_download_expiry":["-1"],"_downloadable":["no"],"_manage_stock":["no"],"_sku":["RGH"],"_stock_status":["instock"],"_sold_individually":["no"],"_tax_class":[""],"_tax_status":["taxable"],"_virtual":["no"],"total_sales":["0"],"_wpml_media_duplicate":["1"],"_wpml_media_featured":["1"],"stick-header-meta":["default"],"site-sidebar-layout":["default"],"theme-transparent-header-meta":["default"],"ast-site-content-layout":["default"],"site-content-style":["default"],"site-sidebar-style":["default"],"_yoast_wpseo_metadesc":["Descoperi\u021bi Rough Concrete, o textur\u0103 arhitectural\u0103 brut\u0103 pentru pere\u021bi, cu relief granular \u0219i caracter material onest pentru interioare moderne \u0219i industriale"],"_yoast_wpseo_focuskw":["textura peretelui din beton brut"],"_product_image_gallery":[""],"_thumbnail_id":["24234"],"_product_attributes":["a:3:{s:12:\"pa_thickness\";a:6:{s:4:\"name\";s:12:\"pa_thickness\";s:5:\"value\";s:0:\"\";s:8:\"position\";i:0;s:10:\"is_visible\";i:1;s:12:\"is_variation\";i:0;s:11:\"is_taxonomy\";i:1;}s:14:\"pa_composition\";a:6:{s:4:\"name\";s:14:\"pa_composition\";s:5:\"value\";s:0:\"\";s:8:\"position\";i:1;s:10:\"is_visible\";i:1;s:12:\"is_variation\";i:0;s:11:\"is_taxonomy\";i:1;}s:14:\"pa_fire-rating\";a:6:{s:4:\"name\";s:14:\"pa_fire-rating\";s:5:\"value\";s:0:\"\";s:8:\"position\";i:2;s:10:\"is_visible\";i:1;s:12:\"is_variation\";i:0;s:11:\"is_taxonomy\";i:1;}}"],"_wpml_word_count":["80"],"two_optimized_date":["1776582780"],"woolentor_views_count_product":["6"],"_uag_css_file_name":["uag-css-24232.css"],"_uag_js_file_name":["uag-js-24232.js"],"tp_widgets":["a:2:{s:7:\"widgets\";a:6:{i:0;s:18:\"plus-list-skeleton\";i:1;s:22:\"plus-listing-load-more\";i:2;s:18:\"plus-listing-metro\";i:3;s:18:\"tp-product-listout\";i:4;s:17:\"tp-single-style_1\";i:5;s:19:\"tp-woo-single-image\";}s:9:\"update_at\";s:10:\"1776541402\";}"],"_elementor_edit_mode":["builder"],"_selectproduct_layout":["16389"],"_wc_rating_count":[""],"_wc_review_count":[""],"_wc_average_rating":[0]},"uagb_featured_image_src":{"full":["https:\/\/xstone-dev.10web.cloud\/wp-content\/uploads\/2026\/01\/XStone-Texture-RGH.webp",1920,1920,false],"thumbnail":["https:\/\/xstone-dev.10web.cloud\/wp-content\/uploads\/2026\/01\/XStone-Texture-RGH-150x150.webp",150,150,true],"medium":["https:\/\/xstone-dev.10web.cloud\/wp-content\/uploads\/2026\/01\/XStone-Texture-RGH-300x300.webp",300,300,true],"medium_large":["https:\/\/xstone-dev.10web.cloud\/wp-content\/uploads\/2026\/01\/XStone-Texture-RGH-768x768.webp",768,768,true],"large":["https:\/\/xstone-dev.10web.cloud\/wp-content\/uploads\/2026\/01\/XStone-Texture-RGH-1024x1024.webp",1024,1024,true],"1536x1536":["https:\/\/xstone-dev.10web.cloud\/wp-content\/uploads\/2026\/01\/XStone-Texture-RGH-1536x1536.webp",1536,1536,true],"2048x2048":["https:\/\/xstone-dev.10web.cloud\/wp-content\/uploads\/2026\/01\/XStone-Texture-RGH.webp",1920,1920,false],"tp-image-grid":["https:\/\/xstone-dev.10web.cloud\/wp-content\/uploads\/2026\/01\/XStone-Texture-RGH-700x700.webp",700,700,true],"tenweb_optimizer_mobile":["https:\/\/xstone-dev.10web.cloud\/wp-content\/uploads\/2026\/01\/XStone-Texture-RGH-600x600.webp",600,600,true],"tenweb_optimizer_tablet":["https:\/\/xstone-dev.10web.cloud\/wp-content\/uploads\/2026\/01\/XStone-Texture-RGH-768x768.webp",768,768,true],"woocommerce_thumbnail":["https:\/\/xstone-dev.10web.cloud\/wp-content\/uploads\/2026\/01\/XStone-Texture-RGH-300x300.webp",300,300,true],"woocommerce_single":["https:\/\/xstone-dev.10web.cloud\/wp-content\/uploads\/2026\/01\/XStone-Texture-RGH-600x600.webp",600,600,true],"woocommerce_gallery_thumbnail":["https:\/\/xstone-dev.10web.cloud\/wp-content\/uploads\/2026\/01\/XStone-Texture-RGH-100x100.webp",100,100,true]},"uagb_author_info":{"display_name":"laurent.gomez@xstone.group","author_link":"https:\/\/xstone-dev.10web.cloud\/ro\/author\/"},"uagb_comment_info":0,"uagb_excerpt":"Rough Concrete este o suprafa\u021b\u0103 brut\u0103, mineral\u0103, definit\u0103 de reliefuri granulare fine \u0219i semne direc\u021bionale subtile, care \u00eei confer\u0103 un caracter tactil, onest \u0219i ancorat. Microtextura sa neregulat\u0103 pare mai degrab\u0103 modelat\u0103 de proces dec\u00e2t de lustruire, evoc\u00e2nd rezisten\u021b\u0103, autenticitate \u0219i integritate arhitectural\u0103, ceea ce o face un fundal puternic, dar discret, pentru spa\u021biile contemporane&hellip;","_links":{"self":[{"href":"https:\/\/xstone-dev.10web.cloud\/ro\/wp-json\/wp\/v2\/product\/24232","targetHints":{"allow":["GET"]}}],"collection":[{"href":"https:\/\/xstone-dev.10web.cloud\/ro\/wp-json\/wp\/v2\/product"}],"about":[{"href":"https:\/\/xstone-dev.10web.cloud\/ro\/wp-json\/wp\/v2\/types\/product"}],"replies":[{"embeddable":true,"href":"https:\/\/xstone-dev.10web.cloud\/ro\/wp-json\/wp\/v2\/comments?post=24232"}],"wp:featuredmedia":[{"embeddable":true,"href":"https:\/\/xstone-dev.10web.cloud\/ro\/wp-json\/wp\/v2\/media\/24234"}],"wp:attachment":[{"href":"https:\/\/xstone-dev.10web.cloud\/ro\/wp-json\/wp\/v2\/media?parent=24232"}],"wp:term":[{"taxonomy":"product_brand","embeddable":true,"href":"https:\/\/xstone-dev.10web.cloud\/ro\/wp-json\/wp\/v2\/product_brand?post=24232"},{"taxonomy":"product_cat","embeddable":true,"href":"https:\/\/xstone-dev.10web.cloud\/ro\/wp-json\/wp\/v2\/product_cat?post=24232"},{"taxonomy":"product_tag","embeddable":true,"href":"https:\/\/xstone-dev.10web.cloud\/ro\/wp-json\/wp\/v2\/product_tag?post=24232"}],"curies":[{"name":"wp","href":"https:\/\/api.w.org\/{rel}","templated":true}]}}