{"id":24022,"date":"2026-01-13T17:29:01","date_gmt":"2026-01-13T17:29:01","guid":{"rendered":"https:\/\/xstone-dev.10web.cloud\/product\/bun-buncar-de-beton\/"},"modified":"2026-01-13T17:29:01","modified_gmt":"2026-01-13T17:29:01","slug":"bun-concrete-bunker","status":"publish","type":"product","link":"https:\/\/xstone-dev.10web.cloud\/ro\/product\/bun-concrete-bunker\/","title":{"rendered":"BUN | Bunc\u0103r de beton"},"content":{"rendered":"<p>Concrete Bunker este o suprafa\u021b\u0103 \u00eendr\u0103znea\u021b\u0103, expresiv\u0103, care capteaz\u0103 sufletul brut al materialului turnat, marcat de goluri subtile, granule minerale \u0219i urme organice ale form\u0103rii sale. Microrelieful s\u0103u neregulat \u0219i imperfec\u021biunile sale stratificate creeaz\u0103 un sentiment de profunzime \u0219i autenticitate, evoc\u00e2nd rezisten\u021ba, permanen\u021ba \u0219i onestitatea arhitectural\u0103, sim\u021bindu-se \u00een acela\u0219i timp tactil, rafinat \u0219i proiectat inten\u021bionat, mai degrab\u0103 dec\u00e2t dur , o textur\u0103 care confer\u0103 spa\u021biilor o prezen\u021b\u0103 puternic\u0103, \u00eentemeiat\u0103. <\/p>\n","protected":false},"excerpt":{"rendered":"<p>Concrete Bunker este o suprafa\u021b\u0103 \u00eendr\u0103znea\u021b\u0103, expresiv\u0103, care capteaz\u0103 sufletul brut al materialului turnat, marcat de goluri subtile, granule minerale \u0219i urme organice ale form\u0103rii sale. Microrelieful s\u0103u neregulat \u0219i imperfec\u021biunile sale stratificate creeaz\u0103 un sentiment de profunzime \u0219i autenticitate, evoc\u00e2nd rezisten\u021ba, permanen\u021ba \u0219i onestitatea arhitectural\u0103, sim\u021bindu-se \u00een acela\u0219i timp tactil, rafinat \u0219i proiectat inten\u021bionat, [&hellip;]<\/p>\n","protected":false},"featured_media":24024,"comment_status":"open","ping_status":"closed","template":"","meta":{"_acf_changed":false,"_uag_custom_page_level_css":"","site-sidebar-layout":"default","site-content-layout":"","ast-site-content-layout":"default","site-content-style":"default","site-sidebar-style":"default","ast-global-header-display":"","ast-banner-title-visibility":"","ast-main-header-display":"","ast-hfb-above-header-display":"","ast-hfb-below-header-display":"","ast-hfb-mobile-header-display":"","site-post-title":"","ast-breadcrumbs-content":"","ast-featured-img":"","footer-sml-layout":"","theme-transparent-header-meta":"default","adv-header-id-meta":"","stick-header-meta":"default","header-above-stick-meta":"","header-main-stick-meta":"","header-below-stick-meta":"","astra-migrate-meta-layouts":"default","ast-page-background-enabled":"default","ast-page-background-meta":{"desktop":{"background-color":"var(--ast-global-color-4)","background-image":"","background-repeat":"repeat","background-position":"center center","background-size":"auto","background-attachment":"scroll","background-type":"","background-media":"","overlay-type":"","overlay-color":"","overlay-opacity":"","overlay-gradient":""},"tablet":{"background-color":"","background-image":"","background-repeat":"repeat","background-position":"center center","background-size":"auto","background-attachment":"scroll","background-type":"","background-media":"","overlay-type":"","overlay-color":"","overlay-opacity":"","overlay-gradient":""},"mobile":{"background-color":"","background-image":"","background-repeat":"repeat","background-position":"center center","background-size":"auto","background-attachment":"scroll","background-type":"","background-media":"","overlay-type":"","overlay-color":"","overlay-opacity":"","overlay-gradient":""}},"ast-content-background-meta":{"desktop":{"background-color":"var(--ast-global-color-5)","background-image":"","background-repeat":"repeat","background-position":"center center","background-size":"auto","background-attachment":"scroll","background-type":"","background-media":"","overlay-type":"","overlay-color":"","overlay-opacity":"","overlay-gradient":""},"tablet":{"background-color":"var(--ast-global-color-5)","background-image":"","background-repeat":"repeat","background-position":"center center","background-size":"auto","background-attachment":"scroll","background-type":"","background-media":"","overlay-type":"","overlay-color":"","overlay-opacity":"","overlay-gradient":""},"mobile":{"background-color":"var(--ast-global-color-5)","background-image":"","background-repeat":"repeat","background-position":"center center","background-size":"auto","background-attachment":"scroll","background-type":"","background-media":"","overlay-type":"","overlay-color":"","overlay-opacity":"","overlay-gradient":""}}},"product_brand":[],"product_cat":[3592,3589],"product_tag":[6908,6904,6906,6910,6902,4966],"class_list":{"0":"post-24022","1":"product","2":"type-product","3":"status-publish","4":"has-post-thumbnail","6":"product_cat-concrete","7":"product_cat-texture","8":"product_tag-decorative-concrete","9":"product_tag-textured-concrete-panel","10":"product_tag-brutalist-surface","11":"product_tag-brutalist-surface-decorative-concrete","12":"product_tag-architectural-concrete-texture","13":"product_tag-comp-texture-16842","14":"desktop-align-left","15":"tablet-align-left","16":"mobile-align-left","18":"first","19":"instock","20":"shipping-taxable","21":"product-type-simple"},"acf":[],"yoast_head":"<!-- This site is optimized with the Yoast SEO Premium plugin v27.4 (Yoast SEO v27.4) - https:\/\/yoast.com\/product\/yoast-seo-premium-wordpress\/ -->\n<title>BUN | Bunc\u0103r de beton - XSTONE<\/title>\n<meta name=\"description\" content=\"Concrete Bunker, o textur\u0103 arhitectural\u0103 din beton cu caracter brut, relief organic \u0219i prezen\u021b\u0103 puternic\u0103 a materialului pentru design contemporan\" \/>\n<meta name=\"robots\" content=\"index, follow, max-snippet:-1, max-image-preview:large, max-video-preview:-1\" \/>\n<link rel=\"canonical\" href=\"https:\/\/xstone-dev.10web.cloud\/ro\/product\/bun-concrete-bunker\/\" \/>\n<meta property=\"og:locale\" content=\"ro_RO\" \/>\n<meta property=\"og:type\" content=\"article\" \/>\n<meta property=\"og:title\" content=\"BUN | Bunc\u0103r de beton\" \/>\n<meta property=\"og:description\" content=\"Concrete Bunker, o textur\u0103 arhitectural\u0103 din beton cu caracter brut, relief organic \u0219i prezen\u021b\u0103 puternic\u0103 a materialului pentru design contemporan\" \/>\n<meta property=\"og:url\" content=\"https:\/\/xstone-dev.10web.cloud\/ro\/product\/bun-concrete-bunker\/\" \/>\n<meta property=\"og:site_name\" content=\"XSTONE\" \/>\n<meta property=\"article:publisher\" content=\"https:\/\/www.facebook.com\/Xstonesurfaces1\/\" \/>\n<meta property=\"og:image\" content=\"https:\/\/xstone-dev.10web.cloud\/wp-content\/uploads\/2026\/01\/XStone-Texture-BUN.webp\" \/>\n\t<meta property=\"og:image:width\" content=\"1920\" \/>\n\t<meta property=\"og:image:height\" content=\"1920\" \/>\n\t<meta property=\"og:image:type\" content=\"image\/webp\" \/>\n<meta name=\"twitter:card\" content=\"summary_large_image\" \/>\n<script type=\"application\/ld+json\" class=\"yoast-schema-graph\">{\"@context\":\"https:\\\/\\\/schema.org\",\"@graph\":[{\"@type\":\"WebPage\",\"@id\":\"https:\\\/\\\/xstone-dev.10web.cloud\\\/ro\\\/product\\\/bun-concrete-bunker\\\/\",\"url\":\"https:\\\/\\\/xstone-dev.10web.cloud\\\/ro\\\/product\\\/bun-concrete-bunker\\\/\",\"name\":\"BUN | Bunc\u0103r de beton - XSTONE\",\"isPartOf\":{\"@id\":\"https:\\\/\\\/xstone-dev.10web.cloud\\\/ro\\\/#website\"},\"primaryImageOfPage\":{\"@id\":\"https:\\\/\\\/xstone-dev.10web.cloud\\\/ro\\\/product\\\/bun-concrete-bunker\\\/#primaryimage\"},\"image\":{\"@id\":\"https:\\\/\\\/xstone-dev.10web.cloud\\\/ro\\\/product\\\/bun-concrete-bunker\\\/#primaryimage\"},\"thumbnailUrl\":\"https:\\\/\\\/xstone-dev.10web.cloud\\\/wp-content\\\/uploads\\\/2026\\\/01\\\/XStone-Texture-BUN.webp\",\"datePublished\":\"2026-01-13T17:29:01+00:00\",\"description\":\"Concrete Bunker, o textur\u0103 arhitectural\u0103 din beton cu caracter brut, relief organic \u0219i prezen\u021b\u0103 puternic\u0103 a materialului pentru design contemporan\",\"breadcrumb\":{\"@id\":\"https:\\\/\\\/xstone-dev.10web.cloud\\\/ro\\\/product\\\/bun-concrete-bunker\\\/#breadcrumb\"},\"inLanguage\":\"ro-RO\",\"potentialAction\":[{\"@type\":\"ReadAction\",\"target\":[\"https:\\\/\\\/xstone-dev.10web.cloud\\\/ro\\\/product\\\/bun-concrete-bunker\\\/\"]}]},{\"@type\":\"ImageObject\",\"inLanguage\":\"ro-RO\",\"@id\":\"https:\\\/\\\/xstone-dev.10web.cloud\\\/ro\\\/product\\\/bun-concrete-bunker\\\/#primaryimage\",\"url\":\"https:\\\/\\\/xstone-dev.10web.cloud\\\/wp-content\\\/uploads\\\/2026\\\/01\\\/XStone-Texture-BUN.webp\",\"contentUrl\":\"https:\\\/\\\/xstone-dev.10web.cloud\\\/wp-content\\\/uploads\\\/2026\\\/01\\\/XStone-Texture-BUN.webp\",\"width\":1920,\"height\":1920,\"caption\":\"XStone - Texture - Concrete Bunker\"},{\"@type\":\"BreadcrumbList\",\"@id\":\"https:\\\/\\\/xstone-dev.10web.cloud\\\/ro\\\/product\\\/bun-concrete-bunker\\\/#breadcrumb\",\"itemListElement\":[{\"@type\":\"ListItem\",\"position\":1,\"name\":\"Home\",\"item\":\"https:\\\/\\\/xstone-dev.10web.cloud\\\/ro\\\/\"},{\"@type\":\"ListItem\",\"position\":2,\"name\":\"Produse\",\"item\":\"https:\\\/\\\/xstone-dev.10web.cloud\\\/ro\\\/shop\\\/\"},{\"@type\":\"ListItem\",\"position\":3,\"name\":\"BUN | Bunc\u0103r de beton\"}]},{\"@type\":\"WebSite\",\"@id\":\"https:\\\/\\\/xstone-dev.10web.cloud\\\/ro\\\/#website\",\"url\":\"https:\\\/\\\/xstone-dev.10web.cloud\\\/ro\\\/\",\"name\":\"XSTONE\",\"description\":\"Frumuse\u021be mineral\u0103 autentic\u0103 \u0219i nelimitat\u0103, nelegat\u0103 de gravita\u021bie\",\"potentialAction\":[{\"@type\":\"SearchAction\",\"target\":{\"@type\":\"EntryPoint\",\"urlTemplate\":\"https:\\\/\\\/xstone-dev.10web.cloud\\\/ro\\\/?s={search_term_string}\"},\"query-input\":{\"@type\":\"PropertyValueSpecification\",\"valueRequired\":true,\"valueName\":\"search_term_string\"}}],\"inLanguage\":\"ro-RO\"}]}<\/script>\n<!-- \/ Yoast SEO Premium plugin. -->","yoast_head_json":{"title":"BUN | Bunc\u0103r de beton - XSTONE","description":"Concrete Bunker, o textur\u0103 arhitectural\u0103 din beton cu caracter brut, relief organic \u0219i prezen\u021b\u0103 puternic\u0103 a materialului pentru design contemporan","robots":{"index":"index","follow":"follow","max-snippet":"max-snippet:-1","max-image-preview":"max-image-preview:large","max-video-preview":"max-video-preview:-1"},"canonical":"https:\/\/xstone-dev.10web.cloud\/ro\/product\/bun-concrete-bunker\/","og_locale":"ro_RO","og_type":"article","og_title":"BUN | Bunc\u0103r de beton","og_description":"Concrete Bunker, o textur\u0103 arhitectural\u0103 din beton cu caracter brut, relief organic \u0219i prezen\u021b\u0103 puternic\u0103 a materialului pentru design contemporan","og_url":"https:\/\/xstone-dev.10web.cloud\/ro\/product\/bun-concrete-bunker\/","og_site_name":"XSTONE","article_publisher":"https:\/\/www.facebook.com\/Xstonesurfaces1\/","og_image":[{"width":1920,"height":1920,"url":"https:\/\/xstone-dev.10web.cloud\/wp-content\/uploads\/2026\/01\/XStone-Texture-BUN.webp","type":"image\/webp"}],"twitter_card":"summary_large_image","schema":{"@context":"https:\/\/schema.org","@graph":[{"@type":"WebPage","@id":"https:\/\/xstone-dev.10web.cloud\/ro\/product\/bun-concrete-bunker\/","url":"https:\/\/xstone-dev.10web.cloud\/ro\/product\/bun-concrete-bunker\/","name":"BUN | Bunc\u0103r de beton - XSTONE","isPartOf":{"@id":"https:\/\/xstone-dev.10web.cloud\/ro\/#website"},"primaryImageOfPage":{"@id":"https:\/\/xstone-dev.10web.cloud\/ro\/product\/bun-concrete-bunker\/#primaryimage"},"image":{"@id":"https:\/\/xstone-dev.10web.cloud\/ro\/product\/bun-concrete-bunker\/#primaryimage"},"thumbnailUrl":"https:\/\/xstone-dev.10web.cloud\/wp-content\/uploads\/2026\/01\/XStone-Texture-BUN.webp","datePublished":"2026-01-13T17:29:01+00:00","description":"Concrete Bunker, o textur\u0103 arhitectural\u0103 din beton cu caracter brut, relief organic \u0219i prezen\u021b\u0103 puternic\u0103 a materialului pentru design contemporan","breadcrumb":{"@id":"https:\/\/xstone-dev.10web.cloud\/ro\/product\/bun-concrete-bunker\/#breadcrumb"},"inLanguage":"ro-RO","potentialAction":[{"@type":"ReadAction","target":["https:\/\/xstone-dev.10web.cloud\/ro\/product\/bun-concrete-bunker\/"]}]},{"@type":"ImageObject","inLanguage":"ro-RO","@id":"https:\/\/xstone-dev.10web.cloud\/ro\/product\/bun-concrete-bunker\/#primaryimage","url":"https:\/\/xstone-dev.10web.cloud\/wp-content\/uploads\/2026\/01\/XStone-Texture-BUN.webp","contentUrl":"https:\/\/xstone-dev.10web.cloud\/wp-content\/uploads\/2026\/01\/XStone-Texture-BUN.webp","width":1920,"height":1920,"caption":"XStone - Texture - Concrete Bunker"},{"@type":"BreadcrumbList","@id":"https:\/\/xstone-dev.10web.cloud\/ro\/product\/bun-concrete-bunker\/#breadcrumb","itemListElement":[{"@type":"ListItem","position":1,"name":"Home","item":"https:\/\/xstone-dev.10web.cloud\/ro\/"},{"@type":"ListItem","position":2,"name":"Produse","item":"https:\/\/xstone-dev.10web.cloud\/ro\/shop\/"},{"@type":"ListItem","position":3,"name":"BUN | Bunc\u0103r de beton"}]},{"@type":"WebSite","@id":"https:\/\/xstone-dev.10web.cloud\/ro\/#website","url":"https:\/\/xstone-dev.10web.cloud\/ro\/","name":"XSTONE","description":"Frumuse\u021be mineral\u0103 autentic\u0103 \u0219i nelimitat\u0103, nelegat\u0103 de gravita\u021bie","potentialAction":[{"@type":"SearchAction","target":{"@type":"EntryPoint","urlTemplate":"https:\/\/xstone-dev.10web.cloud\/ro\/?s={search_term_string}"},"query-input":{"@type":"PropertyValueSpecification","valueRequired":true,"valueName":"search_term_string"}}],"inLanguage":"ro-RO"}]}},"spectra_custom_meta":{"_last_translation_edit_mode":["translation-editor"],"_wcml_average_rating":[null],"_wcml_review_count":[null],"_wcml_rating_count":[null],"_yoast_wpseo_primary_product_cat":["317"],"_backorders":["no"],"_download_limit":["-1"],"_download_expiry":["-1"],"_downloadable":["no"],"_manage_stock":["no"],"_sku":["BUN"],"_stock_status":["instock"],"_sold_individually":["no"],"_tax_class":[""],"_tax_status":["taxable"],"_virtual":["no"],"total_sales":["0"],"_wpml_media_duplicate":["1"],"_wpml_media_featured":["1"],"stick-header-meta":["default"],"site-sidebar-layout":["default"],"theme-transparent-header-meta":["default"],"ast-site-content-layout":["default"],"site-content-style":["default"],"site-sidebar-style":["default"],"_yoast_wpseo_metadesc":["Concrete Bunker, o textur\u0103 arhitectural\u0103 din beton cu caracter brut, relief organic \u0219i prezen\u021b\u0103 puternic\u0103 a materialului pentru design contemporan"],"_yoast_wpseo_focuskw":["textur\u0103 arhitectural\u0103 din beton"],"_product_image_gallery":[""],"_thumbnail_id":["24024"],"_product_attributes":["a:3:{s:12:\"pa_thickness\";a:6:{s:4:\"name\";s:12:\"pa_thickness\";s:5:\"value\";s:0:\"\";s:8:\"position\";i:0;s:10:\"is_visible\";i:1;s:12:\"is_variation\";i:0;s:11:\"is_taxonomy\";i:1;}s:14:\"pa_composition\";a:6:{s:4:\"name\";s:14:\"pa_composition\";s:5:\"value\";s:0:\"\";s:8:\"position\";i:1;s:10:\"is_visible\";i:1;s:12:\"is_variation\";i:0;s:11:\"is_taxonomy\";i:1;}s:14:\"pa_fire-rating\";a:6:{s:4:\"name\";s:14:\"pa_fire-rating\";s:5:\"value\";s:0:\"\";s:8:\"position\";i:2;s:10:\"is_visible\";i:1;s:12:\"is_variation\";i:0;s:11:\"is_taxonomy\";i:1;}}"],"_wpml_word_count":["102"],"two_optimized_date":["1776481544"],"woolentor_views_count_product":["2"],"_uag_css_file_name":["uag-css-24022.css"],"_uag_js_file_name":["uag-js-24022.js"],"tp_widgets":["a:2:{s:7:\"widgets\";a:0:{}s:9:\"update_at\";s:10:\"1776405650\";}"],"_elementor_edit_mode":["builder"],"_selectproduct_layout":["16389"],"_wc_rating_count":[""],"_wc_review_count":[""],"_wc_average_rating":[0]},"uagb_featured_image_src":{"full":["https:\/\/xstone-dev.10web.cloud\/wp-content\/uploads\/2026\/01\/XStone-Texture-BUN.webp",1920,1920,false],"thumbnail":["https:\/\/xstone-dev.10web.cloud\/wp-content\/uploads\/2026\/01\/XStone-Texture-BUN-150x150.webp",150,150,true],"medium":["https:\/\/xstone-dev.10web.cloud\/wp-content\/uploads\/2026\/01\/XStone-Texture-BUN-300x300.webp",300,300,true],"medium_large":["https:\/\/xstone-dev.10web.cloud\/wp-content\/uploads\/2026\/01\/XStone-Texture-BUN-768x768.webp",768,768,true],"large":["https:\/\/xstone-dev.10web.cloud\/wp-content\/uploads\/2026\/01\/XStone-Texture-BUN-1024x1024.webp",1024,1024,true],"1536x1536":["https:\/\/xstone-dev.10web.cloud\/wp-content\/uploads\/2026\/01\/XStone-Texture-BUN-1536x1536.webp",1536,1536,true],"2048x2048":["https:\/\/xstone-dev.10web.cloud\/wp-content\/uploads\/2026\/01\/XStone-Texture-BUN.webp",1920,1920,false],"tp-image-grid":["https:\/\/xstone-dev.10web.cloud\/wp-content\/uploads\/2026\/01\/XStone-Texture-BUN-700x700.webp",700,700,true],"tenweb_optimizer_mobile":["https:\/\/xstone-dev.10web.cloud\/wp-content\/uploads\/2026\/01\/XStone-Texture-BUN-600x600.webp",600,600,true],"tenweb_optimizer_tablet":["https:\/\/xstone-dev.10web.cloud\/wp-content\/uploads\/2026\/01\/XStone-Texture-BUN-768x768.webp",768,768,true],"woocommerce_thumbnail":["https:\/\/xstone-dev.10web.cloud\/wp-content\/uploads\/2026\/01\/XStone-Texture-BUN-300x300.webp",300,300,true],"woocommerce_single":["https:\/\/xstone-dev.10web.cloud\/wp-content\/uploads\/2026\/01\/XStone-Texture-BUN-600x600.webp",600,600,true],"woocommerce_gallery_thumbnail":["https:\/\/xstone-dev.10web.cloud\/wp-content\/uploads\/2026\/01\/XStone-Texture-BUN-100x100.webp",100,100,true]},"uagb_author_info":{"display_name":"laurent.gomez@xstone.group","author_link":"https:\/\/xstone-dev.10web.cloud\/ro\/author\/"},"uagb_comment_info":0,"uagb_excerpt":"Concrete Bunker este o suprafa\u021b\u0103 \u00eendr\u0103znea\u021b\u0103, expresiv\u0103, care capteaz\u0103 sufletul brut al materialului turnat, marcat de goluri subtile, granule minerale \u0219i urme organice ale form\u0103rii sale. Microrelieful s\u0103u neregulat \u0219i imperfec\u021biunile sale stratificate creeaz\u0103 un sentiment de profunzime \u0219i autenticitate, evoc\u00e2nd rezisten\u021ba, permanen\u021ba \u0219i onestitatea arhitectural\u0103, sim\u021bindu-se \u00een acela\u0219i timp tactil, rafinat \u0219i proiectat inten\u021bionat,&hellip;","_links":{"self":[{"href":"https:\/\/xstone-dev.10web.cloud\/ro\/wp-json\/wp\/v2\/product\/24022","targetHints":{"allow":["GET"]}}],"collection":[{"href":"https:\/\/xstone-dev.10web.cloud\/ro\/wp-json\/wp\/v2\/product"}],"about":[{"href":"https:\/\/xstone-dev.10web.cloud\/ro\/wp-json\/wp\/v2\/types\/product"}],"replies":[{"embeddable":true,"href":"https:\/\/xstone-dev.10web.cloud\/ro\/wp-json\/wp\/v2\/comments?post=24022"}],"wp:featuredmedia":[{"embeddable":true,"href":"https:\/\/xstone-dev.10web.cloud\/ro\/wp-json\/wp\/v2\/media\/24024"}],"wp:attachment":[{"href":"https:\/\/xstone-dev.10web.cloud\/ro\/wp-json\/wp\/v2\/media?parent=24022"}],"wp:term":[{"taxonomy":"product_brand","embeddable":true,"href":"https:\/\/xstone-dev.10web.cloud\/ro\/wp-json\/wp\/v2\/product_brand?post=24022"},{"taxonomy":"product_cat","embeddable":true,"href":"https:\/\/xstone-dev.10web.cloud\/ro\/wp-json\/wp\/v2\/product_cat?post=24022"},{"taxonomy":"product_tag","embeddable":true,"href":"https:\/\/xstone-dev.10web.cloud\/ro\/wp-json\/wp\/v2\/product_tag?post=24022"}],"curies":[{"name":"wp","href":"https:\/\/api.w.org\/{rel}","templated":true}]}}