{"id":23481,"date":"2026-01-15T11:11:17","date_gmt":"2026-01-15T11:11:17","guid":{"rendered":"https:\/\/xstone-dev.10web.cloud\/product\/sla-slate\/"},"modified":"2026-01-15T11:11:17","modified_gmt":"2026-01-15T11:11:17","slug":"sla-slate","status":"publish","type":"product","link":"https:\/\/xstone-dev.10web.cloud\/ro\/product\/sla-slate\/","title":{"rendered":"SLA | Slate"},"content":{"rendered":"<p>Ardezia este o suprafa\u021b\u0103 mineral\u0103 stratificat\u0103, marcat\u0103 de stria\u021bii naturale \u0219i planuri u\u0219or fracturate care creeaz\u0103 un sentiment de profunzime, mi\u0219care \u0219i timp geologic. Liniile sale fluide \u0219i neregulile subtile evoc\u0103 for\u021ba lini\u0219tit\u0103 a pietrei modelate de elemente, conferind texturii o prezen\u021b\u0103 solid\u0103, organic\u0103, care aduce autenticitate, calm \u0219i bog\u0103\u021bie arhitectural\u0103 \u00een orice spa\u021biu. <\/p>\n<p>&nbsp;<\/p>\n","protected":false},"excerpt":{"rendered":"<p>Ardezia este o suprafa\u021b\u0103 mineral\u0103 stratificat\u0103, marcat\u0103 de stria\u021bii naturale \u0219i planuri u\u0219or fracturate care creeaz\u0103 un sentiment de profunzime, mi\u0219care \u0219i timp geologic. Liniile sale fluide \u0219i neregulile subtile evoc\u0103 for\u021ba lini\u0219tit\u0103 a pietrei modelate de elemente, conferind texturii o prezen\u021b\u0103 solid\u0103, organic\u0103, care aduce autenticitate, calm \u0219i bog\u0103\u021bie arhitectural\u0103 \u00een orice spa\u021biu. &nbsp;<\/p>\n","protected":false},"featured_media":23484,"comment_status":"open","ping_status":"closed","template":"","meta":{"_acf_changed":false,"_uag_custom_page_level_css":"","site-sidebar-layout":"default","site-content-layout":"","ast-site-content-layout":"default","site-content-style":"default","site-sidebar-style":"default","ast-global-header-display":"","ast-banner-title-visibility":"","ast-main-header-display":"","ast-hfb-above-header-display":"","ast-hfb-below-header-display":"","ast-hfb-mobile-header-display":"","site-post-title":"","ast-breadcrumbs-content":"","ast-featured-img":"","footer-sml-layout":"","theme-transparent-header-meta":"default","adv-header-id-meta":"","stick-header-meta":"default","header-above-stick-meta":"","header-main-stick-meta":"","header-below-stick-meta":"","astra-migrate-meta-layouts":"default","ast-page-background-enabled":"default","ast-page-background-meta":{"desktop":{"background-color":"var(--ast-global-color-4)","background-image":"","background-repeat":"repeat","background-position":"center center","background-size":"auto","background-attachment":"scroll","background-type":"","background-media":"","overlay-type":"","overlay-color":"","overlay-opacity":"","overlay-gradient":""},"tablet":{"background-color":"","background-image":"","background-repeat":"repeat","background-position":"center center","background-size":"auto","background-attachment":"scroll","background-type":"","background-media":"","overlay-type":"","overlay-color":"","overlay-opacity":"","overlay-gradient":""},"mobile":{"background-color":"","background-image":"","background-repeat":"repeat","background-position":"center center","background-size":"auto","background-attachment":"scroll","background-type":"","background-media":"","overlay-type":"","overlay-color":"","overlay-opacity":"","overlay-gradient":""}},"ast-content-background-meta":{"desktop":{"background-color":"var(--ast-global-color-5)","background-image":"","background-repeat":"repeat","background-position":"center center","background-size":"auto","background-attachment":"scroll","background-type":"","background-media":"","overlay-type":"","overlay-color":"","overlay-opacity":"","overlay-gradient":""},"tablet":{"background-color":"var(--ast-global-color-5)","background-image":"","background-repeat":"repeat","background-position":"center center","background-size":"auto","background-attachment":"scroll","background-type":"","background-media":"","overlay-type":"","overlay-color":"","overlay-opacity":"","overlay-gradient":""},"mobile":{"background-color":"var(--ast-global-color-5)","background-image":"","background-repeat":"repeat","background-position":"center center","background-size":"auto","background-attachment":"scroll","background-type":"","background-media":"","overlay-type":"","overlay-color":"","overlay-opacity":"","overlay-gradient":""}}},"product_brand":[],"product_cat":[6126,3589],"product_tag":[6164,6161,6162,6163,6160,6158,6166],"class_list":{"0":"post-23481","1":"product","2":"type-product","3":"status-publish","4":"has-post-thumbnail","6":"product_cat-stone","7":"product_cat-texture","8":"product_tag-modern-stone-design","9":"product_tag-layered-stone-pattern","10":"product_tag-textured-stone-panel","11":"product_tag-organic-wall-surface","12":"product_tag-natural-stone-surface","13":"product_tag-slate-texture","14":"product_tag-comp-texture-16918","15":"desktop-align-left","16":"tablet-align-left","17":"mobile-align-left","19":"first","20":"instock","21":"shipping-taxable","22":"product-type-simple"},"acf":[],"yoast_head":"<!-- This site is optimized with the Yoast SEO Premium plugin v27.4 (Yoast SEO v27.4) - https:\/\/yoast.com\/product\/yoast-seo-premium-wordpress\/ -->\n<title>SLA | Slate - XSTONE<\/title>\n<meta name=\"description\" content=\"Descoperi\u021bi Slate, o textur\u0103 de piatr\u0103 natural\u0103 cu stria\u021bii stratificate \u0219i ad\u00e2ncime organic\u0103, perfect\u0103 pentru aplica\u021bii arhitecturale \u0219i de design interior\" \/>\n<meta name=\"robots\" content=\"index, follow, max-snippet:-1, max-image-preview:large, max-video-preview:-1\" \/>\n<link rel=\"canonical\" href=\"https:\/\/xstone-dev.10web.cloud\/ro\/product\/sla-slate\/\" \/>\n<meta property=\"og:locale\" content=\"ro_RO\" \/>\n<meta property=\"og:type\" content=\"article\" \/>\n<meta property=\"og:title\" content=\"SLA | Slate\" \/>\n<meta property=\"og:description\" content=\"Descoperi\u021bi Slate, o textur\u0103 de piatr\u0103 natural\u0103 cu stria\u021bii stratificate \u0219i ad\u00e2ncime organic\u0103, perfect\u0103 pentru aplica\u021bii arhitecturale \u0219i de design interior\" \/>\n<meta property=\"og:url\" content=\"https:\/\/xstone-dev.10web.cloud\/ro\/product\/sla-slate\/\" \/>\n<meta property=\"og:site_name\" content=\"XSTONE\" \/>\n<meta property=\"article:publisher\" content=\"https:\/\/www.facebook.com\/Xstonesurfaces1\/\" \/>\n<meta property=\"og:image\" content=\"https:\/\/xstone-dev.10web.cloud\/wp-content\/uploads\/2026\/01\/XStone-Texture-SLA.webp\" \/>\n\t<meta property=\"og:image:width\" content=\"2560\" \/>\n\t<meta property=\"og:image:height\" content=\"1920\" \/>\n\t<meta property=\"og:image:type\" content=\"image\/webp\" \/>\n<meta name=\"twitter:card\" content=\"summary_large_image\" \/>\n<script type=\"application\/ld+json\" class=\"yoast-schema-graph\">{\"@context\":\"https:\\\/\\\/schema.org\",\"@graph\":[{\"@type\":\"WebPage\",\"@id\":\"https:\\\/\\\/xstone-dev.10web.cloud\\\/ro\\\/product\\\/sla-slate\\\/\",\"url\":\"https:\\\/\\\/xstone-dev.10web.cloud\\\/ro\\\/product\\\/sla-slate\\\/\",\"name\":\"SLA | Slate - XSTONE\",\"isPartOf\":{\"@id\":\"https:\\\/\\\/xstone-dev.10web.cloud\\\/ro\\\/#website\"},\"primaryImageOfPage\":{\"@id\":\"https:\\\/\\\/xstone-dev.10web.cloud\\\/ro\\\/product\\\/sla-slate\\\/#primaryimage\"},\"image\":{\"@id\":\"https:\\\/\\\/xstone-dev.10web.cloud\\\/ro\\\/product\\\/sla-slate\\\/#primaryimage\"},\"thumbnailUrl\":\"https:\\\/\\\/xstone-dev.10web.cloud\\\/wp-content\\\/uploads\\\/2026\\\/01\\\/XStone-Texture-SLA.webp\",\"datePublished\":\"2026-01-15T11:11:17+00:00\",\"description\":\"Descoperi\u021bi Slate, o textur\u0103 de piatr\u0103 natural\u0103 cu stria\u021bii stratificate \u0219i ad\u00e2ncime organic\u0103, perfect\u0103 pentru aplica\u021bii arhitecturale \u0219i de design interior\",\"breadcrumb\":{\"@id\":\"https:\\\/\\\/xstone-dev.10web.cloud\\\/ro\\\/product\\\/sla-slate\\\/#breadcrumb\"},\"inLanguage\":\"ro-RO\",\"potentialAction\":[{\"@type\":\"ReadAction\",\"target\":[\"https:\\\/\\\/xstone-dev.10web.cloud\\\/ro\\\/product\\\/sla-slate\\\/\"]}]},{\"@type\":\"ImageObject\",\"inLanguage\":\"ro-RO\",\"@id\":\"https:\\\/\\\/xstone-dev.10web.cloud\\\/ro\\\/product\\\/sla-slate\\\/#primaryimage\",\"url\":\"https:\\\/\\\/xstone-dev.10web.cloud\\\/wp-content\\\/uploads\\\/2026\\\/01\\\/XStone-Texture-SLA.webp\",\"contentUrl\":\"https:\\\/\\\/xstone-dev.10web.cloud\\\/wp-content\\\/uploads\\\/2026\\\/01\\\/XStone-Texture-SLA.webp\",\"width\":2560,\"height\":1920,\"caption\":\"XStone -Texture - Slate\"},{\"@type\":\"BreadcrumbList\",\"@id\":\"https:\\\/\\\/xstone-dev.10web.cloud\\\/ro\\\/product\\\/sla-slate\\\/#breadcrumb\",\"itemListElement\":[{\"@type\":\"ListItem\",\"position\":1,\"name\":\"Home\",\"item\":\"https:\\\/\\\/xstone-dev.10web.cloud\\\/ro\\\/\"},{\"@type\":\"ListItem\",\"position\":2,\"name\":\"Produse\",\"item\":\"https:\\\/\\\/xstone-dev.10web.cloud\\\/ro\\\/shop\\\/\"},{\"@type\":\"ListItem\",\"position\":3,\"name\":\"SLA | Slate\"}]},{\"@type\":\"WebSite\",\"@id\":\"https:\\\/\\\/xstone-dev.10web.cloud\\\/ro\\\/#website\",\"url\":\"https:\\\/\\\/xstone-dev.10web.cloud\\\/ro\\\/\",\"name\":\"XSTONE\",\"description\":\"Frumuse\u021be mineral\u0103 autentic\u0103 \u0219i nelimitat\u0103, nelegat\u0103 de gravita\u021bie\",\"potentialAction\":[{\"@type\":\"SearchAction\",\"target\":{\"@type\":\"EntryPoint\",\"urlTemplate\":\"https:\\\/\\\/xstone-dev.10web.cloud\\\/ro\\\/?s={search_term_string}\"},\"query-input\":{\"@type\":\"PropertyValueSpecification\",\"valueRequired\":true,\"valueName\":\"search_term_string\"}}],\"inLanguage\":\"ro-RO\"}]}<\/script>\n<!-- \/ Yoast SEO Premium plugin. -->","yoast_head_json":{"title":"SLA | Slate - XSTONE","description":"Descoperi\u021bi Slate, o textur\u0103 de piatr\u0103 natural\u0103 cu stria\u021bii stratificate \u0219i ad\u00e2ncime organic\u0103, perfect\u0103 pentru aplica\u021bii arhitecturale \u0219i de design interior","robots":{"index":"index","follow":"follow","max-snippet":"max-snippet:-1","max-image-preview":"max-image-preview:large","max-video-preview":"max-video-preview:-1"},"canonical":"https:\/\/xstone-dev.10web.cloud\/ro\/product\/sla-slate\/","og_locale":"ro_RO","og_type":"article","og_title":"SLA | Slate","og_description":"Descoperi\u021bi Slate, o textur\u0103 de piatr\u0103 natural\u0103 cu stria\u021bii stratificate \u0219i ad\u00e2ncime organic\u0103, perfect\u0103 pentru aplica\u021bii arhitecturale \u0219i de design interior","og_url":"https:\/\/xstone-dev.10web.cloud\/ro\/product\/sla-slate\/","og_site_name":"XSTONE","article_publisher":"https:\/\/www.facebook.com\/Xstonesurfaces1\/","og_image":[{"width":2560,"height":1920,"url":"https:\/\/xstone-dev.10web.cloud\/wp-content\/uploads\/2026\/01\/XStone-Texture-SLA.webp","type":"image\/webp"}],"twitter_card":"summary_large_image","schema":{"@context":"https:\/\/schema.org","@graph":[{"@type":"WebPage","@id":"https:\/\/xstone-dev.10web.cloud\/ro\/product\/sla-slate\/","url":"https:\/\/xstone-dev.10web.cloud\/ro\/product\/sla-slate\/","name":"SLA | Slate - XSTONE","isPartOf":{"@id":"https:\/\/xstone-dev.10web.cloud\/ro\/#website"},"primaryImageOfPage":{"@id":"https:\/\/xstone-dev.10web.cloud\/ro\/product\/sla-slate\/#primaryimage"},"image":{"@id":"https:\/\/xstone-dev.10web.cloud\/ro\/product\/sla-slate\/#primaryimage"},"thumbnailUrl":"https:\/\/xstone-dev.10web.cloud\/wp-content\/uploads\/2026\/01\/XStone-Texture-SLA.webp","datePublished":"2026-01-15T11:11:17+00:00","description":"Descoperi\u021bi Slate, o textur\u0103 de piatr\u0103 natural\u0103 cu stria\u021bii stratificate \u0219i ad\u00e2ncime organic\u0103, perfect\u0103 pentru aplica\u021bii arhitecturale \u0219i de design interior","breadcrumb":{"@id":"https:\/\/xstone-dev.10web.cloud\/ro\/product\/sla-slate\/#breadcrumb"},"inLanguage":"ro-RO","potentialAction":[{"@type":"ReadAction","target":["https:\/\/xstone-dev.10web.cloud\/ro\/product\/sla-slate\/"]}]},{"@type":"ImageObject","inLanguage":"ro-RO","@id":"https:\/\/xstone-dev.10web.cloud\/ro\/product\/sla-slate\/#primaryimage","url":"https:\/\/xstone-dev.10web.cloud\/wp-content\/uploads\/2026\/01\/XStone-Texture-SLA.webp","contentUrl":"https:\/\/xstone-dev.10web.cloud\/wp-content\/uploads\/2026\/01\/XStone-Texture-SLA.webp","width":2560,"height":1920,"caption":"XStone -Texture - Slate"},{"@type":"BreadcrumbList","@id":"https:\/\/xstone-dev.10web.cloud\/ro\/product\/sla-slate\/#breadcrumb","itemListElement":[{"@type":"ListItem","position":1,"name":"Home","item":"https:\/\/xstone-dev.10web.cloud\/ro\/"},{"@type":"ListItem","position":2,"name":"Produse","item":"https:\/\/xstone-dev.10web.cloud\/ro\/shop\/"},{"@type":"ListItem","position":3,"name":"SLA | Slate"}]},{"@type":"WebSite","@id":"https:\/\/xstone-dev.10web.cloud\/ro\/#website","url":"https:\/\/xstone-dev.10web.cloud\/ro\/","name":"XSTONE","description":"Frumuse\u021be mineral\u0103 autentic\u0103 \u0219i nelimitat\u0103, nelegat\u0103 de gravita\u021bie","potentialAction":[{"@type":"SearchAction","target":{"@type":"EntryPoint","urlTemplate":"https:\/\/xstone-dev.10web.cloud\/ro\/?s={search_term_string}"},"query-input":{"@type":"PropertyValueSpecification","valueRequired":true,"valueName":"search_term_string"}}],"inLanguage":"ro-RO"}]}},"spectra_custom_meta":{"_last_translation_edit_mode":["translation-editor"],"_wcml_average_rating":[null],"_wcml_review_count":[null],"_wcml_rating_count":[null],"_yoast_wpseo_primary_product_cat":["394"],"_backorders":["no"],"_download_limit":["-1"],"_download_expiry":["-1"],"_downloadable":["no"],"_manage_stock":["no"],"_sku":["SLA"],"_stock_status":["instock"],"_sold_individually":["no"],"_tax_class":[""],"_tax_status":["taxable"],"_virtual":["no"],"total_sales":["0"],"_wpml_media_duplicate":["1"],"_wpml_media_featured":["1"],"stick-header-meta":["default"],"site-sidebar-layout":["default"],"theme-transparent-header-meta":["default"],"ast-site-content-layout":["default"],"site-content-style":["default"],"site-sidebar-style":["default"],"_yoast_wpseo_metadesc":["Descoperi\u021bi Slate, o textur\u0103 de piatr\u0103 natural\u0103 cu stria\u021bii stratificate \u0219i ad\u00e2ncime organic\u0103, perfect\u0103 pentru aplica\u021bii arhitecturale \u0219i de design interior"],"_yoast_wpseo_focuskw":["textura natural\u0103 a pietrei ardezie"],"_product_image_gallery":[""],"_thumbnail_id":["23484"],"_product_attributes":["a:3:{s:12:\"pa_thickness\";a:6:{s:4:\"name\";s:12:\"pa_thickness\";s:5:\"value\";s:0:\"\";s:8:\"position\";i:0;s:10:\"is_visible\";i:1;s:12:\"is_variation\";i:0;s:11:\"is_taxonomy\";i:1;}s:14:\"pa_composition\";a:6:{s:4:\"name\";s:14:\"pa_composition\";s:5:\"value\";s:0:\"\";s:8:\"position\";i:1;s:10:\"is_visible\";i:1;s:12:\"is_variation\";i:0;s:11:\"is_taxonomy\";i:1;}s:14:\"pa_fire-rating\";a:6:{s:4:\"name\";s:14:\"pa_fire-rating\";s:5:\"value\";s:0:\"\";s:8:\"position\";i:2;s:10:\"is_visible\";i:1;s:12:\"is_variation\";i:0;s:11:\"is_taxonomy\";i:1;}}"],"_wpml_word_count":["75"],"two_optimized_date":["1776493688"],"woolentor_views_count_product":["2"],"_uag_css_file_name":["uag-css-23481.css"],"_uag_js_file_name":["uag-js-23481.js"],"tp_widgets":["a:2:{s:7:\"widgets\";a:0:{}s:9:\"update_at\";s:10:\"1776405650\";}"],"_elementor_edit_mode":["builder"],"_selectproduct_layout":["16389"],"_wc_rating_count":[""],"_wc_review_count":[""],"_wc_average_rating":[0]},"uagb_featured_image_src":{"full":["https:\/\/xstone-dev.10web.cloud\/wp-content\/uploads\/2026\/01\/XStone-Texture-SLA.webp",2560,1920,false],"thumbnail":["https:\/\/xstone-dev.10web.cloud\/wp-content\/uploads\/2026\/01\/XStone-Texture-SLA-150x150.webp",150,150,true],"medium":["https:\/\/xstone-dev.10web.cloud\/wp-content\/uploads\/2026\/01\/XStone-Texture-SLA-300x225.webp",300,225,true],"medium_large":["https:\/\/xstone-dev.10web.cloud\/wp-content\/uploads\/2026\/01\/XStone-Texture-SLA-768x576.webp",768,576,true],"large":["https:\/\/xstone-dev.10web.cloud\/wp-content\/uploads\/2026\/01\/XStone-Texture-SLA-1024x768.webp",1024,768,true],"1536x1536":["https:\/\/xstone-dev.10web.cloud\/wp-content\/uploads\/2026\/01\/XStone-Texture-SLA-1536x1152.webp",1536,1152,true],"2048x2048":["https:\/\/xstone-dev.10web.cloud\/wp-content\/uploads\/2026\/01\/XStone-Texture-SLA-2048x1536.webp",2048,1536,true],"tp-image-grid":["https:\/\/xstone-dev.10web.cloud\/wp-content\/uploads\/2026\/01\/XStone-Texture-SLA-700x700.webp",700,700,true],"tenweb_optimizer_mobile":["https:\/\/xstone-dev.10web.cloud\/wp-content\/uploads\/2026\/01\/XStone-Texture-SLA-600x450.webp",600,450,true],"tenweb_optimizer_tablet":["https:\/\/xstone-dev.10web.cloud\/wp-content\/uploads\/2026\/01\/XStone-Texture-SLA-768x576.webp",768,576,true],"woocommerce_thumbnail":["https:\/\/xstone-dev.10web.cloud\/wp-content\/uploads\/2026\/01\/XStone-Texture-SLA-300x300.webp",300,300,true],"woocommerce_single":["https:\/\/xstone-dev.10web.cloud\/wp-content\/uploads\/2026\/01\/XStone-Texture-SLA-600x450.webp",600,450,true],"woocommerce_gallery_thumbnail":["https:\/\/xstone-dev.10web.cloud\/wp-content\/uploads\/2026\/01\/XStone-Texture-SLA-100x100.webp",100,100,true]},"uagb_author_info":{"display_name":"laurent.gomez@xstone.group","author_link":"https:\/\/xstone-dev.10web.cloud\/ro\/author\/"},"uagb_comment_info":0,"uagb_excerpt":"Ardezia este o suprafa\u021b\u0103 mineral\u0103 stratificat\u0103, marcat\u0103 de stria\u021bii naturale \u0219i planuri u\u0219or fracturate care creeaz\u0103 un sentiment de profunzime, mi\u0219care \u0219i timp geologic. Liniile sale fluide \u0219i neregulile subtile evoc\u0103 for\u021ba lini\u0219tit\u0103 a pietrei modelate de elemente, conferind texturii o prezen\u021b\u0103 solid\u0103, organic\u0103, care aduce autenticitate, calm \u0219i bog\u0103\u021bie arhitectural\u0103 \u00een orice spa\u021biu. &nbsp;","_links":{"self":[{"href":"https:\/\/xstone-dev.10web.cloud\/ro\/wp-json\/wp\/v2\/product\/23481","targetHints":{"allow":["GET"]}}],"collection":[{"href":"https:\/\/xstone-dev.10web.cloud\/ro\/wp-json\/wp\/v2\/product"}],"about":[{"href":"https:\/\/xstone-dev.10web.cloud\/ro\/wp-json\/wp\/v2\/types\/product"}],"replies":[{"embeddable":true,"href":"https:\/\/xstone-dev.10web.cloud\/ro\/wp-json\/wp\/v2\/comments?post=23481"}],"wp:featuredmedia":[{"embeddable":true,"href":"https:\/\/xstone-dev.10web.cloud\/ro\/wp-json\/wp\/v2\/media\/23484"}],"wp:attachment":[{"href":"https:\/\/xstone-dev.10web.cloud\/ro\/wp-json\/wp\/v2\/media?parent=23481"}],"wp:term":[{"taxonomy":"product_brand","embeddable":true,"href":"https:\/\/xstone-dev.10web.cloud\/ro\/wp-json\/wp\/v2\/product_brand?post=23481"},{"taxonomy":"product_cat","embeddable":true,"href":"https:\/\/xstone-dev.10web.cloud\/ro\/wp-json\/wp\/v2\/product_cat?post=23481"},{"taxonomy":"product_tag","embeddable":true,"href":"https:\/\/xstone-dev.10web.cloud\/ro\/wp-json\/wp\/v2\/product_tag?post=23481"}],"curies":[{"name":"wp","href":"https:\/\/api.w.org\/{rel}","templated":true}]}}