{"id":21491,"date":"2026-02-11T10:47:06","date_gmt":"2026-02-11T10:47:06","guid":{"rendered":"https:\/\/xstone-dev.10web.cloud\/product\/01086-bej-perlat\/"},"modified":"2026-02-11T10:47:06","modified_gmt":"2026-02-11T10:47:06","slug":"01086-pearl-beige","status":"publish","type":"product","link":"https:\/\/xstone-dev.10web.cloud\/ro\/product\/01086-pearl-beige\/","title":{"rendered":"01086 | Bej perlat"},"content":{"rendered":"<p>Un bej perlat luminos infuzat cu c\u0103ldur\u0103 aurie moale; acest ton capteaz\u0103 elegan\u021ba natural\u0103 a calcarului \u00eensorit. Suprafa\u021ba sa texturat\u0103 dezv\u0103luie varia\u021bii minerale delicate \u0219i accente p\u0103m\u00e2ntii subtile, cre\u00e2nd profunzime \u0219i caracter, men\u021bin\u00e2nd \u00een acela\u0219i timp o prezen\u021b\u0103 senin\u0103, echilibrat\u0103. Culoarea radiaz\u0103 sofisticare lini\u0219tit\u0103, nici prea cald\u0103, nici prea rece, ceea ce o face o baz\u0103 ideal\u0103 pentru spa\u021bii arhitecturale rafinate. Ea evoc\u0103 fa\u021badele mediteraneene, pere\u021bii din ipsos natural \u0219i finisajele minerale atemporale, aduc\u00e2nd autenticitate, textur\u0103 \u0219i lux discret \u00een interioarele contemporane.   <\/p>\n","protected":false},"excerpt":{"rendered":"<p>Un bej perlat luminos infuzat cu c\u0103ldur\u0103 aurie moale; acest ton capteaz\u0103 elegan\u021ba natural\u0103 a calcarului \u00eensorit. Suprafa\u021ba sa texturat\u0103 dezv\u0103luie varia\u021bii minerale delicate \u0219i accente p\u0103m\u00e2ntii subtile, cre\u00e2nd profunzime \u0219i caracter, men\u021bin\u00e2nd \u00een acela\u0219i timp o prezen\u021b\u0103 senin\u0103, echilibrat\u0103. Culoarea radiaz\u0103 sofisticare lini\u0219tit\u0103, nici prea cald\u0103, nici prea rece, ceea ce o face o [&hellip;]<\/p>\n","protected":false},"featured_media":21493,"comment_status":"open","ping_status":"closed","template":"","meta":{"_acf_changed":false,"_uag_custom_page_level_css":"","site-sidebar-layout":"default","site-content-layout":"","ast-site-content-layout":"default","site-content-style":"default","site-sidebar-style":"default","ast-global-header-display":"","ast-banner-title-visibility":"","ast-main-header-display":"","ast-hfb-above-header-display":"","ast-hfb-below-header-display":"","ast-hfb-mobile-header-display":"","site-post-title":"","ast-breadcrumbs-content":"","ast-featured-img":"","footer-sml-layout":"","theme-transparent-header-meta":"default","adv-header-id-meta":"","stick-header-meta":"default","header-above-stick-meta":"","header-main-stick-meta":"","header-below-stick-meta":"","astra-migrate-meta-layouts":"default","ast-page-background-enabled":"default","ast-page-background-meta":{"desktop":{"background-color":"var(--ast-global-color-4)","background-image":"","background-repeat":"repeat","background-position":"center center","background-size":"auto","background-attachment":"scroll","background-type":"","background-media":"","overlay-type":"","overlay-color":"","overlay-opacity":"","overlay-gradient":""},"tablet":{"background-color":"","background-image":"","background-repeat":"repeat","background-position":"center center","background-size":"auto","background-attachment":"scroll","background-type":"","background-media":"","overlay-type":"","overlay-color":"","overlay-opacity":"","overlay-gradient":""},"mobile":{"background-color":"","background-image":"","background-repeat":"repeat","background-position":"center center","background-size":"auto","background-attachment":"scroll","background-type":"","background-media":"","overlay-type":"","overlay-color":"","overlay-opacity":"","overlay-gradient":""}},"ast-content-background-meta":{"desktop":{"background-color":"var(--ast-global-color-5)","background-image":"","background-repeat":"repeat","background-position":"center center","background-size":"auto","background-attachment":"scroll","background-type":"","background-media":"","overlay-type":"","overlay-color":"","overlay-opacity":"","overlay-gradient":""},"tablet":{"background-color":"var(--ast-global-color-5)","background-image":"","background-repeat":"repeat","background-position":"center center","background-size":"auto","background-attachment":"scroll","background-type":"","background-media":"","overlay-type":"","overlay-color":"","overlay-opacity":"","overlay-gradient":""},"mobile":{"background-color":"var(--ast-global-color-5)","background-image":"","background-repeat":"repeat","background-position":"center center","background-size":"auto","background-attachment":"scroll","background-type":"","background-media":"","overlay-type":"","overlay-color":"","overlay-opacity":"","overlay-gradient":""}}},"product_brand":[],"product_cat":[2389,2584],"product_tag":[2597,2600,2599,2592,2590,2586,2594,2598,2588,2499,2596],"class_list":{"0":"post-21491","1":"product","2":"type-product","3":"status-publish","4":"has-post-thumbnail","6":"product_cat-color","7":"product_cat-yellow","8":"product_tag-mediterranean-plaster-look","9":"product_tag-comp-color-17744","10":"product_tag-contemporary-neutral-design","11":"product_tag-warm-neutral-finish","12":"product_tag-limestone-effect-wall","13":"product_tag-pearl-beige-stone","14":"product_tag-mineral-wall-cladding","15":"product_tag-elegant-interior-surface","16":"product_tag-textured-beige-surface","17":"product_tag-natural-stone-texture","18":"product_tag-architectural-beige-tone","19":"desktop-align-left","20":"tablet-align-left","21":"mobile-align-left","23":"first","24":"instock","25":"shipping-taxable","26":"product-type-simple"},"acf":[],"yoast_head":"<!-- This site is optimized with the Yoast SEO Premium plugin v27.4 (Yoast SEO v27.4) - https:\/\/yoast.com\/product\/yoast-seo-premium-wordpress\/ -->\n<title>01086 | Bej perlat - XSTONE<\/title>\n<meta name=\"description\" content=\"Explora\u021bi o suprafa\u021b\u0103 de piatr\u0103 cu textur\u0103 bej perlat, cu nuan\u021be minerale calde \u0219i profunzime natural\u0103, perfect\u0103 pentru interioarele elegante care caut\u0103 un caracter arhitectural atemporal.\" \/>\n<meta name=\"robots\" content=\"index, follow, max-snippet:-1, max-image-preview:large, max-video-preview:-1\" \/>\n<link rel=\"canonical\" href=\"https:\/\/xstone-dev.10web.cloud\/ro\/product\/01086-pearl-beige\/\" \/>\n<meta property=\"og:locale\" content=\"ro_RO\" \/>\n<meta property=\"og:type\" content=\"article\" \/>\n<meta property=\"og:title\" content=\"01086 | Bej perlat\" \/>\n<meta property=\"og:description\" content=\"Explora\u021bi o suprafa\u021b\u0103 de piatr\u0103 cu textur\u0103 bej perlat, cu nuan\u021be minerale calde \u0219i profunzime natural\u0103, perfect\u0103 pentru interioarele elegante care caut\u0103 un caracter arhitectural atemporal.\" \/>\n<meta property=\"og:url\" content=\"https:\/\/xstone-dev.10web.cloud\/ro\/product\/01086-pearl-beige\/\" \/>\n<meta property=\"og:site_name\" content=\"XSTONE\" \/>\n<meta property=\"article:publisher\" content=\"https:\/\/www.facebook.com\/Xstonesurfaces1\/\" \/>\n<meta property=\"og:image\" content=\"https:\/\/xstone-dev.10web.cloud\/wp-content\/uploads\/2026\/02\/Xstone-Color-01086.webp\" \/>\n\t<meta property=\"og:image:width\" content=\"1920\" \/>\n\t<meta property=\"og:image:height\" content=\"1920\" \/>\n\t<meta property=\"og:image:type\" content=\"image\/webp\" \/>\n<meta name=\"twitter:card\" content=\"summary_large_image\" \/>\n<script type=\"application\/ld+json\" class=\"yoast-schema-graph\">{\"@context\":\"https:\\\/\\\/schema.org\",\"@graph\":[{\"@type\":\"WebPage\",\"@id\":\"https:\\\/\\\/xstone-dev.10web.cloud\\\/ro\\\/product\\\/01086-pearl-beige\\\/\",\"url\":\"https:\\\/\\\/xstone-dev.10web.cloud\\\/ro\\\/product\\\/01086-pearl-beige\\\/\",\"name\":\"01086 | Bej perlat - XSTONE\",\"isPartOf\":{\"@id\":\"https:\\\/\\\/xstone-dev.10web.cloud\\\/ro\\\/#website\"},\"primaryImageOfPage\":{\"@id\":\"https:\\\/\\\/xstone-dev.10web.cloud\\\/ro\\\/product\\\/01086-pearl-beige\\\/#primaryimage\"},\"image\":{\"@id\":\"https:\\\/\\\/xstone-dev.10web.cloud\\\/ro\\\/product\\\/01086-pearl-beige\\\/#primaryimage\"},\"thumbnailUrl\":\"https:\\\/\\\/xstone-dev.10web.cloud\\\/wp-content\\\/uploads\\\/2026\\\/02\\\/Xstone-Color-01086.webp\",\"datePublished\":\"2026-02-11T10:47:06+00:00\",\"description\":\"Explora\u021bi o suprafa\u021b\u0103 de piatr\u0103 cu textur\u0103 bej perlat, cu nuan\u021be minerale calde \u0219i profunzime natural\u0103, perfect\u0103 pentru interioarele elegante care caut\u0103 un caracter arhitectural atemporal.\",\"breadcrumb\":{\"@id\":\"https:\\\/\\\/xstone-dev.10web.cloud\\\/ro\\\/product\\\/01086-pearl-beige\\\/#breadcrumb\"},\"inLanguage\":\"ro-RO\",\"potentialAction\":[{\"@type\":\"ReadAction\",\"target\":[\"https:\\\/\\\/xstone-dev.10web.cloud\\\/ro\\\/product\\\/01086-pearl-beige\\\/\"]}]},{\"@type\":\"ImageObject\",\"inLanguage\":\"ro-RO\",\"@id\":\"https:\\\/\\\/xstone-dev.10web.cloud\\\/ro\\\/product\\\/01086-pearl-beige\\\/#primaryimage\",\"url\":\"https:\\\/\\\/xstone-dev.10web.cloud\\\/wp-content\\\/uploads\\\/2026\\\/02\\\/Xstone-Color-01086.webp\",\"contentUrl\":\"https:\\\/\\\/xstone-dev.10web.cloud\\\/wp-content\\\/uploads\\\/2026\\\/02\\\/Xstone-Color-01086.webp\",\"width\":1920,\"height\":1920,\"caption\":\"Xstone-Color- Pearl Beige\"},{\"@type\":\"BreadcrumbList\",\"@id\":\"https:\\\/\\\/xstone-dev.10web.cloud\\\/ro\\\/product\\\/01086-pearl-beige\\\/#breadcrumb\",\"itemListElement\":[{\"@type\":\"ListItem\",\"position\":1,\"name\":\"Home\",\"item\":\"https:\\\/\\\/xstone-dev.10web.cloud\\\/ro\\\/\"},{\"@type\":\"ListItem\",\"position\":2,\"name\":\"Produse\",\"item\":\"https:\\\/\\\/xstone-dev.10web.cloud\\\/ro\\\/shop\\\/\"},{\"@type\":\"ListItem\",\"position\":3,\"name\":\"01086 | Bej perlat\"}]},{\"@type\":\"WebSite\",\"@id\":\"https:\\\/\\\/xstone-dev.10web.cloud\\\/ro\\\/#website\",\"url\":\"https:\\\/\\\/xstone-dev.10web.cloud\\\/ro\\\/\",\"name\":\"XSTONE\",\"description\":\"Frumuse\u021be mineral\u0103 autentic\u0103 \u0219i nelimitat\u0103, nelegat\u0103 de gravita\u021bie\",\"potentialAction\":[{\"@type\":\"SearchAction\",\"target\":{\"@type\":\"EntryPoint\",\"urlTemplate\":\"https:\\\/\\\/xstone-dev.10web.cloud\\\/ro\\\/?s={search_term_string}\"},\"query-input\":{\"@type\":\"PropertyValueSpecification\",\"valueRequired\":true,\"valueName\":\"search_term_string\"}}],\"inLanguage\":\"ro-RO\"}]}<\/script>\n<!-- \/ Yoast SEO Premium plugin. -->","yoast_head_json":{"title":"01086 | Bej perlat - XSTONE","description":"Explora\u021bi o suprafa\u021b\u0103 de piatr\u0103 cu textur\u0103 bej perlat, cu nuan\u021be minerale calde \u0219i profunzime natural\u0103, perfect\u0103 pentru interioarele elegante care caut\u0103 un caracter arhitectural atemporal.","robots":{"index":"index","follow":"follow","max-snippet":"max-snippet:-1","max-image-preview":"max-image-preview:large","max-video-preview":"max-video-preview:-1"},"canonical":"https:\/\/xstone-dev.10web.cloud\/ro\/product\/01086-pearl-beige\/","og_locale":"ro_RO","og_type":"article","og_title":"01086 | Bej perlat","og_description":"Explora\u021bi o suprafa\u021b\u0103 de piatr\u0103 cu textur\u0103 bej perlat, cu nuan\u021be minerale calde \u0219i profunzime natural\u0103, perfect\u0103 pentru interioarele elegante care caut\u0103 un caracter arhitectural atemporal.","og_url":"https:\/\/xstone-dev.10web.cloud\/ro\/product\/01086-pearl-beige\/","og_site_name":"XSTONE","article_publisher":"https:\/\/www.facebook.com\/Xstonesurfaces1\/","og_image":[{"width":1920,"height":1920,"url":"https:\/\/xstone-dev.10web.cloud\/wp-content\/uploads\/2026\/02\/Xstone-Color-01086.webp","type":"image\/webp"}],"twitter_card":"summary_large_image","schema":{"@context":"https:\/\/schema.org","@graph":[{"@type":"WebPage","@id":"https:\/\/xstone-dev.10web.cloud\/ro\/product\/01086-pearl-beige\/","url":"https:\/\/xstone-dev.10web.cloud\/ro\/product\/01086-pearl-beige\/","name":"01086 | Bej perlat - XSTONE","isPartOf":{"@id":"https:\/\/xstone-dev.10web.cloud\/ro\/#website"},"primaryImageOfPage":{"@id":"https:\/\/xstone-dev.10web.cloud\/ro\/product\/01086-pearl-beige\/#primaryimage"},"image":{"@id":"https:\/\/xstone-dev.10web.cloud\/ro\/product\/01086-pearl-beige\/#primaryimage"},"thumbnailUrl":"https:\/\/xstone-dev.10web.cloud\/wp-content\/uploads\/2026\/02\/Xstone-Color-01086.webp","datePublished":"2026-02-11T10:47:06+00:00","description":"Explora\u021bi o suprafa\u021b\u0103 de piatr\u0103 cu textur\u0103 bej perlat, cu nuan\u021be minerale calde \u0219i profunzime natural\u0103, perfect\u0103 pentru interioarele elegante care caut\u0103 un caracter arhitectural atemporal.","breadcrumb":{"@id":"https:\/\/xstone-dev.10web.cloud\/ro\/product\/01086-pearl-beige\/#breadcrumb"},"inLanguage":"ro-RO","potentialAction":[{"@type":"ReadAction","target":["https:\/\/xstone-dev.10web.cloud\/ro\/product\/01086-pearl-beige\/"]}]},{"@type":"ImageObject","inLanguage":"ro-RO","@id":"https:\/\/xstone-dev.10web.cloud\/ro\/product\/01086-pearl-beige\/#primaryimage","url":"https:\/\/xstone-dev.10web.cloud\/wp-content\/uploads\/2026\/02\/Xstone-Color-01086.webp","contentUrl":"https:\/\/xstone-dev.10web.cloud\/wp-content\/uploads\/2026\/02\/Xstone-Color-01086.webp","width":1920,"height":1920,"caption":"Xstone-Color- Pearl Beige"},{"@type":"BreadcrumbList","@id":"https:\/\/xstone-dev.10web.cloud\/ro\/product\/01086-pearl-beige\/#breadcrumb","itemListElement":[{"@type":"ListItem","position":1,"name":"Home","item":"https:\/\/xstone-dev.10web.cloud\/ro\/"},{"@type":"ListItem","position":2,"name":"Produse","item":"https:\/\/xstone-dev.10web.cloud\/ro\/shop\/"},{"@type":"ListItem","position":3,"name":"01086 | Bej perlat"}]},{"@type":"WebSite","@id":"https:\/\/xstone-dev.10web.cloud\/ro\/#website","url":"https:\/\/xstone-dev.10web.cloud\/ro\/","name":"XSTONE","description":"Frumuse\u021be mineral\u0103 autentic\u0103 \u0219i nelimitat\u0103, nelegat\u0103 de gravita\u021bie","potentialAction":[{"@type":"SearchAction","target":{"@type":"EntryPoint","urlTemplate":"https:\/\/xstone-dev.10web.cloud\/ro\/?s={search_term_string}"},"query-input":{"@type":"PropertyValueSpecification","valueRequired":true,"valueName":"search_term_string"}}],"inLanguage":"ro-RO"}]}},"spectra_custom_meta":{"_last_translation_edit_mode":["translation-editor"],"_wcml_average_rating":[null],"_wcml_review_count":[null],"_wcml_rating_count":[null],"_yoast_wpseo_primary_product_cat":["318"],"_backorders":["no"],"_download_limit":["-1"],"_download_expiry":["-1"],"_downloadable":["no"],"_manage_stock":["no"],"_sku":["01086"],"_stock_status":["instock"],"_sold_individually":["no"],"_tax_class":[""],"_tax_status":["taxable"],"_virtual":["no"],"total_sales":["0"],"_wpml_media_duplicate":["1"],"_wpml_media_featured":["1"],"stick-header-meta":["default"],"site-sidebar-layout":["default"],"theme-transparent-header-meta":["default"],"ast-site-content-layout":["default"],"site-content-style":["default"],"site-sidebar-style":["default"],"_yoast_wpseo_metadesc":["Explora\u021bi o suprafa\u021b\u0103 de piatr\u0103 cu textur\u0103 bej perlat, cu nuan\u021be minerale calde \u0219i profunzime natural\u0103, perfect\u0103 pentru interioarele elegante care caut\u0103 un caracter arhitectural atemporal."],"_yoast_wpseo_focuskw":["Suprafa\u021b\u0103 de piatr\u0103 cu textur\u0103 bej perlat"],"_product_image_gallery":[""],"_thumbnail_id":["21493"],"_product_attributes":["a:3:{s:7:\"pa_tone\";a:6:{s:4:\"name\";s:7:\"pa_tone\";s:5:\"value\";s:0:\"\";s:8:\"position\";i:0;s:10:\"is_visible\";i:1;s:12:\"is_variation\";i:0;s:11:\"is_taxonomy\";i:1;}s:13:\"pa_color-code\";a:6:{s:4:\"name\";s:13:\"pa_color-code\";s:5:\"value\";s:0:\"\";s:8:\"position\";i:1;s:10:\"is_visible\";i:1;s:12:\"is_variation\";i:0;s:11:\"is_taxonomy\";i:1;}s:9:\"pa_finish\";a:6:{s:4:\"name\";s:9:\"pa_finish\";s:5:\"value\";s:0:\"\";s:8:\"position\";i:2;s:10:\"is_visible\";i:1;s:12:\"is_variation\";i:0;s:11:\"is_taxonomy\";i:1;}}"],"_wpml_word_count":["113"],"two_optimized_date":["1776494057"],"woolentor_views_count_product":["3"],"_uag_css_file_name":["uag-css-21491.css"],"_uag_js_file_name":["uag-js-21491.js"],"tp_widgets":["a:2:{s:7:\"widgets\";a:0:{}s:9:\"update_at\";s:10:\"1776405650\";}"],"_elementor_edit_mode":["builder"],"_selectproduct_layout":["16271"],"_wc_rating_count":[""],"_wc_review_count":[""],"_wc_average_rating":[0]},"uagb_featured_image_src":{"full":["https:\/\/xstone-dev.10web.cloud\/wp-content\/uploads\/2026\/02\/Xstone-Color-01086.webp",1920,1920,false],"thumbnail":["https:\/\/xstone-dev.10web.cloud\/wp-content\/uploads\/2026\/02\/Xstone-Color-01086-150x150.webp",150,150,true],"medium":["https:\/\/xstone-dev.10web.cloud\/wp-content\/uploads\/2026\/02\/Xstone-Color-01086-300x300.webp",300,300,true],"medium_large":["https:\/\/xstone-dev.10web.cloud\/wp-content\/uploads\/2026\/02\/Xstone-Color-01086-768x768.webp",768,768,true],"large":["https:\/\/xstone-dev.10web.cloud\/wp-content\/uploads\/2026\/02\/Xstone-Color-01086-1024x1024.webp",1024,1024,true],"1536x1536":["https:\/\/xstone-dev.10web.cloud\/wp-content\/uploads\/2026\/02\/Xstone-Color-01086-1536x1536.webp",1536,1536,true],"2048x2048":["https:\/\/xstone-dev.10web.cloud\/wp-content\/uploads\/2026\/02\/Xstone-Color-01086.webp",1920,1920,false],"tp-image-grid":["https:\/\/xstone-dev.10web.cloud\/wp-content\/uploads\/2026\/02\/Xstone-Color-01086-700x700.webp",700,700,true],"tenweb_optimizer_mobile":["https:\/\/xstone-dev.10web.cloud\/wp-content\/uploads\/2026\/02\/Xstone-Color-01086-600x600.webp",600,600,true],"tenweb_optimizer_tablet":["https:\/\/xstone-dev.10web.cloud\/wp-content\/uploads\/2026\/02\/Xstone-Color-01086-768x768.webp",768,768,true],"woocommerce_thumbnail":["https:\/\/xstone-dev.10web.cloud\/wp-content\/uploads\/2026\/02\/Xstone-Color-01086-300x300.webp",300,300,true],"woocommerce_single":["https:\/\/xstone-dev.10web.cloud\/wp-content\/uploads\/2026\/02\/Xstone-Color-01086-600x600.webp",600,600,true],"woocommerce_gallery_thumbnail":["https:\/\/xstone-dev.10web.cloud\/wp-content\/uploads\/2026\/02\/Xstone-Color-01086-100x100.webp",100,100,true]},"uagb_author_info":{"display_name":"laurent.gomez@xstone.group","author_link":"https:\/\/xstone-dev.10web.cloud\/ro\/author\/"},"uagb_comment_info":0,"uagb_excerpt":"Un bej perlat luminos infuzat cu c\u0103ldur\u0103 aurie moale; acest ton capteaz\u0103 elegan\u021ba natural\u0103 a calcarului \u00eensorit. Suprafa\u021ba sa texturat\u0103 dezv\u0103luie varia\u021bii minerale delicate \u0219i accente p\u0103m\u00e2ntii subtile, cre\u00e2nd profunzime \u0219i caracter, men\u021bin\u00e2nd \u00een acela\u0219i timp o prezen\u021b\u0103 senin\u0103, echilibrat\u0103. Culoarea radiaz\u0103 sofisticare lini\u0219tit\u0103, nici prea cald\u0103, nici prea rece, ceea ce o face o&hellip;","_links":{"self":[{"href":"https:\/\/xstone-dev.10web.cloud\/ro\/wp-json\/wp\/v2\/product\/21491","targetHints":{"allow":["GET"]}}],"collection":[{"href":"https:\/\/xstone-dev.10web.cloud\/ro\/wp-json\/wp\/v2\/product"}],"about":[{"href":"https:\/\/xstone-dev.10web.cloud\/ro\/wp-json\/wp\/v2\/types\/product"}],"replies":[{"embeddable":true,"href":"https:\/\/xstone-dev.10web.cloud\/ro\/wp-json\/wp\/v2\/comments?post=21491"}],"wp:featuredmedia":[{"embeddable":true,"href":"https:\/\/xstone-dev.10web.cloud\/ro\/wp-json\/wp\/v2\/media\/21493"}],"wp:attachment":[{"href":"https:\/\/xstone-dev.10web.cloud\/ro\/wp-json\/wp\/v2\/media?parent=21491"}],"wp:term":[{"taxonomy":"product_brand","embeddable":true,"href":"https:\/\/xstone-dev.10web.cloud\/ro\/wp-json\/wp\/v2\/product_brand?post=21491"},{"taxonomy":"product_cat","embeddable":true,"href":"https:\/\/xstone-dev.10web.cloud\/ro\/wp-json\/wp\/v2\/product_cat?post=21491"},{"taxonomy":"product_tag","embeddable":true,"href":"https:\/\/xstone-dev.10web.cloud\/ro\/wp-json\/wp\/v2\/product_tag?post=21491"}],"curies":[{"name":"wp","href":"https:\/\/api.w.org\/{rel}","templated":true}]}}