{"id":21479,"date":"2026-02-11T10:34:49","date_gmt":"2026-02-11T10:34:49","guid":{"rendered":"https:\/\/xstone-dev.10web.cloud\/product\/01087-bej-de-paris\/"},"modified":"2026-02-11T10:34:49","modified_gmt":"2026-02-11T10:34:49","slug":"01087-beige-de-paris","status":"publish","type":"product","link":"https:\/\/xstone-dev.10web.cloud\/ro\/product\/01087-beige-de-paris\/","title":{"rendered":"01087 | Bej de Paris"},"content":{"rendered":"<p>Un bej mineral moale cu subtile nuan\u021be calde, aceast\u0103 nuan\u021b\u0103 evoc\u0103 elegan\u021ba atemporal\u0103 a calcarului natural modelat u\u0219or de timp. Varia\u021bia sa delicat\u0103 de nisip cremos \u0219i pete p\u0103m\u00e2ntii slabe creeaz\u0103 profunzime f\u0103r\u0103 a cople\u0219i privirea, oferind o neutralitate arhitectural\u0103 rafinat\u0103. Suprafa\u021ba este calm\u0103, echilibrat\u0103 \u0219i sofisticat\u0103 f\u0103r\u0103 efort, perfect\u0103 pentru interioarele care caut\u0103 lumin\u0103, c\u0103ldur\u0103 \u0219i lux discret. Aceasta capteaz\u0103 farmecul lini\u0219tit al fa\u021badelor pariziene \u0219i al pere\u021bilor de piatr\u0103 lumina\u021bi de soare, aduc\u00e2nd un sentiment de autenticitate \u0219i senin\u0103tate spa\u021biilor contemporane.   <\/p>\n","protected":false},"excerpt":{"rendered":"<p>Un bej mineral moale cu subtile nuan\u021be calde, aceast\u0103 nuan\u021b\u0103 evoc\u0103 elegan\u021ba atemporal\u0103 a calcarului natural modelat u\u0219or de timp. Varia\u021bia sa delicat\u0103 de nisip cremos \u0219i pete p\u0103m\u00e2ntii slabe creeaz\u0103 profunzime f\u0103r\u0103 a cople\u0219i privirea, oferind o neutralitate arhitectural\u0103 rafinat\u0103. Suprafa\u021ba este calm\u0103, echilibrat\u0103 \u0219i sofisticat\u0103 f\u0103r\u0103 efort, perfect\u0103 pentru interioarele care caut\u0103 lumin\u0103, [&hellip;]<\/p>\n","protected":false},"featured_media":21468,"comment_status":"open","ping_status":"closed","template":"","meta":{"_acf_changed":false,"_uag_custom_page_level_css":"","site-sidebar-layout":"default","site-content-layout":"","ast-site-content-layout":"default","site-content-style":"default","site-sidebar-style":"default","ast-global-header-display":"","ast-banner-title-visibility":"","ast-main-header-display":"","ast-hfb-above-header-display":"","ast-hfb-below-header-display":"","ast-hfb-mobile-header-display":"","site-post-title":"","ast-breadcrumbs-content":"","ast-featured-img":"","footer-sml-layout":"","theme-transparent-header-meta":"default","adv-header-id-meta":"","stick-header-meta":"default","header-above-stick-meta":"","header-main-stick-meta":"","header-below-stick-meta":"","astra-migrate-meta-layouts":"default","ast-page-background-enabled":"default","ast-page-background-meta":{"desktop":{"background-color":"var(--ast-global-color-4)","background-image":"","background-repeat":"repeat","background-position":"center center","background-size":"auto","background-attachment":"scroll","background-type":"","background-media":"","overlay-type":"","overlay-color":"","overlay-opacity":"","overlay-gradient":""},"tablet":{"background-color":"","background-image":"","background-repeat":"repeat","background-position":"center center","background-size":"auto","background-attachment":"scroll","background-type":"","background-media":"","overlay-type":"","overlay-color":"","overlay-opacity":"","overlay-gradient":""},"mobile":{"background-color":"","background-image":"","background-repeat":"repeat","background-position":"center center","background-size":"auto","background-attachment":"scroll","background-type":"","background-media":"","overlay-type":"","overlay-color":"","overlay-opacity":"","overlay-gradient":""}},"ast-content-background-meta":{"desktop":{"background-color":"var(--ast-global-color-5)","background-image":"","background-repeat":"repeat","background-position":"center center","background-size":"auto","background-attachment":"scroll","background-type":"","background-media":"","overlay-type":"","overlay-color":"","overlay-opacity":"","overlay-gradient":""},"tablet":{"background-color":"var(--ast-global-color-5)","background-image":"","background-repeat":"repeat","background-position":"center center","background-size":"auto","background-attachment":"scroll","background-type":"","background-media":"","overlay-type":"","overlay-color":"","overlay-opacity":"","overlay-gradient":""},"mobile":{"background-color":"var(--ast-global-color-5)","background-image":"","background-repeat":"repeat","background-position":"center center","background-size":"auto","background-attachment":"scroll","background-type":"","background-media":"","overlay-type":"","overlay-color":"","overlay-opacity":"","overlay-gradient":""}}},"product_brand":[],"product_cat":[2389,2392],"product_tag":[2501,2503,2517,2515,2500,2506,2513,2502,2509,2499,2511],"class_list":{"0":"post-21479","1":"product","2":"type-product","3":"status-publish","4":"has-post-thumbnail","6":"product_cat-color","7":"product_cat-grey","8":"product_tag-architectural-beige","9":"product_tag-warm-mineral-beige","10":"product_tag-comp-color-17740","11":"product_tag-timeless-beige-design","12":"product_tag-limestone-effect","13":"product_tag-neutral-wall-finish","14":"product_tag-elegant-wall-cladding","15":"product_tag-beige-stone-surface","16":"product_tag-contemporary-interior-surface","17":"product_tag-natural-stone-texture","18":"product_tag-soft-sand-tone","19":"desktop-align-left","20":"tablet-align-left","21":"mobile-align-left","23":"first","24":"instock","25":"shipping-taxable","26":"product-type-simple"},"acf":[],"yoast_head":"<!-- This site is optimized with the Yoast SEO Premium plugin v27.4 (Yoast SEO v27.4) - https:\/\/yoast.com\/product\/yoast-seo-premium-wordpress\/ -->\n<title>01087 | Bej de Paris - XSTONE<\/title>\n<meta name=\"description\" content=\"Descoperi\u021bi o suprafa\u021b\u0103 cald\u0103 de piatr\u0103 bej mineral\u0103 cu textur\u0103 natural\u0103 subtil\u0103 \u0219i elegan\u021b\u0103 atemporal\u0103, ideal\u0103 pentru interioarele rafinate care caut\u0103 lumin\u0103, moliciune \u0219i autenticitate arhitectural\u0103\" \/>\n<meta name=\"robots\" content=\"index, follow, max-snippet:-1, max-image-preview:large, max-video-preview:-1\" \/>\n<link rel=\"canonical\" href=\"https:\/\/xstone-dev.10web.cloud\/ro\/product\/01087-beige-de-paris\/\" \/>\n<meta property=\"og:locale\" content=\"ro_RO\" \/>\n<meta property=\"og:type\" content=\"article\" \/>\n<meta property=\"og:title\" content=\"01087 | Bej de Paris\" \/>\n<meta property=\"og:description\" content=\"Descoperi\u021bi o suprafa\u021b\u0103 cald\u0103 de piatr\u0103 bej mineral\u0103 cu textur\u0103 natural\u0103 subtil\u0103 \u0219i elegan\u021b\u0103 atemporal\u0103, ideal\u0103 pentru interioarele rafinate care caut\u0103 lumin\u0103, moliciune \u0219i autenticitate arhitectural\u0103\" \/>\n<meta property=\"og:url\" content=\"https:\/\/xstone-dev.10web.cloud\/ro\/product\/01087-beige-de-paris\/\" \/>\n<meta property=\"og:site_name\" content=\"XSTONE\" \/>\n<meta property=\"article:publisher\" content=\"https:\/\/www.facebook.com\/Xstonesurfaces1\/\" \/>\n<meta property=\"og:image\" content=\"https:\/\/xstone-dev.10web.cloud\/wp-content\/uploads\/2026\/02\/Xstone-Color-01087-scaled.webp\" \/>\n\t<meta property=\"og:image:width\" content=\"2560\" \/>\n\t<meta property=\"og:image:height\" content=\"2560\" \/>\n\t<meta property=\"og:image:type\" content=\"image\/webp\" \/>\n<meta name=\"twitter:card\" content=\"summary_large_image\" \/>\n<meta name=\"twitter:label1\" content=\"Timp estimat pentru citire\" \/>\n\t<meta name=\"twitter:data1\" content=\"1 minut\" \/>\n<script type=\"application\/ld+json\" class=\"yoast-schema-graph\">{\"@context\":\"https:\\\/\\\/schema.org\",\"@graph\":[{\"@type\":\"WebPage\",\"@id\":\"https:\\\/\\\/xstone-dev.10web.cloud\\\/ro\\\/product\\\/01087-beige-de-paris\\\/\",\"url\":\"https:\\\/\\\/xstone-dev.10web.cloud\\\/ro\\\/product\\\/01087-beige-de-paris\\\/\",\"name\":\"01087 | Bej de Paris - XSTONE\",\"isPartOf\":{\"@id\":\"https:\\\/\\\/xstone-dev.10web.cloud\\\/ro\\\/#website\"},\"primaryImageOfPage\":{\"@id\":\"https:\\\/\\\/xstone-dev.10web.cloud\\\/ro\\\/product\\\/01087-beige-de-paris\\\/#primaryimage\"},\"image\":{\"@id\":\"https:\\\/\\\/xstone-dev.10web.cloud\\\/ro\\\/product\\\/01087-beige-de-paris\\\/#primaryimage\"},\"thumbnailUrl\":\"https:\\\/\\\/xstone-dev.10web.cloud\\\/wp-content\\\/uploads\\\/2026\\\/02\\\/Xstone-Color-01087-scaled.webp\",\"datePublished\":\"2026-02-11T10:34:49+00:00\",\"description\":\"Descoperi\u021bi o suprafa\u021b\u0103 cald\u0103 de piatr\u0103 bej mineral\u0103 cu textur\u0103 natural\u0103 subtil\u0103 \u0219i elegan\u021b\u0103 atemporal\u0103, ideal\u0103 pentru interioarele rafinate care caut\u0103 lumin\u0103, moliciune \u0219i autenticitate arhitectural\u0103\",\"breadcrumb\":{\"@id\":\"https:\\\/\\\/xstone-dev.10web.cloud\\\/ro\\\/product\\\/01087-beige-de-paris\\\/#breadcrumb\"},\"inLanguage\":\"ro-RO\",\"potentialAction\":[{\"@type\":\"ReadAction\",\"target\":[\"https:\\\/\\\/xstone-dev.10web.cloud\\\/ro\\\/product\\\/01087-beige-de-paris\\\/\"]}]},{\"@type\":\"ImageObject\",\"inLanguage\":\"ro-RO\",\"@id\":\"https:\\\/\\\/xstone-dev.10web.cloud\\\/ro\\\/product\\\/01087-beige-de-paris\\\/#primaryimage\",\"url\":\"https:\\\/\\\/xstone-dev.10web.cloud\\\/wp-content\\\/uploads\\\/2026\\\/02\\\/Xstone-Color-01087-scaled.webp\",\"contentUrl\":\"https:\\\/\\\/xstone-dev.10web.cloud\\\/wp-content\\\/uploads\\\/2026\\\/02\\\/Xstone-Color-01087-scaled.webp\",\"width\":2560,\"height\":2560},{\"@type\":\"BreadcrumbList\",\"@id\":\"https:\\\/\\\/xstone-dev.10web.cloud\\\/ro\\\/product\\\/01087-beige-de-paris\\\/#breadcrumb\",\"itemListElement\":[{\"@type\":\"ListItem\",\"position\":1,\"name\":\"Home\",\"item\":\"https:\\\/\\\/xstone-dev.10web.cloud\\\/ro\\\/\"},{\"@type\":\"ListItem\",\"position\":2,\"name\":\"Produse\",\"item\":\"https:\\\/\\\/xstone-dev.10web.cloud\\\/ro\\\/shop\\\/\"},{\"@type\":\"ListItem\",\"position\":3,\"name\":\"01087 | Bej de Paris\"}]},{\"@type\":\"WebSite\",\"@id\":\"https:\\\/\\\/xstone-dev.10web.cloud\\\/ro\\\/#website\",\"url\":\"https:\\\/\\\/xstone-dev.10web.cloud\\\/ro\\\/\",\"name\":\"XSTONE\",\"description\":\"Frumuse\u021be mineral\u0103 autentic\u0103 \u0219i nelimitat\u0103, nelegat\u0103 de gravita\u021bie\",\"potentialAction\":[{\"@type\":\"SearchAction\",\"target\":{\"@type\":\"EntryPoint\",\"urlTemplate\":\"https:\\\/\\\/xstone-dev.10web.cloud\\\/ro\\\/?s={search_term_string}\"},\"query-input\":{\"@type\":\"PropertyValueSpecification\",\"valueRequired\":true,\"valueName\":\"search_term_string\"}}],\"inLanguage\":\"ro-RO\"}]}<\/script>\n<!-- \/ Yoast SEO Premium plugin. -->","yoast_head_json":{"title":"01087 | Bej de Paris - XSTONE","description":"Descoperi\u021bi o suprafa\u021b\u0103 cald\u0103 de piatr\u0103 bej mineral\u0103 cu textur\u0103 natural\u0103 subtil\u0103 \u0219i elegan\u021b\u0103 atemporal\u0103, ideal\u0103 pentru interioarele rafinate care caut\u0103 lumin\u0103, moliciune \u0219i autenticitate arhitectural\u0103","robots":{"index":"index","follow":"follow","max-snippet":"max-snippet:-1","max-image-preview":"max-image-preview:large","max-video-preview":"max-video-preview:-1"},"canonical":"https:\/\/xstone-dev.10web.cloud\/ro\/product\/01087-beige-de-paris\/","og_locale":"ro_RO","og_type":"article","og_title":"01087 | Bej de Paris","og_description":"Descoperi\u021bi o suprafa\u021b\u0103 cald\u0103 de piatr\u0103 bej mineral\u0103 cu textur\u0103 natural\u0103 subtil\u0103 \u0219i elegan\u021b\u0103 atemporal\u0103, ideal\u0103 pentru interioarele rafinate care caut\u0103 lumin\u0103, moliciune \u0219i autenticitate arhitectural\u0103","og_url":"https:\/\/xstone-dev.10web.cloud\/ro\/product\/01087-beige-de-paris\/","og_site_name":"XSTONE","article_publisher":"https:\/\/www.facebook.com\/Xstonesurfaces1\/","og_image":[{"width":2560,"height":2560,"url":"https:\/\/xstone-dev.10web.cloud\/wp-content\/uploads\/2026\/02\/Xstone-Color-01087-scaled.webp","type":"image\/webp"}],"twitter_card":"summary_large_image","twitter_misc":{"Timp estimat pentru citire":"1 minut"},"schema":{"@context":"https:\/\/schema.org","@graph":[{"@type":"WebPage","@id":"https:\/\/xstone-dev.10web.cloud\/ro\/product\/01087-beige-de-paris\/","url":"https:\/\/xstone-dev.10web.cloud\/ro\/product\/01087-beige-de-paris\/","name":"01087 | Bej de Paris - XSTONE","isPartOf":{"@id":"https:\/\/xstone-dev.10web.cloud\/ro\/#website"},"primaryImageOfPage":{"@id":"https:\/\/xstone-dev.10web.cloud\/ro\/product\/01087-beige-de-paris\/#primaryimage"},"image":{"@id":"https:\/\/xstone-dev.10web.cloud\/ro\/product\/01087-beige-de-paris\/#primaryimage"},"thumbnailUrl":"https:\/\/xstone-dev.10web.cloud\/wp-content\/uploads\/2026\/02\/Xstone-Color-01087-scaled.webp","datePublished":"2026-02-11T10:34:49+00:00","description":"Descoperi\u021bi o suprafa\u021b\u0103 cald\u0103 de piatr\u0103 bej mineral\u0103 cu textur\u0103 natural\u0103 subtil\u0103 \u0219i elegan\u021b\u0103 atemporal\u0103, ideal\u0103 pentru interioarele rafinate care caut\u0103 lumin\u0103, moliciune \u0219i autenticitate arhitectural\u0103","breadcrumb":{"@id":"https:\/\/xstone-dev.10web.cloud\/ro\/product\/01087-beige-de-paris\/#breadcrumb"},"inLanguage":"ro-RO","potentialAction":[{"@type":"ReadAction","target":["https:\/\/xstone-dev.10web.cloud\/ro\/product\/01087-beige-de-paris\/"]}]},{"@type":"ImageObject","inLanguage":"ro-RO","@id":"https:\/\/xstone-dev.10web.cloud\/ro\/product\/01087-beige-de-paris\/#primaryimage","url":"https:\/\/xstone-dev.10web.cloud\/wp-content\/uploads\/2026\/02\/Xstone-Color-01087-scaled.webp","contentUrl":"https:\/\/xstone-dev.10web.cloud\/wp-content\/uploads\/2026\/02\/Xstone-Color-01087-scaled.webp","width":2560,"height":2560},{"@type":"BreadcrumbList","@id":"https:\/\/xstone-dev.10web.cloud\/ro\/product\/01087-beige-de-paris\/#breadcrumb","itemListElement":[{"@type":"ListItem","position":1,"name":"Home","item":"https:\/\/xstone-dev.10web.cloud\/ro\/"},{"@type":"ListItem","position":2,"name":"Produse","item":"https:\/\/xstone-dev.10web.cloud\/ro\/shop\/"},{"@type":"ListItem","position":3,"name":"01087 | Bej de Paris"}]},{"@type":"WebSite","@id":"https:\/\/xstone-dev.10web.cloud\/ro\/#website","url":"https:\/\/xstone-dev.10web.cloud\/ro\/","name":"XSTONE","description":"Frumuse\u021be mineral\u0103 autentic\u0103 \u0219i nelimitat\u0103, nelegat\u0103 de gravita\u021bie","potentialAction":[{"@type":"SearchAction","target":{"@type":"EntryPoint","urlTemplate":"https:\/\/xstone-dev.10web.cloud\/ro\/?s={search_term_string}"},"query-input":{"@type":"PropertyValueSpecification","valueRequired":true,"valueName":"search_term_string"}}],"inLanguage":"ro-RO"}]}},"spectra_custom_meta":{"_last_translation_edit_mode":["translation-editor"],"_wcml_average_rating":[null],"_wcml_review_count":[null],"_wcml_rating_count":[null],"_yoast_wpseo_primary_product_cat":["318"],"_backorders":["no"],"_download_limit":["-1"],"_download_expiry":["-1"],"_downloadable":["no"],"_manage_stock":["no"],"_sku":["01087"],"_stock_status":["instock"],"_sold_individually":["no"],"_tax_class":[""],"_tax_status":["taxable"],"_virtual":["no"],"total_sales":["0"],"_wpml_media_duplicate":["1"],"_wpml_media_featured":["1"],"stick-header-meta":["default"],"site-sidebar-layout":["default"],"theme-transparent-header-meta":["default"],"ast-site-content-layout":["default"],"site-content-style":["default"],"site-sidebar-style":["default"],"_yoast_wpseo_metadesc":["Descoperi\u021bi o suprafa\u021b\u0103 cald\u0103 de piatr\u0103 bej mineral\u0103 cu textur\u0103 natural\u0103 subtil\u0103 \u0219i elegan\u021b\u0103 atemporal\u0103, ideal\u0103 pentru interioarele rafinate care caut\u0103 lumin\u0103, moliciune \u0219i autenticitate arhitectural\u0103"],"_yoast_wpseo_focuskw":["Suprafa\u021b\u0103 cald\u0103 de piatr\u0103 mineral\u0103 bej."],"_thumbnail_id":["21468"],"_product_image_gallery":[""],"_product_attributes":["a:3:{s:7:\"pa_tone\";a:6:{s:4:\"name\";s:7:\"pa_tone\";s:5:\"value\";s:0:\"\";s:8:\"position\";i:0;s:10:\"is_visible\";i:1;s:12:\"is_variation\";i:0;s:11:\"is_taxonomy\";i:1;}s:13:\"pa_color-code\";a:6:{s:4:\"name\";s:13:\"pa_color-code\";s:5:\"value\";s:0:\"\";s:8:\"position\";i:1;s:10:\"is_visible\";i:1;s:12:\"is_variation\";i:0;s:11:\"is_taxonomy\";i:1;}s:9:\"pa_finish\";a:6:{s:4:\"name\";s:9:\"pa_finish\";s:5:\"value\";s:0:\"\";s:8:\"position\";i:2;s:10:\"is_visible\";i:1;s:12:\"is_variation\";i:0;s:11:\"is_taxonomy\";i:1;}}"],"_wpml_word_count":["113"],"two_optimized_date":["1776469423"],"woolentor_views_count_product":["3"],"_uag_css_file_name":["uag-css-21479.css"],"_uag_js_file_name":["uag-js-21479.js"],"tp_widgets":["a:2:{s:7:\"widgets\";a:0:{}s:9:\"update_at\";s:10:\"1776405650\";}"],"_elementor_edit_mode":["builder"],"_selectproduct_layout":["16271"],"_wc_rating_count":[""],"_wc_review_count":[""],"_wc_average_rating":[0]},"uagb_featured_image_src":{"full":["https:\/\/xstone-dev.10web.cloud\/wp-content\/uploads\/2026\/02\/Xstone-Color-01087-scaled.webp",2560,2560,false],"thumbnail":["https:\/\/xstone-dev.10web.cloud\/wp-content\/uploads\/2026\/02\/Xstone-Color-01087-150x150.webp",150,150,true],"medium":["https:\/\/xstone-dev.10web.cloud\/wp-content\/uploads\/2026\/02\/Xstone-Color-01087-300x300.webp",300,300,true],"medium_large":["https:\/\/xstone-dev.10web.cloud\/wp-content\/uploads\/2026\/02\/Xstone-Color-01087-768x768.webp",768,768,true],"large":["https:\/\/xstone-dev.10web.cloud\/wp-content\/uploads\/2026\/02\/Xstone-Color-01087-1024x1024.webp",1024,1024,true],"1536x1536":["https:\/\/xstone-dev.10web.cloud\/wp-content\/uploads\/2026\/02\/Xstone-Color-01087-1536x1536.webp",1536,1536,true],"2048x2048":["https:\/\/xstone-dev.10web.cloud\/wp-content\/uploads\/2026\/02\/Xstone-Color-01087-2048x2048.webp",2048,2048,true],"tp-image-grid":["https:\/\/xstone-dev.10web.cloud\/wp-content\/uploads\/2026\/02\/Xstone-Color-01087-700x700.webp",700,700,true],"tenweb_optimizer_mobile":["https:\/\/xstone-dev.10web.cloud\/wp-content\/uploads\/2026\/02\/Xstone-Color-01087-600x600.webp",600,600,true],"tenweb_optimizer_tablet":["https:\/\/xstone-dev.10web.cloud\/wp-content\/uploads\/2026\/02\/Xstone-Color-01087-768x768.webp",768,768,true],"woocommerce_thumbnail":["https:\/\/xstone-dev.10web.cloud\/wp-content\/uploads\/2026\/02\/Xstone-Color-01087-300x300.webp",300,300,true],"woocommerce_single":["https:\/\/xstone-dev.10web.cloud\/wp-content\/uploads\/2026\/02\/Xstone-Color-01087-600x600.webp",600,600,true],"woocommerce_gallery_thumbnail":["https:\/\/xstone-dev.10web.cloud\/wp-content\/uploads\/2026\/02\/Xstone-Color-01087-100x100.webp",100,100,true]},"uagb_author_info":{"display_name":"laurent.gomez@xstone.group","author_link":"https:\/\/xstone-dev.10web.cloud\/ro\/author\/"},"uagb_comment_info":0,"uagb_excerpt":"Un bej mineral moale cu subtile nuan\u021be calde, aceast\u0103 nuan\u021b\u0103 evoc\u0103 elegan\u021ba atemporal\u0103 a calcarului natural modelat u\u0219or de timp. Varia\u021bia sa delicat\u0103 de nisip cremos \u0219i pete p\u0103m\u00e2ntii slabe creeaz\u0103 profunzime f\u0103r\u0103 a cople\u0219i privirea, oferind o neutralitate arhitectural\u0103 rafinat\u0103. Suprafa\u021ba este calm\u0103, echilibrat\u0103 \u0219i sofisticat\u0103 f\u0103r\u0103 efort, perfect\u0103 pentru interioarele care caut\u0103 lumin\u0103,&hellip;","_links":{"self":[{"href":"https:\/\/xstone-dev.10web.cloud\/ro\/wp-json\/wp\/v2\/product\/21479","targetHints":{"allow":["GET"]}}],"collection":[{"href":"https:\/\/xstone-dev.10web.cloud\/ro\/wp-json\/wp\/v2\/product"}],"about":[{"href":"https:\/\/xstone-dev.10web.cloud\/ro\/wp-json\/wp\/v2\/types\/product"}],"replies":[{"embeddable":true,"href":"https:\/\/xstone-dev.10web.cloud\/ro\/wp-json\/wp\/v2\/comments?post=21479"}],"wp:featuredmedia":[{"embeddable":true,"href":"https:\/\/xstone-dev.10web.cloud\/ro\/wp-json\/wp\/v2\/media\/21468"}],"wp:attachment":[{"href":"https:\/\/xstone-dev.10web.cloud\/ro\/wp-json\/wp\/v2\/media?parent=21479"}],"wp:term":[{"taxonomy":"product_brand","embeddable":true,"href":"https:\/\/xstone-dev.10web.cloud\/ro\/wp-json\/wp\/v2\/product_brand?post=21479"},{"taxonomy":"product_cat","embeddable":true,"href":"https:\/\/xstone-dev.10web.cloud\/ro\/wp-json\/wp\/v2\/product_cat?post=21479"},{"taxonomy":"product_tag","embeddable":true,"href":"https:\/\/xstone-dev.10web.cloud\/ro\/wp-json\/wp\/v2\/product_tag?post=21479"}],"curies":[{"name":"wp","href":"https:\/\/api.w.org\/{rel}","templated":true}]}}