{"id":26134,"date":"2025-12-03T15:11:13","date_gmt":"2025-12-03T15:11:13","guid":{"rendered":"https:\/\/xstone-dev.10web.cloud\/product\/apt-acustone-pet-smo-liscio-10004-grigio-chiaro\/"},"modified":"2025-12-03T15:11:13","modified_gmt":"2025-12-03T15:11:13","slug":"acustone-pet-smooth-light-grey","status":"publish","type":"product","link":"https:\/\/xstone-dev.10web.cloud\/it\/product\/acustone-pet-smooth-light-grey\/","title":{"rendered":"[APT] Acustone PET [SMO] Liscio [10004] Grigio chiaro"},"content":{"rendered":"<p class=\"font-claude-response-body break-words whitespace-normal leading-[1.7]\">La chiarezza non \u00e8 un&#8217;assenza. \u00c8 una scelta. <\/p>\n<p class=\"font-claude-response-body break-words whitespace-normal leading-[1.7]\">Questo pannello acustico Acustone in PET grigio chiaro \u00e8 uno studio di raffinata sobriet\u00e0: una superficie che assorbe sia il suono che l&#8217;attenzione, lasciando respirare lo spazio, la luce e la forma. La sua grana minerale vellutata e uniforme offre uno sfondo architettonico sereno: pallido, quasi lattiginoso, delicatamente luminoso senza mai diventare stridente. Il tipo di grigio che evoca la nebbia mattutina sulla pietra chiara, in bilico sulla soglia tra il bianco e il minerale.  <\/p>\n<p class=\"font-claude-response-body break-words whitespace-normal leading-[1.7]\">Sotto la sua superficie tranquilla, il supporto in PET riciclato lavora in modo silenzioso ma potente: cattura l&#8217;energia sonora, riduce il riverbero e trasforma gli spazi aperti rumorosi in ambienti in cui le persone pensano in modo pi\u00f9 chiaro, parlano in modo pi\u00f9 naturale e si sentono semplicemente meglio. Realizzato in fibra di poliestere riciclata al 100%, senza leganti chimici e senza emissioni di VOC, incarna una nuova generazione di pannelli acustici a parete sostenibili che rifiutano il compromesso tra prestazioni e bellezza. <\/p>\n<p class=\"font-claude-response-body break-words whitespace-normal leading-[1.7]\">La texture Smooth esalta tutti i vantaggi di questa tavolozza. La sua continuit\u00e0 di superficie amplifica la luminosit\u00e0 del Grigio Chiaro, espandendo il volume percepito di una stanza e ammorbidendone al contempo la firma acustica. Pareti, soffitti, pareti divisorie, pannelli per mobili: ogni applicazione diventa un&#8217;opportunit\u00e0 per dare forma alla calma.  <\/p>\n<p class=\"font-claude-response-body break-words whitespace-normal leading-[1.7]\">Classificato al fuoco B-s1-d0. Atossico e anallergico. Disponibile in diversi formati.  <\/p>\n<p class=\"font-claude-response-body break-words whitespace-normal leading-[1.7]\">Questa \u00e8 un&#8217;architettura che ascolta.<\/p>\n","protected":false},"excerpt":{"rendered":"<p>La chiarezza non \u00e8 un&#8217;assenza. \u00c8 una scelta. Questo pannello acustico Acustone in PET grigio chiaro \u00e8 uno studio di raffinata sobriet\u00e0: una superficie che assorbe sia il suono che l&#8217;attenzione, lasciando respirare lo spazio, la luce e la forma. La sua grana minerale vellutata e uniforme offre uno sfondo architettonico sereno: pallido, quasi lattiginoso, [&hellip;]<\/p>\n","protected":false},"featured_media":26136,"comment_status":"open","ping_status":"closed","template":"","meta":{"_acf_changed":false,"_uag_custom_page_level_css":"","site-sidebar-layout":"default","site-content-layout":"","ast-site-content-layout":"default","site-content-style":"default","site-sidebar-style":"default","ast-global-header-display":"","ast-banner-title-visibility":"","ast-main-header-display":"","ast-hfb-above-header-display":"","ast-hfb-below-header-display":"","ast-hfb-mobile-header-display":"","site-post-title":"","ast-breadcrumbs-content":"","ast-featured-img":"","footer-sml-layout":"","theme-transparent-header-meta":"default","adv-header-id-meta":"","stick-header-meta":"default","header-above-stick-meta":"","header-main-stick-meta":"","header-below-stick-meta":"","astra-migrate-meta-layouts":"default","ast-page-background-enabled":"default","ast-page-background-meta":{"desktop":{"background-color":"var(--ast-global-color-4)","background-image":"","background-repeat":"repeat","background-position":"center center","background-size":"auto","background-attachment":"scroll","background-type":"","background-media":"","overlay-type":"","overlay-color":"","overlay-opacity":"","overlay-gradient":""},"tablet":{"background-color":"","background-image":"","background-repeat":"repeat","background-position":"center center","background-size":"auto","background-attachment":"scroll","background-type":"","background-media":"","overlay-type":"","overlay-color":"","overlay-opacity":"","overlay-gradient":""},"mobile":{"background-color":"","background-image":"","background-repeat":"repeat","background-position":"center center","background-size":"auto","background-attachment":"scroll","background-type":"","background-media":"","overlay-type":"","overlay-color":"","overlay-opacity":"","overlay-gradient":""}},"ast-content-background-meta":{"desktop":{"background-color":"var(--ast-global-color-5)","background-image":"","background-repeat":"repeat","background-position":"center center","background-size":"auto","background-attachment":"scroll","background-type":"","background-media":"","overlay-type":"","overlay-color":"","overlay-opacity":"","overlay-gradient":""},"tablet":{"background-color":"var(--ast-global-color-5)","background-image":"","background-repeat":"repeat","background-position":"center center","background-size":"auto","background-attachment":"scroll","background-type":"","background-media":"","overlay-type":"","overlay-color":"","overlay-opacity":"","overlay-gradient":""},"mobile":{"background-color":"var(--ast-global-color-5)","background-image":"","background-repeat":"repeat","background-position":"center center","background-size":"auto","background-attachment":"scroll","background-type":"","background-media":"","overlay-type":"","overlay-color":"","overlay-opacity":"","overlay-gradient":""}}},"product_brand":[],"product_cat":[3391,1669,1668,1666,1676],"product_tag":[1747,9703,9700,9707,9699,9701,6143,9702,9705,3392,1749],"class_list":{"0":"post-26134","1":"product","2":"type-product","3":"status-publish","4":"has-post-thumbnail","6":"product_cat-acustone","7":"product_cat-retail-design","8":"product_cat-wall-design","9":"product_cat-signature","10":"product_cat-office","11":"product_tag-comp-color-15392","12":"product_tag-office-sound-control","13":"product_tag-smooth-wall-finish","14":"product_tag-acoustic-panels","15":"product_tag-recycled-pet-panels","16":"product_tag-light-grey-acoustic-panel","17":"product_tag-minimalist-wall-design","18":"product_tag-sustainable-interior-cladding","19":"product_tag-architectural-acoustic-solution","20":"product_tag-comp-backing-15500","21":"product_tag-comp-texture-16911","22":"desktop-align-left","23":"tablet-align-left","24":"mobile-align-left","26":"first","27":"instock","28":"shipping-taxable","29":"product-type-simple"},"acf":[],"yoast_head":"<!-- This site is optimized with the Yoast SEO Premium plugin v27.4 (Yoast SEO v27.4) - https:\/\/yoast.com\/product\/yoast-seo-premium-wordpress\/ -->\n<title>Acustone Acoustic PET | Liscio | Grigio chiaro<\/title>\n<meta name=\"description\" content=\"Pannello acustico liscio in PET grigio chiaro, 100% poliestere riciclato, classificazione antincendio B-s1-d0, fonoassorbente. Pulito, luminoso e sostenibile per interni moderni.\" \/>\n<meta name=\"robots\" content=\"index, follow, max-snippet:-1, max-image-preview:large, max-video-preview:-1\" \/>\n<link rel=\"canonical\" href=\"https:\/\/xstone-dev.10web.cloud\/it\/product\/acustone-pet-smooth-light-grey\/\" \/>\n<meta property=\"og:locale\" content=\"it_IT\" \/>\n<meta property=\"og:type\" content=\"article\" \/>\n<meta property=\"og:title\" content=\"[APT] Acustone PET [SMO] Liscio [10004] Grigio chiaro\" \/>\n<meta property=\"og:description\" content=\"Pannello acustico liscio in PET grigio chiaro, 100% poliestere riciclato, classificazione antincendio B-s1-d0, fonoassorbente. Pulito, luminoso e sostenibile per interni moderni.\" \/>\n<meta property=\"og:url\" content=\"https:\/\/xstone-dev.10web.cloud\/it\/product\/acustone-pet-smooth-light-grey\/\" \/>\n<meta property=\"og:site_name\" content=\"XSTONE\" \/>\n<meta property=\"article:publisher\" content=\"https:\/\/www.facebook.com\/Xstonesurfaces1\/\" \/>\n<meta property=\"og:image\" content=\"https:\/\/xstone-dev.10web.cloud\/wp-content\/uploads\/2025\/12\/APT1280SMO01010-Acoutic-Panel-PET-Concrete-smooth-Light-Grey.webp\" \/>\n\t<meta property=\"og:image:width\" content=\"1600\" \/>\n\t<meta property=\"og:image:height\" content=\"1200\" \/>\n\t<meta property=\"og:image:type\" content=\"image\/webp\" \/>\n<meta name=\"twitter:card\" content=\"summary_large_image\" \/>\n<meta name=\"twitter:label1\" content=\"Tempo di lettura stimato\" \/>\n\t<meta name=\"twitter:data1\" content=\"1 minuto\" \/>\n<script type=\"application\/ld+json\" class=\"yoast-schema-graph\">{\"@context\":\"https:\\\/\\\/schema.org\",\"@graph\":[{\"@type\":\"WebPage\",\"@id\":\"https:\\\/\\\/xstone-dev.10web.cloud\\\/it\\\/product\\\/acustone-pet-smooth-light-grey\\\/\",\"url\":\"https:\\\/\\\/xstone-dev.10web.cloud\\\/it\\\/product\\\/acustone-pet-smooth-light-grey\\\/\",\"name\":\"Acustone Acoustic PET | Liscio | Grigio chiaro\",\"isPartOf\":{\"@id\":\"https:\\\/\\\/xstone-dev.10web.cloud\\\/it\\\/#website\"},\"primaryImageOfPage\":{\"@id\":\"https:\\\/\\\/xstone-dev.10web.cloud\\\/it\\\/product\\\/acustone-pet-smooth-light-grey\\\/#primaryimage\"},\"image\":{\"@id\":\"https:\\\/\\\/xstone-dev.10web.cloud\\\/it\\\/product\\\/acustone-pet-smooth-light-grey\\\/#primaryimage\"},\"thumbnailUrl\":\"https:\\\/\\\/xstone-dev.10web.cloud\\\/wp-content\\\/uploads\\\/2025\\\/12\\\/APT1280SMO01010-Acoutic-Panel-PET-Concrete-smooth-Light-Grey.webp\",\"datePublished\":\"2025-12-03T15:11:13+00:00\",\"description\":\"Pannello acustico liscio in PET grigio chiaro, 100% poliestere riciclato, classificazione antincendio B-s1-d0, fonoassorbente. Pulito, luminoso e sostenibile per interni moderni.\",\"breadcrumb\":{\"@id\":\"https:\\\/\\\/xstone-dev.10web.cloud\\\/it\\\/product\\\/acustone-pet-smooth-light-grey\\\/#breadcrumb\"},\"inLanguage\":\"it-IT\",\"potentialAction\":[{\"@type\":\"ReadAction\",\"target\":[\"https:\\\/\\\/xstone-dev.10web.cloud\\\/it\\\/product\\\/acustone-pet-smooth-light-grey\\\/\"]}]},{\"@type\":\"ImageObject\",\"inLanguage\":\"it-IT\",\"@id\":\"https:\\\/\\\/xstone-dev.10web.cloud\\\/it\\\/product\\\/acustone-pet-smooth-light-grey\\\/#primaryimage\",\"url\":\"https:\\\/\\\/xstone-dev.10web.cloud\\\/wp-content\\\/uploads\\\/2025\\\/12\\\/APT1280SMO01010-Acoutic-Panel-PET-Concrete-smooth-Light-Grey.webp\",\"contentUrl\":\"https:\\\/\\\/xstone-dev.10web.cloud\\\/wp-content\\\/uploads\\\/2025\\\/12\\\/APT1280SMO01010-Acoutic-Panel-PET-Concrete-smooth-Light-Grey.webp\",\"width\":1600,\"height\":1200,\"caption\":\"Acustone acoustic PET smooth light grey\"},{\"@type\":\"BreadcrumbList\",\"@id\":\"https:\\\/\\\/xstone-dev.10web.cloud\\\/it\\\/product\\\/acustone-pet-smooth-light-grey\\\/#breadcrumb\",\"itemListElement\":[{\"@type\":\"ListItem\",\"position\":1,\"name\":\"Home\",\"item\":\"https:\\\/\\\/xstone-dev.10web.cloud\\\/it\\\/\"},{\"@type\":\"ListItem\",\"position\":2,\"name\":\"Prodotti\",\"item\":\"https:\\\/\\\/xstone-dev.10web.cloud\\\/it\\\/shop\\\/\"},{\"@type\":\"ListItem\",\"position\":3,\"name\":\"[APT] Acustone PET [SMO] Liscio [10004] Grigio chiaro\"}]},{\"@type\":\"WebSite\",\"@id\":\"https:\\\/\\\/xstone-dev.10web.cloud\\\/it\\\/#website\",\"url\":\"https:\\\/\\\/xstone-dev.10web.cloud\\\/it\\\/\",\"name\":\"XSTONE\",\"description\":\"Bellezza minerale autentica e illimitata, svincolata dalla gravit\u00e0\",\"potentialAction\":[{\"@type\":\"SearchAction\",\"target\":{\"@type\":\"EntryPoint\",\"urlTemplate\":\"https:\\\/\\\/xstone-dev.10web.cloud\\\/it\\\/?s={search_term_string}\"},\"query-input\":{\"@type\":\"PropertyValueSpecification\",\"valueRequired\":true,\"valueName\":\"search_term_string\"}}],\"inLanguage\":\"it-IT\"}]}<\/script>\n<!-- \/ Yoast SEO Premium plugin. -->","yoast_head_json":{"title":"Acustone Acoustic PET | Liscio | Grigio chiaro","description":"Pannello acustico liscio in PET grigio chiaro, 100% poliestere riciclato, classificazione antincendio B-s1-d0, fonoassorbente. Pulito, luminoso e sostenibile per interni moderni.","robots":{"index":"index","follow":"follow","max-snippet":"max-snippet:-1","max-image-preview":"max-image-preview:large","max-video-preview":"max-video-preview:-1"},"canonical":"https:\/\/xstone-dev.10web.cloud\/it\/product\/acustone-pet-smooth-light-grey\/","og_locale":"it_IT","og_type":"article","og_title":"[APT] Acustone PET [SMO] Liscio [10004] Grigio chiaro","og_description":"Pannello acustico liscio in PET grigio chiaro, 100% poliestere riciclato, classificazione antincendio B-s1-d0, fonoassorbente. Pulito, luminoso e sostenibile per interni moderni.","og_url":"https:\/\/xstone-dev.10web.cloud\/it\/product\/acustone-pet-smooth-light-grey\/","og_site_name":"XSTONE","article_publisher":"https:\/\/www.facebook.com\/Xstonesurfaces1\/","og_image":[{"width":1600,"height":1200,"url":"https:\/\/xstone-dev.10web.cloud\/wp-content\/uploads\/2025\/12\/APT1280SMO01010-Acoutic-Panel-PET-Concrete-smooth-Light-Grey.webp","type":"image\/webp"}],"twitter_card":"summary_large_image","twitter_misc":{"Tempo di lettura stimato":"1 minuto"},"schema":{"@context":"https:\/\/schema.org","@graph":[{"@type":"WebPage","@id":"https:\/\/xstone-dev.10web.cloud\/it\/product\/acustone-pet-smooth-light-grey\/","url":"https:\/\/xstone-dev.10web.cloud\/it\/product\/acustone-pet-smooth-light-grey\/","name":"Acustone Acoustic PET | Liscio | Grigio chiaro","isPartOf":{"@id":"https:\/\/xstone-dev.10web.cloud\/it\/#website"},"primaryImageOfPage":{"@id":"https:\/\/xstone-dev.10web.cloud\/it\/product\/acustone-pet-smooth-light-grey\/#primaryimage"},"image":{"@id":"https:\/\/xstone-dev.10web.cloud\/it\/product\/acustone-pet-smooth-light-grey\/#primaryimage"},"thumbnailUrl":"https:\/\/xstone-dev.10web.cloud\/wp-content\/uploads\/2025\/12\/APT1280SMO01010-Acoutic-Panel-PET-Concrete-smooth-Light-Grey.webp","datePublished":"2025-12-03T15:11:13+00:00","description":"Pannello acustico liscio in PET grigio chiaro, 100% poliestere riciclato, classificazione antincendio B-s1-d0, fonoassorbente. Pulito, luminoso e sostenibile per interni moderni.","breadcrumb":{"@id":"https:\/\/xstone-dev.10web.cloud\/it\/product\/acustone-pet-smooth-light-grey\/#breadcrumb"},"inLanguage":"it-IT","potentialAction":[{"@type":"ReadAction","target":["https:\/\/xstone-dev.10web.cloud\/it\/product\/acustone-pet-smooth-light-grey\/"]}]},{"@type":"ImageObject","inLanguage":"it-IT","@id":"https:\/\/xstone-dev.10web.cloud\/it\/product\/acustone-pet-smooth-light-grey\/#primaryimage","url":"https:\/\/xstone-dev.10web.cloud\/wp-content\/uploads\/2025\/12\/APT1280SMO01010-Acoutic-Panel-PET-Concrete-smooth-Light-Grey.webp","contentUrl":"https:\/\/xstone-dev.10web.cloud\/wp-content\/uploads\/2025\/12\/APT1280SMO01010-Acoutic-Panel-PET-Concrete-smooth-Light-Grey.webp","width":1600,"height":1200,"caption":"Acustone acoustic PET smooth light grey"},{"@type":"BreadcrumbList","@id":"https:\/\/xstone-dev.10web.cloud\/it\/product\/acustone-pet-smooth-light-grey\/#breadcrumb","itemListElement":[{"@type":"ListItem","position":1,"name":"Home","item":"https:\/\/xstone-dev.10web.cloud\/it\/"},{"@type":"ListItem","position":2,"name":"Prodotti","item":"https:\/\/xstone-dev.10web.cloud\/it\/shop\/"},{"@type":"ListItem","position":3,"name":"[APT] Acustone PET [SMO] Liscio [10004] Grigio chiaro"}]},{"@type":"WebSite","@id":"https:\/\/xstone-dev.10web.cloud\/it\/#website","url":"https:\/\/xstone-dev.10web.cloud\/it\/","name":"XSTONE","description":"Bellezza minerale autentica e illimitata, svincolata dalla gravit\u00e0","potentialAction":[{"@type":"SearchAction","target":{"@type":"EntryPoint","urlTemplate":"https:\/\/xstone-dev.10web.cloud\/it\/?s={search_term_string}"},"query-input":{"@type":"PropertyValueSpecification","valueRequired":true,"valueName":"search_term_string"}}],"inLanguage":"it-IT"}]}},"spectra_custom_meta":{"_last_translation_edit_mode":["translation-editor"],"_product_attributes":["a:8:{s:7:\"backing\";a:6:{s:4:\"name\";s:7:\"Backing\";s:5:\"value\";s:12:\"PET acustico\";s:8:\"position\";i:0;s:10:\"is_visible\";i:1;s:12:\"is_variation\";i:0;s:11:\"is_taxonomy\";i:0;}s:7:\"texture\";a:6:{s:4:\"name\";s:7:\"Texture\";s:5:\"value\";s:6:\"Liscio\";s:8:\"position\";i:1;s:10:\"is_visible\";i:1;s:12:\"is_variation\";i:0;s:11:\"is_taxonomy\";i:0;}s:5:\"color\";a:6:{s:4:\"name\";s:5:\"Color\";s:5:\"value\";s:13:\"Grigio chiaro\";s:8:\"position\";i:2;s:10:\"is_visible\";i:1;s:12:\"is_variation\";i:0;s:11:\"is_taxonomy\";i:0;}s:4:\"size\";a:6:{s:4:\"name\";s:4:\"Size\";s:5:\"value\";s:28:\"2440 x 1220 mm; 800 x 600 mm\";s:8:\"position\";i:3;s:10:\"is_visible\";i:1;s:12:\"is_variation\";i:0;s:11:\"is_taxonomy\";i:0;}s:9:\"thickness\";a:6:{s:4:\"name\";s:9:\"Thickness\";s:5:\"value\";s:5:\"12 mm\";s:8:\"position\";i:4;s:10:\"is_visible\";i:1;s:12:\"is_variation\";i:0;s:11:\"is_taxonomy\";i:0;}s:6:\"finish\";a:6:{s:4:\"name\";s:6:\"Finish\";s:5:\"value\";s:4:\"Matt\";s:8:\"position\";i:5;s:10:\"is_visible\";i:1;s:12:\"is_variation\";i:0;s:11:\"is_taxonomy\";i:0;}s:11:\"composition\";a:6:{s:4:\"name\";s:11:\"Composition\";s:5:\"value\";s:69:\"100% fibra di poliestere riciclata senza leganti o ritardanti chimici\";s:8:\"position\";i:6;s:10:\"is_visible\";i:1;s:12:\"is_variation\";i:0;s:11:\"is_taxonomy\";i:0;}s:11:\"fire-rating\";a:6:{s:4:\"name\";s:11:\"Fire Rating\";s:5:\"value\";s:7:\"B-s1-d0\";s:8:\"position\";i:7;s:10:\"is_visible\";i:1;s:12:\"is_variation\";i:0;s:11:\"is_taxonomy\";i:0;}}"],"attr_label_translations":["a:1:{s:2:\"it\";a:8:{s:7:\"backing\";s:7:\"Backing\";s:7:\"texture\";s:7:\"Texture\";s:5:\"color\";s:6:\"Colore\";s:4:\"size\";s:10:\"Dimensioni\";s:9:\"thickness\";s:8:\"Spessore\";s:6:\"finish\";s:8:\"Finitura\";s:11:\"composition\";s:12:\"Composizione\";s:11:\"fire-rating\";s:27:\"Classificazione antincendio\";}}"],"_wcml_average_rating":[null],"_wcml_review_count":[null],"_wcml_rating_count":[null],"_yoast_wpseo_primary_product_cat":["338"],"_backorders":["no"],"_download_limit":["-1"],"_download_expiry":["-1"],"_downloadable":["no"],"_manage_stock":["no"],"_sku":["APTSMO10004"],"_stock_status":["instock"],"_sold_individually":["no"],"_tax_class":[""],"_tax_status":["taxable"],"_virtual":["no"],"total_sales":["0"],"_wpml_media_duplicate":["1"],"_wpml_media_featured":["1"],"stick-header-meta":["default"],"site-sidebar-layout":["default"],"theme-transparent-header-meta":["default"],"ast-site-content-layout":["default"],"site-content-style":["default"],"site-sidebar-style":["default"],"_yoast_wpseo_title":["Acustone Acoustic PET | Liscio | Grigio chiaro"],"_yoast_wpseo_metadesc":["Pannello acustico liscio in PET grigio chiaro, 100% poliestere riciclato, classificazione antincendio B-s1-d0, fonoassorbente. Pulito, luminoso e sostenibile per interni moderni."],"_yoast_wpseo_focuskw":["Acustone acoustic PET liscio grigio chiaro"],"_upsell_ids":["a:3:{i:0;i:24747;i:1;i:25466;i:2;i:23465;}"],"_thumbnail_id":["26136"],"_wpml_word_count":["270"],"_uag_css_file_name":["uag-css-26134.css"],"_uag_js_file_name":["uag-js-26134.js"],"_elementor_edit_mode":["builder"],"_selectproduct_layout":["18110"],"two_optimized_date":["1778152710"],"woolentor_views_count_product":["6"],"tp_widgets":["a:2:{s:7:\"widgets\";a:6:{i:0;s:18:\"plus-list-skeleton\";i:1;s:22:\"plus-listing-load-more\";i:2;s:18:\"plus-listing-metro\";i:3;s:18:\"tp-product-listout\";i:4;s:17:\"tp-single-style_1\";i:5;s:19:\"tp-woo-single-image\";}s:9:\"update_at\";s:10:\"1776541402\";}"],"_wc_rating_count":[""],"_wc_review_count":[""],"_wc_average_rating":[0]},"uagb_featured_image_src":{"full":["https:\/\/xstone-dev.10web.cloud\/wp-content\/uploads\/2025\/12\/APT1280SMO01010-Acoutic-Panel-PET-Concrete-smooth-Light-Grey.webp",1600,1200,false],"thumbnail":["https:\/\/xstone-dev.10web.cloud\/wp-content\/uploads\/2025\/12\/APT1280SMO01010-Acoutic-Panel-PET-Concrete-smooth-Light-Grey-150x150.webp",150,150,true],"medium":["https:\/\/xstone-dev.10web.cloud\/wp-content\/uploads\/2025\/12\/APT1280SMO01010-Acoutic-Panel-PET-Concrete-smooth-Light-Grey-300x225.webp",300,225,true],"medium_large":["https:\/\/xstone-dev.10web.cloud\/wp-content\/uploads\/2025\/12\/APT1280SMO01010-Acoutic-Panel-PET-Concrete-smooth-Light-Grey-768x576.webp",768,576,true],"large":["https:\/\/xstone-dev.10web.cloud\/wp-content\/uploads\/2025\/12\/APT1280SMO01010-Acoutic-Panel-PET-Concrete-smooth-Light-Grey-1024x768.webp",1024,768,true],"1536x1536":["https:\/\/xstone-dev.10web.cloud\/wp-content\/uploads\/2025\/12\/APT1280SMO01010-Acoutic-Panel-PET-Concrete-smooth-Light-Grey-1536x1152.webp",1536,1152,true],"2048x2048":["https:\/\/xstone-dev.10web.cloud\/wp-content\/uploads\/2025\/12\/APT1280SMO01010-Acoutic-Panel-PET-Concrete-smooth-Light-Grey.webp",1600,1200,false],"tp-image-grid":["https:\/\/xstone-dev.10web.cloud\/wp-content\/uploads\/2025\/12\/APT1280SMO01010-Acoutic-Panel-PET-Concrete-smooth-Light-Grey-700x700.webp",700,700,true],"tenweb_optimizer_mobile":["https:\/\/xstone-dev.10web.cloud\/wp-content\/uploads\/2025\/12\/APT1280SMO01010-Acoutic-Panel-PET-Concrete-smooth-Light-Grey-600x450.webp",600,450,true],"tenweb_optimizer_tablet":["https:\/\/xstone-dev.10web.cloud\/wp-content\/uploads\/2025\/12\/APT1280SMO01010-Acoutic-Panel-PET-Concrete-smooth-Light-Grey-768x576.webp",768,576,true],"woocommerce_thumbnail":["https:\/\/xstone-dev.10web.cloud\/wp-content\/uploads\/2025\/12\/APT1280SMO01010-Acoutic-Panel-PET-Concrete-smooth-Light-Grey-300x300.webp",300,300,true],"woocommerce_single":["https:\/\/xstone-dev.10web.cloud\/wp-content\/uploads\/2025\/12\/APT1280SMO01010-Acoutic-Panel-PET-Concrete-smooth-Light-Grey-600x450.webp",600,450,true],"woocommerce_gallery_thumbnail":["https:\/\/xstone-dev.10web.cloud\/wp-content\/uploads\/2025\/12\/APT1280SMO01010-Acoutic-Panel-PET-Concrete-smooth-Light-Grey-100x100.webp",100,100,true]},"uagb_author_info":{"display_name":"laurent.gomez@xstone.group","author_link":"https:\/\/xstone-dev.10web.cloud\/it\/author\/"},"uagb_comment_info":0,"uagb_excerpt":"La chiarezza non \u00e8 un&#8217;assenza. \u00c8 una scelta. Questo pannello acustico Acustone in PET grigio chiaro \u00e8 uno studio di raffinata sobriet\u00e0: una superficie che assorbe sia il suono che l&#8217;attenzione, lasciando respirare lo spazio, la luce e la forma. La sua grana minerale vellutata e uniforme offre uno sfondo architettonico sereno: pallido, quasi lattiginoso,&hellip;","_links":{"self":[{"href":"https:\/\/xstone-dev.10web.cloud\/it\/wp-json\/wp\/v2\/product\/26134","targetHints":{"allow":["GET"]}}],"collection":[{"href":"https:\/\/xstone-dev.10web.cloud\/it\/wp-json\/wp\/v2\/product"}],"about":[{"href":"https:\/\/xstone-dev.10web.cloud\/it\/wp-json\/wp\/v2\/types\/product"}],"replies":[{"embeddable":true,"href":"https:\/\/xstone-dev.10web.cloud\/it\/wp-json\/wp\/v2\/comments?post=26134"}],"wp:featuredmedia":[{"embeddable":true,"href":"https:\/\/xstone-dev.10web.cloud\/it\/wp-json\/wp\/v2\/media\/26136"}],"wp:attachment":[{"href":"https:\/\/xstone-dev.10web.cloud\/it\/wp-json\/wp\/v2\/media?parent=26134"}],"wp:term":[{"taxonomy":"product_brand","embeddable":true,"href":"https:\/\/xstone-dev.10web.cloud\/it\/wp-json\/wp\/v2\/product_brand?post=26134"},{"taxonomy":"product_cat","embeddable":true,"href":"https:\/\/xstone-dev.10web.cloud\/it\/wp-json\/wp\/v2\/product_cat?post=26134"},{"taxonomy":"product_tag","embeddable":true,"href":"https:\/\/xstone-dev.10web.cloud\/it\/wp-json\/wp\/v2\/product_tag?post=26134"}],"curies":[{"name":"wp","href":"https:\/\/api.w.org\/{rel}","templated":true}]}}