{"id":21535,"date":"2026-04-10T10:52:42","date_gmt":"2026-04-10T10:52:42","guid":{"rendered":"https:\/\/xstone-dev.10web.cloud\/product\/10062-antracite\/"},"modified":"2026-04-10T10:52:42","modified_gmt":"2026-04-10T10:52:42","slug":"10062-anthracite","status":"publish","type":"product","link":"https:\/\/xstone-dev.10web.cloud\/it\/product\/10062-anthracite\/","title":{"rendered":"10062 | Antracite"},"content":{"rendered":"<p>La colorazione Antracite 10062 si colloca all&#8217;interno dello spettro dei grigi scuri, con un tono freddo dominante che tende al blu-acciaio. La superficie minerale di 2 mm presenta una texture naturale: micro-rilievi irregolari creano un discreto gioco di luci e ombre, caratteristico della pietra sedimentaria compressa. La coerenza cromatica \u00e8 intenzionalmente interrotta da sottili variazioni di densit\u00e0 &#8211; visibili sotto la luce di rastrelliera &#8211; che parlano dell&#8217;autenticit\u00e0 del materiale naturale. Questo colore si afferma naturalmente in progetti di design contemporaneo, industriale o brutalista: rivestimenti di pareti di hotel, negozi di alto livello, mobili architettonici.   <\/p>\n","protected":false},"excerpt":{"rendered":"<p>La colorazione Antracite 10062 si colloca all&#8217;interno dello spettro dei grigi scuri, con un tono freddo dominante che tende al blu-acciaio. La superficie minerale di 2 mm presenta una texture naturale: micro-rilievi irregolari creano un discreto gioco di luci e ombre, caratteristico della pietra sedimentaria compressa. La coerenza cromatica \u00e8 intenzionalmente interrotta da sottili variazioni [&hellip;]<\/p>\n","protected":false},"featured_media":21539,"comment_status":"open","ping_status":"closed","template":"","meta":{"_acf_changed":false,"_uag_custom_page_level_css":"","site-sidebar-layout":"default","site-content-layout":"","ast-site-content-layout":"default","site-content-style":"default","site-sidebar-style":"default","ast-global-header-display":"","ast-banner-title-visibility":"","ast-main-header-display":"","ast-hfb-above-header-display":"","ast-hfb-below-header-display":"","ast-hfb-mobile-header-display":"","site-post-title":"","ast-breadcrumbs-content":"","ast-featured-img":"","footer-sml-layout":"","theme-transparent-header-meta":"default","adv-header-id-meta":"","stick-header-meta":"default","header-above-stick-meta":"","header-main-stick-meta":"","header-below-stick-meta":"","astra-migrate-meta-layouts":"default","ast-page-background-enabled":"default","ast-page-background-meta":{"desktop":{"background-color":"var(--ast-global-color-4)","background-image":"","background-repeat":"repeat","background-position":"center center","background-size":"auto","background-attachment":"scroll","background-type":"","background-media":"","overlay-type":"","overlay-color":"","overlay-opacity":"","overlay-gradient":""},"tablet":{"background-color":"","background-image":"","background-repeat":"repeat","background-position":"center center","background-size":"auto","background-attachment":"scroll","background-type":"","background-media":"","overlay-type":"","overlay-color":"","overlay-opacity":"","overlay-gradient":""},"mobile":{"background-color":"","background-image":"","background-repeat":"repeat","background-position":"center center","background-size":"auto","background-attachment":"scroll","background-type":"","background-media":"","overlay-type":"","overlay-color":"","overlay-opacity":"","overlay-gradient":""}},"ast-content-background-meta":{"desktop":{"background-color":"var(--ast-global-color-5)","background-image":"","background-repeat":"repeat","background-position":"center center","background-size":"auto","background-attachment":"scroll","background-type":"","background-media":"","overlay-type":"","overlay-color":"","overlay-opacity":"","overlay-gradient":""},"tablet":{"background-color":"var(--ast-global-color-5)","background-image":"","background-repeat":"repeat","background-position":"center center","background-size":"auto","background-attachment":"scroll","background-type":"","background-media":"","overlay-type":"","overlay-color":"","overlay-opacity":"","overlay-gradient":""},"mobile":{"background-color":"var(--ast-global-color-5)","background-image":"","background-repeat":"repeat","background-position":"center center","background-size":"auto","background-attachment":"scroll","background-type":"","background-media":"","overlay-type":"","overlay-color":"","overlay-opacity":"","overlay-gradient":""}}},"product_brand":[],"product_cat":[2475,2555],"product_tag":[2831,2827,2819,2825,2829,2821,2823],"class_list":{"0":"post-21535","1":"product","2":"type-product","3":"status-publish","4":"has-post-thumbnail","6":"product_cat-color","7":"product_cat-grey","8":"product_tag-comp-color-18248","9":"product_tag-natural-concrete-finish","10":"product_tag-anthracite-grey","11":"product_tag-flexible-grey-panel","12":"product_tag-anthracite-flexible-stone","13":"product_tag-dark-mineral-stone","14":"product_tag-contemporary-wall-cladding","15":"desktop-align-left","16":"tablet-align-left","17":"mobile-align-left","19":"first","20":"instock","21":"shipping-taxable","22":"product-type-simple"},"acf":[],"yoast_head":"<!-- This site is optimized with the Yoast SEO Premium plugin v27.4 (Yoast SEO v27.4) - https:\/\/yoast.com\/product\/yoast-seo-premium-wordpress\/ -->\n<title>10062 | Antracite - XSTONE<\/title>\n<meta name=\"description\" content=\"Antracite 10062 - un profondo grigio blu-acciaio con sottili variazioni di texture minerale. Fresco, raffinato e di grande impatto.\" \/>\n<meta name=\"robots\" content=\"index, follow, max-snippet:-1, max-image-preview:large, max-video-preview:-1\" \/>\n<link rel=\"canonical\" href=\"https:\/\/xstone-dev.10web.cloud\/it\/product\/10062-anthracite\/\" \/>\n<meta property=\"og:locale\" content=\"it_IT\" \/>\n<meta property=\"og:type\" content=\"article\" \/>\n<meta property=\"og:title\" content=\"10062 | Antracite\" \/>\n<meta property=\"og:description\" content=\"Antracite 10062 - un profondo grigio blu-acciaio con sottili variazioni di texture minerale. Fresco, raffinato e di grande impatto.\" \/>\n<meta property=\"og:url\" content=\"https:\/\/xstone-dev.10web.cloud\/it\/product\/10062-anthracite\/\" \/>\n<meta property=\"og:site_name\" content=\"XSTONE\" \/>\n<meta property=\"article:publisher\" content=\"https:\/\/www.facebook.com\/Xstonesurfaces1\/\" \/>\n<meta property=\"og:image\" content=\"https:\/\/xstone-dev.10web.cloud\/wp-content\/uploads\/2026\/04\/XSTONE-Color-10062-Anthracite.webp\" \/>\n\t<meta property=\"og:image:width\" content=\"2560\" \/>\n\t<meta property=\"og:image:height\" content=\"1920\" \/>\n\t<meta property=\"og:image:type\" content=\"image\/webp\" \/>\n<meta name=\"twitter:card\" content=\"summary_large_image\" \/>\n<script type=\"application\/ld+json\" class=\"yoast-schema-graph\">{\"@context\":\"https:\\\/\\\/schema.org\",\"@graph\":[{\"@type\":\"WebPage\",\"@id\":\"https:\\\/\\\/xstone-dev.10web.cloud\\\/it\\\/product\\\/10062-anthracite\\\/\",\"url\":\"https:\\\/\\\/xstone-dev.10web.cloud\\\/it\\\/product\\\/10062-anthracite\\\/\",\"name\":\"10062 | Antracite - XSTONE\",\"isPartOf\":{\"@id\":\"https:\\\/\\\/xstone-dev.10web.cloud\\\/it\\\/#website\"},\"primaryImageOfPage\":{\"@id\":\"https:\\\/\\\/xstone-dev.10web.cloud\\\/it\\\/product\\\/10062-anthracite\\\/#primaryimage\"},\"image\":{\"@id\":\"https:\\\/\\\/xstone-dev.10web.cloud\\\/it\\\/product\\\/10062-anthracite\\\/#primaryimage\"},\"thumbnailUrl\":\"https:\\\/\\\/xstone-dev.10web.cloud\\\/wp-content\\\/uploads\\\/2026\\\/04\\\/XSTONE-Color-10062-Anthracite.webp\",\"datePublished\":\"2026-04-10T10:52:42+00:00\",\"description\":\"Antracite 10062 - un profondo grigio blu-acciaio con sottili variazioni di texture minerale. Fresco, raffinato e di grande impatto.\",\"breadcrumb\":{\"@id\":\"https:\\\/\\\/xstone-dev.10web.cloud\\\/it\\\/product\\\/10062-anthracite\\\/#breadcrumb\"},\"inLanguage\":\"it-IT\",\"potentialAction\":[{\"@type\":\"ReadAction\",\"target\":[\"https:\\\/\\\/xstone-dev.10web.cloud\\\/it\\\/product\\\/10062-anthracite\\\/\"]}]},{\"@type\":\"ImageObject\",\"inLanguage\":\"it-IT\",\"@id\":\"https:\\\/\\\/xstone-dev.10web.cloud\\\/it\\\/product\\\/10062-anthracite\\\/#primaryimage\",\"url\":\"https:\\\/\\\/xstone-dev.10web.cloud\\\/wp-content\\\/uploads\\\/2026\\\/04\\\/XSTONE-Color-10062-Anthracite.webp\",\"contentUrl\":\"https:\\\/\\\/xstone-dev.10web.cloud\\\/wp-content\\\/uploads\\\/2026\\\/04\\\/XSTONE-Color-10062-Anthracite.webp\",\"width\":2560,\"height\":1920},{\"@type\":\"BreadcrumbList\",\"@id\":\"https:\\\/\\\/xstone-dev.10web.cloud\\\/it\\\/product\\\/10062-anthracite\\\/#breadcrumb\",\"itemListElement\":[{\"@type\":\"ListItem\",\"position\":1,\"name\":\"Home\",\"item\":\"https:\\\/\\\/xstone-dev.10web.cloud\\\/it\\\/\"},{\"@type\":\"ListItem\",\"position\":2,\"name\":\"Prodotti\",\"item\":\"https:\\\/\\\/xstone-dev.10web.cloud\\\/it\\\/shop\\\/\"},{\"@type\":\"ListItem\",\"position\":3,\"name\":\"10062 | Antracite\"}]},{\"@type\":\"WebSite\",\"@id\":\"https:\\\/\\\/xstone-dev.10web.cloud\\\/it\\\/#website\",\"url\":\"https:\\\/\\\/xstone-dev.10web.cloud\\\/it\\\/\",\"name\":\"XSTONE\",\"description\":\"Bellezza minerale autentica e illimitata, svincolata dalla gravit\u00e0\",\"potentialAction\":[{\"@type\":\"SearchAction\",\"target\":{\"@type\":\"EntryPoint\",\"urlTemplate\":\"https:\\\/\\\/xstone-dev.10web.cloud\\\/it\\\/?s={search_term_string}\"},\"query-input\":{\"@type\":\"PropertyValueSpecification\",\"valueRequired\":true,\"valueName\":\"search_term_string\"}}],\"inLanguage\":\"it-IT\"}]}<\/script>\n<!-- \/ Yoast SEO Premium plugin. -->","yoast_head_json":{"title":"10062 | Antracite - XSTONE","description":"Antracite 10062 - un profondo grigio blu-acciaio con sottili variazioni di texture minerale. Fresco, raffinato e di grande impatto.","robots":{"index":"index","follow":"follow","max-snippet":"max-snippet:-1","max-image-preview":"max-image-preview:large","max-video-preview":"max-video-preview:-1"},"canonical":"https:\/\/xstone-dev.10web.cloud\/it\/product\/10062-anthracite\/","og_locale":"it_IT","og_type":"article","og_title":"10062 | Antracite","og_description":"Antracite 10062 - un profondo grigio blu-acciaio con sottili variazioni di texture minerale. Fresco, raffinato e di grande impatto.","og_url":"https:\/\/xstone-dev.10web.cloud\/it\/product\/10062-anthracite\/","og_site_name":"XSTONE","article_publisher":"https:\/\/www.facebook.com\/Xstonesurfaces1\/","og_image":[{"width":2560,"height":1920,"url":"https:\/\/xstone-dev.10web.cloud\/wp-content\/uploads\/2026\/04\/XSTONE-Color-10062-Anthracite.webp","type":"image\/webp"}],"twitter_card":"summary_large_image","schema":{"@context":"https:\/\/schema.org","@graph":[{"@type":"WebPage","@id":"https:\/\/xstone-dev.10web.cloud\/it\/product\/10062-anthracite\/","url":"https:\/\/xstone-dev.10web.cloud\/it\/product\/10062-anthracite\/","name":"10062 | Antracite - XSTONE","isPartOf":{"@id":"https:\/\/xstone-dev.10web.cloud\/it\/#website"},"primaryImageOfPage":{"@id":"https:\/\/xstone-dev.10web.cloud\/it\/product\/10062-anthracite\/#primaryimage"},"image":{"@id":"https:\/\/xstone-dev.10web.cloud\/it\/product\/10062-anthracite\/#primaryimage"},"thumbnailUrl":"https:\/\/xstone-dev.10web.cloud\/wp-content\/uploads\/2026\/04\/XSTONE-Color-10062-Anthracite.webp","datePublished":"2026-04-10T10:52:42+00:00","description":"Antracite 10062 - un profondo grigio blu-acciaio con sottili variazioni di texture minerale. Fresco, raffinato e di grande impatto.","breadcrumb":{"@id":"https:\/\/xstone-dev.10web.cloud\/it\/product\/10062-anthracite\/#breadcrumb"},"inLanguage":"it-IT","potentialAction":[{"@type":"ReadAction","target":["https:\/\/xstone-dev.10web.cloud\/it\/product\/10062-anthracite\/"]}]},{"@type":"ImageObject","inLanguage":"it-IT","@id":"https:\/\/xstone-dev.10web.cloud\/it\/product\/10062-anthracite\/#primaryimage","url":"https:\/\/xstone-dev.10web.cloud\/wp-content\/uploads\/2026\/04\/XSTONE-Color-10062-Anthracite.webp","contentUrl":"https:\/\/xstone-dev.10web.cloud\/wp-content\/uploads\/2026\/04\/XSTONE-Color-10062-Anthracite.webp","width":2560,"height":1920},{"@type":"BreadcrumbList","@id":"https:\/\/xstone-dev.10web.cloud\/it\/product\/10062-anthracite\/#breadcrumb","itemListElement":[{"@type":"ListItem","position":1,"name":"Home","item":"https:\/\/xstone-dev.10web.cloud\/it\/"},{"@type":"ListItem","position":2,"name":"Prodotti","item":"https:\/\/xstone-dev.10web.cloud\/it\/shop\/"},{"@type":"ListItem","position":3,"name":"10062 | Antracite"}]},{"@type":"WebSite","@id":"https:\/\/xstone-dev.10web.cloud\/it\/#website","url":"https:\/\/xstone-dev.10web.cloud\/it\/","name":"XSTONE","description":"Bellezza minerale autentica e illimitata, svincolata dalla gravit\u00e0","potentialAction":[{"@type":"SearchAction","target":{"@type":"EntryPoint","urlTemplate":"https:\/\/xstone-dev.10web.cloud\/it\/?s={search_term_string}"},"query-input":{"@type":"PropertyValueSpecification","valueRequired":true,"valueName":"search_term_string"}}],"inLanguage":"it-IT"}]}},"spectra_custom_meta":{"_last_translation_edit_mode":["translation-editor"],"_wcml_average_rating":[null],"_wcml_review_count":[null],"_wcml_rating_count":[null],"_yoast_wpseo_primary_product_cat":["318"],"_backorders":["no"],"_download_limit":["-1"],"_download_expiry":["-1"],"_downloadable":["no"],"_manage_stock":["no"],"_sku":["10062"],"_stock_status":["instock"],"_sold_individually":["no"],"_tax_class":[""],"_tax_status":["taxable"],"_virtual":["no"],"total_sales":["0"],"_wpml_media_duplicate":["1"],"_wpml_media_featured":["1"],"stick-header-meta":["default"],"site-sidebar-layout":["default"],"theme-transparent-header-meta":["default"],"ast-site-content-layout":["default"],"site-content-style":["default"],"site-sidebar-style":["default"],"_yoast_wpseo_metadesc":["Antracite 10062 - un profondo grigio blu-acciaio con sottili variazioni di texture minerale. Fresco, raffinato e di grande impatto."],"_yoast_wpseo_focuskw":["Superficie minerale antracite"],"_product_image_gallery":[""],"_thumbnail_id":["21539"],"_product_attributes":["a:2:{s:7:\"pa_tone\";a:6:{s:4:\"name\";s:7:\"pa_tone\";s:5:\"value\";s:0:\"\";s:8:\"position\";i:0;s:10:\"is_visible\";i:1;s:12:\"is_variation\";i:0;s:11:\"is_taxonomy\";i:1;}s:9:\"pa_finish\";a:6:{s:4:\"name\";s:9:\"pa_finish\";s:5:\"value\";s:0:\"\";s:8:\"position\";i:2;s:10:\"is_visible\";i:1;s:12:\"is_variation\";i:0;s:11:\"is_taxonomy\";i:1;}}"],"_wpml_word_count":["119"],"two_optimized_date":["1776540958"],"woolentor_views_count_product":["3"],"_uag_css_file_name":["uag-css-21535.css"],"_uag_js_file_name":["uag-js-21535.js"],"tp_widgets":["a:2:{s:7:\"widgets\";a:6:{i:0;s:18:\"plus-list-skeleton\";i:1;s:22:\"plus-listing-load-more\";i:2;s:18:\"plus-listing-metro\";i:3;s:18:\"tp-product-listout\";i:4;s:17:\"tp-single-style_1\";i:5;s:19:\"tp-woo-single-image\";}s:9:\"update_at\";s:10:\"1776540633\";}"],"_elementor_edit_mode":["builder"],"_selectproduct_layout":["16271"],"_wc_rating_count":[""],"_wc_review_count":[""],"_wc_average_rating":[0]},"uagb_featured_image_src":{"full":["https:\/\/xstone-dev.10web.cloud\/wp-content\/uploads\/2026\/04\/XSTONE-Color-10062-Anthracite.webp",2560,1920,false],"thumbnail":["https:\/\/xstone-dev.10web.cloud\/wp-content\/uploads\/2026\/04\/XSTONE-Color-10062-Anthracite-150x150.webp",150,150,true],"medium":["https:\/\/xstone-dev.10web.cloud\/wp-content\/uploads\/2026\/04\/XSTONE-Color-10062-Anthracite-300x225.webp",300,225,true],"medium_large":["https:\/\/xstone-dev.10web.cloud\/wp-content\/uploads\/2026\/04\/XSTONE-Color-10062-Anthracite-768x576.webp",768,576,true],"large":["https:\/\/xstone-dev.10web.cloud\/wp-content\/uploads\/2026\/04\/XSTONE-Color-10062-Anthracite-1024x768.webp",1024,768,true],"1536x1536":["https:\/\/xstone-dev.10web.cloud\/wp-content\/uploads\/2026\/04\/XSTONE-Color-10062-Anthracite-1536x1152.webp",1536,1152,true],"2048x2048":["https:\/\/xstone-dev.10web.cloud\/wp-content\/uploads\/2026\/04\/XSTONE-Color-10062-Anthracite-2048x1536.webp",2048,1536,true],"tp-image-grid":["https:\/\/xstone-dev.10web.cloud\/wp-content\/uploads\/2026\/04\/XSTONE-Color-10062-Anthracite-700x700.webp",700,700,true],"tenweb_optimizer_mobile":["https:\/\/xstone-dev.10web.cloud\/wp-content\/uploads\/2026\/04\/XSTONE-Color-10062-Anthracite-600x450.webp",600,450,true],"tenweb_optimizer_tablet":["https:\/\/xstone-dev.10web.cloud\/wp-content\/uploads\/2026\/04\/XSTONE-Color-10062-Anthracite-768x576.webp",768,576,true],"woocommerce_thumbnail":["https:\/\/xstone-dev.10web.cloud\/wp-content\/uploads\/2026\/04\/XSTONE-Color-10062-Anthracite-300x300.webp",300,300,true],"woocommerce_single":["https:\/\/xstone-dev.10web.cloud\/wp-content\/uploads\/2026\/04\/XSTONE-Color-10062-Anthracite-600x450.webp",600,450,true],"woocommerce_gallery_thumbnail":["https:\/\/xstone-dev.10web.cloud\/wp-content\/uploads\/2026\/04\/XSTONE-Color-10062-Anthracite-100x100.webp",100,100,true]},"uagb_author_info":{"display_name":"laurent.gomez@xstone.group","author_link":"https:\/\/xstone-dev.10web.cloud\/it\/author\/"},"uagb_comment_info":0,"uagb_excerpt":"La colorazione Antracite 10062 si colloca all&#8217;interno dello spettro dei grigi scuri, con un tono freddo dominante che tende al blu-acciaio. La superficie minerale di 2 mm presenta una texture naturale: micro-rilievi irregolari creano un discreto gioco di luci e ombre, caratteristico della pietra sedimentaria compressa. La coerenza cromatica \u00e8 intenzionalmente interrotta da sottili variazioni&hellip;","_links":{"self":[{"href":"https:\/\/xstone-dev.10web.cloud\/it\/wp-json\/wp\/v2\/product\/21535","targetHints":{"allow":["GET"]}}],"collection":[{"href":"https:\/\/xstone-dev.10web.cloud\/it\/wp-json\/wp\/v2\/product"}],"about":[{"href":"https:\/\/xstone-dev.10web.cloud\/it\/wp-json\/wp\/v2\/types\/product"}],"replies":[{"embeddable":true,"href":"https:\/\/xstone-dev.10web.cloud\/it\/wp-json\/wp\/v2\/comments?post=21535"}],"wp:featuredmedia":[{"embeddable":true,"href":"https:\/\/xstone-dev.10web.cloud\/it\/wp-json\/wp\/v2\/media\/21539"}],"wp:attachment":[{"href":"https:\/\/xstone-dev.10web.cloud\/it\/wp-json\/wp\/v2\/media?parent=21535"}],"wp:term":[{"taxonomy":"product_brand","embeddable":true,"href":"https:\/\/xstone-dev.10web.cloud\/it\/wp-json\/wp\/v2\/product_brand?post=21535"},{"taxonomy":"product_cat","embeddable":true,"href":"https:\/\/xstone-dev.10web.cloud\/it\/wp-json\/wp\/v2\/product_cat?post=21535"},{"taxonomy":"product_tag","embeddable":true,"href":"https:\/\/xstone-dev.10web.cloud\/it\/wp-json\/wp\/v2\/product_tag?post=21535"}],"curies":[{"name":"wp","href":"https:\/\/api.w.org\/{rel}","templated":true}]}}