{"id":24446,"date":"2026-01-20T13:53:30","date_gmt":"2026-01-20T13:53:30","guid":{"rendered":"https:\/\/xstone-dev.10web.cloud\/product\/10026-ivoire-clair\/"},"modified":"2026-01-20T13:53:30","modified_gmt":"2026-01-20T13:53:30","slug":"10026-light-ivory","status":"publish","type":"product","link":"https:\/\/xstone-dev.10web.cloud\/fr\/product\/10026-light-ivory\/","title":{"rendered":"10026 | Ivoire clair"},"content":{"rendered":"<p>Cette couleur ressemble \u00e0 l&rsquo;\u00e9clat doux de la pierre ivoire dans la lumi\u00e8re chaude du jour &#8211; un blanc cass\u00e9 doux, beige cr\u00e8me avec des mouchetures min\u00e9rales \u00e0 peine visibles qui lui donnent une profondeur naturelle et vivante. Elle apporte de la lumi\u00e8re, de la chaleur et du calme dans un espace sans jamais donner l&rsquo;impression d&rsquo;\u00eatre st\u00e9rile, cr\u00e9ant ainsi des int\u00e9rieurs sereins, raffin\u00e9s et tranquillement luxueux, o\u00f9 la luminosit\u00e9 est \u00e9quilibr\u00e9e par la douceur. <\/p>\n","protected":false},"excerpt":{"rendered":"<p>Cette couleur ressemble \u00e0 l&rsquo;\u00e9clat doux de la pierre ivoire dans la lumi\u00e8re chaude du jour &#8211; un blanc cass\u00e9 doux, beige cr\u00e8me avec des mouchetures min\u00e9rales \u00e0 peine visibles qui lui donnent une profondeur naturelle et vivante. Elle apporte de la lumi\u00e8re, de la chaleur et du calme dans un espace sans jamais donner [&hellip;]<\/p>\n","protected":false},"featured_media":16989,"comment_status":"open","ping_status":"closed","template":"","meta":{"_acf_changed":false,"_uag_custom_page_level_css":"","site-sidebar-layout":"default","site-content-layout":"","ast-site-content-layout":"default","site-content-style":"default","site-sidebar-style":"default","ast-global-header-display":"","ast-banner-title-visibility":"","ast-main-header-display":"","ast-hfb-above-header-display":"","ast-hfb-below-header-display":"","ast-hfb-mobile-header-display":"","site-post-title":"","ast-breadcrumbs-content":"","ast-featured-img":"","footer-sml-layout":"","theme-transparent-header-meta":"default","adv-header-id-meta":"","stick-header-meta":"default","header-above-stick-meta":"","header-main-stick-meta":"","header-below-stick-meta":"","astra-migrate-meta-layouts":"default","ast-page-background-enabled":"default","ast-page-background-meta":{"desktop":{"background-color":"var(--ast-global-color-4)","background-image":"","background-repeat":"repeat","background-position":"center center","background-size":"auto","background-attachment":"scroll","background-type":"","background-media":"","overlay-type":"","overlay-color":"","overlay-opacity":"","overlay-gradient":""},"tablet":{"background-color":"","background-image":"","background-repeat":"repeat","background-position":"center center","background-size":"auto","background-attachment":"scroll","background-type":"","background-media":"","overlay-type":"","overlay-color":"","overlay-opacity":"","overlay-gradient":""},"mobile":{"background-color":"","background-image":"","background-repeat":"repeat","background-position":"center center","background-size":"auto","background-attachment":"scroll","background-type":"","background-media":"","overlay-type":"","overlay-color":"","overlay-opacity":"","overlay-gradient":""}},"ast-content-background-meta":{"desktop":{"background-color":"var(--ast-global-color-5)","background-image":"","background-repeat":"repeat","background-position":"center center","background-size":"auto","background-attachment":"scroll","background-type":"","background-media":"","overlay-type":"","overlay-color":"","overlay-opacity":"","overlay-gradient":""},"tablet":{"background-color":"var(--ast-global-color-5)","background-image":"","background-repeat":"repeat","background-position":"center center","background-size":"auto","background-attachment":"scroll","background-type":"","background-media":"","overlay-type":"","overlay-color":"","overlay-opacity":"","overlay-gradient":""},"mobile":{"background-color":"var(--ast-global-color-5)","background-image":"","background-repeat":"repeat","background-position":"center center","background-size":"auto","background-attachment":"scroll","background-type":"","background-media":"","overlay-type":"","overlay-color":"","overlay-opacity":"","overlay-gradient":""}}},"product_brand":[],"product_cat":[2320,2672,4380],"product_tag":[7919,7921,7917],"class_list":{"0":"post-24446","1":"product","2":"type-product","3":"status-publish","4":"has-post-thumbnail","6":"product_cat-color","7":"product_cat-yellow","8":"product_cat-tone-on-tone","9":"product_tag-warm-off-white","10":"product_tag-comp-color-16987","11":"product_tag-ivory-beige","12":"desktop-align-left","13":"tablet-align-left","14":"mobile-align-left","16":"first","17":"instock","18":"shipping-taxable","19":"product-type-simple"},"acf":[],"yoast_head":"<!-- This site is optimized with the Yoast SEO Premium plugin v27.4 (Yoast SEO v27.4) - https:\/\/yoast.com\/product\/yoast-seo-premium-wordpress\/ -->\n<title>10026 | Ivoire clair - XSTONE<\/title>\n<meta name=\"description\" content=\"Un ton min\u00e9ral ivoire-beige doux avec une texture subtile, id\u00e9al pour cr\u00e9er des espaces architecturaux et int\u00e9rieurs chaleureux, calmes et \u00e9l\u00e9gants.\" \/>\n<meta name=\"robots\" content=\"index, follow, max-snippet:-1, max-image-preview:large, max-video-preview:-1\" \/>\n<link rel=\"canonical\" href=\"https:\/\/xstone-dev.10web.cloud\/fr\/product\/10026-light-ivory\/\" \/>\n<meta property=\"og:locale\" content=\"fr_FR\" \/>\n<meta property=\"og:type\" content=\"article\" \/>\n<meta property=\"og:title\" content=\"10026 | Ivoire clair\" \/>\n<meta property=\"og:description\" content=\"Un ton min\u00e9ral ivoire-beige doux avec une texture subtile, id\u00e9al pour cr\u00e9er des espaces architecturaux et int\u00e9rieurs chaleureux, calmes et \u00e9l\u00e9gants.\" \/>\n<meta property=\"og:url\" content=\"https:\/\/xstone-dev.10web.cloud\/fr\/product\/10026-light-ivory\/\" \/>\n<meta property=\"og:site_name\" content=\"XSTONE\" \/>\n<meta property=\"article:publisher\" content=\"https:\/\/www.facebook.com\/Xstonesurfaces1\/\" \/>\n<meta property=\"og:image\" content=\"https:\/\/xstone-dev.10web.cloud\/wp-content\/uploads\/2026\/01\/XStone-Color-10026-scaled.webp\" \/>\n\t<meta property=\"og:image:width\" content=\"2560\" \/>\n\t<meta property=\"og:image:height\" content=\"1686\" \/>\n\t<meta property=\"og:image:type\" content=\"image\/webp\" \/>\n<meta name=\"twitter:card\" content=\"summary_large_image\" \/>\n<script type=\"application\/ld+json\" class=\"yoast-schema-graph\">{\"@context\":\"https:\\\/\\\/schema.org\",\"@graph\":[{\"@type\":\"WebPage\",\"@id\":\"https:\\\/\\\/xstone-dev.10web.cloud\\\/fr\\\/product\\\/10026-light-ivory\\\/\",\"url\":\"https:\\\/\\\/xstone-dev.10web.cloud\\\/fr\\\/product\\\/10026-light-ivory\\\/\",\"name\":\"10026 | Ivoire clair - XSTONE\",\"isPartOf\":{\"@id\":\"https:\\\/\\\/xstone-dev.10web.cloud\\\/fr\\\/#website\"},\"primaryImageOfPage\":{\"@id\":\"https:\\\/\\\/xstone-dev.10web.cloud\\\/fr\\\/product\\\/10026-light-ivory\\\/#primaryimage\"},\"image\":{\"@id\":\"https:\\\/\\\/xstone-dev.10web.cloud\\\/fr\\\/product\\\/10026-light-ivory\\\/#primaryimage\"},\"thumbnailUrl\":\"https:\\\/\\\/xstone-dev.10web.cloud\\\/wp-content\\\/uploads\\\/2026\\\/01\\\/XStone-Color-10026-scaled.webp\",\"datePublished\":\"2026-01-20T13:53:30+00:00\",\"description\":\"Un ton min\u00e9ral ivoire-beige doux avec une texture subtile, id\u00e9al pour cr\u00e9er des espaces architecturaux et int\u00e9rieurs chaleureux, calmes et \u00e9l\u00e9gants.\",\"breadcrumb\":{\"@id\":\"https:\\\/\\\/xstone-dev.10web.cloud\\\/fr\\\/product\\\/10026-light-ivory\\\/#breadcrumb\"},\"inLanguage\":\"fr-FR\",\"potentialAction\":[{\"@type\":\"ReadAction\",\"target\":[\"https:\\\/\\\/xstone-dev.10web.cloud\\\/fr\\\/product\\\/10026-light-ivory\\\/\"]}]},{\"@type\":\"ImageObject\",\"inLanguage\":\"fr-FR\",\"@id\":\"https:\\\/\\\/xstone-dev.10web.cloud\\\/fr\\\/product\\\/10026-light-ivory\\\/#primaryimage\",\"url\":\"https:\\\/\\\/xstone-dev.10web.cloud\\\/wp-content\\\/uploads\\\/2026\\\/01\\\/XStone-Color-10026-scaled.webp\",\"contentUrl\":\"https:\\\/\\\/xstone-dev.10web.cloud\\\/wp-content\\\/uploads\\\/2026\\\/01\\\/XStone-Color-10026-scaled.webp\",\"width\":2560,\"height\":1686,\"caption\":\"XStone - Couleur - Ivoire clair\"},{\"@type\":\"BreadcrumbList\",\"@id\":\"https:\\\/\\\/xstone-dev.10web.cloud\\\/fr\\\/product\\\/10026-light-ivory\\\/#breadcrumb\",\"itemListElement\":[{\"@type\":\"ListItem\",\"position\":1,\"name\":\"Home\",\"item\":\"https:\\\/\\\/xstone-dev.10web.cloud\\\/fr\\\/\"},{\"@type\":\"ListItem\",\"position\":2,\"name\":\"Produits\",\"item\":\"https:\\\/\\\/xstone-dev.10web.cloud\\\/fr\\\/shop\\\/\"},{\"@type\":\"ListItem\",\"position\":3,\"name\":\"10026 | Ivoire clair\"}]},{\"@type\":\"WebSite\",\"@id\":\"https:\\\/\\\/xstone-dev.10web.cloud\\\/fr\\\/#website\",\"url\":\"https:\\\/\\\/xstone-dev.10web.cloud\\\/fr\\\/\",\"name\":\"XSTONE\",\"description\":\"Une beaut\u00e9 min\u00e9rale authentique et illimit\u00e9e, lib\u00e9r\u00e9e de la pesanteur\",\"publisher\":{\"@id\":\"https:\\\/\\\/xstone-dev.10web.cloud\\\/fr\\\/#organization\"},\"potentialAction\":[{\"@type\":\"SearchAction\",\"target\":{\"@type\":\"EntryPoint\",\"urlTemplate\":\"https:\\\/\\\/xstone-dev.10web.cloud\\\/fr\\\/?s={search_term_string}\"},\"query-input\":{\"@type\":\"PropertyValueSpecification\",\"valueRequired\":true,\"valueName\":\"search_term_string\"}}],\"inLanguage\":\"fr-FR\"},{\"@type\":\"Organization\",\"@id\":\"https:\\\/\\\/xstone-dev.10web.cloud\\\/fr\\\/#organization\",\"name\":\"XSTONE\",\"url\":\"https:\\\/\\\/xstone-dev.10web.cloud\\\/fr\\\/\",\"logo\":{\"@type\":\"ImageObject\",\"inLanguage\":\"fr-FR\",\"@id\":\"https:\\\/\\\/xstone-dev.10web.cloud\\\/fr\\\/#\\\/schema\\\/logo\\\/image\\\/\",\"url\":\"https:\\\/\\\/xstone-dev.10web.cloud\\\/wp-content\\\/uploads\\\/2025\\\/10\\\/cropped-XStone-Surfaces-Logo-white.webp\",\"contentUrl\":\"https:\\\/\\\/xstone-dev.10web.cloud\\\/wp-content\\\/uploads\\\/2025\\\/10\\\/cropped-XStone-Surfaces-Logo-white.webp\",\"width\":226,\"height\":75,\"caption\":\"XSTONE\"},\"image\":{\"@id\":\"https:\\\/\\\/xstone-dev.10web.cloud\\\/fr\\\/#\\\/schema\\\/logo\\\/image\\\/\"},\"sameAs\":[\"https:\\\/\\\/www.facebook.com\\\/Xstonesurfaces1\\\/\",\"https:\\\/\\\/www.linkedin.com\\\/company\\\/concrete-on-roll-xstone\\\/\",\"https:\\\/\\\/www.youtube.com\\\/@xstoneteam3953\\\/videos\",\"https:\\\/\\\/www.instagram.com\\\/xstone.surfacesuk\\\/\"],\"description\":\"XSTONE\u00ae fournit des surfaces min\u00e9rales innovantes, flexibles et durables pour architecture, ameublement et design. Explorez nos solutions premium.\",\"email\":\"info@xstone.group\",\"legalName\":\"XSTONE SRL\",\"foundingDate\":\"2007-01-01\",\"vatID\":\"RO53094294\",\"numberOfEmployees\":{\"@type\":\"QuantitativeValue\",\"minValue\":\"1\",\"maxValue\":\"10\"}}]}<\/script>\n<!-- \/ Yoast SEO Premium plugin. -->","yoast_head_json":{"title":"10026 | Ivoire clair - XSTONE","description":"Un ton min\u00e9ral ivoire-beige doux avec une texture subtile, id\u00e9al pour cr\u00e9er des espaces architecturaux et int\u00e9rieurs chaleureux, calmes et \u00e9l\u00e9gants.","robots":{"index":"index","follow":"follow","max-snippet":"max-snippet:-1","max-image-preview":"max-image-preview:large","max-video-preview":"max-video-preview:-1"},"canonical":"https:\/\/xstone-dev.10web.cloud\/fr\/product\/10026-light-ivory\/","og_locale":"fr_FR","og_type":"article","og_title":"10026 | Ivoire clair","og_description":"Un ton min\u00e9ral ivoire-beige doux avec une texture subtile, id\u00e9al pour cr\u00e9er des espaces architecturaux et int\u00e9rieurs chaleureux, calmes et \u00e9l\u00e9gants.","og_url":"https:\/\/xstone-dev.10web.cloud\/fr\/product\/10026-light-ivory\/","og_site_name":"XSTONE","article_publisher":"https:\/\/www.facebook.com\/Xstonesurfaces1\/","og_image":[{"width":2560,"height":1686,"url":"https:\/\/xstone-dev.10web.cloud\/wp-content\/uploads\/2026\/01\/XStone-Color-10026-scaled.webp","type":"image\/webp"}],"twitter_card":"summary_large_image","schema":{"@context":"https:\/\/schema.org","@graph":[{"@type":"WebPage","@id":"https:\/\/xstone-dev.10web.cloud\/fr\/product\/10026-light-ivory\/","url":"https:\/\/xstone-dev.10web.cloud\/fr\/product\/10026-light-ivory\/","name":"10026 | Ivoire clair - XSTONE","isPartOf":{"@id":"https:\/\/xstone-dev.10web.cloud\/fr\/#website"},"primaryImageOfPage":{"@id":"https:\/\/xstone-dev.10web.cloud\/fr\/product\/10026-light-ivory\/#primaryimage"},"image":{"@id":"https:\/\/xstone-dev.10web.cloud\/fr\/product\/10026-light-ivory\/#primaryimage"},"thumbnailUrl":"https:\/\/xstone-dev.10web.cloud\/wp-content\/uploads\/2026\/01\/XStone-Color-10026-scaled.webp","datePublished":"2026-01-20T13:53:30+00:00","description":"Un ton min\u00e9ral ivoire-beige doux avec une texture subtile, id\u00e9al pour cr\u00e9er des espaces architecturaux et int\u00e9rieurs chaleureux, calmes et \u00e9l\u00e9gants.","breadcrumb":{"@id":"https:\/\/xstone-dev.10web.cloud\/fr\/product\/10026-light-ivory\/#breadcrumb"},"inLanguage":"fr-FR","potentialAction":[{"@type":"ReadAction","target":["https:\/\/xstone-dev.10web.cloud\/fr\/product\/10026-light-ivory\/"]}]},{"@type":"ImageObject","inLanguage":"fr-FR","@id":"https:\/\/xstone-dev.10web.cloud\/fr\/product\/10026-light-ivory\/#primaryimage","url":"https:\/\/xstone-dev.10web.cloud\/wp-content\/uploads\/2026\/01\/XStone-Color-10026-scaled.webp","contentUrl":"https:\/\/xstone-dev.10web.cloud\/wp-content\/uploads\/2026\/01\/XStone-Color-10026-scaled.webp","width":2560,"height":1686,"caption":"XStone - Couleur - Ivoire clair"},{"@type":"BreadcrumbList","@id":"https:\/\/xstone-dev.10web.cloud\/fr\/product\/10026-light-ivory\/#breadcrumb","itemListElement":[{"@type":"ListItem","position":1,"name":"Home","item":"https:\/\/xstone-dev.10web.cloud\/fr\/"},{"@type":"ListItem","position":2,"name":"Produits","item":"https:\/\/xstone-dev.10web.cloud\/fr\/shop\/"},{"@type":"ListItem","position":3,"name":"10026 | Ivoire clair"}]},{"@type":"WebSite","@id":"https:\/\/xstone-dev.10web.cloud\/fr\/#website","url":"https:\/\/xstone-dev.10web.cloud\/fr\/","name":"XSTONE","description":"Une beaut\u00e9 min\u00e9rale authentique et illimit\u00e9e, lib\u00e9r\u00e9e de la pesanteur","publisher":{"@id":"https:\/\/xstone-dev.10web.cloud\/fr\/#organization"},"potentialAction":[{"@type":"SearchAction","target":{"@type":"EntryPoint","urlTemplate":"https:\/\/xstone-dev.10web.cloud\/fr\/?s={search_term_string}"},"query-input":{"@type":"PropertyValueSpecification","valueRequired":true,"valueName":"search_term_string"}}],"inLanguage":"fr-FR"},{"@type":"Organization","@id":"https:\/\/xstone-dev.10web.cloud\/fr\/#organization","name":"XSTONE","url":"https:\/\/xstone-dev.10web.cloud\/fr\/","logo":{"@type":"ImageObject","inLanguage":"fr-FR","@id":"https:\/\/xstone-dev.10web.cloud\/fr\/#\/schema\/logo\/image\/","url":"https:\/\/xstone-dev.10web.cloud\/wp-content\/uploads\/2025\/10\/cropped-XStone-Surfaces-Logo-white.webp","contentUrl":"https:\/\/xstone-dev.10web.cloud\/wp-content\/uploads\/2025\/10\/cropped-XStone-Surfaces-Logo-white.webp","width":226,"height":75,"caption":"XSTONE"},"image":{"@id":"https:\/\/xstone-dev.10web.cloud\/fr\/#\/schema\/logo\/image\/"},"sameAs":["https:\/\/www.facebook.com\/Xstonesurfaces1\/","https:\/\/www.linkedin.com\/company\/concrete-on-roll-xstone\/","https:\/\/www.youtube.com\/@xstoneteam3953\/videos","https:\/\/www.instagram.com\/xstone.surfacesuk\/"],"description":"XSTONE\u00ae fournit des surfaces min\u00e9rales innovantes, flexibles et durables pour architecture, ameublement et design. Explorez nos solutions premium.","email":"info@xstone.group","legalName":"XSTONE SRL","foundingDate":"2007-01-01","vatID":"RO53094294","numberOfEmployees":{"@type":"QuantitativeValue","minValue":"1","maxValue":"10"}}]}},"spectra_custom_meta":{"_last_translation_edit_mode":["translation-editor"],"_wcml_average_rating":[null],"_wcml_review_count":[null],"_wcml_rating_count":[null],"_yoast_wpseo_primary_product_cat":["318"],"_backorders":["no"],"_download_limit":["-1"],"_download_expiry":["-1"],"_downloadable":["no"],"_manage_stock":["no"],"_sku":["10026"],"_stock_status":["instock"],"_sold_individually":["no"],"_tax_class":[""],"_tax_status":["taxable"],"_virtual":["no"],"total_sales":["0"],"_wpml_media_duplicate":["1"],"_wpml_media_featured":["1"],"stick-header-meta":["default"],"site-sidebar-layout":["default"],"theme-transparent-header-meta":["default"],"ast-site-content-layout":["default"],"site-content-style":["default"],"site-sidebar-style":["default"],"_yoast_wpseo_metadesc":["Un ton min\u00e9ral ivoire-beige doux avec une texture subtile, id\u00e9al pour cr\u00e9er des espaces architecturaux et int\u00e9rieurs chaleureux, calmes et \u00e9l\u00e9gants."],"_yoast_wpseo_focuskw":["ivoire beige surface min\u00e9rale"],"_thumbnail_id":["16989"],"_product_image_gallery":[""],"_product_attributes":["a:3:{s:7:\"pa_tone\";a:6:{s:4:\"name\";s:7:\"pa_tone\";s:5:\"value\";s:0:\"\";s:8:\"position\";i:0;s:10:\"is_visible\";i:1;s:12:\"is_variation\";i:0;s:11:\"is_taxonomy\";i:1;}s:13:\"pa_color-code\";a:6:{s:4:\"name\";s:13:\"pa_color-code\";s:5:\"value\";s:0:\"\";s:8:\"position\";i:1;s:10:\"is_visible\";i:1;s:12:\"is_variation\";i:0;s:11:\"is_taxonomy\";i:1;}s:9:\"pa_finish\";a:6:{s:4:\"name\";s:9:\"pa_finish\";s:5:\"value\";s:0:\"\";s:8:\"position\";i:2;s:10:\"is_visible\";i:1;s:12:\"is_variation\";i:0;s:11:\"is_taxonomy\";i:1;}}"],"_wpml_word_count":["84"],"two_optimized_date":["1776559852"],"woolentor_views_count_product":["4"],"_uag_css_file_name":["uag-css-24446.css"],"_uag_js_file_name":["uag-js-24446.js"],"tp_widgets":["a:2:{s:7:\"widgets\";a:6:{i:0;s:18:\"plus-list-skeleton\";i:1;s:22:\"plus-listing-load-more\";i:2;s:18:\"plus-listing-metro\";i:3;s:18:\"tp-product-listout\";i:4;s:17:\"tp-single-style_1\";i:5;s:19:\"tp-woo-single-image\";}s:9:\"update_at\";s:10:\"1776541402\";}"],"_elementor_edit_mode":["builder"],"_selectproduct_layout":["16271"],"_wc_rating_count":[""],"_wc_review_count":[""],"_wc_average_rating":[0]},"uagb_featured_image_src":{"full":["https:\/\/xstone-dev.10web.cloud\/wp-content\/uploads\/2026\/01\/XStone-Color-10026-scaled.webp",2560,1686,false],"thumbnail":["https:\/\/xstone-dev.10web.cloud\/wp-content\/uploads\/2026\/01\/XStone-Color-10026-150x150.webp",150,150,true],"medium":["https:\/\/xstone-dev.10web.cloud\/wp-content\/uploads\/2026\/01\/XStone-Color-10026-300x198.webp",300,198,true],"medium_large":["https:\/\/xstone-dev.10web.cloud\/wp-content\/uploads\/2026\/01\/XStone-Color-10026-768x506.webp",768,506,true],"large":["https:\/\/xstone-dev.10web.cloud\/wp-content\/uploads\/2026\/01\/XStone-Color-10026-1024x674.webp",1024,674,true],"1536x1536":["https:\/\/xstone-dev.10web.cloud\/wp-content\/uploads\/2026\/01\/XStone-Color-10026-1536x1011.webp",1536,1011,true],"2048x2048":["https:\/\/xstone-dev.10web.cloud\/wp-content\/uploads\/2026\/01\/XStone-Color-10026-2048x1349.webp",2048,1349,true],"tp-image-grid":["https:\/\/xstone-dev.10web.cloud\/wp-content\/uploads\/2026\/01\/XStone-Color-10026-700x700.webp",700,700,true],"tenweb_optimizer_mobile":["https:\/\/xstone-dev.10web.cloud\/wp-content\/uploads\/2026\/01\/XStone-Color-10026-600x395.webp",600,395,true],"tenweb_optimizer_tablet":["https:\/\/xstone-dev.10web.cloud\/wp-content\/uploads\/2026\/01\/XStone-Color-10026-768x506.webp",768,506,true],"woocommerce_thumbnail":["https:\/\/xstone-dev.10web.cloud\/wp-content\/uploads\/2026\/01\/XStone-Color-10026-300x300.webp",300,300,true],"woocommerce_single":["https:\/\/xstone-dev.10web.cloud\/wp-content\/uploads\/2026\/01\/XStone-Color-10026-600x395.webp",600,395,true],"woocommerce_gallery_thumbnail":["https:\/\/xstone-dev.10web.cloud\/wp-content\/uploads\/2026\/01\/XStone-Color-10026-100x100.webp",100,100,true]},"uagb_author_info":{"display_name":"laurent.gomez@xstone.group","author_link":"https:\/\/xstone-dev.10web.cloud\/fr\/author\/"},"uagb_comment_info":0,"uagb_excerpt":"Cette couleur ressemble \u00e0 l&rsquo;\u00e9clat doux de la pierre ivoire dans la lumi\u00e8re chaude du jour &#8211; un blanc cass\u00e9 doux, beige cr\u00e8me avec des mouchetures min\u00e9rales \u00e0 peine visibles qui lui donnent une profondeur naturelle et vivante. Elle apporte de la lumi\u00e8re, de la chaleur et du calme dans un espace sans jamais donner\u2026","_links":{"self":[{"href":"https:\/\/xstone-dev.10web.cloud\/fr\/wp-json\/wp\/v2\/product\/24446","targetHints":{"allow":["GET"]}}],"collection":[{"href":"https:\/\/xstone-dev.10web.cloud\/fr\/wp-json\/wp\/v2\/product"}],"about":[{"href":"https:\/\/xstone-dev.10web.cloud\/fr\/wp-json\/wp\/v2\/types\/product"}],"replies":[{"embeddable":true,"href":"https:\/\/xstone-dev.10web.cloud\/fr\/wp-json\/wp\/v2\/comments?post=24446"}],"wp:featuredmedia":[{"embeddable":true,"href":"https:\/\/xstone-dev.10web.cloud\/fr\/wp-json\/wp\/v2\/media\/16989"}],"wp:attachment":[{"href":"https:\/\/xstone-dev.10web.cloud\/fr\/wp-json\/wp\/v2\/media?parent=24446"}],"wp:term":[{"taxonomy":"product_brand","embeddable":true,"href":"https:\/\/xstone-dev.10web.cloud\/fr\/wp-json\/wp\/v2\/product_brand?post=24446"},{"taxonomy":"product_cat","embeddable":true,"href":"https:\/\/xstone-dev.10web.cloud\/fr\/wp-json\/wp\/v2\/product_cat?post=24446"},{"taxonomy":"product_tag","embeddable":true,"href":"https:\/\/xstone-dev.10web.cloud\/fr\/wp-json\/wp\/v2\/product_tag?post=24446"}],"curies":[{"name":"wp","href":"https:\/\/api.w.org\/{rel}","templated":true}]}}