{"id":23460,"date":"2026-01-14T13:59:06","date_gmt":"2026-01-14T13:59:06","guid":{"rendered":"https:\/\/xstone-dev.10web.cloud\/product\/fip-planche-a-feu\/"},"modified":"2026-01-14T13:59:06","modified_gmt":"2026-01-14T13:59:06","slug":"fip-fire-plank","status":"publish","type":"product","link":"https:\/\/xstone-dev.10web.cloud\/fr\/product\/fip-fire-plank\/","title":{"rendered":"FIP | Planche \u00e0 feu"},"content":{"rendered":"<p>Fire Plank est une surface lin\u00e9aire profond\u00e9ment textur\u00e9e qui semble avoir \u00e9t\u00e9 fa\u00e7onn\u00e9e par l&rsquo;intensit\u00e9 et le temps, avec des stries allong\u00e9es semblables \u00e0 des grains et des micro-reliefs subtilement boursoufl\u00e9s qui cr\u00e9ent un puissant sentiment de mouvement et de profondeur. Son caract\u00e8re brut et expressif \u00e9voque la transformation d&rsquo;un mat\u00e9riau dans des conditions extr\u00eames, donnant \u00e0 la texture une pr\u00e9sence audacieuse, presque \u00e9l\u00e9mentaire, qui apporte chaleur, force et une identit\u00e9 architecturale frappante dans n&rsquo;importe quel espace. <\/p>\n","protected":false},"excerpt":{"rendered":"<p>Fire Plank est une surface lin\u00e9aire profond\u00e9ment textur\u00e9e qui semble avoir \u00e9t\u00e9 fa\u00e7onn\u00e9e par l&rsquo;intensit\u00e9 et le temps, avec des stries allong\u00e9es semblables \u00e0 des grains et des micro-reliefs subtilement boursoufl\u00e9s qui cr\u00e9ent un puissant sentiment de mouvement et de profondeur. Son caract\u00e8re brut et expressif \u00e9voque la transformation d&rsquo;un mat\u00e9riau dans des conditions extr\u00eames, [&hellip;]<\/p>\n","protected":false},"featured_media":16889,"comment_status":"open","ping_status":"closed","template":"","meta":{"_acf_changed":false,"_uag_custom_page_level_css":"","site-sidebar-layout":"default","site-content-layout":"","ast-site-content-layout":"default","site-content-style":"default","site-sidebar-style":"default","ast-global-header-display":"","ast-banner-title-visibility":"","ast-main-header-display":"","ast-hfb-above-header-display":"","ast-hfb-below-header-display":"","ast-hfb-mobile-header-display":"","site-post-title":"","ast-breadcrumbs-content":"","ast-featured-img":"","footer-sml-layout":"","theme-transparent-header-meta":"default","adv-header-id-meta":"","stick-header-meta":"default","header-above-stick-meta":"","header-main-stick-meta":"","header-below-stick-meta":"","astra-migrate-meta-layouts":"default","ast-page-background-enabled":"default","ast-page-background-meta":{"desktop":{"background-color":"var(--ast-global-color-4)","background-image":"","background-repeat":"repeat","background-position":"center center","background-size":"auto","background-attachment":"scroll","background-type":"","background-media":"","overlay-type":"","overlay-color":"","overlay-opacity":"","overlay-gradient":""},"tablet":{"background-color":"","background-image":"","background-repeat":"repeat","background-position":"center center","background-size":"auto","background-attachment":"scroll","background-type":"","background-media":"","overlay-type":"","overlay-color":"","overlay-opacity":"","overlay-gradient":""},"mobile":{"background-color":"","background-image":"","background-repeat":"repeat","background-position":"center center","background-size":"auto","background-attachment":"scroll","background-type":"","background-media":"","overlay-type":"","overlay-color":"","overlay-opacity":"","overlay-gradient":""}},"ast-content-background-meta":{"desktop":{"background-color":"var(--ast-global-color-5)","background-image":"","background-repeat":"repeat","background-position":"center center","background-size":"auto","background-attachment":"scroll","background-type":"","background-media":"","overlay-type":"","overlay-color":"","overlay-opacity":"","overlay-gradient":""},"tablet":{"background-color":"var(--ast-global-color-5)","background-image":"","background-repeat":"repeat","background-position":"center center","background-size":"auto","background-attachment":"scroll","background-type":"","background-media":"","overlay-type":"","overlay-color":"","overlay-opacity":"","overlay-gradient":""},"mobile":{"background-color":"var(--ast-global-color-5)","background-image":"","background-repeat":"repeat","background-position":"center center","background-size":"auto","background-attachment":"scroll","background-type":"","background-media":"","overlay-type":"","overlay-color":"","overlay-opacity":"","overlay-gradient":""}}},"product_brand":[],"product_cat":[6123,3558],"product_tag":[6128,6125,2912,6124,6130],"class_list":{"0":"post-23460","1":"product","2":"type-product","3":"status-publish","4":"has-post-thumbnail","6":"product_cat-wood","7":"product_cat-texture","8":"product_tag-expressive-surface-design","9":"product_tag-charred-wood-effect","10":"product_tag-comp-texture-16887","11":"product_tag-fire-plank-texture","12":"product_tag-yakisugi","13":"desktop-align-left","14":"tablet-align-left","15":"mobile-align-left","17":"first","18":"instock","19":"shipping-taxable","20":"product-type-simple"},"acf":[],"yoast_head":"<!-- This site is optimized with the Yoast SEO Premium plugin v27.4 (Yoast SEO v27.4) - https:\/\/yoast.com\/product\/yoast-seo-premium-wordpress\/ -->\n<title>FIP | Planche \u00e0 feu - XSTONE<\/title>\n<meta name=\"description\" content=\"D\u00e9couvrez Fire Plank, une surface textur\u00e9e lin\u00e9aire au grain expressif et \u00e0 la profondeur architecturale, inspir\u00e9e par un mat\u00e9riau fa\u00e7onn\u00e9 par l&#039;intensit\u00e9 et le temps.\" \/>\n<meta name=\"robots\" content=\"index, follow, max-snippet:-1, max-image-preview:large, max-video-preview:-1\" \/>\n<link rel=\"canonical\" href=\"https:\/\/xstone-dev.10web.cloud\/fr\/product\/fip-fire-plank\/\" \/>\n<meta property=\"og:locale\" content=\"fr_FR\" \/>\n<meta property=\"og:type\" content=\"article\" \/>\n<meta property=\"og:title\" content=\"FIP | Planche \u00e0 feu\" \/>\n<meta property=\"og:description\" content=\"D\u00e9couvrez Fire Plank, une surface textur\u00e9e lin\u00e9aire au grain expressif et \u00e0 la profondeur architecturale, inspir\u00e9e par un mat\u00e9riau fa\u00e7onn\u00e9 par l&#039;intensit\u00e9 et le temps.\" \/>\n<meta property=\"og:url\" content=\"https:\/\/xstone-dev.10web.cloud\/fr\/product\/fip-fire-plank\/\" \/>\n<meta property=\"og:site_name\" content=\"XSTONE\" \/>\n<meta property=\"article:publisher\" content=\"https:\/\/www.facebook.com\/Xstonesurfaces1\/\" \/>\n<meta property=\"og:image\" content=\"https:\/\/xstone-dev.10web.cloud\/wp-content\/uploads\/2026\/01\/XStone-Texture-FIP.webp\" \/>\n\t<meta property=\"og:image:width\" content=\"1920\" \/>\n\t<meta property=\"og:image:height\" content=\"1920\" \/>\n\t<meta property=\"og:image:type\" content=\"image\/webp\" \/>\n<meta name=\"twitter:card\" content=\"summary_large_image\" \/>\n<script type=\"application\/ld+json\" class=\"yoast-schema-graph\">{\"@context\":\"https:\\\/\\\/schema.org\",\"@graph\":[{\"@type\":\"WebPage\",\"@id\":\"https:\\\/\\\/xstone-dev.10web.cloud\\\/fr\\\/product\\\/fip-fire-plank\\\/\",\"url\":\"https:\\\/\\\/xstone-dev.10web.cloud\\\/fr\\\/product\\\/fip-fire-plank\\\/\",\"name\":\"FIP | Planche \u00e0 feu - XSTONE\",\"isPartOf\":{\"@id\":\"https:\\\/\\\/xstone-dev.10web.cloud\\\/fr\\\/#website\"},\"primaryImageOfPage\":{\"@id\":\"https:\\\/\\\/xstone-dev.10web.cloud\\\/fr\\\/product\\\/fip-fire-plank\\\/#primaryimage\"},\"image\":{\"@id\":\"https:\\\/\\\/xstone-dev.10web.cloud\\\/fr\\\/product\\\/fip-fire-plank\\\/#primaryimage\"},\"thumbnailUrl\":\"https:\\\/\\\/xstone-dev.10web.cloud\\\/wp-content\\\/uploads\\\/2026\\\/01\\\/XStone-Texture-FIP.webp\",\"datePublished\":\"2026-01-14T13:59:06+00:00\",\"description\":\"D\u00e9couvrez Fire Plank, une surface textur\u00e9e lin\u00e9aire au grain expressif et \u00e0 la profondeur architecturale, inspir\u00e9e par un mat\u00e9riau fa\u00e7onn\u00e9 par l'intensit\u00e9 et le temps.\",\"breadcrumb\":{\"@id\":\"https:\\\/\\\/xstone-dev.10web.cloud\\\/fr\\\/product\\\/fip-fire-plank\\\/#breadcrumb\"},\"inLanguage\":\"fr-FR\",\"potentialAction\":[{\"@type\":\"ReadAction\",\"target\":[\"https:\\\/\\\/xstone-dev.10web.cloud\\\/fr\\\/product\\\/fip-fire-plank\\\/\"]}]},{\"@type\":\"ImageObject\",\"inLanguage\":\"fr-FR\",\"@id\":\"https:\\\/\\\/xstone-dev.10web.cloud\\\/fr\\\/product\\\/fip-fire-plank\\\/#primaryimage\",\"url\":\"https:\\\/\\\/xstone-dev.10web.cloud\\\/wp-content\\\/uploads\\\/2026\\\/01\\\/XStone-Texture-FIP.webp\",\"contentUrl\":\"https:\\\/\\\/xstone-dev.10web.cloud\\\/wp-content\\\/uploads\\\/2026\\\/01\\\/XStone-Texture-FIP.webp\",\"width\":1920,\"height\":1920,\"caption\":\"XStone -Texture - Fire Plank\"},{\"@type\":\"BreadcrumbList\",\"@id\":\"https:\\\/\\\/xstone-dev.10web.cloud\\\/fr\\\/product\\\/fip-fire-plank\\\/#breadcrumb\",\"itemListElement\":[{\"@type\":\"ListItem\",\"position\":1,\"name\":\"Home\",\"item\":\"https:\\\/\\\/xstone-dev.10web.cloud\\\/fr\\\/\"},{\"@type\":\"ListItem\",\"position\":2,\"name\":\"Produits\",\"item\":\"https:\\\/\\\/xstone-dev.10web.cloud\\\/fr\\\/shop\\\/\"},{\"@type\":\"ListItem\",\"position\":3,\"name\":\"FIP | Planche \u00e0 feu\"}]},{\"@type\":\"WebSite\",\"@id\":\"https:\\\/\\\/xstone-dev.10web.cloud\\\/fr\\\/#website\",\"url\":\"https:\\\/\\\/xstone-dev.10web.cloud\\\/fr\\\/\",\"name\":\"XSTONE\",\"description\":\"Une beaut\u00e9 min\u00e9rale authentique et illimit\u00e9e, lib\u00e9r\u00e9e de la pesanteur\",\"publisher\":{\"@id\":\"https:\\\/\\\/xstone-dev.10web.cloud\\\/fr\\\/#organization\"},\"potentialAction\":[{\"@type\":\"SearchAction\",\"target\":{\"@type\":\"EntryPoint\",\"urlTemplate\":\"https:\\\/\\\/xstone-dev.10web.cloud\\\/fr\\\/?s={search_term_string}\"},\"query-input\":{\"@type\":\"PropertyValueSpecification\",\"valueRequired\":true,\"valueName\":\"search_term_string\"}}],\"inLanguage\":\"fr-FR\"},{\"@type\":\"Organization\",\"@id\":\"https:\\\/\\\/xstone-dev.10web.cloud\\\/fr\\\/#organization\",\"name\":\"XSTONE\",\"url\":\"https:\\\/\\\/xstone-dev.10web.cloud\\\/fr\\\/\",\"logo\":{\"@type\":\"ImageObject\",\"inLanguage\":\"fr-FR\",\"@id\":\"https:\\\/\\\/xstone-dev.10web.cloud\\\/fr\\\/#\\\/schema\\\/logo\\\/image\\\/\",\"url\":\"https:\\\/\\\/xstone-dev.10web.cloud\\\/wp-content\\\/uploads\\\/2025\\\/10\\\/cropped-XStone-Surfaces-Logo-white.webp\",\"contentUrl\":\"https:\\\/\\\/xstone-dev.10web.cloud\\\/wp-content\\\/uploads\\\/2025\\\/10\\\/cropped-XStone-Surfaces-Logo-white.webp\",\"width\":226,\"height\":75,\"caption\":\"XSTONE\"},\"image\":{\"@id\":\"https:\\\/\\\/xstone-dev.10web.cloud\\\/fr\\\/#\\\/schema\\\/logo\\\/image\\\/\"},\"sameAs\":[\"https:\\\/\\\/www.facebook.com\\\/Xstonesurfaces1\\\/\",\"https:\\\/\\\/www.linkedin.com\\\/company\\\/concrete-on-roll-xstone\\\/\",\"https:\\\/\\\/www.youtube.com\\\/@xstoneteam3953\\\/videos\",\"https:\\\/\\\/www.instagram.com\\\/xstone.surfacesuk\\\/\"],\"description\":\"XSTONE\u00ae fournit des surfaces min\u00e9rales innovantes, flexibles et durables pour architecture, ameublement et design. Explorez nos solutions premium.\",\"email\":\"info@xstone.group\",\"legalName\":\"XSTONE SRL\",\"foundingDate\":\"2007-01-01\",\"vatID\":\"RO53094294\",\"numberOfEmployees\":{\"@type\":\"QuantitativeValue\",\"minValue\":\"1\",\"maxValue\":\"10\"}}]}<\/script>\n<!-- \/ Yoast SEO Premium plugin. -->","yoast_head_json":{"title":"FIP | Planche \u00e0 feu - XSTONE","description":"D\u00e9couvrez Fire Plank, une surface textur\u00e9e lin\u00e9aire au grain expressif et \u00e0 la profondeur architecturale, inspir\u00e9e par un mat\u00e9riau fa\u00e7onn\u00e9 par l'intensit\u00e9 et le temps.","robots":{"index":"index","follow":"follow","max-snippet":"max-snippet:-1","max-image-preview":"max-image-preview:large","max-video-preview":"max-video-preview:-1"},"canonical":"https:\/\/xstone-dev.10web.cloud\/fr\/product\/fip-fire-plank\/","og_locale":"fr_FR","og_type":"article","og_title":"FIP | Planche \u00e0 feu","og_description":"D\u00e9couvrez Fire Plank, une surface textur\u00e9e lin\u00e9aire au grain expressif et \u00e0 la profondeur architecturale, inspir\u00e9e par un mat\u00e9riau fa\u00e7onn\u00e9 par l'intensit\u00e9 et le temps.","og_url":"https:\/\/xstone-dev.10web.cloud\/fr\/product\/fip-fire-plank\/","og_site_name":"XSTONE","article_publisher":"https:\/\/www.facebook.com\/Xstonesurfaces1\/","og_image":[{"width":1920,"height":1920,"url":"https:\/\/xstone-dev.10web.cloud\/wp-content\/uploads\/2026\/01\/XStone-Texture-FIP.webp","type":"image\/webp"}],"twitter_card":"summary_large_image","schema":{"@context":"https:\/\/schema.org","@graph":[{"@type":"WebPage","@id":"https:\/\/xstone-dev.10web.cloud\/fr\/product\/fip-fire-plank\/","url":"https:\/\/xstone-dev.10web.cloud\/fr\/product\/fip-fire-plank\/","name":"FIP | Planche \u00e0 feu - XSTONE","isPartOf":{"@id":"https:\/\/xstone-dev.10web.cloud\/fr\/#website"},"primaryImageOfPage":{"@id":"https:\/\/xstone-dev.10web.cloud\/fr\/product\/fip-fire-plank\/#primaryimage"},"image":{"@id":"https:\/\/xstone-dev.10web.cloud\/fr\/product\/fip-fire-plank\/#primaryimage"},"thumbnailUrl":"https:\/\/xstone-dev.10web.cloud\/wp-content\/uploads\/2026\/01\/XStone-Texture-FIP.webp","datePublished":"2026-01-14T13:59:06+00:00","description":"D\u00e9couvrez Fire Plank, une surface textur\u00e9e lin\u00e9aire au grain expressif et \u00e0 la profondeur architecturale, inspir\u00e9e par un mat\u00e9riau fa\u00e7onn\u00e9 par l'intensit\u00e9 et le temps.","breadcrumb":{"@id":"https:\/\/xstone-dev.10web.cloud\/fr\/product\/fip-fire-plank\/#breadcrumb"},"inLanguage":"fr-FR","potentialAction":[{"@type":"ReadAction","target":["https:\/\/xstone-dev.10web.cloud\/fr\/product\/fip-fire-plank\/"]}]},{"@type":"ImageObject","inLanguage":"fr-FR","@id":"https:\/\/xstone-dev.10web.cloud\/fr\/product\/fip-fire-plank\/#primaryimage","url":"https:\/\/xstone-dev.10web.cloud\/wp-content\/uploads\/2026\/01\/XStone-Texture-FIP.webp","contentUrl":"https:\/\/xstone-dev.10web.cloud\/wp-content\/uploads\/2026\/01\/XStone-Texture-FIP.webp","width":1920,"height":1920,"caption":"XStone -Texture - Fire Plank"},{"@type":"BreadcrumbList","@id":"https:\/\/xstone-dev.10web.cloud\/fr\/product\/fip-fire-plank\/#breadcrumb","itemListElement":[{"@type":"ListItem","position":1,"name":"Home","item":"https:\/\/xstone-dev.10web.cloud\/fr\/"},{"@type":"ListItem","position":2,"name":"Produits","item":"https:\/\/xstone-dev.10web.cloud\/fr\/shop\/"},{"@type":"ListItem","position":3,"name":"FIP | Planche \u00e0 feu"}]},{"@type":"WebSite","@id":"https:\/\/xstone-dev.10web.cloud\/fr\/#website","url":"https:\/\/xstone-dev.10web.cloud\/fr\/","name":"XSTONE","description":"Une beaut\u00e9 min\u00e9rale authentique et illimit\u00e9e, lib\u00e9r\u00e9e de la pesanteur","publisher":{"@id":"https:\/\/xstone-dev.10web.cloud\/fr\/#organization"},"potentialAction":[{"@type":"SearchAction","target":{"@type":"EntryPoint","urlTemplate":"https:\/\/xstone-dev.10web.cloud\/fr\/?s={search_term_string}"},"query-input":{"@type":"PropertyValueSpecification","valueRequired":true,"valueName":"search_term_string"}}],"inLanguage":"fr-FR"},{"@type":"Organization","@id":"https:\/\/xstone-dev.10web.cloud\/fr\/#organization","name":"XSTONE","url":"https:\/\/xstone-dev.10web.cloud\/fr\/","logo":{"@type":"ImageObject","inLanguage":"fr-FR","@id":"https:\/\/xstone-dev.10web.cloud\/fr\/#\/schema\/logo\/image\/","url":"https:\/\/xstone-dev.10web.cloud\/wp-content\/uploads\/2025\/10\/cropped-XStone-Surfaces-Logo-white.webp","contentUrl":"https:\/\/xstone-dev.10web.cloud\/wp-content\/uploads\/2025\/10\/cropped-XStone-Surfaces-Logo-white.webp","width":226,"height":75,"caption":"XSTONE"},"image":{"@id":"https:\/\/xstone-dev.10web.cloud\/fr\/#\/schema\/logo\/image\/"},"sameAs":["https:\/\/www.facebook.com\/Xstonesurfaces1\/","https:\/\/www.linkedin.com\/company\/concrete-on-roll-xstone\/","https:\/\/www.youtube.com\/@xstoneteam3953\/videos","https:\/\/www.instagram.com\/xstone.surfacesuk\/"],"description":"XSTONE\u00ae fournit des surfaces min\u00e9rales innovantes, flexibles et durables pour architecture, ameublement et design. Explorez nos solutions premium.","email":"info@xstone.group","legalName":"XSTONE SRL","foundingDate":"2007-01-01","vatID":"RO53094294","numberOfEmployees":{"@type":"QuantitativeValue","minValue":"1","maxValue":"10"}}]}},"spectra_custom_meta":{"_last_translation_edit_mode":["translation-editor"],"_wcml_average_rating":[null],"_wcml_review_count":[null],"_wcml_rating_count":[null],"_yoast_wpseo_primary_product_cat":["317"],"_backorders":["no"],"_download_limit":["-1"],"_download_expiry":["-1"],"_downloadable":["no"],"_manage_stock":["no"],"_sku":["FIP"],"_stock_status":["instock"],"_sold_individually":["no"],"_tax_class":[""],"_tax_status":["taxable"],"_virtual":["no"],"total_sales":["0"],"_wpml_media_duplicate":["1"],"_wpml_media_featured":["1"],"stick-header-meta":["default"],"site-sidebar-layout":["default"],"theme-transparent-header-meta":["default"],"ast-site-content-layout":["default"],"site-content-style":["default"],"site-sidebar-style":["default"],"_yoast_wpseo_metadesc":["D\u00e9couvrez Fire Plank, une surface textur\u00e9e lin\u00e9aire au grain expressif et \u00e0 la profondeur architecturale, inspir\u00e9e par un mat\u00e9riau fa\u00e7onn\u00e9 par l'intensit\u00e9 et le temps."],"_yoast_wpseo_focuskw":["planche \u00e0 feu surface textur\u00e9e"],"_thumbnail_id":["16889"],"_product_image_gallery":[""],"_product_attributes":["a:3:{s:12:\"pa_thickness\";a:6:{s:4:\"name\";s:12:\"pa_thickness\";s:5:\"value\";s:0:\"\";s:8:\"position\";i:0;s:10:\"is_visible\";i:1;s:12:\"is_variation\";i:0;s:11:\"is_taxonomy\";i:1;}s:14:\"pa_composition\";a:6:{s:4:\"name\";s:14:\"pa_composition\";s:5:\"value\";s:0:\"\";s:8:\"position\";i:1;s:10:\"is_visible\";i:1;s:12:\"is_variation\";i:0;s:11:\"is_taxonomy\";i:1;}s:14:\"pa_fire-rating\";a:6:{s:4:\"name\";s:14:\"pa_fire-rating\";s:5:\"value\";s:0:\"\";s:8:\"position\";i:2;s:10:\"is_visible\";i:1;s:12:\"is_variation\";i:0;s:11:\"is_taxonomy\";i:1;}}"],"_wpml_word_count":["100"],"two_optimized_date":["1776509456"],"woolentor_views_count_product":["3"],"_uag_css_file_name":["uag-css-23460.css"],"_uag_js_file_name":["uag-js-23460.js"],"tp_widgets":["a:2:{s:7:\"widgets\";a:0:{}s:9:\"update_at\";s:10:\"1776508262\";}"],"_elementor_edit_mode":["builder"],"_selectproduct_layout":["16389"],"_wc_rating_count":[""],"_wc_review_count":[""],"_wc_average_rating":[0]},"uagb_featured_image_src":{"full":["https:\/\/xstone-dev.10web.cloud\/wp-content\/uploads\/2026\/01\/XStone-Texture-FIP.webp",1920,1920,false],"thumbnail":["https:\/\/xstone-dev.10web.cloud\/wp-content\/uploads\/2026\/01\/XStone-Texture-FIP-150x150.webp",150,150,true],"medium":["https:\/\/xstone-dev.10web.cloud\/wp-content\/uploads\/2026\/01\/XStone-Texture-FIP-300x300.webp",300,300,true],"medium_large":["https:\/\/xstone-dev.10web.cloud\/wp-content\/uploads\/2026\/01\/XStone-Texture-FIP-768x768.webp",768,768,true],"large":["https:\/\/xstone-dev.10web.cloud\/wp-content\/uploads\/2026\/01\/XStone-Texture-FIP-1024x1024.webp",1024,1024,true],"1536x1536":["https:\/\/xstone-dev.10web.cloud\/wp-content\/uploads\/2026\/01\/XStone-Texture-FIP-1536x1536.webp",1536,1536,true],"2048x2048":["https:\/\/xstone-dev.10web.cloud\/wp-content\/uploads\/2026\/01\/XStone-Texture-FIP.webp",1920,1920,false],"tp-image-grid":["https:\/\/xstone-dev.10web.cloud\/wp-content\/uploads\/2026\/01\/XStone-Texture-FIP-700x700.webp",700,700,true],"tenweb_optimizer_mobile":["https:\/\/xstone-dev.10web.cloud\/wp-content\/uploads\/2026\/01\/XStone-Texture-FIP-600x600.webp",600,600,true],"tenweb_optimizer_tablet":["https:\/\/xstone-dev.10web.cloud\/wp-content\/uploads\/2026\/01\/XStone-Texture-FIP-768x768.webp",768,768,true],"woocommerce_thumbnail":["https:\/\/xstone-dev.10web.cloud\/wp-content\/uploads\/2026\/01\/XStone-Texture-FIP-300x300.webp",300,300,true],"woocommerce_single":["https:\/\/xstone-dev.10web.cloud\/wp-content\/uploads\/2026\/01\/XStone-Texture-FIP-600x600.webp",600,600,true],"woocommerce_gallery_thumbnail":["https:\/\/xstone-dev.10web.cloud\/wp-content\/uploads\/2026\/01\/XStone-Texture-FIP-100x100.webp",100,100,true]},"uagb_author_info":{"display_name":"laurent.gomez@xstone.group","author_link":"https:\/\/xstone-dev.10web.cloud\/fr\/author\/"},"uagb_comment_info":0,"uagb_excerpt":"Fire Plank est une surface lin\u00e9aire profond\u00e9ment textur\u00e9e qui semble avoir \u00e9t\u00e9 fa\u00e7onn\u00e9e par l&rsquo;intensit\u00e9 et le temps, avec des stries allong\u00e9es semblables \u00e0 des grains et des micro-reliefs subtilement boursoufl\u00e9s qui cr\u00e9ent un puissant sentiment de mouvement et de profondeur. Son caract\u00e8re brut et expressif \u00e9voque la transformation d&rsquo;un mat\u00e9riau dans des conditions extr\u00eames,\u2026","_links":{"self":[{"href":"https:\/\/xstone-dev.10web.cloud\/fr\/wp-json\/wp\/v2\/product\/23460","targetHints":{"allow":["GET"]}}],"collection":[{"href":"https:\/\/xstone-dev.10web.cloud\/fr\/wp-json\/wp\/v2\/product"}],"about":[{"href":"https:\/\/xstone-dev.10web.cloud\/fr\/wp-json\/wp\/v2\/types\/product"}],"replies":[{"embeddable":true,"href":"https:\/\/xstone-dev.10web.cloud\/fr\/wp-json\/wp\/v2\/comments?post=23460"}],"wp:featuredmedia":[{"embeddable":true,"href":"https:\/\/xstone-dev.10web.cloud\/fr\/wp-json\/wp\/v2\/media\/16889"}],"wp:attachment":[{"href":"https:\/\/xstone-dev.10web.cloud\/fr\/wp-json\/wp\/v2\/media?parent=23460"}],"wp:term":[{"taxonomy":"product_brand","embeddable":true,"href":"https:\/\/xstone-dev.10web.cloud\/fr\/wp-json\/wp\/v2\/product_brand?post=23460"},{"taxonomy":"product_cat","embeddable":true,"href":"https:\/\/xstone-dev.10web.cloud\/fr\/wp-json\/wp\/v2\/product_cat?post=23460"},{"taxonomy":"product_tag","embeddable":true,"href":"https:\/\/xstone-dev.10web.cloud\/fr\/wp-json\/wp\/v2\/product_tag?post=23460"}],"curies":[{"name":"wp","href":"https:\/\/api.w.org\/{rel}","templated":true}]}}