{"id":17456,"date":"2026-01-23T10:21:51","date_gmt":"2026-01-23T10:21:51","guid":{"rendered":"https:\/\/xstone-dev.10web.cloud\/?post_type=product&#038;p=17456"},"modified":"2026-04-17T12:45:22","modified_gmt":"2026-04-17T12:45:22","slug":"10057-queen-saba","status":"publish","type":"product","link":"https:\/\/xstone-dev.10web.cloud\/product\/10057-queen-saba\/","title":{"rendered":"10057 | Queen saba"},"content":{"rendered":"<p>This color is a soft, luminous off-white with gentle mineral clouding and faint sandy undertones, evoking the quiet elegance of aged limestone kissed by light \u00a0a serene, breathable surface that brings warmth, depth, and timeless architectural calm to any space.<\/p>\n","protected":false},"excerpt":{"rendered":"<p>This color is a soft, luminous off-white with gentle mineral clouding and faint sandy undertones, evoking the quiet elegance of aged limestone kissed by light \u00a0a serene, breathable surface that brings warmth, depth, and timeless architectural calm to any space.<\/p>\n","protected":false},"featured_media":17459,"comment_status":"open","ping_status":"closed","template":"","meta":{"_acf_changed":false,"_uag_custom_page_level_css":"","site-sidebar-layout":"default","site-content-layout":"","ast-site-content-layout":"default","site-content-style":"default","site-sidebar-style":"default","ast-global-header-display":"","ast-banner-title-visibility":"","ast-main-header-display":"","ast-hfb-above-header-display":"","ast-hfb-below-header-display":"","ast-hfb-mobile-header-display":"","site-post-title":"","ast-breadcrumbs-content":"","ast-featured-img":"","footer-sml-layout":"","theme-transparent-header-meta":"default","adv-header-id-meta":"","stick-header-meta":"default","header-above-stick-meta":"","header-main-stick-meta":"","header-below-stick-meta":"","astra-migrate-meta-layouts":"set","ast-page-background-enabled":"default","ast-page-background-meta":{"desktop":{"background-color":"var(--ast-global-color-4)","background-image":"","background-repeat":"repeat","background-position":"center center","background-size":"auto","background-attachment":"scroll","background-type":"","background-media":"","overlay-type":"","overlay-color":"","overlay-opacity":"","overlay-gradient":""},"tablet":{"background-color":"","background-image":"","background-repeat":"repeat","background-position":"center center","background-size":"auto","background-attachment":"scroll","background-type":"","background-media":"","overlay-type":"","overlay-color":"","overlay-opacity":"","overlay-gradient":""},"mobile":{"background-color":"","background-image":"","background-repeat":"repeat","background-position":"center center","background-size":"auto","background-attachment":"scroll","background-type":"","background-media":"","overlay-type":"","overlay-color":"","overlay-opacity":"","overlay-gradient":""}},"ast-content-background-meta":{"desktop":{"background-color":"var(--ast-global-color-5)","background-image":"","background-repeat":"repeat","background-position":"center center","background-size":"auto","background-attachment":"scroll","background-type":"","background-media":"","overlay-type":"","overlay-color":"","overlay-opacity":"","overlay-gradient":""},"tablet":{"background-color":"var(--ast-global-color-5)","background-image":"","background-repeat":"repeat","background-position":"center center","background-size":"auto","background-attachment":"scroll","background-type":"","background-media":"","overlay-type":"","overlay-color":"","overlay-opacity":"","overlay-gradient":""},"mobile":{"background-color":"var(--ast-global-color-5)","background-image":"","background-repeat":"repeat","background-position":"center center","background-size":"auto","background-attachment":"scroll","background-type":"","background-media":"","overlay-type":"","overlay-color":"","overlay-opacity":"","overlay-gradient":""}}},"product_brand":[],"product_cat":[318,330,320],"product_tag":[850,853,852,851,849,458,600,848],"class_list":{"0":"post-17456","1":"product","2":"type-product","3":"status-publish","4":"has-post-thumbnail","6":"product_cat-color","7":"product_cat-grey","8":"product_cat-polychromatic","9":"product_tag-architectural-stone-panel","10":"product_tag-comp-color-17456","11":"product_tag-contemporary-mineral-finish","12":"product_tag-light-neutral-decor","13":"product_tag-limestone-surface","14":"product_tag-mineral-wall-finish","15":"product_tag-natural-plaster-look","16":"product_tag-off-white-stone-texture","17":"desktop-align-left","18":"tablet-align-left","19":"mobile-align-left","21":"first","22":"instock","23":"shipping-taxable","24":"product-type-simple"},"acf":[],"yoast_head":"<!-- This site is optimized with the Yoast SEO Premium plugin v27.4 (Yoast SEO v27.4) - https:\/\/yoast.com\/product\/yoast-seo-premium-wordpress\/ -->\n<title>10057 | Queen saba - XSTONE<\/title>\n<meta name=\"description\" content=\"Off-white limestone mineral surface with subtle natural texture, perfect for warm, calm and elegant contemporary interiors\" \/>\n<meta name=\"robots\" content=\"index, follow, max-snippet:-1, max-image-preview:large, max-video-preview:-1\" \/>\n<link rel=\"canonical\" href=\"https:\/\/xstone-dev.10web.cloud\/fr\/product\/10057-queen-saba\/\" \/>\n<meta property=\"og:locale\" content=\"fr_FR\" \/>\n<meta property=\"og:type\" content=\"article\" \/>\n<meta property=\"og:title\" content=\"10057 | Queen saba\" \/>\n<meta property=\"og:description\" content=\"Off-white limestone mineral surface with subtle natural texture, perfect for warm, calm and elegant contemporary interiors\" \/>\n<meta property=\"og:url\" content=\"https:\/\/xstone-dev.10web.cloud\/product\/10057-queen-saba\/\" \/>\n<meta property=\"og:site_name\" content=\"XSTONE\" \/>\n<meta property=\"article:publisher\" content=\"https:\/\/www.facebook.com\/Xstonesurfaces1\/\" \/>\n<meta property=\"article:modified_time\" content=\"2026-04-17T12:45:22+00:00\" \/>\n<meta property=\"og:image\" content=\"https:\/\/xstone-dev.10web.cloud\/wp-content\/uploads\/2026\/01\/XStone-Color-10057-1-scaled.webp\" \/>\n\t<meta property=\"og:image:width\" content=\"2560\" \/>\n\t<meta property=\"og:image:height\" content=\"2560\" \/>\n\t<meta property=\"og:image:type\" content=\"image\/webp\" \/>\n<meta name=\"twitter:card\" content=\"summary_large_image\" \/>\n<meta name=\"twitter:label1\" content=\"Dur\u00e9e de lecture estim\u00e9e\" \/>\n\t<meta name=\"twitter:data1\" content=\"1 minute\" \/>\n<script type=\"application\/ld+json\" class=\"yoast-schema-graph\">{\"@context\":\"https:\\\/\\\/schema.org\",\"@graph\":[{\"@type\":\"WebPage\",\"@id\":\"https:\\\/\\\/xstone-dev.10web.cloud\\\/product\\\/10057-queen-saba\\\/\",\"url\":\"https:\\\/\\\/xstone-dev.10web.cloud\\\/product\\\/10057-queen-saba\\\/\",\"name\":\"10057 | Queen saba - XSTONE\",\"isPartOf\":{\"@id\":\"https:\\\/\\\/xstone-dev.10web.cloud\\\/fr\\\/#website\"},\"primaryImageOfPage\":{\"@id\":\"https:\\\/\\\/xstone-dev.10web.cloud\\\/product\\\/10057-queen-saba\\\/#primaryimage\"},\"image\":{\"@id\":\"https:\\\/\\\/xstone-dev.10web.cloud\\\/product\\\/10057-queen-saba\\\/#primaryimage\"},\"thumbnailUrl\":\"https:\\\/\\\/xstone-dev.10web.cloud\\\/wp-content\\\/uploads\\\/2026\\\/01\\\/XStone-Color-10057-1-scaled.webp\",\"datePublished\":\"2026-01-23T10:21:51+00:00\",\"dateModified\":\"2026-04-17T12:45:22+00:00\",\"description\":\"Off-white limestone mineral surface with subtle natural texture, perfect for warm, calm and elegant contemporary interiors\",\"breadcrumb\":{\"@id\":\"https:\\\/\\\/xstone-dev.10web.cloud\\\/product\\\/10057-queen-saba\\\/#breadcrumb\"},\"inLanguage\":\"fr-FR\",\"potentialAction\":[{\"@type\":\"ReadAction\",\"target\":[\"https:\\\/\\\/xstone-dev.10web.cloud\\\/product\\\/10057-queen-saba\\\/\"]}]},{\"@type\":\"ImageObject\",\"inLanguage\":\"fr-FR\",\"@id\":\"https:\\\/\\\/xstone-dev.10web.cloud\\\/product\\\/10057-queen-saba\\\/#primaryimage\",\"url\":\"https:\\\/\\\/xstone-dev.10web.cloud\\\/wp-content\\\/uploads\\\/2026\\\/01\\\/XStone-Color-10057-1-scaled.webp\",\"contentUrl\":\"https:\\\/\\\/xstone-dev.10web.cloud\\\/wp-content\\\/uploads\\\/2026\\\/01\\\/XStone-Color-10057-1-scaled.webp\",\"width\":2560,\"height\":2560,\"caption\":\"XStone - Color - Queen saba\"},{\"@type\":\"BreadcrumbList\",\"@id\":\"https:\\\/\\\/xstone-dev.10web.cloud\\\/product\\\/10057-queen-saba\\\/#breadcrumb\",\"itemListElement\":[{\"@type\":\"ListItem\",\"position\":1,\"name\":\"Home\",\"item\":\"https:\\\/\\\/xstone-dev.10web.cloud\\\/fr\\\/\"},{\"@type\":\"ListItem\",\"position\":2,\"name\":\"Produits\",\"item\":\"https:\\\/\\\/xstone-dev.10web.cloud\\\/fr\\\/shop\\\/\"},{\"@type\":\"ListItem\",\"position\":3,\"name\":\"10057 | Queen saba\"}]},{\"@type\":\"WebSite\",\"@id\":\"https:\\\/\\\/xstone-dev.10web.cloud\\\/fr\\\/#website\",\"url\":\"https:\\\/\\\/xstone-dev.10web.cloud\\\/fr\\\/\",\"name\":\"XSTONE\",\"description\":\"Une beaut\u00e9 min\u00e9rale authentique et illimit\u00e9e, lib\u00e9r\u00e9e de la pesanteur\",\"publisher\":{\"@id\":\"https:\\\/\\\/xstone-dev.10web.cloud\\\/fr\\\/#organization\"},\"potentialAction\":[{\"@type\":\"SearchAction\",\"target\":{\"@type\":\"EntryPoint\",\"urlTemplate\":\"https:\\\/\\\/xstone-dev.10web.cloud\\\/fr\\\/?s={search_term_string}\"},\"query-input\":{\"@type\":\"PropertyValueSpecification\",\"valueRequired\":true,\"valueName\":\"search_term_string\"}}],\"inLanguage\":\"fr-FR\"},{\"@type\":\"Organization\",\"@id\":\"https:\\\/\\\/xstone-dev.10web.cloud\\\/fr\\\/#organization\",\"name\":\"XSTONE\",\"url\":\"https:\\\/\\\/xstone-dev.10web.cloud\\\/fr\\\/\",\"logo\":{\"@type\":\"ImageObject\",\"inLanguage\":\"fr-FR\",\"@id\":\"https:\\\/\\\/xstone-dev.10web.cloud\\\/fr\\\/#\\\/schema\\\/logo\\\/image\\\/\",\"url\":\"https:\\\/\\\/xstone-dev.10web.cloud\\\/wp-content\\\/uploads\\\/2025\\\/10\\\/cropped-XStone-Surfaces-Logo-white.webp\",\"contentUrl\":\"https:\\\/\\\/xstone-dev.10web.cloud\\\/wp-content\\\/uploads\\\/2025\\\/10\\\/cropped-XStone-Surfaces-Logo-white.webp\",\"width\":226,\"height\":75,\"caption\":\"XSTONE\"},\"image\":{\"@id\":\"https:\\\/\\\/xstone-dev.10web.cloud\\\/fr\\\/#\\\/schema\\\/logo\\\/image\\\/\"},\"sameAs\":[\"https:\\\/\\\/www.facebook.com\\\/Xstonesurfaces1\\\/\",\"https:\\\/\\\/www.linkedin.com\\\/company\\\/concrete-on-roll-xstone\\\/\",\"https:\\\/\\\/www.youtube.com\\\/@xstoneteam3953\\\/videos\",\"https:\\\/\\\/www.instagram.com\\\/xstone.surfacesuk\\\/\"],\"description\":\"XSTONE\u00ae fournit des surfaces min\u00e9rales innovantes, flexibles et durables pour architecture, ameublement et design. Explorez nos solutions premium.\",\"email\":\"info@xstone.group\",\"legalName\":\"XSTONE SRL\",\"foundingDate\":\"2007-01-01\",\"vatID\":\"RO53094294\",\"numberOfEmployees\":{\"@type\":\"QuantitativeValue\",\"minValue\":\"1\",\"maxValue\":\"10\"}}]}<\/script>\n<!-- \/ Yoast SEO Premium plugin. -->","yoast_head_json":{"title":"10057 | Queen saba - XSTONE","description":"Off-white limestone mineral surface with subtle natural texture, perfect for warm, calm and elegant contemporary interiors","robots":{"index":"index","follow":"follow","max-snippet":"max-snippet:-1","max-image-preview":"max-image-preview:large","max-video-preview":"max-video-preview:-1"},"canonical":"https:\/\/xstone-dev.10web.cloud\/fr\/product\/10057-queen-saba\/","og_locale":"fr_FR","og_type":"article","og_title":"10057 | Queen saba","og_description":"Off-white limestone mineral surface with subtle natural texture, perfect for warm, calm and elegant contemporary interiors","og_url":"https:\/\/xstone-dev.10web.cloud\/product\/10057-queen-saba\/","og_site_name":"XSTONE","article_publisher":"https:\/\/www.facebook.com\/Xstonesurfaces1\/","article_modified_time":"2026-04-17T12:45:22+00:00","og_image":[{"width":2560,"height":2560,"url":"https:\/\/xstone-dev.10web.cloud\/wp-content\/uploads\/2026\/01\/XStone-Color-10057-1-scaled.webp","type":"image\/webp"}],"twitter_card":"summary_large_image","twitter_misc":{"Dur\u00e9e de lecture estim\u00e9e":"1 minute"},"schema":{"@context":"https:\/\/schema.org","@graph":[{"@type":"WebPage","@id":"https:\/\/xstone-dev.10web.cloud\/product\/10057-queen-saba\/","url":"https:\/\/xstone-dev.10web.cloud\/product\/10057-queen-saba\/","name":"10057 | Queen saba - XSTONE","isPartOf":{"@id":"https:\/\/xstone-dev.10web.cloud\/fr\/#website"},"primaryImageOfPage":{"@id":"https:\/\/xstone-dev.10web.cloud\/product\/10057-queen-saba\/#primaryimage"},"image":{"@id":"https:\/\/xstone-dev.10web.cloud\/product\/10057-queen-saba\/#primaryimage"},"thumbnailUrl":"https:\/\/xstone-dev.10web.cloud\/wp-content\/uploads\/2026\/01\/XStone-Color-10057-1-scaled.webp","datePublished":"2026-01-23T10:21:51+00:00","dateModified":"2026-04-17T12:45:22+00:00","description":"Off-white limestone mineral surface with subtle natural texture, perfect for warm, calm and elegant contemporary interiors","breadcrumb":{"@id":"https:\/\/xstone-dev.10web.cloud\/product\/10057-queen-saba\/#breadcrumb"},"inLanguage":"fr-FR","potentialAction":[{"@type":"ReadAction","target":["https:\/\/xstone-dev.10web.cloud\/product\/10057-queen-saba\/"]}]},{"@type":"ImageObject","inLanguage":"fr-FR","@id":"https:\/\/xstone-dev.10web.cloud\/product\/10057-queen-saba\/#primaryimage","url":"https:\/\/xstone-dev.10web.cloud\/wp-content\/uploads\/2026\/01\/XStone-Color-10057-1-scaled.webp","contentUrl":"https:\/\/xstone-dev.10web.cloud\/wp-content\/uploads\/2026\/01\/XStone-Color-10057-1-scaled.webp","width":2560,"height":2560,"caption":"XStone - Color - Queen saba"},{"@type":"BreadcrumbList","@id":"https:\/\/xstone-dev.10web.cloud\/product\/10057-queen-saba\/#breadcrumb","itemListElement":[{"@type":"ListItem","position":1,"name":"Home","item":"https:\/\/xstone-dev.10web.cloud\/fr\/"},{"@type":"ListItem","position":2,"name":"Produits","item":"https:\/\/xstone-dev.10web.cloud\/fr\/shop\/"},{"@type":"ListItem","position":3,"name":"10057 | Queen saba"}]},{"@type":"WebSite","@id":"https:\/\/xstone-dev.10web.cloud\/fr\/#website","url":"https:\/\/xstone-dev.10web.cloud\/fr\/","name":"XSTONE","description":"Une beaut\u00e9 min\u00e9rale authentique et illimit\u00e9e, lib\u00e9r\u00e9e de la pesanteur","publisher":{"@id":"https:\/\/xstone-dev.10web.cloud\/fr\/#organization"},"potentialAction":[{"@type":"SearchAction","target":{"@type":"EntryPoint","urlTemplate":"https:\/\/xstone-dev.10web.cloud\/fr\/?s={search_term_string}"},"query-input":{"@type":"PropertyValueSpecification","valueRequired":true,"valueName":"search_term_string"}}],"inLanguage":"fr-FR"},{"@type":"Organization","@id":"https:\/\/xstone-dev.10web.cloud\/fr\/#organization","name":"XSTONE","url":"https:\/\/xstone-dev.10web.cloud\/fr\/","logo":{"@type":"ImageObject","inLanguage":"fr-FR","@id":"https:\/\/xstone-dev.10web.cloud\/fr\/#\/schema\/logo\/image\/","url":"https:\/\/xstone-dev.10web.cloud\/wp-content\/uploads\/2025\/10\/cropped-XStone-Surfaces-Logo-white.webp","contentUrl":"https:\/\/xstone-dev.10web.cloud\/wp-content\/uploads\/2025\/10\/cropped-XStone-Surfaces-Logo-white.webp","width":226,"height":75,"caption":"XSTONE"},"image":{"@id":"https:\/\/xstone-dev.10web.cloud\/fr\/#\/schema\/logo\/image\/"},"sameAs":["https:\/\/www.facebook.com\/Xstonesurfaces1\/","https:\/\/www.linkedin.com\/company\/concrete-on-roll-xstone\/","https:\/\/www.youtube.com\/@xstoneteam3953\/videos","https:\/\/www.instagram.com\/xstone.surfacesuk\/"],"description":"XSTONE\u00ae fournit des surfaces min\u00e9rales innovantes, flexibles et durables pour architecture, ameublement et design. Explorez nos solutions premium.","email":"info@xstone.group","legalName":"XSTONE SRL","foundingDate":"2007-01-01","vatID":"RO53094294","numberOfEmployees":{"@type":"QuantitativeValue","minValue":"1","maxValue":"10"}}]}},"spectra_custom_meta":{"_edit_lock":["1769163592:2"],"_edit_last":["2"],"_wpml_word_count":["47"],"_thumbnail_id":["17459"],"_yoast_indexnow_last_ping":["1776429922"],"_selectproduct_layout":["16271"],"woolentor_cart_custom_content":[""],"woolentor_total_stock_quantity":[""],"_saleflash_text":[""],"_wcml_average_rating":[null],"_wcml_review_count":[null],"_wcml_rating_count":[null],"_sku":["10057"],"total_sales":["0"],"_tax_status":["taxable"],"_tax_class":[""],"_manage_stock":["no"],"_backorders":["no"],"_sold_individually":["no"],"_virtual":["no"],"_downloadable":["no"],"_download_limit":["-1"],"_download_expiry":["-1"],"_stock":[null],"_stock_status":["instock"],"_wc_average_rating":[0],"_wc_review_count":["0"],"_product_attributes":["a:3:{s:7:\"pa_tone\";a:6:{s:4:\"name\";s:7:\"pa_tone\";s:5:\"value\";s:0:\"\";s:8:\"position\";i:0;s:10:\"is_visible\";i:1;s:12:\"is_variation\";i:0;s:11:\"is_taxonomy\";i:1;}s:13:\"pa_color-code\";a:6:{s:4:\"name\";s:13:\"pa_color-code\";s:5:\"value\";s:0:\"\";s:8:\"position\";i:1;s:10:\"is_visible\";i:1;s:12:\"is_variation\";i:0;s:11:\"is_taxonomy\";i:1;}s:9:\"pa_finish\";a:6:{s:4:\"name\";s:9:\"pa_finish\";s:5:\"value\";s:0:\"\";s:8:\"position\";i:2;s:10:\"is_visible\";i:1;s:12:\"is_variation\";i:0;s:11:\"is_taxonomy\";i:1;}}"],"_product_version":["10.3.7"],"_wpml_media_has_media":["1"],"_woocommerce_video_url":[""],"tpc_proc_ndate":[""],"tpc_proc_ns_days":[""],"tpc_proc_fn_ini_num":[""],"tpc_proc_fn_final_num":[""],"tpc_proc_fn_num_range":[""],"tpc_proc_ci_in_sec":[""],"site-sidebar-layout":["default"],"ast-site-content-layout":["default"],"site-content-style":["default"],"site-sidebar-style":["default"],"theme-transparent-header-meta":["default"],"astra-migrate-meta-layouts":["set"],"stick-header-meta":["default"],"_wpml_media_duplicate":["1"],"_wpml_media_featured":["1"],"_yoast_wpseo_primary_product_brand":[""],"_yoast_wpseo_primary_product_cat":["318"],"_yoast_wpseo_focuskw":["off-white limestone mineral surface"],"_yoast_wpseo_metadesc":["Off-white limestone mineral surface with subtle natural texture, perfect for warm, calm and elegant contemporary interiors"],"_yoast_wpseo_linkdex":["58"],"_yoast_wpseo_content_score":["90"],"_yoast_wpseo_focuskeywords":[""],"_yoast_wpseo_keywordsynonyms":[""],"_yoast_wpseo_estimated-reading-time-minutes":["1"],"two_optimized_date":["1776350562"],"woolentor_views_count_product":["38"],"tp_widgets":["a:2:{s:7:\"widgets\";a:6:{i:0;s:18:\"plus-list-skeleton\";i:1;s:22:\"plus-listing-load-more\";i:2;s:18:\"plus-listing-metro\";i:3;s:18:\"tp-product-listout\";i:4;s:17:\"tp-single-style_1\";i:5;s:19:\"tp-woo-single-image\";}s:9:\"update_at\";s:10:\"1776350427\";}"],"_wc_rating_count":[""]},"uagb_featured_image_src":{"full":["https:\/\/xstone-dev.10web.cloud\/wp-content\/uploads\/2026\/01\/XStone-Color-10057-1-scaled.webp",2560,2560,false],"thumbnail":["https:\/\/xstone-dev.10web.cloud\/wp-content\/uploads\/2026\/01\/XStone-Color-10057-1-150x150.webp",150,150,true],"medium":["https:\/\/xstone-dev.10web.cloud\/wp-content\/uploads\/2026\/01\/XStone-Color-10057-1-300x300.webp",300,300,true],"medium_large":["https:\/\/xstone-dev.10web.cloud\/wp-content\/uploads\/2026\/01\/XStone-Color-10057-1-768x768.webp",768,768,true],"large":["https:\/\/xstone-dev.10web.cloud\/wp-content\/uploads\/2026\/01\/XStone-Color-10057-1-1024x1024.webp",1024,1024,true],"1536x1536":["https:\/\/xstone-dev.10web.cloud\/wp-content\/uploads\/2026\/01\/XStone-Color-10057-1-1536x1536.webp",1536,1536,true],"2048x2048":["https:\/\/xstone-dev.10web.cloud\/wp-content\/uploads\/2026\/01\/XStone-Color-10057-1-2048x2048.webp",2048,2048,true],"tp-image-grid":["https:\/\/xstone-dev.10web.cloud\/wp-content\/uploads\/2026\/01\/XStone-Color-10057-1-700x700.webp",700,700,true],"tenweb_optimizer_mobile":["https:\/\/xstone-dev.10web.cloud\/wp-content\/uploads\/2026\/01\/XStone-Color-10057-1-600x600.webp",600,600,true],"tenweb_optimizer_tablet":["https:\/\/xstone-dev.10web.cloud\/wp-content\/uploads\/2026\/01\/XStone-Color-10057-1-768x768.webp",768,768,true],"woocommerce_thumbnail":["https:\/\/xstone-dev.10web.cloud\/wp-content\/uploads\/2026\/01\/XStone-Color-10057-1-300x300.webp",300,300,true],"woocommerce_single":["https:\/\/xstone-dev.10web.cloud\/wp-content\/uploads\/2026\/01\/XStone-Color-10057-1-600x600.webp",600,600,true],"woocommerce_gallery_thumbnail":["https:\/\/xstone-dev.10web.cloud\/wp-content\/uploads\/2026\/01\/XStone-Color-10057-1-100x100.webp",100,100,true]},"uagb_author_info":{"display_name":"laurent.gomez@xstone.group","author_link":"https:\/\/xstone-dev.10web.cloud\/fr\/author\/"},"uagb_comment_info":0,"uagb_excerpt":"This color is a soft, luminous off-white with gentle mineral clouding and faint sandy undertones, evoking the quiet elegance of aged limestone kissed by light \u00a0a serene, breathable surface that brings warmth, depth, and timeless architectural calm to any space.","_links":{"self":[{"href":"https:\/\/xstone-dev.10web.cloud\/fr\/wp-json\/wp\/v2\/product\/17456","targetHints":{"allow":["GET"]}}],"collection":[{"href":"https:\/\/xstone-dev.10web.cloud\/fr\/wp-json\/wp\/v2\/product"}],"about":[{"href":"https:\/\/xstone-dev.10web.cloud\/fr\/wp-json\/wp\/v2\/types\/product"}],"replies":[{"embeddable":true,"href":"https:\/\/xstone-dev.10web.cloud\/fr\/wp-json\/wp\/v2\/comments?post=17456"}],"wp:featuredmedia":[{"embeddable":true,"href":"https:\/\/xstone-dev.10web.cloud\/fr\/wp-json\/wp\/v2\/media\/17459"}],"wp:attachment":[{"href":"https:\/\/xstone-dev.10web.cloud\/fr\/wp-json\/wp\/v2\/media?parent=17456"}],"wp:term":[{"taxonomy":"product_brand","embeddable":true,"href":"https:\/\/xstone-dev.10web.cloud\/fr\/wp-json\/wp\/v2\/product_brand?post=17456"},{"taxonomy":"product_cat","embeddable":true,"href":"https:\/\/xstone-dev.10web.cloud\/fr\/wp-json\/wp\/v2\/product_cat?post=17456"},{"taxonomy":"product_tag","embeddable":true,"href":"https:\/\/xstone-dev.10web.cloud\/fr\/wp-json\/wp\/v2\/product_tag?post=17456"}],"curies":[{"name":"wp","href":"https:\/\/api.w.org\/{rel}","templated":true}]}}