{"id":24880,"date":"2025-11-28T14:58:10","date_gmt":"2025-11-28T14:58:10","guid":{"rendered":"https:\/\/xstone-dev.10web.cloud\/product\/10054-desierto-en-llamas\/"},"modified":"2025-11-28T14:58:10","modified_gmt":"2025-11-28T14:58:10","slug":"10054-desert-in-fire","status":"publish","type":"product","link":"https:\/\/xstone-dev.10web.cloud\/es\/product\/10054-desert-in-fire\/","title":{"rendered":"10054 | Desierto en llamas"},"content":{"rendered":"<p>Este color es un gris mineral suave, que mezcla un gris calizo p\u00e1lido con un susurro de arena c\u00e1lida y sutiles trazos rosa arcilla, creando una superficie tranquila y terrosa que parece contempor\u00e1nea y atemporal a la vez, como una pared lavada al sol y moldeada por el viento, la luz y el tiempo.<\/p>\n","protected":false},"excerpt":{"rendered":"<p>Este color es un gris mineral suave, que mezcla un gris calizo p\u00e1lido con un susurro de arena c\u00e1lida y sutiles trazos rosa arcilla, creando una superficie tranquila y terrosa que parece contempor\u00e1nea y atemporal a la vez, como una pared lavada al sol y moldeada por el viento, la luz y el tiempo.<\/p>\n","protected":false},"featured_media":24881,"comment_status":"open","ping_status":"closed","template":"","meta":{"_acf_changed":false,"_uag_custom_page_level_css":"","site-sidebar-layout":"default","site-content-layout":"","ast-site-content-layout":"default","site-content-style":"default","site-sidebar-style":"default","ast-global-header-display":"","ast-banner-title-visibility":"","ast-main-header-display":"","ast-hfb-above-header-display":"","ast-hfb-below-header-display":"","ast-hfb-mobile-header-display":"","site-post-title":"","ast-breadcrumbs-content":"","ast-featured-img":"","footer-sml-layout":"","theme-transparent-header-meta":"default","adv-header-id-meta":"","stick-header-meta":"default","header-above-stick-meta":"","header-main-stick-meta":"","header-below-stick-meta":"","astra-migrate-meta-layouts":"default","ast-page-background-enabled":"default","ast-page-background-meta":{"desktop":{"background-color":"var(--ast-global-color-4)","background-image":"","background-repeat":"repeat","background-position":"center center","background-size":"auto","background-attachment":"scroll","background-type":"","background-media":"","overlay-type":"","overlay-color":"","overlay-opacity":"","overlay-gradient":""},"tablet":{"background-color":"","background-image":"","background-repeat":"repeat","background-position":"center center","background-size":"auto","background-attachment":"scroll","background-type":"","background-media":"","overlay-type":"","overlay-color":"","overlay-opacity":"","overlay-gradient":""},"mobile":{"background-color":"","background-image":"","background-repeat":"repeat","background-position":"center center","background-size":"auto","background-attachment":"scroll","background-type":"","background-media":"","overlay-type":"","overlay-color":"","overlay-opacity":"","overlay-gradient":""}},"ast-content-background-meta":{"desktop":{"background-color":"var(--ast-global-color-5)","background-image":"","background-repeat":"repeat","background-position":"center center","background-size":"auto","background-attachment":"scroll","background-type":"","background-media":"","overlay-type":"","overlay-color":"","overlay-opacity":"","overlay-gradient":""},"tablet":{"background-color":"var(--ast-global-color-5)","background-image":"","background-repeat":"repeat","background-position":"center center","background-size":"auto","background-attachment":"scroll","background-type":"","background-media":"","overlay-type":"","overlay-color":"","overlay-opacity":"","overlay-gradient":""},"mobile":{"background-color":"var(--ast-global-color-5)","background-image":"","background-repeat":"repeat","background-position":"center center","background-size":"auto","background-attachment":"scroll","background-type":"","background-media":"","overlay-type":"","overlay-color":"","overlay-opacity":"","overlay-gradient":""}}},"product_brand":[],"product_cat":[2648,2339,2340],"product_tag":[8564,2343,8573,2450,8138,8569,8567,8565,8571],"class_list":{"0":"post-24880","1":"product","2":"type-product","3":"status-publish","4":"has-post-thumbnail","6":"product_cat-yellow","7":"product_cat-color","8":"product_cat-polychromatic","9":"product_tag-greige-wall-finish","10":"product_tag-natural-plaster-look","11":"product_tag-comp-color-15414","12":"product_tag-limestone-effect","13":"product_tag-contemporary-interior","14":"product_tag-architectural-wall","15":"product_tag-warm-neutral-stone","16":"product_tag-mineral-texture-surface","17":"product_tag-soft-earth-tones","18":"desktop-align-left","19":"tablet-align-left","20":"mobile-align-left","22":"first","23":"instock","24":"shipping-taxable","25":"product-type-simple"},"acf":[],"yoast_head":"<!-- This site is optimized with the Yoast SEO Premium plugin v27.4 (Yoast SEO v27.4) - https:\/\/yoast.com\/product\/yoast-seo-premium-wordpress\/ -->\n<title>10054 | Desierto en llamas - XSTONE<\/title>\n<meta name=\"description\" content=\"C\u00e1lida superficie mineral gris\u00e1cea con sutiles tonos arenosos y arcillosos, que ofrece un acabado natural, elegante e intemporal para el dise\u00f1o arquitect\u00f3nico y de interiores.\" \/>\n<meta name=\"robots\" content=\"index, follow, max-snippet:-1, max-image-preview:large, max-video-preview:-1\" \/>\n<link rel=\"canonical\" href=\"https:\/\/xstone-dev.10web.cloud\/es\/product\/10054-desert-in-fire\/\" \/>\n<meta property=\"og:locale\" content=\"es_ES\" \/>\n<meta property=\"og:type\" content=\"article\" \/>\n<meta property=\"og:title\" content=\"10054 | Desierto en llamas\" \/>\n<meta property=\"og:description\" content=\"C\u00e1lida superficie mineral gris\u00e1cea con sutiles tonos arenosos y arcillosos, que ofrece un acabado natural, elegante e intemporal para el dise\u00f1o arquitect\u00f3nico y de interiores.\" \/>\n<meta property=\"og:url\" content=\"https:\/\/xstone-dev.10web.cloud\/es\/product\/10054-desert-in-fire\/\" \/>\n<meta property=\"og:site_name\" content=\"XSTONE\" \/>\n<meta property=\"article:publisher\" content=\"https:\/\/www.facebook.com\/Xstonesurfaces1\/\" \/>\n<meta property=\"og:image\" content=\"https:\/\/xstone-dev.10web.cloud\/wp-content\/uploads\/2025\/11\/10054-scaled.webp\" \/>\n\t<meta property=\"og:image:width\" content=\"2560\" \/>\n\t<meta property=\"og:image:height\" content=\"2560\" \/>\n\t<meta property=\"og:image:type\" content=\"image\/webp\" \/>\n<meta name=\"twitter:card\" content=\"summary_large_image\" \/>\n<script type=\"application\/ld+json\" class=\"yoast-schema-graph\">{\"@context\":\"https:\\\/\\\/schema.org\",\"@graph\":[{\"@type\":\"WebPage\",\"@id\":\"https:\\\/\\\/xstone-dev.10web.cloud\\\/es\\\/product\\\/10054-desert-in-fire\\\/\",\"url\":\"https:\\\/\\\/xstone-dev.10web.cloud\\\/es\\\/product\\\/10054-desert-in-fire\\\/\",\"name\":\"10054 | Desierto en llamas - XSTONE\",\"isPartOf\":{\"@id\":\"https:\\\/\\\/xstone-dev.10web.cloud\\\/es\\\/#website\"},\"primaryImageOfPage\":{\"@id\":\"https:\\\/\\\/xstone-dev.10web.cloud\\\/es\\\/product\\\/10054-desert-in-fire\\\/#primaryimage\"},\"image\":{\"@id\":\"https:\\\/\\\/xstone-dev.10web.cloud\\\/es\\\/product\\\/10054-desert-in-fire\\\/#primaryimage\"},\"thumbnailUrl\":\"https:\\\/\\\/xstone-dev.10web.cloud\\\/wp-content\\\/uploads\\\/2025\\\/11\\\/10054-scaled.webp\",\"datePublished\":\"2025-11-28T14:58:10+00:00\",\"description\":\"C\u00e1lida superficie mineral gris\u00e1cea con sutiles tonos arenosos y arcillosos, que ofrece un acabado natural, elegante e intemporal para el dise\u00f1o arquitect\u00f3nico y de interiores.\",\"breadcrumb\":{\"@id\":\"https:\\\/\\\/xstone-dev.10web.cloud\\\/es\\\/product\\\/10054-desert-in-fire\\\/#breadcrumb\"},\"inLanguage\":\"es\",\"potentialAction\":[{\"@type\":\"ReadAction\",\"target\":[\"https:\\\/\\\/xstone-dev.10web.cloud\\\/es\\\/product\\\/10054-desert-in-fire\\\/\"]}]},{\"@type\":\"ImageObject\",\"inLanguage\":\"es\",\"@id\":\"https:\\\/\\\/xstone-dev.10web.cloud\\\/es\\\/product\\\/10054-desert-in-fire\\\/#primaryimage\",\"url\":\"https:\\\/\\\/xstone-dev.10web.cloud\\\/wp-content\\\/uploads\\\/2025\\\/11\\\/10054-scaled.webp\",\"contentUrl\":\"https:\\\/\\\/xstone-dev.10web.cloud\\\/wp-content\\\/uploads\\\/2025\\\/11\\\/10054-scaled.webp\",\"width\":2560,\"height\":2560},{\"@type\":\"BreadcrumbList\",\"@id\":\"https:\\\/\\\/xstone-dev.10web.cloud\\\/es\\\/product\\\/10054-desert-in-fire\\\/#breadcrumb\",\"itemListElement\":[{\"@type\":\"ListItem\",\"position\":1,\"name\":\"Home\",\"item\":\"https:\\\/\\\/xstone-dev.10web.cloud\\\/es\\\/\"},{\"@type\":\"ListItem\",\"position\":2,\"name\":\"Productos\",\"item\":\"https:\\\/\\\/xstone-dev.10web.cloud\\\/es\\\/shop\\\/\"},{\"@type\":\"ListItem\",\"position\":3,\"name\":\"10054 | Desierto en llamas\"}]},{\"@type\":\"WebSite\",\"@id\":\"https:\\\/\\\/xstone-dev.10web.cloud\\\/es\\\/#website\",\"url\":\"https:\\\/\\\/xstone-dev.10web.cloud\\\/es\\\/\",\"name\":\"XSTONE\",\"description\":\"Belleza mineral aut\u00e9ntica e ilimitada, sin ataduras por la gravedad\",\"potentialAction\":[{\"@type\":\"SearchAction\",\"target\":{\"@type\":\"EntryPoint\",\"urlTemplate\":\"https:\\\/\\\/xstone-dev.10web.cloud\\\/es\\\/?s={search_term_string}\"},\"query-input\":{\"@type\":\"PropertyValueSpecification\",\"valueRequired\":true,\"valueName\":\"search_term_string\"}}],\"inLanguage\":\"es\"}]}<\/script>\n<!-- \/ Yoast SEO Premium plugin. -->","yoast_head_json":{"title":"10054 | Desierto en llamas - XSTONE","description":"C\u00e1lida superficie mineral gris\u00e1cea con sutiles tonos arenosos y arcillosos, que ofrece un acabado natural, elegante e intemporal para el dise\u00f1o arquitect\u00f3nico y de interiores.","robots":{"index":"index","follow":"follow","max-snippet":"max-snippet:-1","max-image-preview":"max-image-preview:large","max-video-preview":"max-video-preview:-1"},"canonical":"https:\/\/xstone-dev.10web.cloud\/es\/product\/10054-desert-in-fire\/","og_locale":"es_ES","og_type":"article","og_title":"10054 | Desierto en llamas","og_description":"C\u00e1lida superficie mineral gris\u00e1cea con sutiles tonos arenosos y arcillosos, que ofrece un acabado natural, elegante e intemporal para el dise\u00f1o arquitect\u00f3nico y de interiores.","og_url":"https:\/\/xstone-dev.10web.cloud\/es\/product\/10054-desert-in-fire\/","og_site_name":"XSTONE","article_publisher":"https:\/\/www.facebook.com\/Xstonesurfaces1\/","og_image":[{"width":2560,"height":2560,"url":"https:\/\/xstone-dev.10web.cloud\/wp-content\/uploads\/2025\/11\/10054-scaled.webp","type":"image\/webp"}],"twitter_card":"summary_large_image","schema":{"@context":"https:\/\/schema.org","@graph":[{"@type":"WebPage","@id":"https:\/\/xstone-dev.10web.cloud\/es\/product\/10054-desert-in-fire\/","url":"https:\/\/xstone-dev.10web.cloud\/es\/product\/10054-desert-in-fire\/","name":"10054 | Desierto en llamas - XSTONE","isPartOf":{"@id":"https:\/\/xstone-dev.10web.cloud\/es\/#website"},"primaryImageOfPage":{"@id":"https:\/\/xstone-dev.10web.cloud\/es\/product\/10054-desert-in-fire\/#primaryimage"},"image":{"@id":"https:\/\/xstone-dev.10web.cloud\/es\/product\/10054-desert-in-fire\/#primaryimage"},"thumbnailUrl":"https:\/\/xstone-dev.10web.cloud\/wp-content\/uploads\/2025\/11\/10054-scaled.webp","datePublished":"2025-11-28T14:58:10+00:00","description":"C\u00e1lida superficie mineral gris\u00e1cea con sutiles tonos arenosos y arcillosos, que ofrece un acabado natural, elegante e intemporal para el dise\u00f1o arquitect\u00f3nico y de interiores.","breadcrumb":{"@id":"https:\/\/xstone-dev.10web.cloud\/es\/product\/10054-desert-in-fire\/#breadcrumb"},"inLanguage":"es","potentialAction":[{"@type":"ReadAction","target":["https:\/\/xstone-dev.10web.cloud\/es\/product\/10054-desert-in-fire\/"]}]},{"@type":"ImageObject","inLanguage":"es","@id":"https:\/\/xstone-dev.10web.cloud\/es\/product\/10054-desert-in-fire\/#primaryimage","url":"https:\/\/xstone-dev.10web.cloud\/wp-content\/uploads\/2025\/11\/10054-scaled.webp","contentUrl":"https:\/\/xstone-dev.10web.cloud\/wp-content\/uploads\/2025\/11\/10054-scaled.webp","width":2560,"height":2560},{"@type":"BreadcrumbList","@id":"https:\/\/xstone-dev.10web.cloud\/es\/product\/10054-desert-in-fire\/#breadcrumb","itemListElement":[{"@type":"ListItem","position":1,"name":"Home","item":"https:\/\/xstone-dev.10web.cloud\/es\/"},{"@type":"ListItem","position":2,"name":"Productos","item":"https:\/\/xstone-dev.10web.cloud\/es\/shop\/"},{"@type":"ListItem","position":3,"name":"10054 | Desierto en llamas"}]},{"@type":"WebSite","@id":"https:\/\/xstone-dev.10web.cloud\/es\/#website","url":"https:\/\/xstone-dev.10web.cloud\/es\/","name":"XSTONE","description":"Belleza mineral aut\u00e9ntica e ilimitada, sin ataduras por la gravedad","potentialAction":[{"@type":"SearchAction","target":{"@type":"EntryPoint","urlTemplate":"https:\/\/xstone-dev.10web.cloud\/es\/?s={search_term_string}"},"query-input":{"@type":"PropertyValueSpecification","valueRequired":true,"valueName":"search_term_string"}}],"inLanguage":"es"}]}},"spectra_custom_meta":{"_last_translation_edit_mode":["translation-editor"],"_wcml_average_rating":[null],"_wcml_review_count":[null],"_wcml_rating_count":[null],"_yoast_wpseo_primary_product_cat":["318"],"_backorders":["no"],"_download_limit":["-1"],"_download_expiry":["-1"],"_downloadable":["no"],"_manage_stock":["no"],"_sku":["10054"],"_stock_status":["instock"],"_sold_individually":["no"],"_tax_class":[""],"_tax_status":["taxable"],"_virtual":["no"],"total_sales":["0"],"_wpml_media_duplicate":["1"],"_wpml_media_featured":["1"],"stick-header-meta":["default"],"site-sidebar-layout":["default"],"theme-transparent-header-meta":["default"],"ast-site-content-layout":["default"],"site-content-style":["default"],"site-sidebar-style":["default"],"_yoast_wpseo_metadesc":["C\u00e1lida superficie mineral gris\u00e1cea con sutiles tonos arenosos y arcillosos, que ofrece un acabado natural, elegante e intemporal para el dise\u00f1o arquitect\u00f3nico y de interiores."],"_yoast_wpseo_focuskw":["c\u00e1lida superficie mineral gris\u00e1cea"],"_thumbnail_id":["24881"],"_product_image_gallery":[""],"_product_attributes":["a:3:{s:7:\"pa_tone\";a:6:{s:4:\"name\";s:7:\"pa_tone\";s:5:\"value\";s:0:\"\";s:8:\"position\";i:0;s:10:\"is_visible\";i:1;s:12:\"is_variation\";i:0;s:11:\"is_taxonomy\";i:1;}s:13:\"pa_color-code\";a:6:{s:4:\"name\";s:13:\"pa_color-code\";s:5:\"value\";s:0:\"\";s:8:\"position\";i:1;s:10:\"is_visible\";i:1;s:12:\"is_variation\";i:0;s:11:\"is_taxonomy\";i:1;}s:9:\"pa_finish\";a:6:{s:4:\"name\";s:9:\"pa_finish\";s:5:\"value\";s:0:\"\";s:8:\"position\";i:2;s:10:\"is_visible\";i:1;s:12:\"is_variation\";i:0;s:11:\"is_taxonomy\";i:1;}}"],"_wpml_word_count":["53"],"two_optimized_date":["1776482805"],"woolentor_views_count_product":["1"],"_uag_css_file_name":["uag-css-24880.css"],"_uag_js_file_name":["uag-js-24880.js"],"tp_widgets":["a:2:{s:7:\"widgets\";a:0:{}s:9:\"update_at\";s:10:\"1776405650\";}"],"_elementor_edit_mode":["builder"],"_selectproduct_layout":["16271"],"_wc_rating_count":[""],"_wc_review_count":[""],"_wc_average_rating":[0]},"uagb_featured_image_src":{"full":["https:\/\/xstone-dev.10web.cloud\/wp-content\/uploads\/2025\/11\/10054-scaled.webp",2560,2560,false],"thumbnail":["https:\/\/xstone-dev.10web.cloud\/wp-content\/uploads\/2025\/11\/10054-150x150.webp",150,150,true],"medium":["https:\/\/xstone-dev.10web.cloud\/wp-content\/uploads\/2025\/11\/10054-300x300.webp",300,300,true],"medium_large":["https:\/\/xstone-dev.10web.cloud\/wp-content\/uploads\/2025\/11\/10054-768x768.webp",768,768,true],"large":["https:\/\/xstone-dev.10web.cloud\/wp-content\/uploads\/2025\/11\/10054-1024x1024.webp",1024,1024,true],"1536x1536":["https:\/\/xstone-dev.10web.cloud\/wp-content\/uploads\/2025\/11\/10054-1536x1536.webp",1536,1536,true],"2048x2048":["https:\/\/xstone-dev.10web.cloud\/wp-content\/uploads\/2025\/11\/10054-2048x2048.webp",2048,2048,true],"tp-image-grid":["https:\/\/xstone-dev.10web.cloud\/wp-content\/uploads\/2025\/11\/10054-scaled.webp",700,700,false],"tenweb_optimizer_mobile":["https:\/\/xstone-dev.10web.cloud\/wp-content\/uploads\/2025\/11\/10054-600x600.webp",600,600,true],"tenweb_optimizer_tablet":["https:\/\/xstone-dev.10web.cloud\/wp-content\/uploads\/2025\/11\/10054-768x768.webp",768,768,true],"woocommerce_thumbnail":["https:\/\/xstone-dev.10web.cloud\/wp-content\/uploads\/2025\/11\/10054-300x300.webp",300,300,true],"woocommerce_single":["https:\/\/xstone-dev.10web.cloud\/wp-content\/uploads\/2025\/11\/10054-600x600.webp",600,600,true],"woocommerce_gallery_thumbnail":["https:\/\/xstone-dev.10web.cloud\/wp-content\/uploads\/2025\/11\/10054-100x100.webp",100,100,true]},"uagb_author_info":{"display_name":"laurent.gomez@xstone.group","author_link":"https:\/\/xstone-dev.10web.cloud\/es\/author\/"},"uagb_comment_info":0,"uagb_excerpt":"Este color es un gris mineral suave, que mezcla un gris calizo p\u00e1lido con un susurro de arena c\u00e1lida y sutiles trazos rosa arcilla, creando una superficie tranquila y terrosa que parece contempor\u00e1nea y atemporal a la vez, como una pared lavada al sol y moldeada por el viento, la luz y el tiempo.","_links":{"self":[{"href":"https:\/\/xstone-dev.10web.cloud\/es\/wp-json\/wp\/v2\/product\/24880","targetHints":{"allow":["GET"]}}],"collection":[{"href":"https:\/\/xstone-dev.10web.cloud\/es\/wp-json\/wp\/v2\/product"}],"about":[{"href":"https:\/\/xstone-dev.10web.cloud\/es\/wp-json\/wp\/v2\/types\/product"}],"replies":[{"embeddable":true,"href":"https:\/\/xstone-dev.10web.cloud\/es\/wp-json\/wp\/v2\/comments?post=24880"}],"wp:featuredmedia":[{"embeddable":true,"href":"https:\/\/xstone-dev.10web.cloud\/es\/wp-json\/wp\/v2\/media\/24881"}],"wp:attachment":[{"href":"https:\/\/xstone-dev.10web.cloud\/es\/wp-json\/wp\/v2\/media?parent=24880"}],"wp:term":[{"taxonomy":"product_brand","embeddable":true,"href":"https:\/\/xstone-dev.10web.cloud\/es\/wp-json\/wp\/v2\/product_brand?post=24880"},{"taxonomy":"product_cat","embeddable":true,"href":"https:\/\/xstone-dev.10web.cloud\/es\/wp-json\/wp\/v2\/product_cat?post=24880"},{"taxonomy":"product_tag","embeddable":true,"href":"https:\/\/xstone-dev.10web.cloud\/es\/wp-json\/wp\/v2\/product_tag?post=24880"}],"curies":[{"name":"wp","href":"https:\/\/api.w.org\/{rel}","templated":true}]}}