{"id":25488,"date":"2025-11-29T19:44:32","date_gmt":"2025-11-29T19:44:32","guid":{"rendered":"https:\/\/xstone-dev.10web.cloud\/product\/apt-akustisches-pet\/"},"modified":"2025-11-29T19:44:32","modified_gmt":"2025-11-29T19:44:32","slug":"apt-acoustic-pet","status":"publish","type":"product","link":"https:\/\/xstone-dev.10web.cloud\/de\/product\/apt-acoustic-pet\/","title":{"rendered":"APT | Akustisches PET"},"content":{"rendered":"<p data-start=\"180\" data-end=\"444\">PET-Akustikplatten erz\u00e4hlen eine einfache, aber wirkungsvolle Geschichte: die Geschichte der Verwandlung.<br data-start=\"262\" data-end=\"265\">Was einst weggeworfener Kunststoff war, wird zu einem n\u00fctzlichen, sch\u00f6nen und leistungsstarken Material, das R\u00e4ume ruhiger, menschlicher und angenehmer zum Leben und Arbeiten machen kann.<\/p>\n<p data-start=\"446\" data-end=\"844\">Der Prozess beginnt mit der Sammlung von gebrauchten Plastikflaschen, die sortiert, gereinigt und in feine Polyesterfasern umgewandelt werden. Diese Fasern werden dann geschichtet, verdichtet und thermisch stabilisiert, um eine filzartige Struktur zu bilden, die sowohl dicht als auch por\u00f6s ist. Diese einzigartige Struktur erm\u00f6glicht es dem Paneel, Schallenergie einzufangen und abzuleiten und den Nachhall und die Umgebungsger\u00e4usche erheblich zu reduzieren.  <\/p>\n<p data-start=\"846\" data-end=\"1194\">Das Ergebnis ist ein Material, das leicht und dennoch langlebig ist, sich weich anf\u00fchlt und dennoch technisch leistungsstark ist. Es absorbiert Schall, ohne einen Raum zu ersticken, schafft Komfort, ohne einzuengen, und verbessert die akustische Qualit\u00e4t, ohne sich optisch aufzudr\u00e4ngen. Es wirkt wie ein leiser Regulator &#8211; es beruhigt die Umgebung und bewahrt gleichzeitig ihre architektonische Integrit\u00e4t.  <\/p>\n<p data-start=\"1196\" data-end=\"1475\">\u00dcber die akustische Leistung hinaus hat PET eine breitere Bedeutung. Es spiegelt eine neue Art des Denkens \u00fcber Materialien wider: zirkul\u00e4r, verantwortungsvoll und intelligent. Ein Material, das nicht nur ein technisches Problem l\u00f6st, sondern zu einer nachhaltigeren Vision von Design und Konstruktion beitr\u00e4gt.  <\/p>\n<p data-start=\"1477\" data-end=\"1699\" data-is-last-node=\"\" data-is-only-node=\"\">PET-Akustikplatten sind daher mehr als nur akustische L\u00f6sungen.<br data-start=\"1540\" data-end=\"1543\">Sie sind Oberfl\u00e4chen, die L\u00e4rm in Ruhe, Chaos in Klarheit und gew\u00f6hnliche R\u00e4ume in Orte verwandeln, an denen Menschen besser atmen, besser denken und besser arbeiten k\u00f6nnen.<\/p>\n","protected":false},"excerpt":{"rendered":"<p>PET-Akustikplatten erz\u00e4hlen eine einfache, aber wirkungsvolle Geschichte: die Geschichte der Verwandlung.Was einst weggeworfener Kunststoff war, wird zu einem n\u00fctzlichen, sch\u00f6nen und leistungsstarken Material, das R\u00e4ume ruhiger, menschlicher und angenehmer zum Leben und Arbeiten machen kann. Der Prozess beginnt mit der Sammlung von gebrauchten Plastikflaschen, die sortiert, gereinigt und in feine Polyesterfasern umgewandelt werden. Diese Fasern [&hellip;]<\/p>\n","protected":false},"featured_media":25509,"comment_status":"open","ping_status":"closed","template":"","meta":{"_acf_changed":false,"_uag_custom_page_level_css":"","site-sidebar-layout":"default","site-content-layout":"","ast-site-content-layout":"default","site-content-style":"default","site-sidebar-style":"default","ast-global-header-display":"","ast-banner-title-visibility":"","ast-main-header-display":"","ast-hfb-above-header-display":"","ast-hfb-below-header-display":"","ast-hfb-mobile-header-display":"","site-post-title":"","ast-breadcrumbs-content":"","ast-featured-img":"","footer-sml-layout":"","theme-transparent-header-meta":"default","adv-header-id-meta":"","stick-header-meta":"default","header-above-stick-meta":"","header-main-stick-meta":"","header-below-stick-meta":"","astra-migrate-meta-layouts":"default","ast-page-background-enabled":"default","ast-page-background-meta":{"desktop":{"background-color":"var(--ast-global-color-4)","background-image":"","background-repeat":"repeat","background-position":"center center","background-size":"auto","background-attachment":"scroll","background-type":"","background-media":"","overlay-type":"","overlay-color":"","overlay-opacity":"","overlay-gradient":""},"tablet":{"background-color":"","background-image":"","background-repeat":"repeat","background-position":"center center","background-size":"auto","background-attachment":"scroll","background-type":"","background-media":"","overlay-type":"","overlay-color":"","overlay-opacity":"","overlay-gradient":""},"mobile":{"background-color":"","background-image":"","background-repeat":"repeat","background-position":"center center","background-size":"auto","background-attachment":"scroll","background-type":"","background-media":"","overlay-type":"","overlay-color":"","overlay-opacity":"","overlay-gradient":""}},"ast-content-background-meta":{"desktop":{"background-color":"var(--ast-global-color-5)","background-image":"","background-repeat":"repeat","background-position":"center center","background-size":"auto","background-attachment":"scroll","background-type":"","background-media":"","overlay-type":"","overlay-color":"","overlay-opacity":"","overlay-gradient":""},"tablet":{"background-color":"var(--ast-global-color-5)","background-image":"","background-repeat":"repeat","background-position":"center center","background-size":"auto","background-attachment":"scroll","background-type":"","background-media":"","overlay-type":"","overlay-color":"","overlay-opacity":"","overlay-gradient":""},"mobile":{"background-color":"var(--ast-global-color-5)","background-image":"","background-repeat":"repeat","background-position":"center center","background-size":"auto","background-attachment":"scroll","background-type":"","background-media":"","overlay-type":"","overlay-color":"","overlay-opacity":"","overlay-gradient":""}}},"product_brand":[],"product_cat":[8730],"product_tag":[9364,9356,9355,9366,9380,9372,9378,9374,9362,9368,3415,9370,9360,9376,9358],"class_list":{"0":"post-25488","1":"product","2":"type-product","3":"status-publish","4":"has-post-thumbnail","6":"product_cat-backing","7":"product_tag-open-office-acoustics","8":"product_tag-recycled-pet-acoustic-panels","9":"product_tag-pet-acoustic-panels","10":"product_tag-acoustic-panels-for-schools","11":"product_tag-acoustic-wall-surfaces","12":"product_tag-acoustic-comfort","13":"product_tag-architectural-acoustics","14":"product_tag-biophilic-acoustic-design","15":"product_tag-office-acoustics","16":"product_tag-decorative-acoustic-panels","17":"product_tag-comp-backing-15500","18":"product_tag-lightweight-acoustic-panels","19":"product_tag-sustainable-acoustic-panels","20":"product_tag-recycled-plastic-panels","21":"product_tag-sound-absorbing-panels","22":"desktop-align-left","23":"tablet-align-left","24":"mobile-align-left","26":"first","27":"instock","28":"shipping-taxable","29":"product-type-simple"},"acf":[],"yoast_head":"<!-- This site is optimized with the Yoast SEO Premium plugin v27.4 (Yoast SEO v27.4) - https:\/\/yoast.com\/product\/yoast-seo-premium-wordpress\/ -->\n<title>APT | Akustisches PET - XSTONE<\/title>\n<meta name=\"description\" content=\"Hochwertige PET-Akustikplatten aus recyceltem Kunststoff. Elegante, leichte und nachhaltige Schalld\u00e4mmung f\u00fcr moderne Innenr\u00e4ume.\" \/>\n<meta name=\"robots\" content=\"index, follow, max-snippet:-1, max-image-preview:large, max-video-preview:-1\" \/>\n<link rel=\"canonical\" href=\"https:\/\/xstone-dev.10web.cloud\/de\/product\/apt-acoustic-pet\/\" \/>\n<meta property=\"og:locale\" content=\"de_DE\" \/>\n<meta property=\"og:type\" content=\"article\" \/>\n<meta property=\"og:title\" content=\"APT | Akustisches PET\" \/>\n<meta property=\"og:description\" content=\"Hochwertige PET-Akustikplatten aus recyceltem Kunststoff. Elegante, leichte und nachhaltige Schalld\u00e4mmung f\u00fcr moderne Innenr\u00e4ume.\" \/>\n<meta property=\"og:url\" content=\"https:\/\/xstone-dev.10web.cloud\/de\/product\/apt-acoustic-pet\/\" \/>\n<meta property=\"og:site_name\" content=\"XSTONE\" \/>\n<meta property=\"article:publisher\" content=\"https:\/\/www.facebook.com\/Xstonesurfaces1\/\" \/>\n<meta property=\"og:image\" content=\"https:\/\/xstone-dev.10web.cloud\/wp-content\/uploads\/2025\/11\/Acoustic-PET-scaled.webp\" \/>\n\t<meta property=\"og:image:width\" content=\"2560\" \/>\n\t<meta property=\"og:image:height\" content=\"2560\" \/>\n\t<meta property=\"og:image:type\" content=\"image\/webp\" \/>\n<meta name=\"twitter:card\" content=\"summary_large_image\" \/>\n<meta name=\"twitter:label1\" content=\"Gesch\u00e4tzte Lesezeit\" \/>\n\t<meta name=\"twitter:data1\" content=\"1\u00a0Minute\" \/>\n<script type=\"application\/ld+json\" class=\"yoast-schema-graph\">{\"@context\":\"https:\\\/\\\/schema.org\",\"@graph\":[{\"@type\":\"WebPage\",\"@id\":\"https:\\\/\\\/xstone-dev.10web.cloud\\\/de\\\/product\\\/apt-acoustic-pet\\\/\",\"url\":\"https:\\\/\\\/xstone-dev.10web.cloud\\\/de\\\/product\\\/apt-acoustic-pet\\\/\",\"name\":\"APT | Akustisches PET - XSTONE\",\"isPartOf\":{\"@id\":\"https:\\\/\\\/xstone-dev.10web.cloud\\\/de\\\/#website\"},\"primaryImageOfPage\":{\"@id\":\"https:\\\/\\\/xstone-dev.10web.cloud\\\/de\\\/product\\\/apt-acoustic-pet\\\/#primaryimage\"},\"image\":{\"@id\":\"https:\\\/\\\/xstone-dev.10web.cloud\\\/de\\\/product\\\/apt-acoustic-pet\\\/#primaryimage\"},\"thumbnailUrl\":\"https:\\\/\\\/xstone-dev.10web.cloud\\\/wp-content\\\/uploads\\\/2025\\\/11\\\/Acoustic-PET-scaled.webp\",\"datePublished\":\"2025-11-29T19:44:32+00:00\",\"description\":\"Hochwertige PET-Akustikplatten aus recyceltem Kunststoff. Elegante, leichte und nachhaltige Schalld\u00e4mmung f\u00fcr moderne Innenr\u00e4ume.\",\"breadcrumb\":{\"@id\":\"https:\\\/\\\/xstone-dev.10web.cloud\\\/de\\\/product\\\/apt-acoustic-pet\\\/#breadcrumb\"},\"inLanguage\":\"de\",\"potentialAction\":[{\"@type\":\"ReadAction\",\"target\":[\"https:\\\/\\\/xstone-dev.10web.cloud\\\/de\\\/product\\\/apt-acoustic-pet\\\/\"]}]},{\"@type\":\"ImageObject\",\"inLanguage\":\"de\",\"@id\":\"https:\\\/\\\/xstone-dev.10web.cloud\\\/de\\\/product\\\/apt-acoustic-pet\\\/#primaryimage\",\"url\":\"https:\\\/\\\/xstone-dev.10web.cloud\\\/wp-content\\\/uploads\\\/2025\\\/11\\\/Acoustic-PET-scaled.webp\",\"contentUrl\":\"https:\\\/\\\/xstone-dev.10web.cloud\\\/wp-content\\\/uploads\\\/2025\\\/11\\\/Acoustic-PET-scaled.webp\",\"width\":2560,\"height\":2560},{\"@type\":\"BreadcrumbList\",\"@id\":\"https:\\\/\\\/xstone-dev.10web.cloud\\\/de\\\/product\\\/apt-acoustic-pet\\\/#breadcrumb\",\"itemListElement\":[{\"@type\":\"ListItem\",\"position\":1,\"name\":\"Home\",\"item\":\"https:\\\/\\\/xstone-dev.10web.cloud\\\/de\\\/\"},{\"@type\":\"ListItem\",\"position\":2,\"name\":\"Produkte\",\"item\":\"https:\\\/\\\/xstone-dev.10web.cloud\\\/de\\\/shop\\\/\"},{\"@type\":\"ListItem\",\"position\":3,\"name\":\"APT | Akustisches PET\"}]},{\"@type\":\"WebSite\",\"@id\":\"https:\\\/\\\/xstone-dev.10web.cloud\\\/de\\\/#website\",\"url\":\"https:\\\/\\\/xstone-dev.10web.cloud\\\/de\\\/\",\"name\":\"XSTONE\",\"description\":\"Authentische und grenzenlose mineralische Sch\u00f6nheit, ungebunden von der Schwerkraft\",\"potentialAction\":[{\"@type\":\"SearchAction\",\"target\":{\"@type\":\"EntryPoint\",\"urlTemplate\":\"https:\\\/\\\/xstone-dev.10web.cloud\\\/de\\\/?s={search_term_string}\"},\"query-input\":{\"@type\":\"PropertyValueSpecification\",\"valueRequired\":true,\"valueName\":\"search_term_string\"}}],\"inLanguage\":\"de\"}]}<\/script>\n<!-- \/ Yoast SEO Premium plugin. -->","yoast_head_json":{"title":"APT | Akustisches PET - XSTONE","description":"Hochwertige PET-Akustikplatten aus recyceltem Kunststoff. Elegante, leichte und nachhaltige Schalld\u00e4mmung f\u00fcr moderne Innenr\u00e4ume.","robots":{"index":"index","follow":"follow","max-snippet":"max-snippet:-1","max-image-preview":"max-image-preview:large","max-video-preview":"max-video-preview:-1"},"canonical":"https:\/\/xstone-dev.10web.cloud\/de\/product\/apt-acoustic-pet\/","og_locale":"de_DE","og_type":"article","og_title":"APT | Akustisches PET","og_description":"Hochwertige PET-Akustikplatten aus recyceltem Kunststoff. Elegante, leichte und nachhaltige Schalld\u00e4mmung f\u00fcr moderne Innenr\u00e4ume.","og_url":"https:\/\/xstone-dev.10web.cloud\/de\/product\/apt-acoustic-pet\/","og_site_name":"XSTONE","article_publisher":"https:\/\/www.facebook.com\/Xstonesurfaces1\/","og_image":[{"width":2560,"height":2560,"url":"https:\/\/xstone-dev.10web.cloud\/wp-content\/uploads\/2025\/11\/Acoustic-PET-scaled.webp","type":"image\/webp"}],"twitter_card":"summary_large_image","twitter_misc":{"Gesch\u00e4tzte Lesezeit":"1\u00a0Minute"},"schema":{"@context":"https:\/\/schema.org","@graph":[{"@type":"WebPage","@id":"https:\/\/xstone-dev.10web.cloud\/de\/product\/apt-acoustic-pet\/","url":"https:\/\/xstone-dev.10web.cloud\/de\/product\/apt-acoustic-pet\/","name":"APT | Akustisches PET - XSTONE","isPartOf":{"@id":"https:\/\/xstone-dev.10web.cloud\/de\/#website"},"primaryImageOfPage":{"@id":"https:\/\/xstone-dev.10web.cloud\/de\/product\/apt-acoustic-pet\/#primaryimage"},"image":{"@id":"https:\/\/xstone-dev.10web.cloud\/de\/product\/apt-acoustic-pet\/#primaryimage"},"thumbnailUrl":"https:\/\/xstone-dev.10web.cloud\/wp-content\/uploads\/2025\/11\/Acoustic-PET-scaled.webp","datePublished":"2025-11-29T19:44:32+00:00","description":"Hochwertige PET-Akustikplatten aus recyceltem Kunststoff. Elegante, leichte und nachhaltige Schalld\u00e4mmung f\u00fcr moderne Innenr\u00e4ume.","breadcrumb":{"@id":"https:\/\/xstone-dev.10web.cloud\/de\/product\/apt-acoustic-pet\/#breadcrumb"},"inLanguage":"de","potentialAction":[{"@type":"ReadAction","target":["https:\/\/xstone-dev.10web.cloud\/de\/product\/apt-acoustic-pet\/"]}]},{"@type":"ImageObject","inLanguage":"de","@id":"https:\/\/xstone-dev.10web.cloud\/de\/product\/apt-acoustic-pet\/#primaryimage","url":"https:\/\/xstone-dev.10web.cloud\/wp-content\/uploads\/2025\/11\/Acoustic-PET-scaled.webp","contentUrl":"https:\/\/xstone-dev.10web.cloud\/wp-content\/uploads\/2025\/11\/Acoustic-PET-scaled.webp","width":2560,"height":2560},{"@type":"BreadcrumbList","@id":"https:\/\/xstone-dev.10web.cloud\/de\/product\/apt-acoustic-pet\/#breadcrumb","itemListElement":[{"@type":"ListItem","position":1,"name":"Home","item":"https:\/\/xstone-dev.10web.cloud\/de\/"},{"@type":"ListItem","position":2,"name":"Produkte","item":"https:\/\/xstone-dev.10web.cloud\/de\/shop\/"},{"@type":"ListItem","position":3,"name":"APT | Akustisches PET"}]},{"@type":"WebSite","@id":"https:\/\/xstone-dev.10web.cloud\/de\/#website","url":"https:\/\/xstone-dev.10web.cloud\/de\/","name":"XSTONE","description":"Authentische und grenzenlose mineralische Sch\u00f6nheit, ungebunden von der Schwerkraft","potentialAction":[{"@type":"SearchAction","target":{"@type":"EntryPoint","urlTemplate":"https:\/\/xstone-dev.10web.cloud\/de\/?s={search_term_string}"},"query-input":{"@type":"PropertyValueSpecification","valueRequired":true,"valueName":"search_term_string"}}],"inLanguage":"de"}]}},"spectra_custom_meta":{"_last_translation_edit_mode":["translation-editor"],"_product_attributes":["a:7:{s:11:\"composition\";a:6:{s:4:\"name\";s:11:\"Composition\";s:5:\"value\";s:74:\"100 % recycelte Polyesterfasern ohne chemische Bindemittel oder Hemmstoffe\";s:8:\"position\";i:0;s:10:\"is_visible\";i:1;s:12:\"is_variation\";i:0;s:11:\"is_taxonomy\";i:0;}s:8:\"features\";a:6:{s:4:\"name\";s:8:\"Features\";s:5:\"value\";s:116:\"Geringes Gewicht, einfache Installation, ungiftig, nicht allergen und nicht reizend, Dichtigkeit und Formstabilit\u00e4t\";s:8:\"position\";i:1;s:10:\"is_visible\";i:1;s:12:\"is_variation\";i:0;s:11:\"is_taxonomy\";i:0;}s:6:\"colors\";a:6:{s:4:\"name\";s:6:\"Colors\";s:5:\"value\";s:22:\"Mehr als 20 verf\u00fcgbar\";s:8:\"position\";i:2;s:10:\"is_visible\";i:1;s:12:\"is_variation\";i:0;s:11:\"is_taxonomy\";i:0;}s:4:\"size\";a:6:{s:4:\"name\";s:4:\"Size\";s:5:\"value\";s:28:\"2440 x 1220 mm; 800 x 600 mm\";s:8:\"position\";i:3;s:10:\"is_visible\";i:1;s:12:\"is_variation\";i:0;s:11:\"is_taxonomy\";i:0;}s:9:\"thickness\";a:6:{s:4:\"name\";s:9:\"Thickness\";s:5:\"value\";s:25:\"9 mm; 12 mm; 18 mm; 24 mm\";s:8:\"position\";i:4;s:10:\"is_visible\";i:1;s:12:\"is_variation\";i:0;s:11:\"is_taxonomy\";i:0;}s:11:\"fire-rating\";a:6:{s:4:\"name\";s:11:\"Fire rating\";s:5:\"value\";s:7:\"B-s1-d0\";s:8:\"position\";i:5;s:10:\"is_visible\";i:1;s:12:\"is_variation\";i:0;s:11:\"is_taxonomy\";i:0;}s:16:\"sound-absorption\";a:6:{s:4:\"name\";s:16:\"Sound absorption\";s:5:\"value\";s:44:\"EN ISO 354:2003 Koeefizient = 0,5. Klasse D \";s:8:\"position\";i:6;s:10:\"is_visible\";i:1;s:12:\"is_variation\";i:0;s:11:\"is_taxonomy\";i:0;}}"],"attr_label_translations":["a:1:{s:2:\"de\";a:7:{s:11:\"composition\";s:15:\"Zusammensetzung\";s:8:\"features\";s:13:\"Eigenschaften\";s:6:\"colors\";s:6:\"Farben\";s:4:\"size\";s:7:\"Gr\u00f6\u00dfe\";s:9:\"thickness\";s:5:\"Dicke\";s:11:\"fire-rating\";s:11:\"Brandklasse\";s:16:\"sound-absorption\";s:15:\"Schalld\u00e4mpfung\";}}"],"_wcml_average_rating":[null],"_wcml_review_count":[null],"_wcml_rating_count":[null],"_yoast_wpseo_primary_product_cat":["331"],"_backorders":["no"],"_download_limit":["-1"],"_download_expiry":["-1"],"_downloadable":["no"],"_manage_stock":["no"],"_sku":["APT"],"_stock_status":["instock"],"_sold_individually":["no"],"_tax_class":[""],"_tax_status":["taxable"],"_virtual":["no"],"total_sales":["0"],"_wpml_media_duplicate":["1"],"_wpml_media_featured":["1"],"stick-header-meta":["default"],"site-sidebar-layout":["default"],"theme-transparent-header-meta":["default"],"ast-site-content-layout":["default"],"site-content-style":["default"],"site-sidebar-style":["default"],"_yoast_wpseo_metadesc":["Hochwertige PET-Akustikplatten aus recyceltem Kunststoff. Elegante, leichte und nachhaltige Schalld\u00e4mmung f\u00fcr moderne Innenr\u00e4ume."],"_yoast_wpseo_focuskw":["Akustikplatten aus recyceltem PET"],"_thumbnail_id":["25509"],"_wpml_word_count":["304"],"two_optimized_date":["1776495168"],"woolentor_views_count_product":["3"],"_uag_css_file_name":["uag-css-25488.css"],"_uag_js_file_name":["uag-js-25488.js"],"tp_widgets":["a:2:{s:7:\"widgets\";a:0:{}s:9:\"update_at\";s:10:\"1776405650\";}"],"_elementor_edit_mode":["builder"],"_selectproduct_layout":["16398"],"_wc_rating_count":[""],"_wc_review_count":[""],"_wc_average_rating":[0]},"uagb_featured_image_src":{"full":["https:\/\/xstone-dev.10web.cloud\/wp-content\/uploads\/2025\/11\/Acoustic-PET-scaled.webp",2560,2560,false],"thumbnail":["https:\/\/xstone-dev.10web.cloud\/wp-content\/uploads\/2025\/11\/Acoustic-PET-150x150.webp",150,150,true],"medium":["https:\/\/xstone-dev.10web.cloud\/wp-content\/uploads\/2025\/11\/Acoustic-PET-300x300.webp",300,300,true],"medium_large":["https:\/\/xstone-dev.10web.cloud\/wp-content\/uploads\/2025\/11\/Acoustic-PET-768x768.webp",768,768,true],"large":["https:\/\/xstone-dev.10web.cloud\/wp-content\/uploads\/2025\/11\/Acoustic-PET-1024x1024.webp",1024,1024,true],"1536x1536":["https:\/\/xstone-dev.10web.cloud\/wp-content\/uploads\/2025\/11\/Acoustic-PET-1536x1536.webp",1536,1536,true],"2048x2048":["https:\/\/xstone-dev.10web.cloud\/wp-content\/uploads\/2025\/11\/Acoustic-PET-2048x2048.webp",2048,2048,true],"tp-image-grid":["https:\/\/xstone-dev.10web.cloud\/wp-content\/uploads\/2025\/11\/Acoustic-PET-scaled.webp",700,700,false],"tenweb_optimizer_mobile":["https:\/\/xstone-dev.10web.cloud\/wp-content\/uploads\/2025\/11\/Acoustic-PET-600x600.webp",600,600,true],"tenweb_optimizer_tablet":["https:\/\/xstone-dev.10web.cloud\/wp-content\/uploads\/2025\/11\/Acoustic-PET-768x768.webp",768,768,true],"woocommerce_thumbnail":["https:\/\/xstone-dev.10web.cloud\/wp-content\/uploads\/2025\/11\/Acoustic-PET-300x300.webp",300,300,true],"woocommerce_single":["https:\/\/xstone-dev.10web.cloud\/wp-content\/uploads\/2025\/11\/Acoustic-PET-600x600.webp",600,600,true],"woocommerce_gallery_thumbnail":["https:\/\/xstone-dev.10web.cloud\/wp-content\/uploads\/2025\/11\/Acoustic-PET-100x100.webp",100,100,true]},"uagb_author_info":{"display_name":"laurent.gomez@xstone.group","author_link":"https:\/\/xstone-dev.10web.cloud\/de\/author\/"},"uagb_comment_info":0,"uagb_excerpt":"PET-Akustikplatten erz\u00e4hlen eine einfache, aber wirkungsvolle Geschichte: die Geschichte der Verwandlung.Was einst weggeworfener Kunststoff war, wird zu einem n\u00fctzlichen, sch\u00f6nen und leistungsstarken Material, das R\u00e4ume ruhiger, menschlicher und angenehmer zum Leben und Arbeiten machen kann. Der Prozess beginnt mit der Sammlung von gebrauchten Plastikflaschen, die sortiert, gereinigt und in feine Polyesterfasern umgewandelt werden. Diese Fasern&hellip;","_links":{"self":[{"href":"https:\/\/xstone-dev.10web.cloud\/de\/wp-json\/wp\/v2\/product\/25488","targetHints":{"allow":["GET"]}}],"collection":[{"href":"https:\/\/xstone-dev.10web.cloud\/de\/wp-json\/wp\/v2\/product"}],"about":[{"href":"https:\/\/xstone-dev.10web.cloud\/de\/wp-json\/wp\/v2\/types\/product"}],"replies":[{"embeddable":true,"href":"https:\/\/xstone-dev.10web.cloud\/de\/wp-json\/wp\/v2\/comments?post=25488"}],"wp:featuredmedia":[{"embeddable":true,"href":"https:\/\/xstone-dev.10web.cloud\/de\/wp-json\/wp\/v2\/media\/25509"}],"wp:attachment":[{"href":"https:\/\/xstone-dev.10web.cloud\/de\/wp-json\/wp\/v2\/media?parent=25488"}],"wp:term":[{"taxonomy":"product_brand","embeddable":true,"href":"https:\/\/xstone-dev.10web.cloud\/de\/wp-json\/wp\/v2\/product_brand?post=25488"},{"taxonomy":"product_cat","embeddable":true,"href":"https:\/\/xstone-dev.10web.cloud\/de\/wp-json\/wp\/v2\/product_cat?post=25488"},{"taxonomy":"product_tag","embeddable":true,"href":"https:\/\/xstone-dev.10web.cloud\/de\/wp-json\/wp\/v2\/product_tag?post=25488"}],"curies":[{"name":"wp","href":"https:\/\/api.w.org\/{rel}","templated":true}]}}