{"id":24095,"date":"2026-01-14T13:59:06","date_gmt":"2026-01-14T13:59:06","guid":{"rendered":"https:\/\/xstone-dev.10web.cloud\/product\/fip-fire-plank\/"},"modified":"2026-01-14T13:59:06","modified_gmt":"2026-01-14T13:59:06","slug":"fip-fire-plank","status":"publish","type":"product","link":"https:\/\/xstone-dev.10web.cloud\/de\/product\/fip-fire-plank\/","title":{"rendered":"FIP | Fire Plank"},"content":{"rendered":"<p>Fire Plank ist eine tief strukturierte, lineare Oberfl\u00e4che, die durch Intensit\u00e4t und Zeit geformt wirkt, mit l\u00e4nglichen, maserungsartigen Streifen und subtilen, blasigen Mikroreliefs, die ein starkes Gef\u00fchl von Bewegung und Tiefe erzeugen. Ihr roher, ausdrucksstarker Charakter erinnert an die Verwandlung von Material unter extremen Bedingungen und verleiht der Textur eine k\u00fchne, fast elementare Pr\u00e4senz, die W\u00e4rme, St\u00e4rke und eine markante architektonische Identit\u00e4t in jeden Raum bringt. <\/p>\n","protected":false},"excerpt":{"rendered":"<p>Fire Plank ist eine tief strukturierte, lineare Oberfl\u00e4che, die durch Intensit\u00e4t und Zeit geformt wirkt, mit l\u00e4nglichen, maserungsartigen Streifen und subtilen, blasigen Mikroreliefs, die ein starkes Gef\u00fchl von Bewegung und Tiefe erzeugen. Ihr roher, ausdrucksstarker Charakter erinnert an die Verwandlung von Material unter extremen Bedingungen und verleiht der Textur eine k\u00fchne, fast elementare Pr\u00e4senz, die [&hellip;]<\/p>\n","protected":false},"featured_media":24098,"comment_status":"open","ping_status":"closed","template":"","meta":{"_acf_changed":false,"_uag_custom_page_level_css":"","site-sidebar-layout":"default","site-content-layout":"","ast-site-content-layout":"default","site-content-style":"default","site-sidebar-style":"default","ast-global-header-display":"","ast-banner-title-visibility":"","ast-main-header-display":"","ast-hfb-above-header-display":"","ast-hfb-below-header-display":"","ast-hfb-mobile-header-display":"","site-post-title":"","ast-breadcrumbs-content":"","ast-featured-img":"","footer-sml-layout":"","theme-transparent-header-meta":"default","adv-header-id-meta":"","stick-header-meta":"default","header-above-stick-meta":"","header-main-stick-meta":"","header-below-stick-meta":"","astra-migrate-meta-layouts":"default","ast-page-background-enabled":"default","ast-page-background-meta":{"desktop":{"background-color":"var(--ast-global-color-4)","background-image":"","background-repeat":"repeat","background-position":"center center","background-size":"auto","background-attachment":"scroll","background-type":"","background-media":"","overlay-type":"","overlay-color":"","overlay-opacity":"","overlay-gradient":""},"tablet":{"background-color":"","background-image":"","background-repeat":"repeat","background-position":"center center","background-size":"auto","background-attachment":"scroll","background-type":"","background-media":"","overlay-type":"","overlay-color":"","overlay-opacity":"","overlay-gradient":""},"mobile":{"background-color":"","background-image":"","background-repeat":"repeat","background-position":"center center","background-size":"auto","background-attachment":"scroll","background-type":"","background-media":"","overlay-type":"","overlay-color":"","overlay-opacity":"","overlay-gradient":""}},"ast-content-background-meta":{"desktop":{"background-color":"var(--ast-global-color-5)","background-image":"","background-repeat":"repeat","background-position":"center center","background-size":"auto","background-attachment":"scroll","background-type":"","background-media":"","overlay-type":"","overlay-color":"","overlay-opacity":"","overlay-gradient":""},"tablet":{"background-color":"var(--ast-global-color-5)","background-image":"","background-repeat":"repeat","background-position":"center center","background-size":"auto","background-attachment":"scroll","background-type":"","background-media":"","overlay-type":"","overlay-color":"","overlay-opacity":"","overlay-gradient":""},"mobile":{"background-color":"var(--ast-global-color-5)","background-image":"","background-repeat":"repeat","background-position":"center center","background-size":"auto","background-attachment":"scroll","background-type":"","background-media":"","overlay-type":"","overlay-color":"","overlay-opacity":"","overlay-gradient":""}}},"product_brand":[],"product_cat":[7113,3688],"product_tag":[7117,7114,2893,7116,7118],"class_list":{"0":"post-24095","1":"product","2":"type-product","3":"status-publish","4":"has-post-thumbnail","6":"product_cat-wood","7":"product_cat-texture","8":"product_tag-expressive-surface-design","9":"product_tag-fire-plank-texture","10":"product_tag-comp-texture-16887","11":"product_tag-charred-wood-effect","12":"product_tag-yakisugi","13":"desktop-align-left","14":"tablet-align-left","15":"mobile-align-left","17":"first","18":"instock","19":"shipping-taxable","20":"product-type-simple"},"acf":[],"yoast_head":"<!-- This site is optimized with the Yoast SEO Premium plugin v27.4 (Yoast SEO v27.4) - https:\/\/yoast.com\/product\/yoast-seo-premium-wordpress\/ -->\n<title>FIP | Fire Plank - XSTONE<\/title>\n<meta name=\"description\" content=\"Entdecken Sie Fire Plank, eine geradlinig strukturierte Oberfl\u00e4che mit ausdrucksstarker Maserung und architektonischer Tiefe, inspiriert von Material, das durch Intensit\u00e4t und Zeit geformt wurde.\" \/>\n<meta name=\"robots\" content=\"index, follow, max-snippet:-1, max-image-preview:large, max-video-preview:-1\" \/>\n<link rel=\"canonical\" href=\"https:\/\/xstone-dev.10web.cloud\/de\/product\/fip-fire-plank\/\" \/>\n<meta property=\"og:locale\" content=\"de_DE\" \/>\n<meta property=\"og:type\" content=\"article\" \/>\n<meta property=\"og:title\" content=\"FIP | Fire Plank\" \/>\n<meta property=\"og:description\" content=\"Entdecken Sie Fire Plank, eine geradlinig strukturierte Oberfl\u00e4che mit ausdrucksstarker Maserung und architektonischer Tiefe, inspiriert von Material, das durch Intensit\u00e4t und Zeit geformt wurde.\" \/>\n<meta property=\"og:url\" content=\"https:\/\/xstone-dev.10web.cloud\/de\/product\/fip-fire-plank\/\" \/>\n<meta property=\"og:site_name\" content=\"XSTONE\" \/>\n<meta property=\"article:publisher\" content=\"https:\/\/www.facebook.com\/Xstonesurfaces1\/\" \/>\n<meta property=\"og:image\" content=\"https:\/\/xstone-dev.10web.cloud\/wp-content\/uploads\/2026\/01\/XStone-Texture-FIP.webp\" \/>\n\t<meta property=\"og:image:width\" content=\"1920\" \/>\n\t<meta property=\"og:image:height\" content=\"1920\" \/>\n\t<meta property=\"og:image:type\" content=\"image\/webp\" \/>\n<meta name=\"twitter:card\" content=\"summary_large_image\" \/>\n<script type=\"application\/ld+json\" class=\"yoast-schema-graph\">{\"@context\":\"https:\\\/\\\/schema.org\",\"@graph\":[{\"@type\":\"WebPage\",\"@id\":\"https:\\\/\\\/xstone-dev.10web.cloud\\\/de\\\/product\\\/fip-fire-plank\\\/\",\"url\":\"https:\\\/\\\/xstone-dev.10web.cloud\\\/de\\\/product\\\/fip-fire-plank\\\/\",\"name\":\"FIP | Fire Plank - XSTONE\",\"isPartOf\":{\"@id\":\"https:\\\/\\\/xstone-dev.10web.cloud\\\/de\\\/#website\"},\"primaryImageOfPage\":{\"@id\":\"https:\\\/\\\/xstone-dev.10web.cloud\\\/de\\\/product\\\/fip-fire-plank\\\/#primaryimage\"},\"image\":{\"@id\":\"https:\\\/\\\/xstone-dev.10web.cloud\\\/de\\\/product\\\/fip-fire-plank\\\/#primaryimage\"},\"thumbnailUrl\":\"https:\\\/\\\/xstone-dev.10web.cloud\\\/wp-content\\\/uploads\\\/2026\\\/01\\\/XStone-Texture-FIP.webp\",\"datePublished\":\"2026-01-14T13:59:06+00:00\",\"description\":\"Entdecken Sie Fire Plank, eine geradlinig strukturierte Oberfl\u00e4che mit ausdrucksstarker Maserung und architektonischer Tiefe, inspiriert von Material, das durch Intensit\u00e4t und Zeit geformt wurde.\",\"breadcrumb\":{\"@id\":\"https:\\\/\\\/xstone-dev.10web.cloud\\\/de\\\/product\\\/fip-fire-plank\\\/#breadcrumb\"},\"inLanguage\":\"de\",\"potentialAction\":[{\"@type\":\"ReadAction\",\"target\":[\"https:\\\/\\\/xstone-dev.10web.cloud\\\/de\\\/product\\\/fip-fire-plank\\\/\"]}]},{\"@type\":\"ImageObject\",\"inLanguage\":\"de\",\"@id\":\"https:\\\/\\\/xstone-dev.10web.cloud\\\/de\\\/product\\\/fip-fire-plank\\\/#primaryimage\",\"url\":\"https:\\\/\\\/xstone-dev.10web.cloud\\\/wp-content\\\/uploads\\\/2026\\\/01\\\/XStone-Texture-FIP.webp\",\"contentUrl\":\"https:\\\/\\\/xstone-dev.10web.cloud\\\/wp-content\\\/uploads\\\/2026\\\/01\\\/XStone-Texture-FIP.webp\",\"width\":1920,\"height\":1920,\"caption\":\"XStone -Texture - Fire Plank\"},{\"@type\":\"BreadcrumbList\",\"@id\":\"https:\\\/\\\/xstone-dev.10web.cloud\\\/de\\\/product\\\/fip-fire-plank\\\/#breadcrumb\",\"itemListElement\":[{\"@type\":\"ListItem\",\"position\":1,\"name\":\"Home\",\"item\":\"https:\\\/\\\/xstone-dev.10web.cloud\\\/de\\\/\"},{\"@type\":\"ListItem\",\"position\":2,\"name\":\"Produkte\",\"item\":\"https:\\\/\\\/xstone-dev.10web.cloud\\\/de\\\/shop\\\/\"},{\"@type\":\"ListItem\",\"position\":3,\"name\":\"FIP | Fire Plank\"}]},{\"@type\":\"WebSite\",\"@id\":\"https:\\\/\\\/xstone-dev.10web.cloud\\\/de\\\/#website\",\"url\":\"https:\\\/\\\/xstone-dev.10web.cloud\\\/de\\\/\",\"name\":\"XSTONE\",\"description\":\"Authentische und grenzenlose mineralische Sch\u00f6nheit, ungebunden von der Schwerkraft\",\"potentialAction\":[{\"@type\":\"SearchAction\",\"target\":{\"@type\":\"EntryPoint\",\"urlTemplate\":\"https:\\\/\\\/xstone-dev.10web.cloud\\\/de\\\/?s={search_term_string}\"},\"query-input\":{\"@type\":\"PropertyValueSpecification\",\"valueRequired\":true,\"valueName\":\"search_term_string\"}}],\"inLanguage\":\"de\"}]}<\/script>\n<!-- \/ Yoast SEO Premium plugin. -->","yoast_head_json":{"title":"FIP | Fire Plank - XSTONE","description":"Entdecken Sie Fire Plank, eine geradlinig strukturierte Oberfl\u00e4che mit ausdrucksstarker Maserung und architektonischer Tiefe, inspiriert von Material, das durch Intensit\u00e4t und Zeit geformt wurde.","robots":{"index":"index","follow":"follow","max-snippet":"max-snippet:-1","max-image-preview":"max-image-preview:large","max-video-preview":"max-video-preview:-1"},"canonical":"https:\/\/xstone-dev.10web.cloud\/de\/product\/fip-fire-plank\/","og_locale":"de_DE","og_type":"article","og_title":"FIP | Fire Plank","og_description":"Entdecken Sie Fire Plank, eine geradlinig strukturierte Oberfl\u00e4che mit ausdrucksstarker Maserung und architektonischer Tiefe, inspiriert von Material, das durch Intensit\u00e4t und Zeit geformt wurde.","og_url":"https:\/\/xstone-dev.10web.cloud\/de\/product\/fip-fire-plank\/","og_site_name":"XSTONE","article_publisher":"https:\/\/www.facebook.com\/Xstonesurfaces1\/","og_image":[{"width":1920,"height":1920,"url":"https:\/\/xstone-dev.10web.cloud\/wp-content\/uploads\/2026\/01\/XStone-Texture-FIP.webp","type":"image\/webp"}],"twitter_card":"summary_large_image","schema":{"@context":"https:\/\/schema.org","@graph":[{"@type":"WebPage","@id":"https:\/\/xstone-dev.10web.cloud\/de\/product\/fip-fire-plank\/","url":"https:\/\/xstone-dev.10web.cloud\/de\/product\/fip-fire-plank\/","name":"FIP | Fire Plank - XSTONE","isPartOf":{"@id":"https:\/\/xstone-dev.10web.cloud\/de\/#website"},"primaryImageOfPage":{"@id":"https:\/\/xstone-dev.10web.cloud\/de\/product\/fip-fire-plank\/#primaryimage"},"image":{"@id":"https:\/\/xstone-dev.10web.cloud\/de\/product\/fip-fire-plank\/#primaryimage"},"thumbnailUrl":"https:\/\/xstone-dev.10web.cloud\/wp-content\/uploads\/2026\/01\/XStone-Texture-FIP.webp","datePublished":"2026-01-14T13:59:06+00:00","description":"Entdecken Sie Fire Plank, eine geradlinig strukturierte Oberfl\u00e4che mit ausdrucksstarker Maserung und architektonischer Tiefe, inspiriert von Material, das durch Intensit\u00e4t und Zeit geformt wurde.","breadcrumb":{"@id":"https:\/\/xstone-dev.10web.cloud\/de\/product\/fip-fire-plank\/#breadcrumb"},"inLanguage":"de","potentialAction":[{"@type":"ReadAction","target":["https:\/\/xstone-dev.10web.cloud\/de\/product\/fip-fire-plank\/"]}]},{"@type":"ImageObject","inLanguage":"de","@id":"https:\/\/xstone-dev.10web.cloud\/de\/product\/fip-fire-plank\/#primaryimage","url":"https:\/\/xstone-dev.10web.cloud\/wp-content\/uploads\/2026\/01\/XStone-Texture-FIP.webp","contentUrl":"https:\/\/xstone-dev.10web.cloud\/wp-content\/uploads\/2026\/01\/XStone-Texture-FIP.webp","width":1920,"height":1920,"caption":"XStone -Texture - Fire Plank"},{"@type":"BreadcrumbList","@id":"https:\/\/xstone-dev.10web.cloud\/de\/product\/fip-fire-plank\/#breadcrumb","itemListElement":[{"@type":"ListItem","position":1,"name":"Home","item":"https:\/\/xstone-dev.10web.cloud\/de\/"},{"@type":"ListItem","position":2,"name":"Produkte","item":"https:\/\/xstone-dev.10web.cloud\/de\/shop\/"},{"@type":"ListItem","position":3,"name":"FIP | Fire Plank"}]},{"@type":"WebSite","@id":"https:\/\/xstone-dev.10web.cloud\/de\/#website","url":"https:\/\/xstone-dev.10web.cloud\/de\/","name":"XSTONE","description":"Authentische und grenzenlose mineralische Sch\u00f6nheit, ungebunden von der Schwerkraft","potentialAction":[{"@type":"SearchAction","target":{"@type":"EntryPoint","urlTemplate":"https:\/\/xstone-dev.10web.cloud\/de\/?s={search_term_string}"},"query-input":{"@type":"PropertyValueSpecification","valueRequired":true,"valueName":"search_term_string"}}],"inLanguage":"de"}]}},"spectra_custom_meta":{"_last_translation_edit_mode":["translation-editor"],"_wcml_average_rating":[null],"_wcml_review_count":[null],"_wcml_rating_count":[null],"_yoast_wpseo_primary_product_cat":["317"],"_backorders":["no"],"_download_limit":["-1"],"_download_expiry":["-1"],"_downloadable":["no"],"_manage_stock":["no"],"_sku":["FIP"],"_stock_status":["instock"],"_sold_individually":["no"],"_tax_class":[""],"_tax_status":["taxable"],"_virtual":["no"],"total_sales":["0"],"_wpml_media_duplicate":["1"],"_wpml_media_featured":["1"],"stick-header-meta":["default"],"site-sidebar-layout":["default"],"theme-transparent-header-meta":["default"],"ast-site-content-layout":["default"],"site-content-style":["default"],"site-sidebar-style":["default"],"_yoast_wpseo_metadesc":["Entdecken Sie Fire Plank, eine geradlinig strukturierte Oberfl\u00e4che mit ausdrucksstarker Maserung und architektonischer Tiefe, inspiriert von Material, das durch Intensit\u00e4t und Zeit geformt wurde."],"_yoast_wpseo_focuskw":["Brandplanke strukturierte Oberfl\u00e4che"],"_product_image_gallery":[""],"_thumbnail_id":["24098"],"_product_attributes":["a:3:{s:12:\"pa_thickness\";a:6:{s:4:\"name\";s:12:\"pa_thickness\";s:5:\"value\";s:0:\"\";s:8:\"position\";i:0;s:10:\"is_visible\";i:1;s:12:\"is_variation\";i:0;s:11:\"is_taxonomy\";i:1;}s:14:\"pa_composition\";a:6:{s:4:\"name\";s:14:\"pa_composition\";s:5:\"value\";s:0:\"\";s:8:\"position\";i:1;s:10:\"is_visible\";i:1;s:12:\"is_variation\";i:0;s:11:\"is_taxonomy\";i:1;}s:14:\"pa_fire-rating\";a:6:{s:4:\"name\";s:14:\"pa_fire-rating\";s:5:\"value\";s:0:\"\";s:8:\"position\";i:2;s:10:\"is_visible\";i:1;s:12:\"is_variation\";i:0;s:11:\"is_taxonomy\";i:1;}}"],"_wpml_word_count":["90"],"two_optimized_date":["1776533333"],"woolentor_views_count_product":["4"],"_uag_css_file_name":["uag-css-24095.css"],"_uag_js_file_name":["uag-js-24095.js"],"tp_widgets":["a:2:{s:7:\"widgets\";a:6:{i:0;s:18:\"plus-list-skeleton\";i:1;s:22:\"plus-listing-load-more\";i:2;s:18:\"plus-listing-metro\";i:3;s:18:\"tp-product-listout\";i:4;s:17:\"tp-single-style_1\";i:5;s:19:\"tp-woo-single-image\";}s:9:\"update_at\";s:10:\"1776533220\";}"],"_elementor_edit_mode":["builder"],"_selectproduct_layout":["16389"],"_wc_rating_count":[""],"_wc_review_count":[""],"_wc_average_rating":[0]},"uagb_featured_image_src":{"full":["https:\/\/xstone-dev.10web.cloud\/wp-content\/uploads\/2026\/01\/XStone-Texture-FIP.webp",1920,1920,false],"thumbnail":["https:\/\/xstone-dev.10web.cloud\/wp-content\/uploads\/2026\/01\/XStone-Texture-FIP-150x150.webp",150,150,true],"medium":["https:\/\/xstone-dev.10web.cloud\/wp-content\/uploads\/2026\/01\/XStone-Texture-FIP-300x300.webp",300,300,true],"medium_large":["https:\/\/xstone-dev.10web.cloud\/wp-content\/uploads\/2026\/01\/XStone-Texture-FIP-768x768.webp",768,768,true],"large":["https:\/\/xstone-dev.10web.cloud\/wp-content\/uploads\/2026\/01\/XStone-Texture-FIP-1024x1024.webp",1024,1024,true],"1536x1536":["https:\/\/xstone-dev.10web.cloud\/wp-content\/uploads\/2026\/01\/XStone-Texture-FIP-1536x1536.webp",1536,1536,true],"2048x2048":["https:\/\/xstone-dev.10web.cloud\/wp-content\/uploads\/2026\/01\/XStone-Texture-FIP.webp",1920,1920,false],"tp-image-grid":["https:\/\/xstone-dev.10web.cloud\/wp-content\/uploads\/2026\/01\/XStone-Texture-FIP-700x700.webp",700,700,true],"tenweb_optimizer_mobile":["https:\/\/xstone-dev.10web.cloud\/wp-content\/uploads\/2026\/01\/XStone-Texture-FIP-600x600.webp",600,600,true],"tenweb_optimizer_tablet":["https:\/\/xstone-dev.10web.cloud\/wp-content\/uploads\/2026\/01\/XStone-Texture-FIP-768x768.webp",768,768,true],"woocommerce_thumbnail":["https:\/\/xstone-dev.10web.cloud\/wp-content\/uploads\/2026\/01\/XStone-Texture-FIP-300x300.webp",300,300,true],"woocommerce_single":["https:\/\/xstone-dev.10web.cloud\/wp-content\/uploads\/2026\/01\/XStone-Texture-FIP-600x600.webp",600,600,true],"woocommerce_gallery_thumbnail":["https:\/\/xstone-dev.10web.cloud\/wp-content\/uploads\/2026\/01\/XStone-Texture-FIP-100x100.webp",100,100,true]},"uagb_author_info":{"display_name":"laurent.gomez@xstone.group","author_link":"https:\/\/xstone-dev.10web.cloud\/de\/author\/"},"uagb_comment_info":0,"uagb_excerpt":"Fire Plank ist eine tief strukturierte, lineare Oberfl\u00e4che, die durch Intensit\u00e4t und Zeit geformt wirkt, mit l\u00e4nglichen, maserungsartigen Streifen und subtilen, blasigen Mikroreliefs, die ein starkes Gef\u00fchl von Bewegung und Tiefe erzeugen. Ihr roher, ausdrucksstarker Charakter erinnert an die Verwandlung von Material unter extremen Bedingungen und verleiht der Textur eine k\u00fchne, fast elementare Pr\u00e4senz, die&hellip;","_links":{"self":[{"href":"https:\/\/xstone-dev.10web.cloud\/de\/wp-json\/wp\/v2\/product\/24095","targetHints":{"allow":["GET"]}}],"collection":[{"href":"https:\/\/xstone-dev.10web.cloud\/de\/wp-json\/wp\/v2\/product"}],"about":[{"href":"https:\/\/xstone-dev.10web.cloud\/de\/wp-json\/wp\/v2\/types\/product"}],"replies":[{"embeddable":true,"href":"https:\/\/xstone-dev.10web.cloud\/de\/wp-json\/wp\/v2\/comments?post=24095"}],"wp:featuredmedia":[{"embeddable":true,"href":"https:\/\/xstone-dev.10web.cloud\/de\/wp-json\/wp\/v2\/media\/24098"}],"wp:attachment":[{"href":"https:\/\/xstone-dev.10web.cloud\/de\/wp-json\/wp\/v2\/media?parent=24095"}],"wp:term":[{"taxonomy":"product_brand","embeddable":true,"href":"https:\/\/xstone-dev.10web.cloud\/de\/wp-json\/wp\/v2\/product_brand?post=24095"},{"taxonomy":"product_cat","embeddable":true,"href":"https:\/\/xstone-dev.10web.cloud\/de\/wp-json\/wp\/v2\/product_cat?post=24095"},{"taxonomy":"product_tag","embeddable":true,"href":"https:\/\/xstone-dev.10web.cloud\/de\/wp-json\/wp\/v2\/product_tag?post=24095"}],"curies":[{"name":"wp","href":"https:\/\/api.w.org\/{rel}","templated":true}]}}