{"id":22027,"date":"2026-04-11T10:07:51","date_gmt":"2026-04-11T10:07:51","guid":{"rendered":"https:\/\/xstone-dev.10web.cloud\/product\/apt-acustone-pet-rgh-rauer-beton-10005-mittelgrau\/"},"modified":"2026-04-11T10:07:51","modified_gmt":"2026-04-11T10:07:51","slug":"aptrgh10005-acustone-pet-rough-concrete-middle-grey","status":"publish","type":"product","link":"https:\/\/xstone-dev.10web.cloud\/de\/product\/aptrgh10005-acustone-pet-rough-concrete-middle-grey\/","title":{"rendered":"[APT] Acustone PET [RGH] Rauer Beton [10005] Mittelgrau"},"content":{"rendered":"<p class=\"font-claude-response-body break-words whitespace-normal leading-[1.7]\">Die besten R\u00e4ume sehen nicht nur richtig aus &#8211; sie f\u00fchlen sich auch richtig an. Sie klingen richtig. <\/p>\n<p class=\"font-claude-response-body break-words whitespace-normal leading-[1.7]\">XSTONE Acustone PET in Rough Concrete Textur und Middle Grey ist eine Akustikwandplatte aus Rohbeton, die zwei Dinge bietet, die die meisten Oberfl\u00e4chen nur versprechen k\u00f6nnen: echte Schallabsorption und echte architektonische Pr\u00e4senz. Die Rough Concrete Textur verleiht der Wand eine ehrliche, f\u00fchlbare Oberfl\u00e4che &#8211; feine k\u00f6rnige Reliefs und subtile Richtungsmarkierungen, die eher an Prozess als an Politur, an Material als an Dekoration erinnern. St\u00e4rke ohne Leistung. Industrielle Integrit\u00e4t ohne K\u00e4lte.   <\/p>\n<p class=\"font-claude-response-body break-words whitespace-normal leading-[1.7]\">In Middle Grey &#8211; einer weichen, ged\u00e4mpften mineralischen Tiefe mit der ruhigen St\u00e4rke von Naturstein, geerdet und ausgewogen wie RAL7040 in seiner elementarsten Form &#8211; wird diese Textur zu einem perfekten architektonischen Hintergrund. Sie unterstreicht Licht und Materialit\u00e4t, ohne sich aufzudr\u00e4ngen, so dass der Raum und die Menschen darin im Mittelpunkt stehen. <\/p>\n<p class=\"font-claude-response-body break-words whitespace-normal leading-[1.7]\">Unter der Oberfl\u00e4che arbeiten 100% recycelte Polyesterfasern &#8211; aus wiederverwerteten Plastikflaschen, frei von chemischen Bindemitteln &#8211; kontinuierlich daran, Schallenergie einzufangen, den Nachhall zu reduzieren und Umgebungsger\u00e4usche in Ruhe zu verwandeln. Das Ergebnis ist eine Umgebung, die sowohl visuell diszipliniert als auch akustisch komfortabel ist: das hochwertige Gro\u00dfraumb\u00fcro, die luxuri\u00f6se Hospitality-Lounge, der hochwertige Einzelhandelsbereich, der Konferenzraum, in dem Klarheit z\u00e4hlt. <\/p>\n<p class=\"font-claude-response-body break-words whitespace-normal leading-[1.7]\">Feuerbest\u00e4ndig B-s1-d0. Ungiftig, nicht allergen. Kreisf\u00f6rmig konzipiert.  <\/p>\n<p class=\"font-claude-response-body break-words whitespace-normal leading-[1.7]\">Beton, der zuh\u00f6rt. Stille, die wie Architektur aussieht. <\/p>\n<p>&nbsp;<\/p>\n<hr class=\"border-border-200 border-t-0.5 my-3 mx-1.5\">\n<p>&nbsp;<\/p>\n<hr class=\"border-border-200 border-t-0.5 my-3 mx-1.5\">\n","protected":false},"excerpt":{"rendered":"<p>Die besten R\u00e4ume sehen nicht nur richtig aus &#8211; sie f\u00fchlen sich auch richtig an. Sie klingen richtig. XSTONE Acustone PET in Rough Concrete Textur und Middle Grey ist eine Akustikwandplatte aus Rohbeton, die zwei Dinge bietet, die die meisten Oberfl\u00e4chen nur versprechen k\u00f6nnen: echte Schallabsorption und echte architektonische Pr\u00e4senz. Die Rough Concrete Textur verleiht [&hellip;]<\/p>\n","protected":false},"featured_media":22043,"comment_status":"open","ping_status":"closed","template":"","meta":{"_acf_changed":false,"_uag_custom_page_level_css":"","site-sidebar-layout":"default","site-content-layout":"","ast-site-content-layout":"default","site-content-style":"default","site-sidebar-style":"default","ast-global-header-display":"","ast-banner-title-visibility":"","ast-main-header-display":"","ast-hfb-above-header-display":"","ast-hfb-below-header-display":"","ast-hfb-mobile-header-display":"","site-post-title":"","ast-breadcrumbs-content":"","ast-featured-img":"","footer-sml-layout":"","theme-transparent-header-meta":"default","adv-header-id-meta":"","stick-header-meta":"default","header-above-stick-meta":"","header-main-stick-meta":"","header-below-stick-meta":"","astra-migrate-meta-layouts":"default","ast-page-background-enabled":"default","ast-page-background-meta":{"desktop":{"background-color":"var(--ast-global-color-4)","background-image":"","background-repeat":"repeat","background-position":"center center","background-size":"auto","background-attachment":"scroll","background-type":"","background-media":"","overlay-type":"","overlay-color":"","overlay-opacity":"","overlay-gradient":""},"tablet":{"background-color":"","background-image":"","background-repeat":"repeat","background-position":"center center","background-size":"auto","background-attachment":"scroll","background-type":"","background-media":"","overlay-type":"","overlay-color":"","overlay-opacity":"","overlay-gradient":""},"mobile":{"background-color":"","background-image":"","background-repeat":"repeat","background-position":"center center","background-size":"auto","background-attachment":"scroll","background-type":"","background-media":"","overlay-type":"","overlay-color":"","overlay-opacity":"","overlay-gradient":""}},"ast-content-background-meta":{"desktop":{"background-color":"var(--ast-global-color-5)","background-image":"","background-repeat":"repeat","background-position":"center center","background-size":"auto","background-attachment":"scroll","background-type":"","background-media":"","overlay-type":"","overlay-color":"","overlay-opacity":"","overlay-gradient":""},"tablet":{"background-color":"var(--ast-global-color-5)","background-image":"","background-repeat":"repeat","background-position":"center center","background-size":"auto","background-attachment":"scroll","background-type":"","background-media":"","overlay-type":"","overlay-color":"","overlay-opacity":"","overlay-gradient":""},"mobile":{"background-color":"var(--ast-global-color-5)","background-image":"","background-repeat":"repeat","background-position":"center center","background-size":"auto","background-attachment":"scroll","background-type":"","background-media":"","overlay-type":"","overlay-color":"","overlay-opacity":"","overlay-gradient":""}}},"product_brand":[],"product_cat":[3414,1515,1504,1513,1500,1501],"product_tag":[3482,3476,3486,3478,3479,3415,1838,1519,3484,3480,3477],"class_list":{"0":"post-22027","1":"product","2":"type-product","3":"status-publish","4":"has-post-thumbnail","6":"product_cat-acustone","7":"product_cat-office","8":"product_cat-retail-design","9":"product_cat-panel","10":"product_cat-signature","11":"product_cat-wall-design","12":"product_tag-open-office-acoustic-solution","13":"product_tag-raw-concrete-acoustic-wall-panel","14":"product_tag-b-fire-rated-acoustic-panel","15":"product_tag-industrial-acoustic-wall-cladding","16":"product_tag-concrete-effect-interior-panel","17":"product_tag-comp-backing-15500","18":"product_tag-comp-color-15393","19":"product_tag-comp-texture-16905","20":"product_tag-mineral-grey-wall-panel","21":"product_tag-sustainable-acoustic-design","22":"product_tag-rough-concrete-wall-texture","23":"desktop-align-left","24":"tablet-align-left","25":"mobile-align-left","27":"first","28":"instock","29":"shipping-taxable","30":"product-type-simple"},"acf":[],"yoast_head":"<!-- This site is optimized with the Yoast SEO Premium plugin v27.4 (Yoast SEO v27.4) - https:\/\/yoast.com\/product\/yoast-seo-premium-wordpress\/ -->\n<title>Acustone PET | Rough Concrete | Mittelgrau<\/title>\n<meta name=\"description\" content=\"Akustikwandplatte aus Rohbeton in Mittelgrau. 100% recyceltes PET, Brandschutzklasse B. Industrielle mineralische Oberfl\u00e4che f\u00fcr Luxusb\u00fcros, Hotels und Gro\u00dfraumb\u00fcros.\" \/>\n<meta name=\"robots\" content=\"index, follow, max-snippet:-1, max-image-preview:large, max-video-preview:-1\" \/>\n<link rel=\"canonical\" href=\"https:\/\/xstone-dev.10web.cloud\/de\/product\/aptrgh10005-acustone-pet-rough-concrete-middle-grey\/\" \/>\n<meta property=\"og:locale\" content=\"de_DE\" \/>\n<meta property=\"og:type\" content=\"article\" \/>\n<meta property=\"og:title\" content=\"[APT] Acustone PET [RGH] Rauer Beton [10005] Mittelgrau\" \/>\n<meta property=\"og:description\" content=\"Akustikwandplatte aus Rohbeton in Mittelgrau. 100% recyceltes PET, Brandschutzklasse B. Industrielle mineralische Oberfl\u00e4che f\u00fcr Luxusb\u00fcros, Hotels und Gro\u00dfraumb\u00fcros.\" \/>\n<meta property=\"og:url\" content=\"https:\/\/xstone-dev.10web.cloud\/de\/product\/aptrgh10005-acustone-pet-rough-concrete-middle-grey\/\" \/>\n<meta property=\"og:site_name\" content=\"XSTONE\" \/>\n<meta property=\"article:publisher\" content=\"https:\/\/www.facebook.com\/Xstonesurfaces1\/\" \/>\n<meta property=\"og:image\" content=\"https:\/\/xstone-dev.10web.cloud\/wp-content\/uploads\/2026\/04\/XSTONE_Mineral-Veneer_0133.webp\" \/>\n\t<meta property=\"og:image:width\" content=\"1920\" \/>\n\t<meta property=\"og:image:height\" content=\"1080\" \/>\n\t<meta property=\"og:image:type\" content=\"image\/webp\" \/>\n<meta name=\"twitter:card\" content=\"summary_large_image\" \/>\n<meta name=\"twitter:label1\" content=\"Gesch\u00e4tzte Lesezeit\" \/>\n\t<meta name=\"twitter:data1\" content=\"1\u00a0Minute\" \/>\n<script type=\"application\/ld+json\" class=\"yoast-schema-graph\">{\"@context\":\"https:\\\/\\\/schema.org\",\"@graph\":[{\"@type\":\"WebPage\",\"@id\":\"https:\\\/\\\/xstone-dev.10web.cloud\\\/de\\\/product\\\/aptrgh10005-acustone-pet-rough-concrete-middle-grey\\\/\",\"url\":\"https:\\\/\\\/xstone-dev.10web.cloud\\\/de\\\/product\\\/aptrgh10005-acustone-pet-rough-concrete-middle-grey\\\/\",\"name\":\"Acustone PET | Rough Concrete | Mittelgrau\",\"isPartOf\":{\"@id\":\"https:\\\/\\\/xstone-dev.10web.cloud\\\/de\\\/#website\"},\"primaryImageOfPage\":{\"@id\":\"https:\\\/\\\/xstone-dev.10web.cloud\\\/de\\\/product\\\/aptrgh10005-acustone-pet-rough-concrete-middle-grey\\\/#primaryimage\"},\"image\":{\"@id\":\"https:\\\/\\\/xstone-dev.10web.cloud\\\/de\\\/product\\\/aptrgh10005-acustone-pet-rough-concrete-middle-grey\\\/#primaryimage\"},\"thumbnailUrl\":\"https:\\\/\\\/xstone-dev.10web.cloud\\\/wp-content\\\/uploads\\\/2026\\\/04\\\/XSTONE_Mineral-Veneer_0133.webp\",\"datePublished\":\"2026-04-11T10:07:51+00:00\",\"description\":\"Akustikwandplatte aus Rohbeton in Mittelgrau. 100% recyceltes PET, Brandschutzklasse B. Industrielle mineralische Oberfl\u00e4che f\u00fcr Luxusb\u00fcros, Hotels und Gro\u00dfraumb\u00fcros.\",\"breadcrumb\":{\"@id\":\"https:\\\/\\\/xstone-dev.10web.cloud\\\/de\\\/product\\\/aptrgh10005-acustone-pet-rough-concrete-middle-grey\\\/#breadcrumb\"},\"inLanguage\":\"de\",\"potentialAction\":[{\"@type\":\"ReadAction\",\"target\":[\"https:\\\/\\\/xstone-dev.10web.cloud\\\/de\\\/product\\\/aptrgh10005-acustone-pet-rough-concrete-middle-grey\\\/\"]}]},{\"@type\":\"ImageObject\",\"inLanguage\":\"de\",\"@id\":\"https:\\\/\\\/xstone-dev.10web.cloud\\\/de\\\/product\\\/aptrgh10005-acustone-pet-rough-concrete-middle-grey\\\/#primaryimage\",\"url\":\"https:\\\/\\\/xstone-dev.10web.cloud\\\/wp-content\\\/uploads\\\/2026\\\/04\\\/XSTONE_Mineral-Veneer_0133.webp\",\"contentUrl\":\"https:\\\/\\\/xstone-dev.10web.cloud\\\/wp-content\\\/uploads\\\/2026\\\/04\\\/XSTONE_Mineral-Veneer_0133.webp\",\"width\":1920,\"height\":1080,\"caption\":\"acoustic grey rough concrete\"},{\"@type\":\"BreadcrumbList\",\"@id\":\"https:\\\/\\\/xstone-dev.10web.cloud\\\/de\\\/product\\\/aptrgh10005-acustone-pet-rough-concrete-middle-grey\\\/#breadcrumb\",\"itemListElement\":[{\"@type\":\"ListItem\",\"position\":1,\"name\":\"Home\",\"item\":\"https:\\\/\\\/xstone-dev.10web.cloud\\\/de\\\/\"},{\"@type\":\"ListItem\",\"position\":2,\"name\":\"Produkte\",\"item\":\"https:\\\/\\\/xstone-dev.10web.cloud\\\/de\\\/shop\\\/\"},{\"@type\":\"ListItem\",\"position\":3,\"name\":\"[APT] Acustone PET [RGH] Rauer Beton [10005] Mittelgrau\"}]},{\"@type\":\"WebSite\",\"@id\":\"https:\\\/\\\/xstone-dev.10web.cloud\\\/de\\\/#website\",\"url\":\"https:\\\/\\\/xstone-dev.10web.cloud\\\/de\\\/\",\"name\":\"XSTONE\",\"description\":\"Authentische und grenzenlose mineralische Sch\u00f6nheit, ungebunden von der Schwerkraft\",\"potentialAction\":[{\"@type\":\"SearchAction\",\"target\":{\"@type\":\"EntryPoint\",\"urlTemplate\":\"https:\\\/\\\/xstone-dev.10web.cloud\\\/de\\\/?s={search_term_string}\"},\"query-input\":{\"@type\":\"PropertyValueSpecification\",\"valueRequired\":true,\"valueName\":\"search_term_string\"}}],\"inLanguage\":\"de\"}]}<\/script>\n<!-- \/ Yoast SEO Premium plugin. -->","yoast_head_json":{"title":"Acustone PET | Rough Concrete | Mittelgrau","description":"Akustikwandplatte aus Rohbeton in Mittelgrau. 100% recyceltes PET, Brandschutzklasse B. Industrielle mineralische Oberfl\u00e4che f\u00fcr Luxusb\u00fcros, Hotels und Gro\u00dfraumb\u00fcros.","robots":{"index":"index","follow":"follow","max-snippet":"max-snippet:-1","max-image-preview":"max-image-preview:large","max-video-preview":"max-video-preview:-1"},"canonical":"https:\/\/xstone-dev.10web.cloud\/de\/product\/aptrgh10005-acustone-pet-rough-concrete-middle-grey\/","og_locale":"de_DE","og_type":"article","og_title":"[APT] Acustone PET [RGH] Rauer Beton [10005] Mittelgrau","og_description":"Akustikwandplatte aus Rohbeton in Mittelgrau. 100% recyceltes PET, Brandschutzklasse B. Industrielle mineralische Oberfl\u00e4che f\u00fcr Luxusb\u00fcros, Hotels und Gro\u00dfraumb\u00fcros.","og_url":"https:\/\/xstone-dev.10web.cloud\/de\/product\/aptrgh10005-acustone-pet-rough-concrete-middle-grey\/","og_site_name":"XSTONE","article_publisher":"https:\/\/www.facebook.com\/Xstonesurfaces1\/","og_image":[{"width":1920,"height":1080,"url":"https:\/\/xstone-dev.10web.cloud\/wp-content\/uploads\/2026\/04\/XSTONE_Mineral-Veneer_0133.webp","type":"image\/webp"}],"twitter_card":"summary_large_image","twitter_misc":{"Gesch\u00e4tzte Lesezeit":"1\u00a0Minute"},"schema":{"@context":"https:\/\/schema.org","@graph":[{"@type":"WebPage","@id":"https:\/\/xstone-dev.10web.cloud\/de\/product\/aptrgh10005-acustone-pet-rough-concrete-middle-grey\/","url":"https:\/\/xstone-dev.10web.cloud\/de\/product\/aptrgh10005-acustone-pet-rough-concrete-middle-grey\/","name":"Acustone PET | Rough Concrete | Mittelgrau","isPartOf":{"@id":"https:\/\/xstone-dev.10web.cloud\/de\/#website"},"primaryImageOfPage":{"@id":"https:\/\/xstone-dev.10web.cloud\/de\/product\/aptrgh10005-acustone-pet-rough-concrete-middle-grey\/#primaryimage"},"image":{"@id":"https:\/\/xstone-dev.10web.cloud\/de\/product\/aptrgh10005-acustone-pet-rough-concrete-middle-grey\/#primaryimage"},"thumbnailUrl":"https:\/\/xstone-dev.10web.cloud\/wp-content\/uploads\/2026\/04\/XSTONE_Mineral-Veneer_0133.webp","datePublished":"2026-04-11T10:07:51+00:00","description":"Akustikwandplatte aus Rohbeton in Mittelgrau. 100% recyceltes PET, Brandschutzklasse B. Industrielle mineralische Oberfl\u00e4che f\u00fcr Luxusb\u00fcros, Hotels und Gro\u00dfraumb\u00fcros.","breadcrumb":{"@id":"https:\/\/xstone-dev.10web.cloud\/de\/product\/aptrgh10005-acustone-pet-rough-concrete-middle-grey\/#breadcrumb"},"inLanguage":"de","potentialAction":[{"@type":"ReadAction","target":["https:\/\/xstone-dev.10web.cloud\/de\/product\/aptrgh10005-acustone-pet-rough-concrete-middle-grey\/"]}]},{"@type":"ImageObject","inLanguage":"de","@id":"https:\/\/xstone-dev.10web.cloud\/de\/product\/aptrgh10005-acustone-pet-rough-concrete-middle-grey\/#primaryimage","url":"https:\/\/xstone-dev.10web.cloud\/wp-content\/uploads\/2026\/04\/XSTONE_Mineral-Veneer_0133.webp","contentUrl":"https:\/\/xstone-dev.10web.cloud\/wp-content\/uploads\/2026\/04\/XSTONE_Mineral-Veneer_0133.webp","width":1920,"height":1080,"caption":"acoustic grey rough concrete"},{"@type":"BreadcrumbList","@id":"https:\/\/xstone-dev.10web.cloud\/de\/product\/aptrgh10005-acustone-pet-rough-concrete-middle-grey\/#breadcrumb","itemListElement":[{"@type":"ListItem","position":1,"name":"Home","item":"https:\/\/xstone-dev.10web.cloud\/de\/"},{"@type":"ListItem","position":2,"name":"Produkte","item":"https:\/\/xstone-dev.10web.cloud\/de\/shop\/"},{"@type":"ListItem","position":3,"name":"[APT] Acustone PET [RGH] Rauer Beton [10005] Mittelgrau"}]},{"@type":"WebSite","@id":"https:\/\/xstone-dev.10web.cloud\/de\/#website","url":"https:\/\/xstone-dev.10web.cloud\/de\/","name":"XSTONE","description":"Authentische und grenzenlose mineralische Sch\u00f6nheit, ungebunden von der Schwerkraft","potentialAction":[{"@type":"SearchAction","target":{"@type":"EntryPoint","urlTemplate":"https:\/\/xstone-dev.10web.cloud\/de\/?s={search_term_string}"},"query-input":{"@type":"PropertyValueSpecification","valueRequired":true,"valueName":"search_term_string"}}],"inLanguage":"de"}]}},"spectra_custom_meta":{"_last_translation_edit_mode":["translation-editor"],"_product_attributes":["a:8:{s:7:\"backing\";a:6:{s:4:\"name\";s:7:\"Backing\";s:5:\"value\";s:15:\"Akustisches PET\";s:8:\"position\";i:0;s:10:\"is_visible\";i:1;s:12:\"is_variation\";i:0;s:11:\"is_taxonomy\";i:0;}s:7:\"texture\";a:6:{s:4:\"name\";s:7:\"Texture\";s:5:\"value\";s:12:\"Grober Beton\";s:8:\"position\";i:1;s:10:\"is_visible\";i:1;s:12:\"is_variation\";i:0;s:11:\"is_taxonomy\";i:0;}s:5:\"color\";a:6:{s:4:\"name\";s:5:\"Color\";s:5:\"value\";s:10:\"Mittelgrau\";s:8:\"position\";i:2;s:10:\"is_visible\";i:1;s:12:\"is_variation\";i:0;s:11:\"is_taxonomy\";i:0;}s:4:\"size\";a:6:{s:4:\"name\";s:4:\"Size\";s:5:\"value\";s:55:\"2440 x 1220 mm; 800 x 600 mm; Sonderformate auf Anfrage\";s:8:\"position\";i:3;s:10:\"is_visible\";i:1;s:12:\"is_variation\";i:0;s:11:\"is_taxonomy\";i:0;}s:9:\"thickness\";a:6:{s:4:\"name\";s:9:\"Thickness\";s:5:\"value\";s:5:\"12 mm\";s:8:\"position\";i:4;s:10:\"is_visible\";i:1;s:12:\"is_variation\";i:0;s:11:\"is_taxonomy\";i:0;}s:6:\"finish\";a:6:{s:4:\"name\";s:6:\"Finish\";s:5:\"value\";s:4:\"Matt\";s:8:\"position\";i:5;s:10:\"is_visible\";i:1;s:12:\"is_variation\";i:0;s:11:\"is_taxonomy\";i:0;}s:11:\"composition\";a:6:{s:4:\"name\";s:11:\"Composition\";s:5:\"value\";s:141:\"100% recycelte Polyesterfasern ohne chemische Bindemittel oder Verz\u00f6gerungsstoffe + 90% recyceltes Marmorsteinpulver + Copolymer + Glasfaser\";s:8:\"position\";i:6;s:10:\"is_visible\";i:1;s:12:\"is_variation\";i:0;s:11:\"is_taxonomy\";i:0;}s:11:\"fire-rating\";a:6:{s:4:\"name\";s:11:\"Fire rating\";s:5:\"value\";s:7:\"B-s1-d0\";s:8:\"position\";i:7;s:10:\"is_visible\";i:1;s:12:\"is_variation\";i:0;s:11:\"is_taxonomy\";i:0;}}"],"attr_label_translations":["a:1:{s:2:\"de\";a:8:{s:7:\"backing\";s:14:\"R\u00fcckendeckung\";s:7:\"texture\";s:6:\"Textur\";s:5:\"color\";s:5:\"Farbe\";s:4:\"size\";s:7:\"Gr\u00f6\u00dfe\";s:9:\"thickness\";s:5:\"Dicke\";s:6:\"finish\";s:6:\"Finish\";s:11:\"composition\";s:15:\"Zusammensetzung\";s:11:\"fire-rating\";s:11:\"Brandklasse\";}}"],"_wcml_average_rating":[null],"_wcml_review_count":[null],"_wcml_rating_count":[null],"_yoast_wpseo_primary_product_cat":["332"],"_backorders":["no"],"_download_limit":["-1"],"_download_expiry":["-1"],"_downloadable":["no"],"_manage_stock":["no"],"_sku":["APTRGH10005"],"_stock_status":["instock"],"_sold_individually":["no"],"_tax_class":[""],"_tax_status":["taxable"],"_virtual":["no"],"total_sales":["0"],"_wpml_media_duplicate":["1"],"_wpml_media_featured":["1"],"stick-header-meta":["default"],"site-sidebar-layout":["default"],"theme-transparent-header-meta":["default"],"ast-site-content-layout":["default"],"site-content-style":["default"],"site-sidebar-style":["default"],"_yoast_wpseo_title":["Acustone PET | Rough Concrete | Mittelgrau"],"_yoast_wpseo_metadesc":["Akustikwandplatte aus Rohbeton in Mittelgrau. 100% recyceltes PET, Brandschutzklasse B. Industrielle mineralische Oberfl\u00e4che f\u00fcr Luxusb\u00fcros, Hotels und Gro\u00dfraumb\u00fcros."],"_yoast_wpseo_focuskw":["Akustischer grauer Rohbeton"],"_upsell_ids":["a:3:{i:0;N;i:1;N;i:2;N;}"],"_wpt_field_wpt-16200":["[elementor-template id=\"16197\"]"],"_thumbnail_id":["22043"],"_wpml_word_count":["291"],"_elementor_edit_mode":["builder"],"_selectproduct_layout":["18110"],"two_optimized_date":["1776548509"],"woolentor_views_count_product":["4"],"_uag_css_file_name":["uag-css-22027.css"],"_uag_js_file_name":["uag-js-22027.js"],"tp_widgets":["a:2:{s:7:\"widgets\";a:6:{i:0;s:18:\"plus-list-skeleton\";i:1;s:22:\"plus-listing-load-more\";i:2;s:18:\"plus-listing-metro\";i:3;s:18:\"tp-product-listout\";i:4;s:17:\"tp-single-style_1\";i:5;s:19:\"tp-woo-single-image\";}s:9:\"update_at\";s:10:\"1776541402\";}"],"_wc_rating_count":[""],"_wc_review_count":[""],"_wc_average_rating":[0]},"uagb_featured_image_src":{"full":["https:\/\/xstone-dev.10web.cloud\/wp-content\/uploads\/2026\/04\/XSTONE_Mineral-Veneer_0133.webp",1920,1080,false],"thumbnail":["https:\/\/xstone-dev.10web.cloud\/wp-content\/uploads\/2026\/04\/XSTONE_Mineral-Veneer_0133-150x150.webp",150,150,true],"medium":["https:\/\/xstone-dev.10web.cloud\/wp-content\/uploads\/2026\/04\/XSTONE_Mineral-Veneer_0133-300x169.webp",300,169,true],"medium_large":["https:\/\/xstone-dev.10web.cloud\/wp-content\/uploads\/2026\/04\/XSTONE_Mineral-Veneer_0133-768x432.webp",768,432,true],"large":["https:\/\/xstone-dev.10web.cloud\/wp-content\/uploads\/2026\/04\/XSTONE_Mineral-Veneer_0133-1024x576.webp",1024,576,true],"1536x1536":["https:\/\/xstone-dev.10web.cloud\/wp-content\/uploads\/2026\/04\/XSTONE_Mineral-Veneer_0133-1536x864.webp",1536,864,true],"2048x2048":["https:\/\/xstone-dev.10web.cloud\/wp-content\/uploads\/2026\/04\/XSTONE_Mineral-Veneer_0133.webp",1920,1080,false],"tp-image-grid":["https:\/\/xstone-dev.10web.cloud\/wp-content\/uploads\/2026\/04\/XSTONE_Mineral-Veneer_0133-700x700.webp",700,700,true],"tenweb_optimizer_mobile":["https:\/\/xstone-dev.10web.cloud\/wp-content\/uploads\/2026\/04\/XSTONE_Mineral-Veneer_0133-600x338.webp",600,338,true],"tenweb_optimizer_tablet":["https:\/\/xstone-dev.10web.cloud\/wp-content\/uploads\/2026\/04\/XSTONE_Mineral-Veneer_0133-768x432.webp",768,432,true],"woocommerce_thumbnail":["https:\/\/xstone-dev.10web.cloud\/wp-content\/uploads\/2026\/04\/XSTONE_Mineral-Veneer_0133-300x300.webp",300,300,true],"woocommerce_single":["https:\/\/xstone-dev.10web.cloud\/wp-content\/uploads\/2026\/04\/XSTONE_Mineral-Veneer_0133-600x338.webp",600,338,true],"woocommerce_gallery_thumbnail":["https:\/\/xstone-dev.10web.cloud\/wp-content\/uploads\/2026\/04\/XSTONE_Mineral-Veneer_0133-100x100.webp",100,100,true]},"uagb_author_info":{"display_name":"laurent.gomez@xstone.group","author_link":"https:\/\/xstone-dev.10web.cloud\/de\/author\/"},"uagb_comment_info":0,"uagb_excerpt":"Die besten R\u00e4ume sehen nicht nur richtig aus &#8211; sie f\u00fchlen sich auch richtig an. Sie klingen richtig. XSTONE Acustone PET in Rough Concrete Textur und Middle Grey ist eine Akustikwandplatte aus Rohbeton, die zwei Dinge bietet, die die meisten Oberfl\u00e4chen nur versprechen k\u00f6nnen: echte Schallabsorption und echte architektonische Pr\u00e4senz. Die Rough Concrete Textur verleiht&hellip;","_links":{"self":[{"href":"https:\/\/xstone-dev.10web.cloud\/de\/wp-json\/wp\/v2\/product\/22027","targetHints":{"allow":["GET"]}}],"collection":[{"href":"https:\/\/xstone-dev.10web.cloud\/de\/wp-json\/wp\/v2\/product"}],"about":[{"href":"https:\/\/xstone-dev.10web.cloud\/de\/wp-json\/wp\/v2\/types\/product"}],"replies":[{"embeddable":true,"href":"https:\/\/xstone-dev.10web.cloud\/de\/wp-json\/wp\/v2\/comments?post=22027"}],"wp:featuredmedia":[{"embeddable":true,"href":"https:\/\/xstone-dev.10web.cloud\/de\/wp-json\/wp\/v2\/media\/22043"}],"wp:attachment":[{"href":"https:\/\/xstone-dev.10web.cloud\/de\/wp-json\/wp\/v2\/media?parent=22027"}],"wp:term":[{"taxonomy":"product_brand","embeddable":true,"href":"https:\/\/xstone-dev.10web.cloud\/de\/wp-json\/wp\/v2\/product_brand?post=22027"},{"taxonomy":"product_cat","embeddable":true,"href":"https:\/\/xstone-dev.10web.cloud\/de\/wp-json\/wp\/v2\/product_cat?post=22027"},{"taxonomy":"product_tag","embeddable":true,"href":"https:\/\/xstone-dev.10web.cloud\/de\/wp-json\/wp\/v2\/product_tag?post=22027"}],"curies":[{"name":"wp","href":"https:\/\/api.w.org\/{rel}","templated":true}]}}