{"id":21774,"date":"2026-04-10T21:35:59","date_gmt":"2026-04-10T21:35:59","guid":{"rendered":"https:\/\/xstone-dev.10web.cloud\/product\/10027-verrostetes-kupfer\/"},"modified":"2026-04-10T21:35:59","modified_gmt":"2026-04-10T21:35:59","slug":"10027-rusted-copper","status":"publish","type":"product","link":"https:\/\/xstone-dev.10web.cloud\/de\/product\/10027-rusted-copper\/","title":{"rendered":"10027 | Verrostetes Kupfer"},"content":{"rendered":"<p>Ein faszinierender Tanz aus oxidiertem Kupfer und mineralischer Patina, bei dem tiefe Gr\u00fcnt\u00f6ne in ein elektrisches T\u00fcrkis \u00fcbergehen, verankert durch warmen Bernstein und rohe Siena am Rande der Oberfl\u00e4che. Dies ist die Zeit, die sichtbar gemacht wird &#8211; das atemberaubende Ergebnis von Metall, das sich der Natur hingibt und Schicht f\u00fcr Schicht eine lebendige Palette hervorbringt, die von Jade zu Malachit, von Bronze zu gealtertem Gold wechselt. Jeder Riss, jede Farbbl\u00fcte erz\u00e4hlt eine Geschichte der Transformation und macht diese Oberfl\u00e4che nicht nur zu einem Finish, sondern zu einem Zeugnis der erhabenen Sch\u00f6nheit der Entropie.  <\/p>\n","protected":false},"excerpt":{"rendered":"<p>Ein faszinierender Tanz aus oxidiertem Kupfer und mineralischer Patina, bei dem tiefe Gr\u00fcnt\u00f6ne in ein elektrisches T\u00fcrkis \u00fcbergehen, verankert durch warmen Bernstein und rohe Siena am Rande der Oberfl\u00e4che. Dies ist die Zeit, die sichtbar gemacht wird &#8211; das atemberaubende Ergebnis von Metall, das sich der Natur hingibt und Schicht f\u00fcr Schicht eine lebendige Palette [&hellip;]<\/p>\n","protected":false},"featured_media":21787,"comment_status":"open","ping_status":"closed","template":"","meta":{"_acf_changed":false,"_uag_custom_page_level_css":"","site-sidebar-layout":"default","site-content-layout":"","ast-site-content-layout":"default","site-content-style":"default","site-sidebar-style":"default","ast-global-header-display":"","ast-banner-title-visibility":"","ast-main-header-display":"","ast-hfb-above-header-display":"","ast-hfb-below-header-display":"","ast-hfb-mobile-header-display":"","site-post-title":"","ast-breadcrumbs-content":"","ast-featured-img":"","footer-sml-layout":"","theme-transparent-header-meta":"default","adv-header-id-meta":"","stick-header-meta":"default","header-above-stick-meta":"","header-main-stick-meta":"","header-below-stick-meta":"","astra-migrate-meta-layouts":"default","ast-page-background-enabled":"default","ast-page-background-meta":{"desktop":{"background-color":"var(--ast-global-color-4)","background-image":"","background-repeat":"repeat","background-position":"center center","background-size":"auto","background-attachment":"scroll","background-type":"","background-media":"","overlay-type":"","overlay-color":"","overlay-opacity":"","overlay-gradient":""},"tablet":{"background-color":"","background-image":"","background-repeat":"repeat","background-position":"center center","background-size":"auto","background-attachment":"scroll","background-type":"","background-media":"","overlay-type":"","overlay-color":"","overlay-opacity":"","overlay-gradient":""},"mobile":{"background-color":"","background-image":"","background-repeat":"repeat","background-position":"center center","background-size":"auto","background-attachment":"scroll","background-type":"","background-media":"","overlay-type":"","overlay-color":"","overlay-opacity":"","overlay-gradient":""}},"ast-content-background-meta":{"desktop":{"background-color":"var(--ast-global-color-5)","background-image":"","background-repeat":"repeat","background-position":"center center","background-size":"auto","background-attachment":"scroll","background-type":"","background-media":"","overlay-type":"","overlay-color":"","overlay-opacity":"","overlay-gradient":""},"tablet":{"background-color":"var(--ast-global-color-5)","background-image":"","background-repeat":"repeat","background-position":"center center","background-size":"auto","background-attachment":"scroll","background-type":"","background-media":"","overlay-type":"","overlay-color":"","overlay-opacity":"","overlay-gradient":""},"mobile":{"background-color":"var(--ast-global-color-5)","background-image":"","background-repeat":"repeat","background-position":"center center","background-size":"auto","background-attachment":"scroll","background-type":"","background-media":"","overlay-type":"","overlay-color":"","overlay-opacity":"","overlay-gradient":""}}},"product_brand":[],"product_cat":[3162,2313,3163],"product_tag":[3164,2259,3170,3184,3179,3168,3178,3176,3180,3172,3181,3177,3174,3166],"class_list":{"0":"post-21774","1":"product","2":"type-product","3":"status-publish","4":"has-post-thumbnail","6":"product_cat-blue","7":"product_cat-color","8":"product_cat-orange","9":"product_tag-architectural-stone-veneer","10":"product_tag-decorative-wall-panel","11":"product_tag-verdigris-stone-panel","12":"product_tag-comp-color-18335","13":"product_tag-copper-finish-wall-tile","14":"product_tag-copper-patina","15":"product_tag-luxury-interior-cladding","16":"product_tag-mineral-stone-cladding","17":"product_tag-natural-stone-veneer","18":"product_tag-oxidized-copper-veneer","19":"product_tag-patinated-metal-effect","20":"product_tag-turquoise-patina-wall","21":"product_tag-ultra-thin-stone-panel","22":"product_tag-rusted-copper","23":"desktop-align-left","24":"tablet-align-left","25":"mobile-align-left","27":"first","28":"instock","29":"shipping-taxable","30":"product-type-simple"},"acf":[],"yoast_head":"<!-- This site is optimized with the Yoast SEO Premium plugin v27.4 (Yoast SEO v27.4) - https:\/\/yoast.com\/product\/yoast-seo-premium-wordpress\/ -->\n<title>10027 | Verrostetes Kupfer - XSTONE<\/title>\n<meta name=\"description\" content=\"Entdecken Sie XSTONE Rusted Copper, das die raue Sch\u00f6nheit der oxidierten Kupferpatina mit tiefen Gr\u00fcnspan-, T\u00fcrkis- und Bernsteint\u00f6nen f\u00fcr luxuri\u00f6se Innenr\u00e4ume und architektonische Verkleidungen einf\u00e4ngt.\" \/>\n<meta name=\"robots\" content=\"index, follow, max-snippet:-1, max-image-preview:large, max-video-preview:-1\" \/>\n<link rel=\"canonical\" href=\"https:\/\/xstone-dev.10web.cloud\/de\/product\/10027-rusted-copper\/\" \/>\n<meta property=\"og:locale\" content=\"de_DE\" \/>\n<meta property=\"og:type\" content=\"article\" \/>\n<meta property=\"og:title\" content=\"10027 | Verrostetes Kupfer\" \/>\n<meta property=\"og:description\" content=\"Entdecken Sie XSTONE Rusted Copper, das die raue Sch\u00f6nheit der oxidierten Kupferpatina mit tiefen Gr\u00fcnspan-, T\u00fcrkis- und Bernsteint\u00f6nen f\u00fcr luxuri\u00f6se Innenr\u00e4ume und architektonische Verkleidungen einf\u00e4ngt.\" \/>\n<meta property=\"og:url\" content=\"https:\/\/xstone-dev.10web.cloud\/de\/product\/10027-rusted-copper\/\" \/>\n<meta property=\"og:site_name\" content=\"XSTONE\" \/>\n<meta property=\"article:publisher\" content=\"https:\/\/www.facebook.com\/Xstonesurfaces1\/\" \/>\n<meta property=\"og:image\" content=\"https:\/\/xstone-dev.10web.cloud\/wp-content\/uploads\/2026\/04\/XSTONE-Color-10027-Rusted-Copper.webp\" \/>\n\t<meta property=\"og:image:width\" content=\"1920\" \/>\n\t<meta property=\"og:image:height\" content=\"1440\" \/>\n\t<meta property=\"og:image:type\" content=\"image\/webp\" \/>\n<meta name=\"twitter:card\" content=\"summary_large_image\" \/>\n<meta name=\"twitter:label1\" content=\"Gesch\u00e4tzte Lesezeit\" \/>\n\t<meta name=\"twitter:data1\" content=\"1\u00a0Minute\" \/>\n<script type=\"application\/ld+json\" class=\"yoast-schema-graph\">{\"@context\":\"https:\\\/\\\/schema.org\",\"@graph\":[{\"@type\":\"WebPage\",\"@id\":\"https:\\\/\\\/xstone-dev.10web.cloud\\\/de\\\/product\\\/10027-rusted-copper\\\/\",\"url\":\"https:\\\/\\\/xstone-dev.10web.cloud\\\/de\\\/product\\\/10027-rusted-copper\\\/\",\"name\":\"10027 | Verrostetes Kupfer - XSTONE\",\"isPartOf\":{\"@id\":\"https:\\\/\\\/xstone-dev.10web.cloud\\\/de\\\/#website\"},\"primaryImageOfPage\":{\"@id\":\"https:\\\/\\\/xstone-dev.10web.cloud\\\/de\\\/product\\\/10027-rusted-copper\\\/#primaryimage\"},\"image\":{\"@id\":\"https:\\\/\\\/xstone-dev.10web.cloud\\\/de\\\/product\\\/10027-rusted-copper\\\/#primaryimage\"},\"thumbnailUrl\":\"https:\\\/\\\/xstone-dev.10web.cloud\\\/wp-content\\\/uploads\\\/2026\\\/04\\\/XSTONE-Color-10027-Rusted-Copper.webp\",\"datePublished\":\"2026-04-10T21:35:59+00:00\",\"description\":\"Entdecken Sie XSTONE Rusted Copper, das die raue Sch\u00f6nheit der oxidierten Kupferpatina mit tiefen Gr\u00fcnspan-, T\u00fcrkis- und Bernsteint\u00f6nen f\u00fcr luxuri\u00f6se Innenr\u00e4ume und architektonische Verkleidungen einf\u00e4ngt.\",\"breadcrumb\":{\"@id\":\"https:\\\/\\\/xstone-dev.10web.cloud\\\/de\\\/product\\\/10027-rusted-copper\\\/#breadcrumb\"},\"inLanguage\":\"de\",\"potentialAction\":[{\"@type\":\"ReadAction\",\"target\":[\"https:\\\/\\\/xstone-dev.10web.cloud\\\/de\\\/product\\\/10027-rusted-copper\\\/\"]}]},{\"@type\":\"ImageObject\",\"inLanguage\":\"de\",\"@id\":\"https:\\\/\\\/xstone-dev.10web.cloud\\\/de\\\/product\\\/10027-rusted-copper\\\/#primaryimage\",\"url\":\"https:\\\/\\\/xstone-dev.10web.cloud\\\/wp-content\\\/uploads\\\/2026\\\/04\\\/XSTONE-Color-10027-Rusted-Copper.webp\",\"contentUrl\":\"https:\\\/\\\/xstone-dev.10web.cloud\\\/wp-content\\\/uploads\\\/2026\\\/04\\\/XSTONE-Color-10027-Rusted-Copper.webp\",\"width\":1920,\"height\":1440,\"caption\":\"verrostetes Kupfer\"},{\"@type\":\"BreadcrumbList\",\"@id\":\"https:\\\/\\\/xstone-dev.10web.cloud\\\/de\\\/product\\\/10027-rusted-copper\\\/#breadcrumb\",\"itemListElement\":[{\"@type\":\"ListItem\",\"position\":1,\"name\":\"Home\",\"item\":\"https:\\\/\\\/xstone-dev.10web.cloud\\\/de\\\/\"},{\"@type\":\"ListItem\",\"position\":2,\"name\":\"Produkte\",\"item\":\"https:\\\/\\\/xstone-dev.10web.cloud\\\/de\\\/shop\\\/\"},{\"@type\":\"ListItem\",\"position\":3,\"name\":\"10027 | Verrostetes Kupfer\"}]},{\"@type\":\"WebSite\",\"@id\":\"https:\\\/\\\/xstone-dev.10web.cloud\\\/de\\\/#website\",\"url\":\"https:\\\/\\\/xstone-dev.10web.cloud\\\/de\\\/\",\"name\":\"XSTONE\",\"description\":\"Authentische und grenzenlose mineralische Sch\u00f6nheit, ungebunden von der Schwerkraft\",\"potentialAction\":[{\"@type\":\"SearchAction\",\"target\":{\"@type\":\"EntryPoint\",\"urlTemplate\":\"https:\\\/\\\/xstone-dev.10web.cloud\\\/de\\\/?s={search_term_string}\"},\"query-input\":{\"@type\":\"PropertyValueSpecification\",\"valueRequired\":true,\"valueName\":\"search_term_string\"}}],\"inLanguage\":\"de\"}]}<\/script>\n<!-- \/ Yoast SEO Premium plugin. -->","yoast_head_json":{"title":"10027 | Verrostetes Kupfer - XSTONE","description":"Entdecken Sie XSTONE Rusted Copper, das die raue Sch\u00f6nheit der oxidierten Kupferpatina mit tiefen Gr\u00fcnspan-, T\u00fcrkis- und Bernsteint\u00f6nen f\u00fcr luxuri\u00f6se Innenr\u00e4ume und architektonische Verkleidungen einf\u00e4ngt.","robots":{"index":"index","follow":"follow","max-snippet":"max-snippet:-1","max-image-preview":"max-image-preview:large","max-video-preview":"max-video-preview:-1"},"canonical":"https:\/\/xstone-dev.10web.cloud\/de\/product\/10027-rusted-copper\/","og_locale":"de_DE","og_type":"article","og_title":"10027 | Verrostetes Kupfer","og_description":"Entdecken Sie XSTONE Rusted Copper, das die raue Sch\u00f6nheit der oxidierten Kupferpatina mit tiefen Gr\u00fcnspan-, T\u00fcrkis- und Bernsteint\u00f6nen f\u00fcr luxuri\u00f6se Innenr\u00e4ume und architektonische Verkleidungen einf\u00e4ngt.","og_url":"https:\/\/xstone-dev.10web.cloud\/de\/product\/10027-rusted-copper\/","og_site_name":"XSTONE","article_publisher":"https:\/\/www.facebook.com\/Xstonesurfaces1\/","og_image":[{"width":1920,"height":1440,"url":"https:\/\/xstone-dev.10web.cloud\/wp-content\/uploads\/2026\/04\/XSTONE-Color-10027-Rusted-Copper.webp","type":"image\/webp"}],"twitter_card":"summary_large_image","twitter_misc":{"Gesch\u00e4tzte Lesezeit":"1\u00a0Minute"},"schema":{"@context":"https:\/\/schema.org","@graph":[{"@type":"WebPage","@id":"https:\/\/xstone-dev.10web.cloud\/de\/product\/10027-rusted-copper\/","url":"https:\/\/xstone-dev.10web.cloud\/de\/product\/10027-rusted-copper\/","name":"10027 | Verrostetes Kupfer - XSTONE","isPartOf":{"@id":"https:\/\/xstone-dev.10web.cloud\/de\/#website"},"primaryImageOfPage":{"@id":"https:\/\/xstone-dev.10web.cloud\/de\/product\/10027-rusted-copper\/#primaryimage"},"image":{"@id":"https:\/\/xstone-dev.10web.cloud\/de\/product\/10027-rusted-copper\/#primaryimage"},"thumbnailUrl":"https:\/\/xstone-dev.10web.cloud\/wp-content\/uploads\/2026\/04\/XSTONE-Color-10027-Rusted-Copper.webp","datePublished":"2026-04-10T21:35:59+00:00","description":"Entdecken Sie XSTONE Rusted Copper, das die raue Sch\u00f6nheit der oxidierten Kupferpatina mit tiefen Gr\u00fcnspan-, T\u00fcrkis- und Bernsteint\u00f6nen f\u00fcr luxuri\u00f6se Innenr\u00e4ume und architektonische Verkleidungen einf\u00e4ngt.","breadcrumb":{"@id":"https:\/\/xstone-dev.10web.cloud\/de\/product\/10027-rusted-copper\/#breadcrumb"},"inLanguage":"de","potentialAction":[{"@type":"ReadAction","target":["https:\/\/xstone-dev.10web.cloud\/de\/product\/10027-rusted-copper\/"]}]},{"@type":"ImageObject","inLanguage":"de","@id":"https:\/\/xstone-dev.10web.cloud\/de\/product\/10027-rusted-copper\/#primaryimage","url":"https:\/\/xstone-dev.10web.cloud\/wp-content\/uploads\/2026\/04\/XSTONE-Color-10027-Rusted-Copper.webp","contentUrl":"https:\/\/xstone-dev.10web.cloud\/wp-content\/uploads\/2026\/04\/XSTONE-Color-10027-Rusted-Copper.webp","width":1920,"height":1440,"caption":"verrostetes Kupfer"},{"@type":"BreadcrumbList","@id":"https:\/\/xstone-dev.10web.cloud\/de\/product\/10027-rusted-copper\/#breadcrumb","itemListElement":[{"@type":"ListItem","position":1,"name":"Home","item":"https:\/\/xstone-dev.10web.cloud\/de\/"},{"@type":"ListItem","position":2,"name":"Produkte","item":"https:\/\/xstone-dev.10web.cloud\/de\/shop\/"},{"@type":"ListItem","position":3,"name":"10027 | Verrostetes Kupfer"}]},{"@type":"WebSite","@id":"https:\/\/xstone-dev.10web.cloud\/de\/#website","url":"https:\/\/xstone-dev.10web.cloud\/de\/","name":"XSTONE","description":"Authentische und grenzenlose mineralische Sch\u00f6nheit, ungebunden von der Schwerkraft","potentialAction":[{"@type":"SearchAction","target":{"@type":"EntryPoint","urlTemplate":"https:\/\/xstone-dev.10web.cloud\/de\/?s={search_term_string}"},"query-input":{"@type":"PropertyValueSpecification","valueRequired":true,"valueName":"search_term_string"}}],"inLanguage":"de"}]}},"spectra_custom_meta":{"_last_translation_edit_mode":["translation-editor"],"_wcml_average_rating":[null],"_wcml_review_count":[null],"_wcml_rating_count":[null],"_yoast_wpseo_primary_product_cat":["318"],"_backorders":["no"],"_download_limit":["-1"],"_download_expiry":["-1"],"_downloadable":["no"],"_manage_stock":["no"],"_sku":["10027"],"_stock_status":["instock"],"_sold_individually":["no"],"_tax_class":[""],"_tax_status":["taxable"],"_virtual":["no"],"total_sales":["0"],"_wpml_media_duplicate":["1"],"_wpml_media_featured":["1"],"stick-header-meta":["default"],"site-sidebar-layout":["default"],"theme-transparent-header-meta":["default"],"ast-site-content-layout":["default"],"site-content-style":["default"],"site-sidebar-style":["default"],"_yoast_wpseo_metadesc":["Entdecken Sie XSTONE Rusted Copper, das die raue Sch\u00f6nheit der oxidierten Kupferpatina mit tiefen Gr\u00fcnspan-, T\u00fcrkis- und Bernsteint\u00f6nen f\u00fcr luxuri\u00f6se Innenr\u00e4ume und architektonische Verkleidungen einf\u00e4ngt."],"_yoast_wpseo_focuskw":["verrostetes Kupfer"],"_product_image_gallery":[""],"_thumbnail_id":["21787"],"_product_attributes":["a:2:{s:7:\"pa_tone\";a:6:{s:4:\"name\";s:7:\"pa_tone\";s:5:\"value\";s:0:\"\";s:8:\"position\";i:0;s:10:\"is_visible\";i:1;s:12:\"is_variation\";i:0;s:11:\"is_taxonomy\";i:1;}s:9:\"pa_finish\";a:6:{s:4:\"name\";s:9:\"pa_finish\";s:5:\"value\";s:0:\"\";s:8:\"position\";i:1;s:10:\"is_visible\";i:1;s:12:\"is_variation\";i:0;s:11:\"is_taxonomy\";i:1;}}"],"_wpml_word_count":["114"],"two_optimized_date":["1776495548"],"woolentor_views_count_product":["2"],"_uag_css_file_name":["uag-css-21774.css"],"_uag_js_file_name":["uag-js-21774.js"],"tp_widgets":["a:2:{s:7:\"widgets\";a:0:{}s:9:\"update_at\";s:10:\"1776405650\";}"],"_elementor_edit_mode":["builder"],"_selectproduct_layout":["16271"],"_wc_rating_count":[""],"_wc_review_count":[""],"_wc_average_rating":[0]},"uagb_featured_image_src":{"full":["https:\/\/xstone-dev.10web.cloud\/wp-content\/uploads\/2026\/04\/XSTONE-Color-10027-Rusted-Copper.webp",1920,1440,false],"thumbnail":["https:\/\/xstone-dev.10web.cloud\/wp-content\/uploads\/2026\/04\/XSTONE-Color-10027-Rusted-Copper-150x150.webp",150,150,true],"medium":["https:\/\/xstone-dev.10web.cloud\/wp-content\/uploads\/2026\/04\/XSTONE-Color-10027-Rusted-Copper-300x225.webp",300,225,true],"medium_large":["https:\/\/xstone-dev.10web.cloud\/wp-content\/uploads\/2026\/04\/XSTONE-Color-10027-Rusted-Copper-768x576.webp",768,576,true],"large":["https:\/\/xstone-dev.10web.cloud\/wp-content\/uploads\/2026\/04\/XSTONE-Color-10027-Rusted-Copper-1024x768.webp",1024,768,true],"1536x1536":["https:\/\/xstone-dev.10web.cloud\/wp-content\/uploads\/2026\/04\/XSTONE-Color-10027-Rusted-Copper-1536x1152.webp",1536,1152,true],"2048x2048":["https:\/\/xstone-dev.10web.cloud\/wp-content\/uploads\/2026\/04\/XSTONE-Color-10027-Rusted-Copper.webp",1920,1440,false],"tp-image-grid":["https:\/\/xstone-dev.10web.cloud\/wp-content\/uploads\/2026\/04\/XSTONE-Color-10027-Rusted-Copper-700x700.webp",700,700,true],"tenweb_optimizer_mobile":["https:\/\/xstone-dev.10web.cloud\/wp-content\/uploads\/2026\/04\/XSTONE-Color-10027-Rusted-Copper-600x450.webp",600,450,true],"tenweb_optimizer_tablet":["https:\/\/xstone-dev.10web.cloud\/wp-content\/uploads\/2026\/04\/XSTONE-Color-10027-Rusted-Copper-768x576.webp",768,576,true],"woocommerce_thumbnail":["https:\/\/xstone-dev.10web.cloud\/wp-content\/uploads\/2026\/04\/XSTONE-Color-10027-Rusted-Copper-300x300.webp",300,300,true],"woocommerce_single":["https:\/\/xstone-dev.10web.cloud\/wp-content\/uploads\/2026\/04\/XSTONE-Color-10027-Rusted-Copper-600x450.webp",600,450,true],"woocommerce_gallery_thumbnail":["https:\/\/xstone-dev.10web.cloud\/wp-content\/uploads\/2026\/04\/XSTONE-Color-10027-Rusted-Copper-100x100.webp",100,100,true]},"uagb_author_info":{"display_name":"laurent.gomez@xstone.group","author_link":"https:\/\/xstone-dev.10web.cloud\/de\/author\/"},"uagb_comment_info":0,"uagb_excerpt":"Ein faszinierender Tanz aus oxidiertem Kupfer und mineralischer Patina, bei dem tiefe Gr\u00fcnt\u00f6ne in ein elektrisches T\u00fcrkis \u00fcbergehen, verankert durch warmen Bernstein und rohe Siena am Rande der Oberfl\u00e4che. Dies ist die Zeit, die sichtbar gemacht wird &#8211; das atemberaubende Ergebnis von Metall, das sich der Natur hingibt und Schicht f\u00fcr Schicht eine lebendige Palette&hellip;","_links":{"self":[{"href":"https:\/\/xstone-dev.10web.cloud\/de\/wp-json\/wp\/v2\/product\/21774","targetHints":{"allow":["GET"]}}],"collection":[{"href":"https:\/\/xstone-dev.10web.cloud\/de\/wp-json\/wp\/v2\/product"}],"about":[{"href":"https:\/\/xstone-dev.10web.cloud\/de\/wp-json\/wp\/v2\/types\/product"}],"replies":[{"embeddable":true,"href":"https:\/\/xstone-dev.10web.cloud\/de\/wp-json\/wp\/v2\/comments?post=21774"}],"wp:featuredmedia":[{"embeddable":true,"href":"https:\/\/xstone-dev.10web.cloud\/de\/wp-json\/wp\/v2\/media\/21787"}],"wp:attachment":[{"href":"https:\/\/xstone-dev.10web.cloud\/de\/wp-json\/wp\/v2\/media?parent=21774"}],"wp:term":[{"taxonomy":"product_brand","embeddable":true,"href":"https:\/\/xstone-dev.10web.cloud\/de\/wp-json\/wp\/v2\/product_brand?post=21774"},{"taxonomy":"product_cat","embeddable":true,"href":"https:\/\/xstone-dev.10web.cloud\/de\/wp-json\/wp\/v2\/product_cat?post=21774"},{"taxonomy":"product_tag","embeddable":true,"href":"https:\/\/xstone-dev.10web.cloud\/de\/wp-json\/wp\/v2\/product_tag?post=21774"}],"curies":[{"name":"wp","href":"https:\/\/api.w.org\/{rel}","templated":true}]}}