{"id":23570,"date":"2026-01-22T13:48:28","date_gmt":"2026-01-22T13:48:28","guid":{"rendered":"https:\/\/xstone-dev.10web.cloud\/product\/10049-king-louis\/"},"modified":"2026-01-22T13:48:28","modified_gmt":"2026-01-22T13:48:28","slug":"10049-king-louis","status":"publish","type":"product","link":"https:\/\/xstone-dev.10web.cloud\/cs\/product\/10049-king-louis\/","title":{"rendered":"10049 | King Louis"},"content":{"rendered":"<p>Tato barva je m\u011bkk\u00e1, k\u0159\u00eddov\u011b b\u00edl\u00e1 s jemn\u00fdmi p\u00edskov\u00fdmi a v\u00e1pencov\u00fdmi podt\u00f3ny, jemn\u011b vrstven\u00e1 s jemn\u00fdm horizont\u00e1ln\u00edm pohybem miner\u00e1l\u016f, kter\u00fd dod\u00e1v\u00e1 povrchu klidnou, na dotek p\u0159\u00edjemnou hloubku, evokuje tichou eleganci sluncem vyb\u011blen\u00e9ho kamene a vn\u00e1\u0161\u00ed do ka\u017ed\u00e9ho prostoru pocit lehkosti, \u010distoty a nad\u010dasov\u00e9ho architektonick\u00e9ho klidu.<\/p>\n","protected":false},"excerpt":{"rendered":"<p>Tato barva je m\u011bkk\u00e1, k\u0159\u00eddov\u011b b\u00edl\u00e1 s jemn\u00fdmi p\u00edskov\u00fdmi a v\u00e1pencov\u00fdmi podt\u00f3ny, jemn\u011b vrstven\u00e1 s jemn\u00fdm horizont\u00e1ln\u00edm pohybem miner\u00e1l\u016f, kter\u00fd dod\u00e1v\u00e1 povrchu klidnou, na dotek p\u0159\u00edjemnou hloubku, evokuje tichou eleganci sluncem vyb\u011blen\u00e9ho kamene a vn\u00e1\u0161\u00ed do ka\u017ed\u00e9ho prostoru pocit lehkosti, \u010distoty a nad\u010dasov\u00e9ho architektonick\u00e9ho klidu.<\/p>\n","protected":false},"featured_media":23573,"comment_status":"open","ping_status":"closed","template":"","meta":{"_acf_changed":false,"_uag_custom_page_level_css":"","site-sidebar-layout":"default","site-content-layout":"","ast-site-content-layout":"default","site-content-style":"default","site-sidebar-style":"default","ast-global-header-display":"","ast-banner-title-visibility":"","ast-main-header-display":"","ast-hfb-above-header-display":"","ast-hfb-below-header-display":"","ast-hfb-mobile-header-display":"","site-post-title":"","ast-breadcrumbs-content":"","ast-featured-img":"","footer-sml-layout":"","theme-transparent-header-meta":"default","adv-header-id-meta":"","stick-header-meta":"default","header-above-stick-meta":"","header-main-stick-meta":"","header-below-stick-meta":"","astra-migrate-meta-layouts":"default","ast-page-background-enabled":"default","ast-page-background-meta":{"desktop":{"background-color":"var(--ast-global-color-4)","background-image":"","background-repeat":"repeat","background-position":"center center","background-size":"auto","background-attachment":"scroll","background-type":"","background-media":"","overlay-type":"","overlay-color":"","overlay-opacity":"","overlay-gradient":""},"tablet":{"background-color":"","background-image":"","background-repeat":"repeat","background-position":"center center","background-size":"auto","background-attachment":"scroll","background-type":"","background-media":"","overlay-type":"","overlay-color":"","overlay-opacity":"","overlay-gradient":""},"mobile":{"background-color":"","background-image":"","background-repeat":"repeat","background-position":"center center","background-size":"auto","background-attachment":"scroll","background-type":"","background-media":"","overlay-type":"","overlay-color":"","overlay-opacity":"","overlay-gradient":""}},"ast-content-background-meta":{"desktop":{"background-color":"var(--ast-global-color-5)","background-image":"","background-repeat":"repeat","background-position":"center center","background-size":"auto","background-attachment":"scroll","background-type":"","background-media":"","overlay-type":"","overlay-color":"","overlay-opacity":"","overlay-gradient":""},"tablet":{"background-color":"var(--ast-global-color-5)","background-image":"","background-repeat":"repeat","background-position":"center center","background-size":"auto","background-attachment":"scroll","background-type":"","background-media":"","overlay-type":"","overlay-color":"","overlay-opacity":"","overlay-gradient":""},"mobile":{"background-color":"var(--ast-global-color-5)","background-image":"","background-repeat":"repeat","background-position":"center center","background-size":"auto","background-attachment":"scroll","background-type":"","background-media":"","overlay-type":"","overlay-color":"","overlay-opacity":"","overlay-gradient":""}}},"product_brand":[],"product_cat":[2348,2349,2695],"product_tag":[6385,3018,6389,6392,6388,6386,6387],"class_list":{"0":"post-23570","1":"product","2":"type-product","3":"status-publish","4":"has-post-thumbnail","6":"product_cat-color","7":"product_cat-polychromatic","8":"product_cat-yellow","9":"product_tag-architectural-surface","10":"product_tag-comp-color-17403","11":"product_tag-light-neutral-material","12":"product_tag-modern-minimal-interior","13":"product_tag-natural-wall-finish","14":"product_tag-off-white-stone","15":"product_tag-limestone-texture","16":"desktop-align-left","17":"tablet-align-left","18":"mobile-align-left","20":"first","21":"instock","22":"shipping-taxable","23":"product-type-simple"},"acf":[],"yoast_head":"<!-- This site is optimized with the Yoast SEO Premium plugin v27.4 (Yoast SEO v27.4) - https:\/\/yoast.com\/product\/yoast-seo-premium-wordpress\/ -->\n<title>10049 | King Louis - XSTONE<\/title>\n<meta name=\"description\" content=\"B\u00edl\u00fd v\u00e1pencov\u00fd povrch s jemnou miner\u00e1ln\u00ed strukturou a jemn\u00fdm p\u00edskov\u00fdm podt\u00f3nem nab\u00edz\u00ed klidn\u00fd, p\u0159\u00edrodn\u00ed a architektonick\u00fd povrch inspirovan\u00fd kamenem.\" \/>\n<meta name=\"robots\" content=\"index, follow, max-snippet:-1, max-image-preview:large, max-video-preview:-1\" \/>\n<link rel=\"canonical\" href=\"https:\/\/xstone-dev.10web.cloud\/cs\/product\/10049-king-louis\/\" \/>\n<meta property=\"og:locale\" content=\"cs_CZ\" \/>\n<meta property=\"og:type\" content=\"article\" \/>\n<meta property=\"og:title\" content=\"10049 | King Louis\" \/>\n<meta property=\"og:description\" content=\"B\u00edl\u00fd v\u00e1pencov\u00fd povrch s jemnou miner\u00e1ln\u00ed strukturou a jemn\u00fdm p\u00edskov\u00fdm podt\u00f3nem nab\u00edz\u00ed klidn\u00fd, p\u0159\u00edrodn\u00ed a architektonick\u00fd povrch inspirovan\u00fd kamenem.\" \/>\n<meta property=\"og:url\" content=\"https:\/\/xstone-dev.10web.cloud\/cs\/product\/10049-king-louis\/\" \/>\n<meta property=\"og:site_name\" content=\"XSTONE\" \/>\n<meta property=\"article:publisher\" content=\"https:\/\/www.facebook.com\/Xstonesurfaces1\/\" \/>\n<meta property=\"og:image\" content=\"https:\/\/xstone-dev.10web.cloud\/wp-content\/uploads\/2026\/01\/XStone-Color-10049-scaled.webp\" \/>\n\t<meta property=\"og:image:width\" content=\"2560\" \/>\n\t<meta property=\"og:image:height\" content=\"2560\" \/>\n\t<meta property=\"og:image:type\" content=\"image\/webp\" \/>\n<meta name=\"twitter:card\" content=\"summary_large_image\" \/>\n<script type=\"application\/ld+json\" class=\"yoast-schema-graph\">{\"@context\":\"https:\\\/\\\/schema.org\",\"@graph\":[{\"@type\":\"WebPage\",\"@id\":\"https:\\\/\\\/xstone-dev.10web.cloud\\\/cs\\\/product\\\/10049-king-louis\\\/\",\"url\":\"https:\\\/\\\/xstone-dev.10web.cloud\\\/cs\\\/product\\\/10049-king-louis\\\/\",\"name\":\"10049 | King Louis - XSTONE\",\"isPartOf\":{\"@id\":\"https:\\\/\\\/xstone-dev.10web.cloud\\\/cs\\\/#website\"},\"primaryImageOfPage\":{\"@id\":\"https:\\\/\\\/xstone-dev.10web.cloud\\\/cs\\\/product\\\/10049-king-louis\\\/#primaryimage\"},\"image\":{\"@id\":\"https:\\\/\\\/xstone-dev.10web.cloud\\\/cs\\\/product\\\/10049-king-louis\\\/#primaryimage\"},\"thumbnailUrl\":\"https:\\\/\\\/xstone-dev.10web.cloud\\\/wp-content\\\/uploads\\\/2026\\\/01\\\/XStone-Color-10049-scaled.webp\",\"datePublished\":\"2026-01-22T13:48:28+00:00\",\"description\":\"B\u00edl\u00fd v\u00e1pencov\u00fd povrch s jemnou miner\u00e1ln\u00ed strukturou a jemn\u00fdm p\u00edskov\u00fdm podt\u00f3nem nab\u00edz\u00ed klidn\u00fd, p\u0159\u00edrodn\u00ed a architektonick\u00fd povrch inspirovan\u00fd kamenem.\",\"breadcrumb\":{\"@id\":\"https:\\\/\\\/xstone-dev.10web.cloud\\\/cs\\\/product\\\/10049-king-louis\\\/#breadcrumb\"},\"inLanguage\":\"cs\",\"potentialAction\":[{\"@type\":\"ReadAction\",\"target\":[\"https:\\\/\\\/xstone-dev.10web.cloud\\\/cs\\\/product\\\/10049-king-louis\\\/\"]}]},{\"@type\":\"ImageObject\",\"inLanguage\":\"cs\",\"@id\":\"https:\\\/\\\/xstone-dev.10web.cloud\\\/cs\\\/product\\\/10049-king-louis\\\/#primaryimage\",\"url\":\"https:\\\/\\\/xstone-dev.10web.cloud\\\/wp-content\\\/uploads\\\/2026\\\/01\\\/XStone-Color-10049-scaled.webp\",\"contentUrl\":\"https:\\\/\\\/xstone-dev.10web.cloud\\\/wp-content\\\/uploads\\\/2026\\\/01\\\/XStone-Color-10049-scaled.webp\",\"width\":2560,\"height\":2560,\"caption\":\"XStone - Color -King Louis\"},{\"@type\":\"BreadcrumbList\",\"@id\":\"https:\\\/\\\/xstone-dev.10web.cloud\\\/cs\\\/product\\\/10049-king-louis\\\/#breadcrumb\",\"itemListElement\":[{\"@type\":\"ListItem\",\"position\":1,\"name\":\"Home\",\"item\":\"https:\\\/\\\/xstone-dev.10web.cloud\\\/cs\\\/\"},{\"@type\":\"ListItem\",\"position\":2,\"name\":\"Produkty\",\"item\":\"https:\\\/\\\/xstone-dev.10web.cloud\\\/cs\\\/shop\\\/\"},{\"@type\":\"ListItem\",\"position\":3,\"name\":\"10049 | King Louis\"}]},{\"@type\":\"WebSite\",\"@id\":\"https:\\\/\\\/xstone-dev.10web.cloud\\\/cs\\\/#website\",\"url\":\"https:\\\/\\\/xstone-dev.10web.cloud\\\/cs\\\/\",\"name\":\"XSTONE\",\"description\":\"Autentick\u00e1 a neomezen\u00e1 kr\u00e1sa miner\u00e1l\u016f, nespoutan\u00e1 gravitac\u00ed\",\"potentialAction\":[{\"@type\":\"SearchAction\",\"target\":{\"@type\":\"EntryPoint\",\"urlTemplate\":\"https:\\\/\\\/xstone-dev.10web.cloud\\\/cs\\\/?s={search_term_string}\"},\"query-input\":{\"@type\":\"PropertyValueSpecification\",\"valueRequired\":true,\"valueName\":\"search_term_string\"}}],\"inLanguage\":\"cs\"}]}<\/script>\n<!-- \/ Yoast SEO Premium plugin. -->","yoast_head_json":{"title":"10049 | King Louis - XSTONE","description":"B\u00edl\u00fd v\u00e1pencov\u00fd povrch s jemnou miner\u00e1ln\u00ed strukturou a jemn\u00fdm p\u00edskov\u00fdm podt\u00f3nem nab\u00edz\u00ed klidn\u00fd, p\u0159\u00edrodn\u00ed a architektonick\u00fd povrch inspirovan\u00fd kamenem.","robots":{"index":"index","follow":"follow","max-snippet":"max-snippet:-1","max-image-preview":"max-image-preview:large","max-video-preview":"max-video-preview:-1"},"canonical":"https:\/\/xstone-dev.10web.cloud\/cs\/product\/10049-king-louis\/","og_locale":"cs_CZ","og_type":"article","og_title":"10049 | King Louis","og_description":"B\u00edl\u00fd v\u00e1pencov\u00fd povrch s jemnou miner\u00e1ln\u00ed strukturou a jemn\u00fdm p\u00edskov\u00fdm podt\u00f3nem nab\u00edz\u00ed klidn\u00fd, p\u0159\u00edrodn\u00ed a architektonick\u00fd povrch inspirovan\u00fd kamenem.","og_url":"https:\/\/xstone-dev.10web.cloud\/cs\/product\/10049-king-louis\/","og_site_name":"XSTONE","article_publisher":"https:\/\/www.facebook.com\/Xstonesurfaces1\/","og_image":[{"width":2560,"height":2560,"url":"https:\/\/xstone-dev.10web.cloud\/wp-content\/uploads\/2026\/01\/XStone-Color-10049-scaled.webp","type":"image\/webp"}],"twitter_card":"summary_large_image","schema":{"@context":"https:\/\/schema.org","@graph":[{"@type":"WebPage","@id":"https:\/\/xstone-dev.10web.cloud\/cs\/product\/10049-king-louis\/","url":"https:\/\/xstone-dev.10web.cloud\/cs\/product\/10049-king-louis\/","name":"10049 | King Louis - XSTONE","isPartOf":{"@id":"https:\/\/xstone-dev.10web.cloud\/cs\/#website"},"primaryImageOfPage":{"@id":"https:\/\/xstone-dev.10web.cloud\/cs\/product\/10049-king-louis\/#primaryimage"},"image":{"@id":"https:\/\/xstone-dev.10web.cloud\/cs\/product\/10049-king-louis\/#primaryimage"},"thumbnailUrl":"https:\/\/xstone-dev.10web.cloud\/wp-content\/uploads\/2026\/01\/XStone-Color-10049-scaled.webp","datePublished":"2026-01-22T13:48:28+00:00","description":"B\u00edl\u00fd v\u00e1pencov\u00fd povrch s jemnou miner\u00e1ln\u00ed strukturou a jemn\u00fdm p\u00edskov\u00fdm podt\u00f3nem nab\u00edz\u00ed klidn\u00fd, p\u0159\u00edrodn\u00ed a architektonick\u00fd povrch inspirovan\u00fd kamenem.","breadcrumb":{"@id":"https:\/\/xstone-dev.10web.cloud\/cs\/product\/10049-king-louis\/#breadcrumb"},"inLanguage":"cs","potentialAction":[{"@type":"ReadAction","target":["https:\/\/xstone-dev.10web.cloud\/cs\/product\/10049-king-louis\/"]}]},{"@type":"ImageObject","inLanguage":"cs","@id":"https:\/\/xstone-dev.10web.cloud\/cs\/product\/10049-king-louis\/#primaryimage","url":"https:\/\/xstone-dev.10web.cloud\/wp-content\/uploads\/2026\/01\/XStone-Color-10049-scaled.webp","contentUrl":"https:\/\/xstone-dev.10web.cloud\/wp-content\/uploads\/2026\/01\/XStone-Color-10049-scaled.webp","width":2560,"height":2560,"caption":"XStone - Color -King Louis"},{"@type":"BreadcrumbList","@id":"https:\/\/xstone-dev.10web.cloud\/cs\/product\/10049-king-louis\/#breadcrumb","itemListElement":[{"@type":"ListItem","position":1,"name":"Home","item":"https:\/\/xstone-dev.10web.cloud\/cs\/"},{"@type":"ListItem","position":2,"name":"Produkty","item":"https:\/\/xstone-dev.10web.cloud\/cs\/shop\/"},{"@type":"ListItem","position":3,"name":"10049 | King Louis"}]},{"@type":"WebSite","@id":"https:\/\/xstone-dev.10web.cloud\/cs\/#website","url":"https:\/\/xstone-dev.10web.cloud\/cs\/","name":"XSTONE","description":"Autentick\u00e1 a neomezen\u00e1 kr\u00e1sa miner\u00e1l\u016f, nespoutan\u00e1 gravitac\u00ed","potentialAction":[{"@type":"SearchAction","target":{"@type":"EntryPoint","urlTemplate":"https:\/\/xstone-dev.10web.cloud\/cs\/?s={search_term_string}"},"query-input":{"@type":"PropertyValueSpecification","valueRequired":true,"valueName":"search_term_string"}}],"inLanguage":"cs"}]}},"spectra_custom_meta":{"_last_translation_edit_mode":["translation-editor"],"_wcml_average_rating":[null],"_wcml_review_count":[null],"_wcml_rating_count":[null],"_yoast_wpseo_primary_product_cat":["318"],"_backorders":["no"],"_download_limit":["-1"],"_download_expiry":["-1"],"_downloadable":["no"],"_manage_stock":["no"],"_sku":["10049"],"_stock_status":["instock"],"_sold_individually":["no"],"_tax_class":[""],"_tax_status":["taxable"],"_virtual":["no"],"total_sales":["0"],"_wpml_media_duplicate":["1"],"_wpml_media_featured":["1"],"stick-header-meta":["default"],"site-sidebar-layout":["default"],"theme-transparent-header-meta":["default"],"ast-site-content-layout":["default"],"site-content-style":["default"],"site-sidebar-style":["default"],"_yoast_wpseo_metadesc":["B\u00edl\u00fd v\u00e1pencov\u00fd povrch s jemnou miner\u00e1ln\u00ed strukturou a jemn\u00fdm p\u00edskov\u00fdm podt\u00f3nem nab\u00edz\u00ed klidn\u00fd, p\u0159\u00edrodn\u00ed a architektonick\u00fd povrch inspirovan\u00fd kamenem."],"_yoast_wpseo_focuskw":["povrch z b\u00edl\u00e9ho v\u00e1pence"],"_product_image_gallery":[""],"_thumbnail_id":["23573"],"_product_attributes":["a:3:{s:7:\"pa_tone\";a:6:{s:4:\"name\";s:7:\"pa_tone\";s:5:\"value\";s:0:\"\";s:8:\"position\";i:0;s:10:\"is_visible\";i:1;s:12:\"is_variation\";i:0;s:11:\"is_taxonomy\";i:1;}s:13:\"pa_color-code\";a:6:{s:4:\"name\";s:13:\"pa_color-code\";s:5:\"value\";s:0:\"\";s:8:\"position\";i:1;s:10:\"is_visible\";i:1;s:12:\"is_variation\";i:0;s:11:\"is_taxonomy\";i:1;}s:9:\"pa_finish\";a:6:{s:4:\"name\";s:9:\"pa_finish\";s:5:\"value\";s:0:\"\";s:8:\"position\";i:2;s:10:\"is_visible\";i:1;s:12:\"is_variation\";i:0;s:11:\"is_taxonomy\";i:1;}}"],"_wpml_word_count":["67"],"two_optimized_date":["1776495133"],"woolentor_views_count_product":["2"],"_uag_css_file_name":["uag-css-23570.css"],"_uag_js_file_name":["uag-js-23570.js"],"tp_widgets":["a:2:{s:7:\"widgets\";a:0:{}s:9:\"update_at\";s:10:\"1776405650\";}"],"_elementor_edit_mode":["builder"],"_selectproduct_layout":["16271"],"_wc_rating_count":[""],"_wc_review_count":[""],"_wc_average_rating":[0]},"uagb_featured_image_src":{"full":["https:\/\/xstone-dev.10web.cloud\/wp-content\/uploads\/2026\/01\/XStone-Color-10049-scaled.webp",2560,2560,false],"thumbnail":["https:\/\/xstone-dev.10web.cloud\/wp-content\/uploads\/2026\/01\/XStone-Color-10049-150x150.webp",150,150,true],"medium":["https:\/\/xstone-dev.10web.cloud\/wp-content\/uploads\/2026\/01\/XStone-Color-10049-300x300.webp",300,300,true],"medium_large":["https:\/\/xstone-dev.10web.cloud\/wp-content\/uploads\/2026\/01\/XStone-Color-10049-768x768.webp",768,768,true],"large":["https:\/\/xstone-dev.10web.cloud\/wp-content\/uploads\/2026\/01\/XStone-Color-10049-1024x1024.webp",1024,1024,true],"1536x1536":["https:\/\/xstone-dev.10web.cloud\/wp-content\/uploads\/2026\/01\/XStone-Color-10049-1536x1536.webp",1536,1536,true],"2048x2048":["https:\/\/xstone-dev.10web.cloud\/wp-content\/uploads\/2026\/01\/XStone-Color-10049-2048x2048.webp",2048,2048,true],"tp-image-grid":["https:\/\/xstone-dev.10web.cloud\/wp-content\/uploads\/2026\/01\/XStone-Color-10049-700x700.webp",700,700,true],"tenweb_optimizer_mobile":["https:\/\/xstone-dev.10web.cloud\/wp-content\/uploads\/2026\/01\/XStone-Color-10049-600x600.webp",600,600,true],"tenweb_optimizer_tablet":["https:\/\/xstone-dev.10web.cloud\/wp-content\/uploads\/2026\/01\/XStone-Color-10049-768x768.webp",768,768,true],"woocommerce_thumbnail":["https:\/\/xstone-dev.10web.cloud\/wp-content\/uploads\/2026\/01\/XStone-Color-10049-300x300.webp",300,300,true],"woocommerce_single":["https:\/\/xstone-dev.10web.cloud\/wp-content\/uploads\/2026\/01\/XStone-Color-10049-600x600.webp",600,600,true],"woocommerce_gallery_thumbnail":["https:\/\/xstone-dev.10web.cloud\/wp-content\/uploads\/2026\/01\/XStone-Color-10049-100x100.webp",100,100,true]},"uagb_author_info":{"display_name":"laurent.gomez@xstone.group","author_link":"https:\/\/xstone-dev.10web.cloud\/cs\/author\/"},"uagb_comment_info":0,"uagb_excerpt":"Tato barva je m\u011bkk\u00e1, k\u0159\u00eddov\u011b b\u00edl\u00e1 s jemn\u00fdmi p\u00edskov\u00fdmi a v\u00e1pencov\u00fdmi podt\u00f3ny, jemn\u011b vrstven\u00e1 s jemn\u00fdm horizont\u00e1ln\u00edm pohybem miner\u00e1l\u016f, kter\u00fd dod\u00e1v\u00e1 povrchu klidnou, na dotek p\u0159\u00edjemnou hloubku, evokuje tichou eleganci sluncem vyb\u011blen\u00e9ho kamene a vn\u00e1\u0161\u00ed do ka\u017ed\u00e9ho prostoru pocit lehkosti, \u010distoty a nad\u010dasov\u00e9ho architektonick\u00e9ho klidu.","_links":{"self":[{"href":"https:\/\/xstone-dev.10web.cloud\/cs\/wp-json\/wp\/v2\/product\/23570","targetHints":{"allow":["GET"]}}],"collection":[{"href":"https:\/\/xstone-dev.10web.cloud\/cs\/wp-json\/wp\/v2\/product"}],"about":[{"href":"https:\/\/xstone-dev.10web.cloud\/cs\/wp-json\/wp\/v2\/types\/product"}],"replies":[{"embeddable":true,"href":"https:\/\/xstone-dev.10web.cloud\/cs\/wp-json\/wp\/v2\/comments?post=23570"}],"wp:featuredmedia":[{"embeddable":true,"href":"https:\/\/xstone-dev.10web.cloud\/cs\/wp-json\/wp\/v2\/media\/23573"}],"wp:attachment":[{"href":"https:\/\/xstone-dev.10web.cloud\/cs\/wp-json\/wp\/v2\/media?parent=23570"}],"wp:term":[{"taxonomy":"product_brand","embeddable":true,"href":"https:\/\/xstone-dev.10web.cloud\/cs\/wp-json\/wp\/v2\/product_brand?post=23570"},{"taxonomy":"product_cat","embeddable":true,"href":"https:\/\/xstone-dev.10web.cloud\/cs\/wp-json\/wp\/v2\/product_cat?post=23570"},{"taxonomy":"product_tag","embeddable":true,"href":"https:\/\/xstone-dev.10web.cloud\/cs\/wp-json\/wp\/v2\/product_tag?post=23570"}],"curies":[{"name":"wp","href":"https:\/\/api.w.org\/{rel}","templated":true}]}}