{"id":23463,"date":"2026-01-14T13:59:06","date_gmt":"2026-01-14T13:59:06","guid":{"rendered":"https:\/\/xstone-dev.10web.cloud\/product\/fip-pozarni-prkno\/"},"modified":"2026-01-14T13:59:06","modified_gmt":"2026-01-14T13:59:06","slug":"fip-fire-plank","status":"publish","type":"product","link":"https:\/\/xstone-dev.10web.cloud\/cs\/product\/fip-fire-plank\/","title":{"rendered":"FIP | Po\u017e\u00e1rn\u00ed prkno"},"content":{"rendered":"<p>Fire Plank je hluboce strukturovan\u00fd, line\u00e1rn\u00ed povrch, kter\u00fd je jakoby formov\u00e1n intenzitou a \u010dasem, s podlouhl\u00fdmi pruhy p\u0159ipom\u00ednaj\u00edc\u00edmi zrno a jemn\u011b puch\u00fd\u0159ovit\u00fdmi mikroreli\u00e9fy, kter\u00e9 vytv\u00e1\u0159ej\u00ed siln\u00fd pocit pohybu a hloubky. Jeho syrov\u00fd, expresivn\u00ed charakter evokuje prom\u011bnu materi\u00e1lu v extr\u00e9mn\u00edch podm\u00ednk\u00e1ch a dod\u00e1v\u00e1 textu\u0159e odv\u00e1\u017enou, t\u00e9m\u011b\u0159 \u017eivelnou p\u0159\u00edtomnost, kter\u00e1 vn\u00e1\u0161\u00ed do ka\u017ed\u00e9ho prostoru teplo, s\u00edlu a v\u00fdraznou architektonickou identitu. <\/p>\n","protected":false},"excerpt":{"rendered":"<p>Fire Plank je hluboce strukturovan\u00fd, line\u00e1rn\u00ed povrch, kter\u00fd je jakoby formov\u00e1n intenzitou a \u010dasem, s podlouhl\u00fdmi pruhy p\u0159ipom\u00ednaj\u00edc\u00edmi zrno a jemn\u011b puch\u00fd\u0159ovit\u00fdmi mikroreli\u00e9fy, kter\u00e9 vytv\u00e1\u0159ej\u00ed siln\u00fd pocit pohybu a hloubky. Jeho syrov\u00fd, expresivn\u00ed charakter evokuje prom\u011bnu materi\u00e1lu v extr\u00e9mn\u00edch podm\u00ednk\u00e1ch a dod\u00e1v\u00e1 textu\u0159e odv\u00e1\u017enou, t\u00e9m\u011b\u0159 \u017eivelnou p\u0159\u00edtomnost, kter\u00e1 vn\u00e1\u0161\u00ed do ka\u017ed\u00e9ho prostoru teplo, s\u00edlu a [&hellip;]<\/p>\n","protected":false},"featured_media":23466,"comment_status":"open","ping_status":"closed","template":"","meta":{"_acf_changed":false,"_uag_custom_page_level_css":"","site-sidebar-layout":"default","site-content-layout":"","ast-site-content-layout":"default","site-content-style":"default","site-sidebar-style":"default","ast-global-header-display":"","ast-banner-title-visibility":"","ast-main-header-display":"","ast-hfb-above-header-display":"","ast-hfb-below-header-display":"","ast-hfb-mobile-header-display":"","site-post-title":"","ast-breadcrumbs-content":"","ast-featured-img":"","footer-sml-layout":"","theme-transparent-header-meta":"default","adv-header-id-meta":"","stick-header-meta":"default","header-above-stick-meta":"","header-main-stick-meta":"","header-below-stick-meta":"","astra-migrate-meta-layouts":"default","ast-page-background-enabled":"default","ast-page-background-meta":{"desktop":{"background-color":"var(--ast-global-color-4)","background-image":"","background-repeat":"repeat","background-position":"center center","background-size":"auto","background-attachment":"scroll","background-type":"","background-media":"","overlay-type":"","overlay-color":"","overlay-opacity":"","overlay-gradient":""},"tablet":{"background-color":"","background-image":"","background-repeat":"repeat","background-position":"center center","background-size":"auto","background-attachment":"scroll","background-type":"","background-media":"","overlay-type":"","overlay-color":"","overlay-opacity":"","overlay-gradient":""},"mobile":{"background-color":"","background-image":"","background-repeat":"repeat","background-position":"center center","background-size":"auto","background-attachment":"scroll","background-type":"","background-media":"","overlay-type":"","overlay-color":"","overlay-opacity":"","overlay-gradient":""}},"ast-content-background-meta":{"desktop":{"background-color":"var(--ast-global-color-5)","background-image":"","background-repeat":"repeat","background-position":"center center","background-size":"auto","background-attachment":"scroll","background-type":"","background-media":"","overlay-type":"","overlay-color":"","overlay-opacity":"","overlay-gradient":""},"tablet":{"background-color":"var(--ast-global-color-5)","background-image":"","background-repeat":"repeat","background-position":"center center","background-size":"auto","background-attachment":"scroll","background-type":"","background-media":"","overlay-type":"","overlay-color":"","overlay-opacity":"","overlay-gradient":""},"mobile":{"background-color":"var(--ast-global-color-5)","background-image":"","background-repeat":"repeat","background-position":"center center","background-size":"auto","background-attachment":"scroll","background-type":"","background-media":"","overlay-type":"","overlay-color":"","overlay-opacity":"","overlay-gradient":""}}},"product_brand":[],"product_cat":[6135,3594],"product_tag":[6137,2844,6136,6138,6139],"class_list":{"0":"post-23463","1":"product","2":"type-product","3":"status-publish","4":"has-post-thumbnail","6":"product_cat-wood","7":"product_cat-texture","8":"product_tag-charred-wood-effect","9":"product_tag-comp-texture-16887","10":"product_tag-fire-plank-texture","11":"product_tag-expressive-surface-design","12":"product_tag-yakisugi","13":"desktop-align-left","14":"tablet-align-left","15":"mobile-align-left","17":"first","18":"instock","19":"shipping-taxable","20":"product-type-simple"},"acf":[],"yoast_head":"<!-- This site is optimized with the Yoast SEO Premium plugin v27.4 (Yoast SEO v27.4) - https:\/\/yoast.com\/product\/yoast-seo-premium-wordpress\/ -->\n<title>FIP | Po\u017e\u00e1rn\u00ed prkno - XSTONE<\/title>\n<meta name=\"description\" content=\"Objevte Fire Plank, line\u00e1rn\u011b strukturovan\u00fd povrch s v\u00fdraznou strukturou a architektonickou hloubkou, inspirovan\u00fd materi\u00e1lem, kter\u00fd se utv\u00e1\u0159el intenzitou a \u010dasem.\" \/>\n<meta name=\"robots\" content=\"index, follow, max-snippet:-1, max-image-preview:large, max-video-preview:-1\" \/>\n<link rel=\"canonical\" href=\"https:\/\/xstone-dev.10web.cloud\/cs\/product\/fip-fire-plank\/\" \/>\n<meta property=\"og:locale\" content=\"cs_CZ\" \/>\n<meta property=\"og:type\" content=\"article\" \/>\n<meta property=\"og:title\" content=\"FIP | Po\u017e\u00e1rn\u00ed prkno\" \/>\n<meta property=\"og:description\" content=\"Objevte Fire Plank, line\u00e1rn\u011b strukturovan\u00fd povrch s v\u00fdraznou strukturou a architektonickou hloubkou, inspirovan\u00fd materi\u00e1lem, kter\u00fd se utv\u00e1\u0159el intenzitou a \u010dasem.\" \/>\n<meta property=\"og:url\" content=\"https:\/\/xstone-dev.10web.cloud\/cs\/product\/fip-fire-plank\/\" \/>\n<meta property=\"og:site_name\" content=\"XSTONE\" \/>\n<meta property=\"article:publisher\" content=\"https:\/\/www.facebook.com\/Xstonesurfaces1\/\" \/>\n<meta property=\"og:image\" content=\"https:\/\/xstone-dev.10web.cloud\/wp-content\/uploads\/2026\/01\/XStone-Texture-FIP.webp\" \/>\n\t<meta property=\"og:image:width\" content=\"1920\" \/>\n\t<meta property=\"og:image:height\" content=\"1920\" \/>\n\t<meta property=\"og:image:type\" content=\"image\/webp\" \/>\n<meta name=\"twitter:card\" content=\"summary_large_image\" \/>\n<script type=\"application\/ld+json\" class=\"yoast-schema-graph\">{\"@context\":\"https:\\\/\\\/schema.org\",\"@graph\":[{\"@type\":\"WebPage\",\"@id\":\"https:\\\/\\\/xstone-dev.10web.cloud\\\/cs\\\/product\\\/fip-fire-plank\\\/\",\"url\":\"https:\\\/\\\/xstone-dev.10web.cloud\\\/cs\\\/product\\\/fip-fire-plank\\\/\",\"name\":\"FIP | Po\u017e\u00e1rn\u00ed prkno - XSTONE\",\"isPartOf\":{\"@id\":\"https:\\\/\\\/xstone-dev.10web.cloud\\\/cs\\\/#website\"},\"primaryImageOfPage\":{\"@id\":\"https:\\\/\\\/xstone-dev.10web.cloud\\\/cs\\\/product\\\/fip-fire-plank\\\/#primaryimage\"},\"image\":{\"@id\":\"https:\\\/\\\/xstone-dev.10web.cloud\\\/cs\\\/product\\\/fip-fire-plank\\\/#primaryimage\"},\"thumbnailUrl\":\"https:\\\/\\\/xstone-dev.10web.cloud\\\/wp-content\\\/uploads\\\/2026\\\/01\\\/XStone-Texture-FIP.webp\",\"datePublished\":\"2026-01-14T13:59:06+00:00\",\"description\":\"Objevte Fire Plank, line\u00e1rn\u011b strukturovan\u00fd povrch s v\u00fdraznou strukturou a architektonickou hloubkou, inspirovan\u00fd materi\u00e1lem, kter\u00fd se utv\u00e1\u0159el intenzitou a \u010dasem.\",\"breadcrumb\":{\"@id\":\"https:\\\/\\\/xstone-dev.10web.cloud\\\/cs\\\/product\\\/fip-fire-plank\\\/#breadcrumb\"},\"inLanguage\":\"cs\",\"potentialAction\":[{\"@type\":\"ReadAction\",\"target\":[\"https:\\\/\\\/xstone-dev.10web.cloud\\\/cs\\\/product\\\/fip-fire-plank\\\/\"]}]},{\"@type\":\"ImageObject\",\"inLanguage\":\"cs\",\"@id\":\"https:\\\/\\\/xstone-dev.10web.cloud\\\/cs\\\/product\\\/fip-fire-plank\\\/#primaryimage\",\"url\":\"https:\\\/\\\/xstone-dev.10web.cloud\\\/wp-content\\\/uploads\\\/2026\\\/01\\\/XStone-Texture-FIP.webp\",\"contentUrl\":\"https:\\\/\\\/xstone-dev.10web.cloud\\\/wp-content\\\/uploads\\\/2026\\\/01\\\/XStone-Texture-FIP.webp\",\"width\":1920,\"height\":1920,\"caption\":\"XStone -Texture - Fire Plank\"},{\"@type\":\"BreadcrumbList\",\"@id\":\"https:\\\/\\\/xstone-dev.10web.cloud\\\/cs\\\/product\\\/fip-fire-plank\\\/#breadcrumb\",\"itemListElement\":[{\"@type\":\"ListItem\",\"position\":1,\"name\":\"Home\",\"item\":\"https:\\\/\\\/xstone-dev.10web.cloud\\\/cs\\\/\"},{\"@type\":\"ListItem\",\"position\":2,\"name\":\"Produkty\",\"item\":\"https:\\\/\\\/xstone-dev.10web.cloud\\\/cs\\\/shop\\\/\"},{\"@type\":\"ListItem\",\"position\":3,\"name\":\"FIP | Po\u017e\u00e1rn\u00ed prkno\"}]},{\"@type\":\"WebSite\",\"@id\":\"https:\\\/\\\/xstone-dev.10web.cloud\\\/cs\\\/#website\",\"url\":\"https:\\\/\\\/xstone-dev.10web.cloud\\\/cs\\\/\",\"name\":\"XSTONE\",\"description\":\"Autentick\u00e1 a neomezen\u00e1 kr\u00e1sa miner\u00e1l\u016f, nespoutan\u00e1 gravitac\u00ed\",\"potentialAction\":[{\"@type\":\"SearchAction\",\"target\":{\"@type\":\"EntryPoint\",\"urlTemplate\":\"https:\\\/\\\/xstone-dev.10web.cloud\\\/cs\\\/?s={search_term_string}\"},\"query-input\":{\"@type\":\"PropertyValueSpecification\",\"valueRequired\":true,\"valueName\":\"search_term_string\"}}],\"inLanguage\":\"cs\"}]}<\/script>\n<!-- \/ Yoast SEO Premium plugin. -->","yoast_head_json":{"title":"FIP | Po\u017e\u00e1rn\u00ed prkno - XSTONE","description":"Objevte Fire Plank, line\u00e1rn\u011b strukturovan\u00fd povrch s v\u00fdraznou strukturou a architektonickou hloubkou, inspirovan\u00fd materi\u00e1lem, kter\u00fd se utv\u00e1\u0159el intenzitou a \u010dasem.","robots":{"index":"index","follow":"follow","max-snippet":"max-snippet:-1","max-image-preview":"max-image-preview:large","max-video-preview":"max-video-preview:-1"},"canonical":"https:\/\/xstone-dev.10web.cloud\/cs\/product\/fip-fire-plank\/","og_locale":"cs_CZ","og_type":"article","og_title":"FIP | Po\u017e\u00e1rn\u00ed prkno","og_description":"Objevte Fire Plank, line\u00e1rn\u011b strukturovan\u00fd povrch s v\u00fdraznou strukturou a architektonickou hloubkou, inspirovan\u00fd materi\u00e1lem, kter\u00fd se utv\u00e1\u0159el intenzitou a \u010dasem.","og_url":"https:\/\/xstone-dev.10web.cloud\/cs\/product\/fip-fire-plank\/","og_site_name":"XSTONE","article_publisher":"https:\/\/www.facebook.com\/Xstonesurfaces1\/","og_image":[{"width":1920,"height":1920,"url":"https:\/\/xstone-dev.10web.cloud\/wp-content\/uploads\/2026\/01\/XStone-Texture-FIP.webp","type":"image\/webp"}],"twitter_card":"summary_large_image","schema":{"@context":"https:\/\/schema.org","@graph":[{"@type":"WebPage","@id":"https:\/\/xstone-dev.10web.cloud\/cs\/product\/fip-fire-plank\/","url":"https:\/\/xstone-dev.10web.cloud\/cs\/product\/fip-fire-plank\/","name":"FIP | Po\u017e\u00e1rn\u00ed prkno - XSTONE","isPartOf":{"@id":"https:\/\/xstone-dev.10web.cloud\/cs\/#website"},"primaryImageOfPage":{"@id":"https:\/\/xstone-dev.10web.cloud\/cs\/product\/fip-fire-plank\/#primaryimage"},"image":{"@id":"https:\/\/xstone-dev.10web.cloud\/cs\/product\/fip-fire-plank\/#primaryimage"},"thumbnailUrl":"https:\/\/xstone-dev.10web.cloud\/wp-content\/uploads\/2026\/01\/XStone-Texture-FIP.webp","datePublished":"2026-01-14T13:59:06+00:00","description":"Objevte Fire Plank, line\u00e1rn\u011b strukturovan\u00fd povrch s v\u00fdraznou strukturou a architektonickou hloubkou, inspirovan\u00fd materi\u00e1lem, kter\u00fd se utv\u00e1\u0159el intenzitou a \u010dasem.","breadcrumb":{"@id":"https:\/\/xstone-dev.10web.cloud\/cs\/product\/fip-fire-plank\/#breadcrumb"},"inLanguage":"cs","potentialAction":[{"@type":"ReadAction","target":["https:\/\/xstone-dev.10web.cloud\/cs\/product\/fip-fire-plank\/"]}]},{"@type":"ImageObject","inLanguage":"cs","@id":"https:\/\/xstone-dev.10web.cloud\/cs\/product\/fip-fire-plank\/#primaryimage","url":"https:\/\/xstone-dev.10web.cloud\/wp-content\/uploads\/2026\/01\/XStone-Texture-FIP.webp","contentUrl":"https:\/\/xstone-dev.10web.cloud\/wp-content\/uploads\/2026\/01\/XStone-Texture-FIP.webp","width":1920,"height":1920,"caption":"XStone -Texture - Fire Plank"},{"@type":"BreadcrumbList","@id":"https:\/\/xstone-dev.10web.cloud\/cs\/product\/fip-fire-plank\/#breadcrumb","itemListElement":[{"@type":"ListItem","position":1,"name":"Home","item":"https:\/\/xstone-dev.10web.cloud\/cs\/"},{"@type":"ListItem","position":2,"name":"Produkty","item":"https:\/\/xstone-dev.10web.cloud\/cs\/shop\/"},{"@type":"ListItem","position":3,"name":"FIP | Po\u017e\u00e1rn\u00ed prkno"}]},{"@type":"WebSite","@id":"https:\/\/xstone-dev.10web.cloud\/cs\/#website","url":"https:\/\/xstone-dev.10web.cloud\/cs\/","name":"XSTONE","description":"Autentick\u00e1 a neomezen\u00e1 kr\u00e1sa miner\u00e1l\u016f, nespoutan\u00e1 gravitac\u00ed","potentialAction":[{"@type":"SearchAction","target":{"@type":"EntryPoint","urlTemplate":"https:\/\/xstone-dev.10web.cloud\/cs\/?s={search_term_string}"},"query-input":{"@type":"PropertyValueSpecification","valueRequired":true,"valueName":"search_term_string"}}],"inLanguage":"cs"}]}},"spectra_custom_meta":{"_last_translation_edit_mode":["translation-editor"],"_wcml_average_rating":[null],"_wcml_review_count":[null],"_wcml_rating_count":[null],"_yoast_wpseo_primary_product_cat":["317"],"_backorders":["no"],"_download_limit":["-1"],"_download_expiry":["-1"],"_downloadable":["no"],"_manage_stock":["no"],"_sku":["FIP"],"_stock_status":["instock"],"_sold_individually":["no"],"_tax_class":[""],"_tax_status":["taxable"],"_virtual":["no"],"total_sales":["0"],"_wpml_media_duplicate":["1"],"_wpml_media_featured":["1"],"stick-header-meta":["default"],"site-sidebar-layout":["default"],"theme-transparent-header-meta":["default"],"ast-site-content-layout":["default"],"site-content-style":["default"],"site-sidebar-style":["default"],"_yoast_wpseo_metadesc":["Objevte Fire Plank, line\u00e1rn\u011b strukturovan\u00fd povrch s v\u00fdraznou strukturou a architektonickou hloubkou, inspirovan\u00fd materi\u00e1lem, kter\u00fd se utv\u00e1\u0159el intenzitou a \u010dasem."],"_yoast_wpseo_focuskw":["povrch s texturou ohniv\u00e9ho prkna"],"_product_image_gallery":[""],"_thumbnail_id":["23466"],"_product_attributes":["a:3:{s:12:\"pa_thickness\";a:6:{s:4:\"name\";s:12:\"pa_thickness\";s:5:\"value\";s:0:\"\";s:8:\"position\";i:0;s:10:\"is_visible\";i:1;s:12:\"is_variation\";i:0;s:11:\"is_taxonomy\";i:1;}s:14:\"pa_composition\";a:6:{s:4:\"name\";s:14:\"pa_composition\";s:5:\"value\";s:0:\"\";s:8:\"position\";i:1;s:10:\"is_visible\";i:1;s:12:\"is_variation\";i:0;s:11:\"is_taxonomy\";i:1;}s:14:\"pa_fire-rating\";a:6:{s:4:\"name\";s:14:\"pa_fire-rating\";s:5:\"value\";s:0:\"\";s:8:\"position\";i:2;s:10:\"is_visible\";i:1;s:12:\"is_variation\";i:0;s:11:\"is_taxonomy\";i:1;}}"],"_wpml_word_count":["90"],"_elementor_edit_mode":["builder"],"two_optimized_date":["1776509461"],"woolentor_views_count_product":["2"],"_uag_css_file_name":["uag-css-23463.css"],"_uag_js_file_name":["uag-js-23463.js"],"tp_widgets":["a:2:{s:7:\"widgets\";a:0:{}s:9:\"update_at\";s:10:\"1776508262\";}"],"_selectproduct_layout":["16389"],"_wc_rating_count":[""],"_wc_review_count":[""],"_wc_average_rating":[0]},"uagb_featured_image_src":{"full":["https:\/\/xstone-dev.10web.cloud\/wp-content\/uploads\/2026\/01\/XStone-Texture-FIP.webp",1920,1920,false],"thumbnail":["https:\/\/xstone-dev.10web.cloud\/wp-content\/uploads\/2026\/01\/XStone-Texture-FIP-150x150.webp",150,150,true],"medium":["https:\/\/xstone-dev.10web.cloud\/wp-content\/uploads\/2026\/01\/XStone-Texture-FIP-300x300.webp",300,300,true],"medium_large":["https:\/\/xstone-dev.10web.cloud\/wp-content\/uploads\/2026\/01\/XStone-Texture-FIP-768x768.webp",768,768,true],"large":["https:\/\/xstone-dev.10web.cloud\/wp-content\/uploads\/2026\/01\/XStone-Texture-FIP-1024x1024.webp",1024,1024,true],"1536x1536":["https:\/\/xstone-dev.10web.cloud\/wp-content\/uploads\/2026\/01\/XStone-Texture-FIP-1536x1536.webp",1536,1536,true],"2048x2048":["https:\/\/xstone-dev.10web.cloud\/wp-content\/uploads\/2026\/01\/XStone-Texture-FIP.webp",1920,1920,false],"tp-image-grid":["https:\/\/xstone-dev.10web.cloud\/wp-content\/uploads\/2026\/01\/XStone-Texture-FIP-700x700.webp",700,700,true],"tenweb_optimizer_mobile":["https:\/\/xstone-dev.10web.cloud\/wp-content\/uploads\/2026\/01\/XStone-Texture-FIP-600x600.webp",600,600,true],"tenweb_optimizer_tablet":["https:\/\/xstone-dev.10web.cloud\/wp-content\/uploads\/2026\/01\/XStone-Texture-FIP-768x768.webp",768,768,true],"woocommerce_thumbnail":["https:\/\/xstone-dev.10web.cloud\/wp-content\/uploads\/2026\/01\/XStone-Texture-FIP-300x300.webp",300,300,true],"woocommerce_single":["https:\/\/xstone-dev.10web.cloud\/wp-content\/uploads\/2026\/01\/XStone-Texture-FIP-600x600.webp",600,600,true],"woocommerce_gallery_thumbnail":["https:\/\/xstone-dev.10web.cloud\/wp-content\/uploads\/2026\/01\/XStone-Texture-FIP-100x100.webp",100,100,true]},"uagb_author_info":{"display_name":"laurent.gomez@xstone.group","author_link":"https:\/\/xstone-dev.10web.cloud\/cs\/author\/"},"uagb_comment_info":0,"uagb_excerpt":"Fire Plank je hluboce strukturovan\u00fd, line\u00e1rn\u00ed povrch, kter\u00fd je jakoby formov\u00e1n intenzitou a \u010dasem, s podlouhl\u00fdmi pruhy p\u0159ipom\u00ednaj\u00edc\u00edmi zrno a jemn\u011b puch\u00fd\u0159ovit\u00fdmi mikroreli\u00e9fy, kter\u00e9 vytv\u00e1\u0159ej\u00ed siln\u00fd pocit pohybu a hloubky. Jeho syrov\u00fd, expresivn\u00ed charakter evokuje prom\u011bnu materi\u00e1lu v extr\u00e9mn\u00edch podm\u00ednk\u00e1ch a dod\u00e1v\u00e1 textu\u0159e odv\u00e1\u017enou, t\u00e9m\u011b\u0159 \u017eivelnou p\u0159\u00edtomnost, kter\u00e1 vn\u00e1\u0161\u00ed do ka\u017ed\u00e9ho prostoru teplo, s\u00edlu a&hellip;","_links":{"self":[{"href":"https:\/\/xstone-dev.10web.cloud\/cs\/wp-json\/wp\/v2\/product\/23463","targetHints":{"allow":["GET"]}}],"collection":[{"href":"https:\/\/xstone-dev.10web.cloud\/cs\/wp-json\/wp\/v2\/product"}],"about":[{"href":"https:\/\/xstone-dev.10web.cloud\/cs\/wp-json\/wp\/v2\/types\/product"}],"replies":[{"embeddable":true,"href":"https:\/\/xstone-dev.10web.cloud\/cs\/wp-json\/wp\/v2\/comments?post=23463"}],"wp:featuredmedia":[{"embeddable":true,"href":"https:\/\/xstone-dev.10web.cloud\/cs\/wp-json\/wp\/v2\/media\/23466"}],"wp:attachment":[{"href":"https:\/\/xstone-dev.10web.cloud\/cs\/wp-json\/wp\/v2\/media?parent=23463"}],"wp:term":[{"taxonomy":"product_brand","embeddable":true,"href":"https:\/\/xstone-dev.10web.cloud\/cs\/wp-json\/wp\/v2\/product_brand?post=23463"},{"taxonomy":"product_cat","embeddable":true,"href":"https:\/\/xstone-dev.10web.cloud\/cs\/wp-json\/wp\/v2\/product_cat?post=23463"},{"taxonomy":"product_tag","embeddable":true,"href":"https:\/\/xstone-dev.10web.cloud\/cs\/wp-json\/wp\/v2\/product_tag?post=23463"}],"curies":[{"name":"wp","href":"https:\/\/api.w.org\/{rel}","templated":true}]}}